{"id":1184,"date":"2021-03-24T15:27:25","date_gmt":"2021-03-24T18:27:25","guid":{"rendered":"https:\/\/www.ufsm.br\/cursos\/pos-graduacao\/santa-maria\/pppg\/?page_id=1184"},"modified":"2021-03-25T11:53:04","modified_gmt":"2021-03-25T14:53:04","slug":"docentes-credenciados-pppg-ufsm-mestrado-profissional","status":"publish","type":"page","link":"https:\/\/www.ufsm.br\/cursos\/pos-graduacao\/santa-maria\/pppg\/docentes-credenciados-pppg-ufsm-mestrado-profissional","title":{"rendered":"Docentes Credenciados PPPG\/UFSM &#8211; Mestrado Profissional"},"content":{"rendered":"\n<h3>P\u00f3s-Gradua\u00e7\u00e3o em Gest\u00e3o Educacional &#8211; MP<\/h3>\n<table style=\"border-collapse: collapse;width: 100%;height: 105px\">\n<tbody>\n<tr style=\"height: 84px\">\n<td style=\"width: 50%;height: 84px\">\n<h4>LP1 \u2013 Pol\u00edticas e Gest\u00e3o da Educa\u00e7\u00e3o B\u00e1sica e Superior<\/h4>\n<\/td>\n<td style=\"width: 50%;height: 84px\">\n<h4>LP2 &#8211; Gest\u00e3o Pedag\u00f3gica e Contextos Educativos<\/h4>\n<\/td>\n<\/tr>\n<tr style=\"height: 21px\">\n<td style=\"width: 50%;height: 21px;vertical-align: top\">\n<p><a href=\"http:\/\/lattes.cnpq.br\/4684285806758483\">Andr\u00e9a Forgiarini Cecchin<\/a><\/p>\n<p><a href=\"http:\/\/lattes.cnpq.br\/7780429374933352\">D\u00e9bora Ortiz de Le\u00e3o<\/a><\/p>\n<p><a href=\"http:\/\/lattes.cnpq.br\/4715070196182654\">D\u00e9bora Teixeira de Mello<\/a><\/p>\n<p><a href=\"http:\/\/lattes.cnpq.br\/8366108604553867\">Elisiane Machado Lunardi<\/a><\/p>\n<p><a href=\"http:\/\/lattes.cnpq.br\/4415592608164551\">Joacir Marques da Costa<\/a><\/p>\n<p><a href=\"http:\/\/lattes.cnpq.br\/6423120995725999\">Maria de Lourdes Pinto de Almeida<\/a><\/p>\n<p><a href=\"http:\/\/lattes.cnpq.br\/1554366181630485\">Marilene Gabriel Dalla Corte<\/a><\/p>\n<p><a href=\"http:\/\/lattes.cnpq.br\/4133511150582100\">Rosane Carneiro Sarturi<\/a><\/p>\n<\/td>\n<td style=\"width: 50%;height: 21px\">\n<p><a href=\"http:\/\/lattes.cnpq.br\/9245252793422468\">Adriana Moreira da Rocha Veiga<\/a><\/p>\n<p><a href=\"http:\/\/lattes.cnpq.br\/7081978206926650\">Ana Carla Hollweg Powaczuk<\/a><\/p>\n<p><a href=\"http:\/\/lattes.cnpq.br\/8841113239645760\">Celso Ilgo Henz<\/a><\/p>\n<p><a href=\"http:\/\/lattes.cnpq.br\/3167841618840023\">D\u00f3ris Pires Vargas Bolzan<\/a><\/p>\n<p><a href=\"http:\/\/lattes.cnpq.br\/8914947342465602\">Fabiane Romano de Souza Bridi<\/a><\/p>\n<p><a href=\"http:\/\/lattes.cnpq.br\/2375135868191425\">Graziela Escandiel de Lima<\/a><\/p>\n<p><a href=\"http:\/\/lattes.cnpq.br\/1050405469171971\">Leandra B\u00f4er Possa<\/a><\/p>\n<p><a href=\"http:\/\/lattes.cnpq.br\/7744372138473817\">Lorena In\u00eas Peterini Marquezan<\/a><\/p>\n<p><a href=\"http:\/\/lattes.cnpq.br\/1807818404985777\">Luciana Bagolin Zambon<\/a><\/p>\n<p><a href=\"http:\/\/lattes.cnpq.br\/3265100694974444\">Maria Eliza Rosa Gama<\/a><\/p>\n<p><a href=\"http:\/\/lattes.cnpq.br\/6934897603622261\">Silvia Maria de Oliveira Pav\u00e3o<\/a><\/p>\n<p><a href=\"http:\/\/lattes.cnpq.br\/7932457587868421\">Taciana Camera Segat<\/a><\/p>\n<p><a href=\"http:\/\/lattes.cnpq.br\/6375749355117140\">Tatiane Negrini<\/a><\/p>\n<\/td>\n<\/tr>\n<\/tbody>\n<\/table>\n","protected":false},"excerpt":{"rendered":"<p>P\u00f3s-Gradua\u00e7\u00e3o em Gest\u00e3o Educacional &#8211; MP LP1 \u2013 Pol\u00edticas e Gest\u00e3o da Educa\u00e7\u00e3o B\u00e1sica e Superior LP2 &#8211; Gest\u00e3o Pedag\u00f3gica e Contextos Educativos Andr\u00e9a Forgiarini Cecchin D\u00e9bora Ortiz de Le\u00e3o D\u00e9bora Teixeira de Mello Elisiane Machado Lunardi Joacir Marques da Costa Maria de Lourdes Pinto de Almeida Marilene Gabriel Dalla Corte Rosane Carneiro Sarturi Adriana [&hellip;]<\/p>\n","protected":false},"author":477,"featured_media":0,"parent":0,"menu_order":0,"comment_status":"closed","ping_status":"closed","template":"","meta":{"footnotes":""},"categories":[],"tags":[],"class_list":["post-1184","page","type-page","status-publish","hentry"],"acf":[],"_links":{"self":[{"href":"https:\/\/www.ufsm.br\/cursos\/pos-graduacao\/santa-maria\/pppg\/wp-json\/wp\/v2\/pages\/1184","targetHints":{"allow":["GET"]}}],"collection":[{"href":"https:\/\/www.ufsm.br\/cursos\/pos-graduacao\/santa-maria\/pppg\/wp-json\/wp\/v2\/pages"}],"about":[{"href":"https:\/\/www.ufsm.br\/cursos\/pos-graduacao\/santa-maria\/pppg\/wp-json\/wp\/v2\/types\/page"}],"author":[{"embeddable":true,"href":"https:\/\/www.ufsm.br\/cursos\/pos-graduacao\/santa-maria\/pppg\/wp-json\/wp\/v2\/users\/477"}],"replies":[{"embeddable":true,"href":"https:\/\/www.ufsm.br\/cursos\/pos-graduacao\/santa-maria\/pppg\/wp-json\/wp\/v2\/comments?post=1184"}],"version-history":[{"count":0,"href":"https:\/\/www.ufsm.br\/cursos\/pos-graduacao\/santa-maria\/pppg\/wp-json\/wp\/v2\/pages\/1184\/revisions"}],"wp:attachment":[{"href":"https:\/\/www.ufsm.br\/cursos\/pos-graduacao\/santa-maria\/pppg\/wp-json\/wp\/v2\/media?parent=1184"}],"wp:term":[{"taxonomy":"category","embeddable":true,"href":"https:\/\/www.ufsm.br\/cursos\/pos-graduacao\/santa-maria\/pppg\/wp-json\/wp\/v2\/categories?post=1184"},{"taxonomy":"post_tag","embeddable":true,"href":"https:\/\/www.ufsm.br\/cursos\/pos-graduacao\/santa-maria\/pppg\/wp-json\/wp\/v2\/tags?post=1184"}],"curies":[{"name":"wp","href":"https:\/\/api.w.org\/{rel}","templated":true}]}}