{"id":1512,"date":"2021-08-26T11:52:25","date_gmt":"2021-08-26T14:52:25","guid":{"rendered":"https:\/\/www.ufsm.br\/cursos\/pos-graduacao\/santa-maria\/pppg\/?page_id=1512"},"modified":"2021-09-24T09:49:58","modified_gmt":"2021-09-24T12:49:58","slug":"selecao-2021","status":"publish","type":"page","link":"https:\/\/www.ufsm.br\/cursos\/pos-graduacao\/santa-maria\/pppg\/selecao-2021","title":{"rendered":"Sele\u00e7\u00e3o 2021"},"content":{"rendered":"\n<h1>Edital 019\/2021 &#8211; Processo Seletivo de P\u00f3s-gradua\u00e7\u00e3o<\/h1>\n<p><a href=\"https:\/\/www.ufsm.br\/pro-reitorias\/prpgp\/editais\/019-2021\/\" rel=\"bookmark\">019\/2021 \u2013 Edital 019\/2021 \u2013 Processo Seletivo de P\u00f3s-gradua\u00e7\u00e3o \u2013 Ingresso no 2\u00ba semestre letivo de 2021<\/a><\/p>\n<p><a href=\"https:\/\/www.ufsm.br\/app\/uploads\/sites\/542\/2021\/08\/EdEsp19.55-21-MestProfPolPubGestEdu.pdf\">Edital Espec\u00edfico PPPG- MP<\/a><\/p>\n<p><a href=\"https:\/\/www.ufsm.br\/app\/uploads\/sites\/542\/2021\/08\/Adendo_EdEsp-019.55-21-MestProfPolPubGestEdu.pdf\">Adendo ao Edital Espec\u00edfico<\/a>\u00a0<\/p>\n<p>\u00a0<\/p>\n<p>Em cumprimento ao Edital n\u00ba 019\/2021 PRPGP\/UFSM e ao Edital Espec\u00edfico n\u00ba 019.55\/2021 (PRPGP\/PPPG\/UFSM).<\/p>\n<p>A Comiss\u00e3o de Sele\u00e7\u00e3o divulga os RESULTADOS da 1\u00aa etapa do PROCESSO SELETIVO AO CURSO DE MESTRADO PROFISSIONAL EM POL\u00cdTICAS P\u00daBLICAS E GEST\u00c3O EDUCACIONAL (PPPG), da Universidade Federal de Santa Maria (UFSM).<\/p>\n<p>\u00a0<\/p>\n<h2><a href=\"https:\/\/www.ufsm.br\/app\/uploads\/sites\/542\/2021\/08\/Resultado-Etapa-01.pdf\"><span style=\"color: #000000\">RESULTADO DA 1\u00aa ETAPA EDITAL ESPEC\u00cdFICO 019.55\/2021 &#8211; PRPGP<\/span><\/a><\/h2>\n<p>\u00a0<\/p>\n<h2><span style=\"color: #000000\"><a style=\"color: #000000\" href=\"https:\/\/www.ufsm.br\/app\/uploads\/sites\/542\/2021\/09\/Etapa-02-Resultados-MP-LP1-LP2.pdf\">Resultados da 2\u00aa Etapa &#8211; Edital Espec\u00edfico 019.55\/2021 &#8211; PRPGP<\/a><\/span><\/h2>\n<h2><span style=\"color: #000000\"><a style=\"color: #000000\" href=\"https:\/\/www.ufsm.br\/app\/uploads\/sites\/542\/2021\/09\/CRONOGRAMA-DE-ENTREVISTAS-LP1-1.pdf\">CRONOGRAMA DE ENTREVISTAS LP1<\/a><\/span><\/h2>\n<h2><span style=\"color: #000000\"><a style=\"color: #000000\" href=\"https:\/\/www.ufsm.br\/app\/uploads\/sites\/542\/2021\/09\/CRONOGRAMA-DE-ENTREVISTAS-LP2.pdf\">CRONOGRAMA DE ENTREVISTAS LP2<\/a><\/span><\/h2>\n<p>\u00a0<\/p>\n<h2><a href=\"https:\/\/www.ufsm.br\/app\/uploads\/sites\/542\/2021\/09\/Etapa-03-Resultados-MP-LP1-LP2.pdf\">Resultados da Etapa 03 do Edital Espec\u00edfico 019.55\/2021 &#8211; PRPGP<\/a>\u00a0<\/h2>\n<p>\u00a0<\/p>\n<h3>O Resultado final do Edital ser\u00e1 divulgado pela PRPGP no Link<\/h3>\n<p><a href=\"https:\/\/www.ufsm.br\/pro-reitorias\/prpgp\/editais\/019-2021\/\" rel=\"bookmark\">019\/2021 \u2013 Edital 019\/2021 \u2013 Processo Seletivo de P\u00f3s-gradua\u00e7\u00e3o \u2013 Ingresso no 2\u00ba semestre letivo de 2021<\/a><\/p>\n<p>\u00a0<\/p>\n<h2><a href=\"https:\/\/www.ufsm.br\/app\/uploads\/sites\/542\/2021\/09\/Relacao-Candidatos-Classificados-MP2021.pdf\">Rela\u00e7\u00e3o Candidatos Classificados &#8211; MP2021<\/a>\u00a0<\/h2>\n<p>\u00a0<\/p>\n<h4><a href=\"https:\/\/www.ufsm.br\/app\/uploads\/sites\/542\/2021\/09\/Resultados-Completo-MP-LP1-LP2.pdf\">TABELA de Resultados de todo o processo<\/a><\/h4>\n<p>\u00a0<\/p>\n<h3><a href=\"https:\/\/www.ufsm.br\/app\/uploads\/sites\/542\/2021\/09\/Etapa-03-Resultados-MP-LP1-LP2retificado.pdf\">Etapa 03 Resultados MP LP1 &#8211; LP2(retificado)<\/a>\u00a0 \u00a0<span style=\"color: #ff0000\">(ap\u00f3s recursos)<\/span><\/h3>\n<h3><a href=\"https:\/\/www.ufsm.br\/app\/uploads\/sites\/542\/2021\/09\/Resultados-Completo-MP-LP1-LP2retificado.pdf\">Resultados Completo MP LP1 &#8211; LP2(retificado)<\/a> \u00a0<span style=\"color: #ff0000\">(ap\u00f3s recursos)<\/span><\/h3>\n","protected":false},"excerpt":{"rendered":"<p>Edital 019\/2021 &#8211; Processo Seletivo de P\u00f3s-gradua\u00e7\u00e3o 019\/2021 \u2013 Edital 019\/2021 \u2013 Processo Seletivo de P\u00f3s-gradua\u00e7\u00e3o \u2013 Ingresso no 2\u00ba semestre letivo de 2021 Edital Espec\u00edfico PPPG- MP Adendo ao Edital Espec\u00edfico\u00a0 \u00a0 Em cumprimento ao Edital n\u00ba 019\/2021 PRPGP\/UFSM e ao Edital Espec\u00edfico n\u00ba 019.55\/2021 (PRPGP\/PPPG\/UFSM). A Comiss\u00e3o de Sele\u00e7\u00e3o divulga os RESULTADOS da [&hellip;]<\/p>\n","protected":false},"author":477,"featured_media":0,"parent":0,"menu_order":0,"comment_status":"closed","ping_status":"closed","template":"","meta":{"footnotes":""},"categories":[],"tags":[],"class_list":["post-1512","page","type-page","status-publish","hentry"],"acf":[],"_links":{"self":[{"href":"https:\/\/www.ufsm.br\/cursos\/pos-graduacao\/santa-maria\/pppg\/wp-json\/wp\/v2\/pages\/1512","targetHints":{"allow":["GET"]}}],"collection":[{"href":"https:\/\/www.ufsm.br\/cursos\/pos-graduacao\/santa-maria\/pppg\/wp-json\/wp\/v2\/pages"}],"about":[{"href":"https:\/\/www.ufsm.br\/cursos\/pos-graduacao\/santa-maria\/pppg\/wp-json\/wp\/v2\/types\/page"}],"author":[{"embeddable":true,"href":"https:\/\/www.ufsm.br\/cursos\/pos-graduacao\/santa-maria\/pppg\/wp-json\/wp\/v2\/users\/477"}],"replies":[{"embeddable":true,"href":"https:\/\/www.ufsm.br\/cursos\/pos-graduacao\/santa-maria\/pppg\/wp-json\/wp\/v2\/comments?post=1512"}],"version-history":[{"count":0,"href":"https:\/\/www.ufsm.br\/cursos\/pos-graduacao\/santa-maria\/pppg\/wp-json\/wp\/v2\/pages\/1512\/revisions"}],"wp:attachment":[{"href":"https:\/\/www.ufsm.br\/cursos\/pos-graduacao\/santa-maria\/pppg\/wp-json\/wp\/v2\/media?parent=1512"}],"wp:term":[{"taxonomy":"category","embeddable":true,"href":"https:\/\/www.ufsm.br\/cursos\/pos-graduacao\/santa-maria\/pppg\/wp-json\/wp\/v2\/categories?post=1512"},{"taxonomy":"post_tag","embeddable":true,"href":"https:\/\/www.ufsm.br\/cursos\/pos-graduacao\/santa-maria\/pppg\/wp-json\/wp\/v2\/tags?post=1512"}],"curies":[{"name":"wp","href":"https:\/\/api.w.org\/{rel}","templated":true}]}}