{"id":158,"date":"2019-03-29T10:38:33","date_gmt":"2019-03-29T13:38:33","guid":{"rendered":"https:\/\/www.ufsm.br\/cursos\/pos-graduacao\/santa-maria\/pppg\/?page_id=158"},"modified":"2019-03-29T10:38:36","modified_gmt":"2019-03-29T13:38:36","slug":"politicas-publicas-e-gestao-educacional-a","status":"publish","type":"page","link":"https:\/\/www.ufsm.br\/cursos\/pos-graduacao\/santa-maria\/pppg\/politicas-publicas-e-gestao-educacional-a","title":{"rendered":"POL\u00cdTICAS P\u00daBLICAS E GEST\u00c3O EDUCACIONAL \u201cA\u201d"},"content":{"rendered":"\n<p><strong>DEPARTAMENTO:<\/strong>\u00a0ADE<\/p>\n<p><strong>CARGA HOR\u00c1RIA:<\/strong>\u00a045H<\/p>\n<p><strong>CR\u00c9DITOS:<\/strong>\u00a003<\/p>\n<p><strong>EMENTA:<\/strong>\u00a0Pol\u00edticas P\u00fablicas Educacionais. Legisla\u00e7\u00e3o Educacional. Pol\u00edticas educacionais de Estado e de Governo.<\/p>\n<p><strong>OBJETIVO:<\/strong>\u00a0Compreender as pol\u00edticas p\u00fablicas educacionais de Estado e Governo sob as perspectivas macro e micro em rela\u00e7\u00e3o \u00e0 gest\u00e3o educacional\/escolar.<\/p>\n<p>PROGRAMA:<\/p>\n<p>UNIDADE 1 \u2013 CONTEXTUALIZA\u00c7\u00c3O DAS POL\u00cdTICAS P\u00daBLICAS EDUCACIONAIS<\/p>\n<p>1.1 Neoliberalismo e organiza\u00e7\u00e3o da educa\u00e7\u00e3o<\/p>\n<p>1.2 Globaliza\u00e7\u00e3o e descentraliza\u00e7\u00e3o<\/p>\n<p>1.3 Confer\u00eancia Mundial de Educa\u00e7\u00e3o para Todos (Jontien \u2013 1990)<\/p>\n<p><strong>\u00a0<\/strong>UNIDADE 2 \u2013 LEGISLA\u00c7\u00c3O EDUCACIONAL<\/p>\n<p>2.1 Constitui\u00e7\u00e3o Federal de 1988<\/p>\n<p>2.2 Lei de Diretrizes e Bases da Educa\u00e7\u00e3o Nacional \u2013 Lei 9394\/96<\/p>\n<p>2.3 Relat\u00f3rios de Monitoramento da Educa\u00e7\u00e3o para Todos (Compromisso de Dakar \u2013 2000; Relat\u00f3rio de Monitoramento da Educa\u00e7\u00e3o para Todos, Brasil \u2013 2008).<\/p>\n<p><strong>\u00a0<\/strong>UNIDADE 3 \u2013 POL\u00cdTICAS EDUCACIONAIS DE ESTADO E DE GOVERNO<\/p>\n<p>3.1 Plano Nacional de Educa\u00e7\u00e3o \u2013 Planos Estaduais e Municipais de Educa\u00e7\u00e3o \u2013 Projeto Pol\u00edtico Pedag\u00f3gico da Escola<\/p>\n<p>3.2 Decreto 6094\/abril 2007 \u2013 Plano de Metas Compromisso Todos pela Educa\u00e7\u00e3o<\/p>\n<p>3.3 Plano de Desenvolvimento da Educa\u00e7\u00e3o (\u00cdndice de Desenvolvimento da Educa\u00e7\u00e3o B\u00e1sica \u2013 Plano de A\u00e7\u00f5es Articuladas)<\/p>\n<p>3.4 Programas e\/ou A\u00e7\u00f5es do Governo Federal para a Educa\u00e7\u00e3o<\/p>\n<p>\u00a0<\/p>\n<p><strong>Bibliografia B\u00e1sica<\/strong><\/p>\n<p><strong>\u00a0<\/strong>AKKARI, Abdeljalil.\u00a0<strong>Internacionaliza\u00e7\u00e3o das Pol\u00edticas Educacionais<\/strong>: transforma\u00e7\u00f5es e desafios. Petr\u00f3polis: Vozes, 2011.<\/p>\n<p>DOURADO, Luiz Fernandes (org.).\u00a0<strong>Pol\u00edticas e Gest\u00e3o da Educa\u00e7\u00e3o no Brasil:<\/strong>\u00a0novos marcos regulat\u00f3rios. S\u00e3o Paulo: Xam\u00e3, 2009.<\/p>\n<p>SANDER, B.\u00a0<strong>Pol\u00edticas p\u00fablicas e gest\u00e3o democr\u00e1tica da educa\u00e7\u00e3o.<\/strong>\u00a0Bras\u00edlia: L\u00edber Livro, 2005.<\/p>\n<p><strong>\u00a0<\/strong>DOURADO, L. F. (org.).\u00a0<strong>Plano Nacional de Educa\u00e7\u00e3o (2011-2020):\u00a0<\/strong>avalia\u00e7\u00e3o e perspectivas. 2.ed. Goi\u00e2nia: Editora UFG; Belo Horizonte: Aut\u00eantica Editora, 2011.<\/p>\n<p>FERREIRA, E. B. e OLIVEIRA, D. A. (orgs.).\u00a0<strong>Crise da Escola e Pol\u00edticas Educativas.<\/strong>\u00a0Belo Horizonte: Aut\u00eantica Editora, 2009.<\/p>\n<p><strong>\u00a0<\/strong><strong>Bibliografia Complementar<\/strong><\/p>\n<p><strong>\u00a0<\/strong>BRASIL.\u00a0<strong>LDB 9.394\/96.<\/strong>\u00a0Estabelece a Lei de Diretrizes e Bases da Educa\u00e7\u00e3o Nacional. Dispon\u00edvel em &lt;http:\/\/www.planalto.gov.br\/ccivil_03\/Leis\/L9394.htm&gt;<\/p>\n<p>KUENZER, A. [et.al].\u00a0<strong>Planejamento e Educa\u00e7\u00e3o no Brasil.<\/strong>\u00a0S\u00e3o Paulo, Cortez, 1990<strong>.<\/strong><\/p>\n<p>TORRES, R. M.\u00a0<strong>Educa\u00e7\u00e3o para Todos:<\/strong>\u00a0a tarefa por fazer. Porto Alegre: Artmed Editora Ltda, 2001.<\/p>\n<p><strong>\u00a0<\/strong>UNESCO. 1998.\u00a0<strong>Declara\u00e7\u00e3o Mundial sobre Educa\u00e7\u00e3o para Todos:<\/strong>\u00a0satisfa\u00e7\u00e3o das necessidades b\u00e1sicas de aprendizagem. Jontien, 1990. Dispon\u00edvel em &lt;http:\/\/unesdoc.unesco.org\/images\/0008\/000862\/086291por.pdf&gt;<\/p>\n","protected":false},"excerpt":{"rendered":"<p>DEPARTAMENTO:\u00a0ADE CARGA HOR\u00c1RIA:\u00a045H CR\u00c9DITOS:\u00a003 EMENTA:\u00a0Pol\u00edticas P\u00fablicas Educacionais. Legisla\u00e7\u00e3o Educacional. Pol\u00edticas educacionais de Estado e de Governo. OBJETIVO:\u00a0Compreender as pol\u00edticas p\u00fablicas educacionais de Estado e Governo sob as perspectivas macro e micro em rela\u00e7\u00e3o \u00e0 gest\u00e3o educacional\/escolar. PROGRAMA: UNIDADE 1 \u2013 CONTEXTUALIZA\u00c7\u00c3O DAS POL\u00cdTICAS P\u00daBLICAS EDUCACIONAIS 1.1 Neoliberalismo e organiza\u00e7\u00e3o da educa\u00e7\u00e3o 1.2 Globaliza\u00e7\u00e3o e descentraliza\u00e7\u00e3o [&hellip;]<\/p>\n","protected":false},"author":115,"featured_media":0,"parent":0,"menu_order":0,"comment_status":"closed","ping_status":"closed","template":"","meta":{"footnotes":""},"categories":[],"tags":[],"class_list":["post-158","page","type-page","status-publish","hentry"],"acf":[],"_links":{"self":[{"href":"https:\/\/www.ufsm.br\/cursos\/pos-graduacao\/santa-maria\/pppg\/wp-json\/wp\/v2\/pages\/158","targetHints":{"allow":["GET"]}}],"collection":[{"href":"https:\/\/www.ufsm.br\/cursos\/pos-graduacao\/santa-maria\/pppg\/wp-json\/wp\/v2\/pages"}],"about":[{"href":"https:\/\/www.ufsm.br\/cursos\/pos-graduacao\/santa-maria\/pppg\/wp-json\/wp\/v2\/types\/page"}],"author":[{"embeddable":true,"href":"https:\/\/www.ufsm.br\/cursos\/pos-graduacao\/santa-maria\/pppg\/wp-json\/wp\/v2\/users\/115"}],"replies":[{"embeddable":true,"href":"https:\/\/www.ufsm.br\/cursos\/pos-graduacao\/santa-maria\/pppg\/wp-json\/wp\/v2\/comments?post=158"}],"version-history":[{"count":0,"href":"https:\/\/www.ufsm.br\/cursos\/pos-graduacao\/santa-maria\/pppg\/wp-json\/wp\/v2\/pages\/158\/revisions"}],"wp:attachment":[{"href":"https:\/\/www.ufsm.br\/cursos\/pos-graduacao\/santa-maria\/pppg\/wp-json\/wp\/v2\/media?parent=158"}],"wp:term":[{"taxonomy":"category","embeddable":true,"href":"https:\/\/www.ufsm.br\/cursos\/pos-graduacao\/santa-maria\/pppg\/wp-json\/wp\/v2\/categories?post=158"},{"taxonomy":"post_tag","embeddable":true,"href":"https:\/\/www.ufsm.br\/cursos\/pos-graduacao\/santa-maria\/pppg\/wp-json\/wp\/v2\/tags?post=158"}],"curies":[{"name":"wp","href":"https:\/\/api.w.org\/{rel}","templated":true}]}}