{"id":1621,"date":"2021-12-06T18:12:54","date_gmt":"2021-12-06T21:12:54","guid":{"rendered":"https:\/\/www.ufsm.br\/cursos\/pos-graduacao\/santa-maria\/pppg\/?page_id=1621"},"modified":"2022-01-05T01:54:55","modified_gmt":"2022-01-05T04:54:55","slug":"selecao","status":"publish","type":"page","link":"https:\/\/www.ufsm.br\/cursos\/pos-graduacao\/santa-maria\/pppg\/selecao","title":{"rendered":"Processos de sele\u00e7\u00e3o no PPPG"},"content":{"rendered":"\t\t<div data-elementor-type=\"wp-page\" data-elementor-id=\"1621\" class=\"elementor elementor-1621\">\n\t\t\t\t\t\t<section class=\"elementor-section elementor-top-section elementor-element elementor-element-39d595a elementor-section-boxed elementor-section-height-default elementor-section-height-default\" data-id=\"39d595a\" data-element_type=\"section\">\n\t\t\t\t\t\t<div class=\"elementor-container elementor-column-gap-default\">\n\t\t\t\t\t<div class=\"elementor-column elementor-col-100 elementor-top-column elementor-element elementor-element-3eee3c6\" data-id=\"3eee3c6\" data-element_type=\"column\">\n\t\t\t<div class=\"elementor-widget-wrap elementor-element-populated\">\n\t\t\t\t\t\t<div class=\"elementor-element elementor-element-8cda173 elementor-widget elementor-widget-heading\" data-id=\"8cda173\" data-element_type=\"widget\" data-widget_type=\"heading.default\">\n\t\t\t\t<div class=\"elementor-widget-container\">\n\t\t\t<h5 class=\"elementor-heading-title elementor-size-default\">Mestrado Profissional em Pol\u00edticas P\u00fablicas e Gest\u00e3o Educacional (MP\/PPPG)<\/h5>\t\t<\/div>\n\t\t\t\t<\/div>\n\t\t\t\t\t<\/div>\n\t\t<\/div>\n\t\t\t\t\t<\/div>\n\t\t<\/section>\n\t\t\t\t<section class=\"elementor-section elementor-top-section elementor-element elementor-element-91eabf5 elementor-section-boxed elementor-section-height-default elementor-section-height-default\" data-id=\"91eabf5\" data-element_type=\"section\">\n\t\t\t\t\t\t<div class=\"elementor-container elementor-column-gap-default\">\n\t\t\t\t\t<div class=\"elementor-column elementor-col-100 elementor-top-column elementor-element elementor-element-fd09fe5\" data-id=\"fd09fe5\" data-element_type=\"column\">\n\t\t\t<div class=\"elementor-widget-wrap elementor-element-populated\">\n\t\t\t\t\t\t<div class=\"elementor-element elementor-element-529f56c elementor-widget elementor-widget-toggle\" data-id=\"529f56c\" data-element_type=\"widget\" data-widget_type=\"toggle.default\">\n\t\t\t\t<div class=\"elementor-widget-container\">\n\t\t\t\t\t<div class=\"elementor-toggle\">\n\t\t\t\t\t\t\t<div class=\"elementor-toggle-item\">\n\t\t\t\t\t<div id=\"elementor-tab-title-8661\" class=\"elementor-tab-title\" data-tab=\"1\" role=\"button\" aria-controls=\"elementor-tab-content-8661\" aria-expanded=\"false\">\n\t\t\t\t\t\t\t\t\t\t\t\t<span class=\"elementor-toggle-icon elementor-toggle-icon-left\" aria-hidden=\"true\">\n\t\t\t\t\t\t\t\t\t\t\t\t\t\t\t<span class=\"elementor-toggle-icon-closed\"><i class=\"fas fa-caret-right\"><\/i><\/span>\n\t\t\t\t\t\t\t\t<span class=\"elementor-toggle-icon-opened\"><i class=\"elementor-toggle-icon-opened fas fa-caret-up\"><\/i><\/span>\n\t\t\t\t\t\t\t\t\t\t\t\t\t<\/span>\n\t\t\t\t\t\t\t\t\t\t\t\t<a class=\"elementor-toggle-title\" tabindex=\"0\">2021<\/a>\n\t\t\t\t\t<\/div>\n\n\t\t\t\t\t<div id=\"elementor-tab-content-8661\" class=\"elementor-tab-content elementor-clearfix\" data-tab=\"1\" role=\"region\" aria-labelledby=\"elementor-tab-title-8661\"><p><span style=\"font-size: 12pt\"><strong>Edital 019\/2021 &#8211; Processo Seletivo de P\u00f3s-gradua\u00e7\u00e3o<\/strong><\/span><\/p><p><span style=\"font-size: 10pt\"><a href=\"https:\/\/www.ufsm.br\/pro-reitorias\/prpgp\/editais\/019-2021\/\" rel=\"bookmark\">019\/2021 \u2013 Edital 019\/2021 \u2013 Processo Seletivo de P\u00f3s-gradua\u00e7\u00e3o \u2013 Ingresso no 2\u00ba semestre letivo de 2021<\/a><\/span><\/p><p><span style=\"font-size: 10pt\"><a href=\"https:\/\/www.ufsm.br\/app\/uploads\/sites\/542\/2021\/08\/EdEsp19.55-21-MestProfPolPubGestEdu.pdf\">Edital Espec\u00edfico PPPG- MP<\/a><\/span><\/p><p><span style=\"font-size: 10pt\"><a href=\"https:\/\/www.ufsm.br\/app\/uploads\/sites\/542\/2021\/08\/Adendo_EdEsp-019.55-21-MestProfPolPubGestEdu.pdf\">Adendo ao Edital Espec\u00edfico<\/a>\u00a0<\/span><\/p><p><span style=\"font-size: 10pt\">Em cumprimento ao Edital n\u00ba 019\/2021 PRPGP\/UFSM e ao Edital Espec\u00edfico n\u00ba 019.55\/2021 (PRPGP\/PPPG\/UFSM).\u00a0A Comiss\u00e3o de Sele\u00e7\u00e3o divulga os RESULTADOS da 1\u00aa etapa do PROCESSO SELETIVO AO CURSO DE MESTRADO PROFISSIONAL EM POL\u00cdTICAS P\u00daBLICAS E GEST\u00c3O EDUCACIONAL (PPPG), da Universidade Federal de Santa Maria (UFSM).<\/span><\/p><h2><span style=\"font-size: 8pt\"><a href=\"https:\/\/www.ufsm.br\/app\/uploads\/sites\/542\/2021\/08\/Resultado-Etapa-01.pdf\"><span style=\"color: #000000\">RESULTADO DA 1\u00aa ETAPA EDITAL ESPEC\u00cdFICO 019.55\/2021 &#8211; PRPGP<\/span><\/a><\/span><\/h2><h2><span style=\"color: #000000;font-size: 10pt\"><a style=\"color: #000000\" href=\"https:\/\/www.ufsm.br\/app\/uploads\/sites\/542\/2021\/09\/Etapa-02-Resultados-MP-LP1-LP2.pdf\">Resultados da 2\u00aa Etapa &#8211; Edital Espec\u00edfico 019.55\/2021 &#8211; PRPGP<\/a><\/span><\/h2><h2><span style=\"color: #000000;font-size: 10pt\"><a style=\"color: #000000\" href=\"https:\/\/www.ufsm.br\/app\/uploads\/sites\/542\/2021\/09\/CRONOGRAMA-DE-ENTREVISTAS-LP1-1.pdf\">CRONOGRAMA DE ENTREVISTAS LP1<\/a><\/span><\/h2><h2><span style=\"color: #000000;font-size: 10pt\"><a style=\"color: #000000\" href=\"https:\/\/www.ufsm.br\/app\/uploads\/sites\/542\/2021\/09\/CRONOGRAMA-DE-ENTREVISTAS-LP2.pdf\">CRONOGRAMA DE ENTREVISTAS LP2<\/a><\/span><\/h2><h2><span style=\"font-size: 10pt\"><a href=\"https:\/\/www.ufsm.br\/app\/uploads\/sites\/542\/2021\/09\/Etapa-03-Resultados-MP-LP1-LP2.pdf\">Resultados da Etapa 03 do Edital Espec\u00edfico 019.55\/2021 &#8211; PRPGP<\/a>\u00a0<\/span><\/h2><h3><span style=\"font-size: 10pt\">O Resultado final do Edital ser\u00e1 divulgado pela PRPGP no Link<\/span><\/h3><p><span style=\"font-size: 10pt\"><a href=\"https:\/\/www.ufsm.br\/pro-reitorias\/prpgp\/editais\/019-2021\/\" rel=\"bookmark\">019\/2021 \u2013 Edital 019\/2021 \u2013 Processo Seletivo de P\u00f3s-gradua\u00e7\u00e3o \u2013 Ingresso no 2\u00ba semestre letivo de 2021<\/a><\/span><\/p><h2><span style=\"font-size: 10pt\"><a href=\"https:\/\/www.ufsm.br\/app\/uploads\/sites\/542\/2021\/09\/Relacao-Candidatos-Classificados-MP2021.pdf\">Rela\u00e7\u00e3o Candidatos Classificados &#8211; MP2021<\/a>\u00a0<\/span><\/h2><h4><span style=\"font-size: 10pt\"><a href=\"https:\/\/www.ufsm.br\/app\/uploads\/sites\/542\/2021\/09\/Resultados-Completo-MP-LP1-LP2.pdf\">TABELA de Resultados de todo o processo<\/a><\/span><\/h4><h3><span style=\"font-size: 10pt\"><a href=\"https:\/\/www.ufsm.br\/app\/uploads\/sites\/542\/2021\/09\/Etapa-03-Resultados-MP-LP1-LP2retificado.pdf\">Etapa 03 Resultados MP LP1 &#8211; LP2(retificado)<\/a>\u00a0 \u00a0<span style=\"color: #ff0000\">(ap\u00f3s recursos)<\/span><\/span><\/h3><h3><span style=\"font-size: 12pt\"><a href=\"https:\/\/www.ufsm.br\/app\/uploads\/sites\/542\/2021\/09\/Resultados-Completo-MP-LP1-LP2retificado.pdf\">Resultados Completo MP LP1 &#8211; LP2(retificado)<\/a> \u00a0<span style=\"color: #ff0000\">(ap\u00f3s recursos)<\/span><\/span><\/h3><\/div>\n\t\t\t\t<\/div>\n\t\t\t\t\t\t\t<div class=\"elementor-toggle-item\">\n\t\t\t\t\t<div id=\"elementor-tab-title-8662\" class=\"elementor-tab-title\" data-tab=\"2\" role=\"button\" aria-controls=\"elementor-tab-content-8662\" aria-expanded=\"false\">\n\t\t\t\t\t\t\t\t\t\t\t\t<span class=\"elementor-toggle-icon elementor-toggle-icon-left\" aria-hidden=\"true\">\n\t\t\t\t\t\t\t\t\t\t\t\t\t\t\t<span class=\"elementor-toggle-icon-closed\"><i class=\"fas fa-caret-right\"><\/i><\/span>\n\t\t\t\t\t\t\t\t<span class=\"elementor-toggle-icon-opened\"><i class=\"elementor-toggle-icon-opened fas fa-caret-up\"><\/i><\/span>\n\t\t\t\t\t\t\t\t\t\t\t\t\t<\/span>\n\t\t\t\t\t\t\t\t\t\t\t\t<a class=\"elementor-toggle-title\" tabindex=\"0\">2020<\/a>\n\t\t\t\t\t<\/div>\n\n\t\t\t\t\t<div id=\"elementor-tab-content-8662\" class=\"elementor-tab-content elementor-clearfix\" data-tab=\"2\" role=\"region\" aria-labelledby=\"elementor-tab-title-8662\"><p>no aguardo<\/p><\/div>\n\t\t\t\t<\/div>\n\t\t\t\t\t\t\t<div class=\"elementor-toggle-item\">\n\t\t\t\t\t<div id=\"elementor-tab-title-8663\" class=\"elementor-tab-title\" data-tab=\"3\" role=\"button\" aria-controls=\"elementor-tab-content-8663\" aria-expanded=\"false\">\n\t\t\t\t\t\t\t\t\t\t\t\t<span class=\"elementor-toggle-icon elementor-toggle-icon-left\" aria-hidden=\"true\">\n\t\t\t\t\t\t\t\t\t\t\t\t\t\t\t<span class=\"elementor-toggle-icon-closed\"><i class=\"fas fa-caret-right\"><\/i><\/span>\n\t\t\t\t\t\t\t\t<span class=\"elementor-toggle-icon-opened\"><i class=\"elementor-toggle-icon-opened fas fa-caret-up\"><\/i><\/span>\n\t\t\t\t\t\t\t\t\t\t\t\t\t<\/span>\n\t\t\t\t\t\t\t\t\t\t\t\t<a class=\"elementor-toggle-title\" tabindex=\"0\">2019<\/a>\n\t\t\t\t\t<\/div>\n\n\t\t\t\t\t<div id=\"elementor-tab-content-8663\" class=\"elementor-tab-content elementor-clearfix\" data-tab=\"3\" role=\"region\" aria-labelledby=\"elementor-tab-title-8663\"><p><a href=\"https:\/\/www.ufsm.br\/app\/uploads\/sites\/542\/2019\/06\/INSCRI%C3%87%C3%95ES-DEFERIDAS-E-INDEFERIDAS2.pdf\" target=\"_blank\" rel=\"noopener\">Inscri\u00e7\u00f5es Deferidas e Indeferidas<\/a><\/p><\/div>\n\t\t\t\t<\/div>\n\t\t\t\t\t\t\t<div class=\"elementor-toggle-item\">\n\t\t\t\t\t<div id=\"elementor-tab-title-8664\" class=\"elementor-tab-title\" data-tab=\"4\" role=\"button\" aria-controls=\"elementor-tab-content-8664\" aria-expanded=\"false\">\n\t\t\t\t\t\t\t\t\t\t\t\t<span class=\"elementor-toggle-icon elementor-toggle-icon-left\" aria-hidden=\"true\">\n\t\t\t\t\t\t\t\t\t\t\t\t\t\t\t<span class=\"elementor-toggle-icon-closed\"><i class=\"fas fa-caret-right\"><\/i><\/span>\n\t\t\t\t\t\t\t\t<span class=\"elementor-toggle-icon-opened\"><i class=\"elementor-toggle-icon-opened fas fa-caret-up\"><\/i><\/span>\n\t\t\t\t\t\t\t\t\t\t\t\t\t<\/span>\n\t\t\t\t\t\t\t\t\t\t\t\t<a class=\"elementor-toggle-title\" tabindex=\"0\">2018<\/a>\n\t\t\t\t\t<\/div>\n\n\t\t\t\t\t<div id=\"elementor-tab-content-8664\" class=\"elementor-tab-content elementor-clearfix\" data-tab=\"4\" role=\"region\" aria-labelledby=\"elementor-tab-title-8664\"><h3><span style=\"font-size: 10pt\">EDITAL 015\/2018 \u2013 Processo Seletivo Mestrado Profissional PPPG\/UFSM<\/span><\/h3><h3><span style=\"font-size: 10pt\"><em>Inscri\u00e7\u00f5es homologadas<\/em><\/span><\/h3><p><span style=\"font-size: 10pt\">Conforme Edital 015\/2018\/PRPGP\/UFSM, em 11\/06 foi divulgada listagem preliminar de candidatos com inscri\u00e7\u00e3o homologada (link abaixo). Devido a retifica\u00e7\u00e3o do Edital, em consequ\u00eancia da greve nacional que afetou\u00a0 o fluxo normal dos servi\u00e7os prestados pelos Correios, o Programa ir\u00e1 divulgar nova listagem de inscri\u00e7\u00f5es homologadas at\u00e9 o dia 15 de junho de 2018.<\/span><\/p><p><span style=\"font-size: 8pt\"><a href=\"https:\/\/www.ufsm.br\/cursos\/pos-graduacao\/santa-maria\/pppg\/wp-content\/uploads\/sites\/542\/2018\/06\/LISTAGEM_PRELIMINAR_CANDIDATOS_HOMOLOGADA.pdf\">LISTAGEM_PRELIMINAR_CANDIDATOS_HOMOLOGADA<\/a><\/span><\/p><h2><span style=\"font-size: 8pt\">APROVADOS PROCESSO SELETIVO MESTRADO PROFISSIONAL \u2013 EDITAL 015\/PRPGP\/UFSM:\u00a0\u00a0<a href=\"https:\/\/www.ufsm.br\/cursos\/pos-graduacao\/santa-maria\/pppg\/wp-content\/uploads\/sites\/542\/2018\/06\/Rela%C3%A7%C3%A3o_Aprovados_Edital015-2018PRPGP-UFSM.pdf\">Rela\u00e7\u00e3o_Aprovados_Edital015-2018PRPGP-UFSM<\/a><\/span><\/h2><\/div>\n\t\t\t\t<\/div>\n\t\t\t\t\t\t\t<div class=\"elementor-toggle-item\">\n\t\t\t\t\t<div id=\"elementor-tab-title-8665\" class=\"elementor-tab-title\" data-tab=\"5\" role=\"button\" aria-controls=\"elementor-tab-content-8665\" aria-expanded=\"false\">\n\t\t\t\t\t\t\t\t\t\t\t\t<span class=\"elementor-toggle-icon elementor-toggle-icon-left\" aria-hidden=\"true\">\n\t\t\t\t\t\t\t\t\t\t\t\t\t\t\t<span class=\"elementor-toggle-icon-closed\"><i class=\"fas fa-caret-right\"><\/i><\/span>\n\t\t\t\t\t\t\t\t<span class=\"elementor-toggle-icon-opened\"><i class=\"elementor-toggle-icon-opened fas fa-caret-up\"><\/i><\/span>\n\t\t\t\t\t\t\t\t\t\t\t\t\t<\/span>\n\t\t\t\t\t\t\t\t\t\t\t\t<a class=\"elementor-toggle-title\" tabindex=\"0\">2017<\/a>\n\t\t\t\t\t<\/div>\n\n\t\t\t\t\t<div id=\"elementor-tab-content-8665\" class=\"elementor-tab-content elementor-clearfix\" data-tab=\"5\" role=\"region\" aria-labelledby=\"elementor-tab-title-8665\"><h3>EDITAL 017\/2017 \u2013 Processo Seletivo Mestrado Profissional PPPG\/UFSM<\/h3><h3><em>Inscri\u00e7\u00f5es homologadas:<\/em><\/h3><p><a href=\"https:\/\/www.ufsm.br\/cursos\/pos-graduacao\/santa-maria\/pppg\/wp-content\/uploads\/sites\/542\/2015\/10\/Inscri%C3%A7%C3%B5es_homologadas_PPPG_MP_Edital017-2017.pdf\">Inscri\u00e7\u00f5es_homologadas_PPPG_MP_Edital017-2017<\/a><\/p><h3><em>Resultado 1\u00aa etapa:<\/em><\/h3><p><a href=\"https:\/\/www.ufsm.br\/cursos\/pos-graduacao\/santa-maria\/pppg\/wp-content\/uploads\/sites\/542\/2017\/06\/RESULTADO_1%C2%AA_ETAPA_PPPG_MP_edital017_PRPGP-UFSM.pdf\">RESULTADO_1\u00aa_ETAPA_PPPG_MP_edital017_PRPGP-UFSM<\/a><\/p><p><strong>**Prova Escrita\u00a0<\/strong>no dia 19 de junho de 2017, \u00e0s 14h, no audit\u00f3rio do LINCE do Centro de Educa\u00e7\u00e3o\/UFSM.<\/p><h3><em>Resultado 2\u00aa etapa:<\/em><\/h3><p><a href=\"https:\/\/www.ufsm.br\/cursos\/pos-graduacao\/santa-maria\/pppg\/wp-content\/uploads\/sites\/542\/2017\/06\/PLANILHA_RESULTADO-DA-2%C2%AA-ETAPA-PROCESSO-SELETIVO-PPPG_MP_20171.pdf\">PLANILHA_RESULTADO DA 2\u00aa ETAPA PROCESSO SELETIVO PPPG_MP_2017<\/a><\/p><h3>Datas\/Hor\u00e1rios Entrevistas:\u00a0<a href=\"https:\/\/www.ufsm.br\/cursos\/pos-graduacao\/santa-maria\/pppg\/wp-content\/uploads\/sites\/542\/2015\/10\/QUADRO_HOR%C3%81RIO_ENTREVISTAS_MP-PPPG-2017.pdf\">QUADRO_HOR\u00c1RIO_ENTREVISTAS_MP-PPPG-2017<\/a><\/h3><h3><em>Resultado 3\u00aa etapa:<\/em><\/h3><p><a href=\"https:\/\/www.ufsm.br\/cursos\/pos-graduacao\/santa-maria\/pppg\/wp-content\/uploads\/sites\/542\/2015\/10\/Planilha_Resultado_ENTREVISTA_3%C2%AAetapaPPPG-MP_Edital017-2017.pdf\">Planilha_Resultado_ENTREVISTA_3\u00aaetapaPPPG-MP_Edital017-2017<\/a><\/p><h3><em>Resultado Final:<\/em><\/h3><p><a href=\"https:\/\/www.ufsm.br\/cursos\/pos-graduacao\/santa-maria\/pppg\/wp-content\/uploads\/sites\/542\/2015\/10\/Planilha_Resultado_Final_MP-PPPG_Edital017-2017.pdf\">Planilha_Resultado_Final_MP-PPPG_Edital017-2017<\/a><\/p><p><a href=\"https:\/\/www.ufsm.br\/cursos\/pos-graduacao\/santa-maria\/pppg\/wp-content\/uploads\/sites\/542\/2015\/10\/Planilha_resultado3%C2%AAetapa_MP-PPPG_Edital017-2017.pdf\">Planilha_resultado3\u00aaetapa_MP-PPPG_Edital017-2017<\/a><\/p><\/div>\n\t\t\t\t<\/div>\n\t\t\t\t\t\t\t\t<\/div>\n\t\t\t\t<\/div>\n\t\t\t\t<\/div>\n\t\t\t\t\t<\/div>\n\t\t<\/div>\n\t\t\t\t\t<\/div>\n\t\t<\/section>\n\t\t\t\t<\/div>\n\t\t","protected":false},"excerpt":{"rendered":"<p>Mestrado Profissional em Pol\u00edticas P\u00fablicas e Gest\u00e3o Educacional (MP\/PPPG) 2021 Edital 019\/2021 &#8211; Processo Seletivo de P\u00f3s-gradua\u00e7\u00e3o 019\/2021 \u2013 Edital 019\/2021 \u2013 Processo Seletivo de P\u00f3s-gradua\u00e7\u00e3o \u2013 Ingresso no 2\u00ba semestre letivo de 2021 Edital Espec\u00edfico PPPG- MP Adendo ao Edital Espec\u00edfico\u00a0 Em cumprimento ao Edital n\u00ba 019\/2021 PRPGP\/UFSM e ao Edital Espec\u00edfico n\u00ba 019.55\/2021 [&hellip;]<\/p>\n","protected":false},"author":4568,"featured_media":0,"parent":0,"menu_order":0,"comment_status":"closed","ping_status":"closed","template":"","meta":{"footnotes":""},"categories":[],"tags":[],"class_list":["post-1621","page","type-page","status-publish","hentry"],"acf":[],"_links":{"self":[{"href":"https:\/\/www.ufsm.br\/cursos\/pos-graduacao\/santa-maria\/pppg\/wp-json\/wp\/v2\/pages\/1621","targetHints":{"allow":["GET"]}}],"collection":[{"href":"https:\/\/www.ufsm.br\/cursos\/pos-graduacao\/santa-maria\/pppg\/wp-json\/wp\/v2\/pages"}],"about":[{"href":"https:\/\/www.ufsm.br\/cursos\/pos-graduacao\/santa-maria\/pppg\/wp-json\/wp\/v2\/types\/page"}],"author":[{"embeddable":true,"href":"https:\/\/www.ufsm.br\/cursos\/pos-graduacao\/santa-maria\/pppg\/wp-json\/wp\/v2\/users\/4568"}],"replies":[{"embeddable":true,"href":"https:\/\/www.ufsm.br\/cursos\/pos-graduacao\/santa-maria\/pppg\/wp-json\/wp\/v2\/comments?post=1621"}],"version-history":[{"count":0,"href":"https:\/\/www.ufsm.br\/cursos\/pos-graduacao\/santa-maria\/pppg\/wp-json\/wp\/v2\/pages\/1621\/revisions"}],"wp:attachment":[{"href":"https:\/\/www.ufsm.br\/cursos\/pos-graduacao\/santa-maria\/pppg\/wp-json\/wp\/v2\/media?parent=1621"}],"wp:term":[{"taxonomy":"category","embeddable":true,"href":"https:\/\/www.ufsm.br\/cursos\/pos-graduacao\/santa-maria\/pppg\/wp-json\/wp\/v2\/categories?post=1621"},{"taxonomy":"post_tag","embeddable":true,"href":"https:\/\/www.ufsm.br\/cursos\/pos-graduacao\/santa-maria\/pppg\/wp-json\/wp\/v2\/tags?post=1621"}],"curies":[{"name":"wp","href":"https:\/\/api.w.org\/{rel}","templated":true}]}}