{"id":166,"date":"2019-03-29T11:00:36","date_gmt":"2019-03-29T14:00:36","guid":{"rendered":"https:\/\/www.ufsm.br\/cursos\/pos-graduacao\/santa-maria\/pppg\/?page_id=166"},"modified":"2019-03-29T11:00:38","modified_gmt":"2019-03-29T14:00:38","slug":"financiamento-da-educacao","status":"publish","type":"page","link":"https:\/\/www.ufsm.br\/cursos\/pos-graduacao\/santa-maria\/pppg\/financiamento-da-educacao","title":{"rendered":"FINANCIAMENTO DA EDUCA\u00c7\u00c3O"},"content":{"rendered":"\n<p style=\"margin-bottom: 20px;padding: 0px;border: 0px;font-size: 13px;vertical-align: baseline;color: #333333;font-family: Arial, Helvetica, sans-serif\"><strong style=\"margin: 0px;padding: 0px;border: 0px;vertical-align: baseline\">DEPARTAMENTO:\u00a0<\/strong>ADE<strong style=\"margin: 0px;padding: 0px;border: 0px;vertical-align: baseline\">\u00a0\u00a0\u00a0\u00a0\u00a0\u00a0\u00a0\u00a0\u00a0\u00a0\u00a0\u00a0\u00a0<\/strong><\/p>\n<p style=\"margin-top: 0px;margin-bottom: 20px;padding: 0px;border: 0px;font-size: 13px;vertical-align: baseline;color: #333333;font-family: Arial, Helvetica, sans-serif\"><strong style=\"margin: 0px;padding: 0px;border: 0px;vertical-align: baseline\">CARGA HOR\u00c1RIA:\u00a0<\/strong>30H<\/p>\n<p style=\"margin-top: 0px;margin-bottom: 20px;padding: 0px;border: 0px;font-size: 13px;vertical-align: baseline;color: #333333;font-family: Arial, Helvetica, sans-serif\"><strong style=\"margin: 0px;padding: 0px;border: 0px;vertical-align: baseline\">CR\u00c9DITOS:\u00a0<\/strong>02<\/p>\n<p style=\"margin-top: 0px;margin-bottom: 20px;padding: 0px;border: 0px;font-size: 13px;vertical-align: baseline;color: #333333;font-family: Arial, Helvetica, sans-serif\"><strong style=\"margin: 0px;padding: 0px;border: 0px;vertical-align: baseline\">\u00a0<\/strong><strong style=\"margin: 0px;padding: 0px;border: 0px;vertical-align: baseline\">EMENTA:<\/strong><\/p>\n<p style=\"margin-top: 0px;margin-bottom: 20px;padding: 0px;border: 0px;font-size: 13px;vertical-align: baseline;color: #333333;font-family: Arial, Helvetica, sans-serif\">Fundamentos Legais do Financiamento da Educa\u00e7\u00e3o. Manuten\u00e7\u00e3o e Desenvolvimento do Ensino. O Financiamento da Educa\u00e7\u00e3o B\u00e1sica com Qualidade.<\/p>\n<p style=\"margin-top: 0px;margin-bottom: 20px;padding: 0px;border: 0px;font-size: 13px;vertical-align: baseline;color: #333333;font-family: Arial, Helvetica, sans-serif\"><strong style=\"margin: 0px;padding: 0px;border: 0px;vertical-align: baseline\">\u00a0<\/strong><strong style=\"margin: 0px;padding: 0px;border: 0px;vertical-align: baseline\">OBJETIVO:<\/strong><\/p>\n<p style=\"margin-top: 0px;margin-bottom: 20px;padding: 0px;border: 0px;font-size: 13px;vertical-align: baseline;color: #333333;font-family: Arial, Helvetica, sans-serif\">Identificar os fundamentos legais, as principais fontes e os mecanismos de financiamento da educa\u00e7\u00e3o no pa\u00eds, na Uni\u00e3o, Estados e Munic\u00edpios.<\/p>\n<p style=\"margin-top: 0px;margin-bottom: 20px;padding: 0px;border: 0px;font-size: 13px;vertical-align: baseline;color: #333333;font-family: Arial, Helvetica, sans-serif\"><strong style=\"margin: 0px;padding: 0px;border: 0px;vertical-align: baseline\">\u00a0<\/strong><strong style=\"margin: 0px;padding: 0px;border: 0px;vertical-align: baseline\">PROGRAMA:<\/strong><\/p>\n<p style=\"margin-top: 0px;margin-bottom: 20px;padding: 0px;border: 0px;font-size: 13px;vertical-align: baseline;color: #333333;font-family: Arial, Helvetica, sans-serif\">\u00a0UNIDADE 1 \u2013 FUNDAMENTOS LEGAIS DO FINANCIAMENTO DA EDUCA\u00c7\u00c3O<\/p>\n<ul style=\"margin-right: 20px;margin-bottom: 20px;padding-left: 40px;border: 0px;font-size: 13px;vertical-align: baseline;color: #333333;font-family: Arial, Helvetica, sans-serif\">\n<li style=\"margin: 0px;padding: 0px;border: 0px;vertical-align: baseline\">Recursos financeiros vinculados \u00e0 Constitui\u00e7\u00e3o Federal e a Lei de Diretrizes e Bases<\/li>\n<li style=\"margin: 0px;padding: 0px;border: 0px;vertical-align: baseline\">Leis do FUNDEF e FUNDEB<\/li>\n<li style=\"margin: 0px;padding: 0px;border: 0px;vertical-align: baseline\">Sal\u00e1rio Educa\u00e7\u00e3o<\/li>\n<li style=\"margin: 0px;padding: 0px;border: 0px;vertical-align: baseline\">Legisla\u00e7\u00e3o Estadual e Municipal<\/li>\n<\/ul>\n<p style=\"margin-top: 0px;margin-bottom: 20px;padding: 0px;border: 0px;font-size: 13px;vertical-align: baseline;color: #333333;font-family: Arial, Helvetica, sans-serif\">\u00a0UNIDADE 2 \u2013 MANUTEN\u00c7\u00c3O E DESENVOLVIMENTO DO ENSINO<\/p>\n<p style=\"margin-top: 0px;margin-bottom: 20px;padding: 0px;border: 0px;font-size: 13px;vertical-align: baseline;color: #333333;font-family: Arial, Helvetica, sans-serif\">2.1 Fontes de recursos: impostos e contribui\u00e7\u00f5es sociais<\/p>\n<p style=\"margin-top: 0px;margin-bottom: 20px;padding: 0px;border: 0px;font-size: 13px;vertical-align: baseline;color: #333333;font-family: Arial, Helvetica, sans-serif\">2.2 Recursos vinculados \u00e0 educa\u00e7\u00e3o<\/p>\n<p style=\"margin-top: 0px;margin-bottom: 20px;padding: 0px;border: 0px;font-size: 13px;vertical-align: baseline;color: #333333;font-family: Arial, Helvetica, sans-serif\">\u00a0UNIDADE 3 \u2013 FINANCIAMENTO DA EDUCA\u00c7\u00c3O B\u00c1SICA E QUALIDADE<\/p>\n<p style=\"margin-top: 0px;margin-bottom: 20px;padding: 0px;border: 0px;font-size: 13px;vertical-align: baseline;color: #333333;font-family: Arial, Helvetica, sans-serif\">3.1 Fiscaliza\u00e7\u00e3o das receitas, aplica\u00e7\u00e3o de recursos e gastos em educa\u00e7\u00e3o<\/p>\n<p style=\"margin-top: 0px;margin-bottom: 20px;padding: 0px;border: 0px;font-size: 13px;vertical-align: baseline;color: #333333;font-family: Arial, Helvetica, sans-serif\">3.2 Custo aluno \u2013 qualidade no Brasil (CAQ)<\/p>\n<p style=\"margin-top: 0px;margin-bottom: 20px;padding: 0px;border: 0px;font-size: 13px;vertical-align: baseline;color: #333333;font-family: Arial, Helvetica, sans-serif\">3.3 Metas e estrat\u00e9gias do Plano Nacional de Educa\u00e7\u00e3o e inter-rela\u00e7\u00f5es com o financiamento da educa\u00e7\u00e3o b\u00e1sica<\/p>\n<p style=\"margin-top: 0px;margin-bottom: 20px;padding: 0px;border: 0px;font-size: 13px;vertical-align: baseline;color: #333333;font-family: Arial, Helvetica, sans-serif\">\u00a0<\/p>\n<p style=\"margin-top: 0px;margin-bottom: 20px;padding: 0px;border: 0px;font-size: 13px;vertical-align: baseline;color: #333333;font-family: Arial, Helvetica, sans-serif\"><strong style=\"margin: 0px;padding: 0px;border: 0px;vertical-align: baseline\">Bibliografia B\u00e1sica<\/strong><\/p>\n<p style=\"margin-top: 0px;margin-bottom: 20px;padding: 0px;border: 0px;font-size: 13px;vertical-align: baseline;color: #333333;font-family: Arial, Helvetica, sans-serif\">\u00a0AMARAL, Nelson.\u00a0<strong style=\"margin: 0px;padding: 0px;border: 0px;vertical-align: baseline\">Para compreender o financiamento da educa\u00e7\u00e3o b\u00e1sica no Brasil.\u00a0<\/strong>Bras\u00edlia: Liber Livro, 2012.<\/p>\n<p style=\"margin-top: 0px;margin-bottom: 20px;padding: 0px;border: 0px;font-size: 13px;vertical-align: baseline;color: #333333;font-family: Arial, Helvetica, sans-serif\">\u00a0DAVIES, Nicholas<em style=\"margin: 0px;padding: 0px;border: 0px;vertical-align: baseline\">.\u00a0<\/em><strong style=\"margin: 0px;padding: 0px;border: 0px;vertical-align: baseline\">Financiamento da educa\u00e7\u00e3o<\/strong>: novos ou velhos desafios? S\u00e3o Paulo: Xam\u00e3, 2004.<\/p>\n<p style=\"margin-top: 0px;margin-bottom: 20px;padding: 0px;border: 0px;font-size: 13px;vertical-align: baseline;color: #333333;font-family: Arial, Helvetica, sans-serif\">\u00a0DAVIES, Nicholas.\u00a0<strong style=\"margin: 0px;padding: 0px;border: 0px;vertical-align: baseline\">O FUNDEF e as verbas da educa\u00e7\u00e3o.<\/strong>\u00a0S\u00e3o Paulo: Xam\u00e3, 2001.<\/p>\n<p style=\"margin-top: 0px;margin-bottom: 20px;padding: 0px;border: 0px;font-size: 13px;vertical-align: baseline;color: #333333;font-family: Arial, Helvetica, sans-serif\">\u00a0LIB\u00c2NEO, J. C.; OLIVEIRA, J. F. e TOSCHI, M. S.\u00a0<strong style=\"margin: 0px;padding: 0px;border: 0px;vertical-align: baseline\">Educa\u00e7\u00e3o Escolar<\/strong>: pol\u00edticas, estrutura e organiza\u00e7\u00e3o. S\u00e3o Paulo: Cortez Editora, 2005.<\/p>\n<p style=\"margin-top: 0px;margin-bottom: 20px;padding: 0px;border: 0px;font-size: 13px;vertical-align: baseline;color: #333333;font-family: Arial, Helvetica, sans-serif\">\u00a0LIMA, Maria Jos\u00e9 Rocha; ALMEIDA, Maria do Ros\u00e1rio; DODONET, Vital (Orgs.).\u00a0<strong style=\"margin: 0px;padding: 0px;border: 0px;vertical-align: baseline\">FUNDEB:<\/strong>\u00a0Dilemas e Perspectivas. Bras\u00edlia: edi\u00e7\u00e3o independente, 2005.<\/p>\n<p style=\"margin-top: 0px;margin-bottom: 20px;padding: 0px;border: 0px;font-size: 13px;vertical-align: baseline;color: #333333;font-family: Arial, Helvetica, sans-serif\">\u00a0<\/p>\n<p style=\"margin-top: 0px;margin-bottom: 20px;padding: 0px;border: 0px;font-size: 13px;vertical-align: baseline;color: #333333;font-family: Arial, Helvetica, sans-serif\"><strong style=\"margin: 0px;padding: 0px;border: 0px;vertical-align: baseline\">Bibliografia Complementar<\/strong><\/p>\n<p style=\"margin-top: 0px;margin-bottom: 20px;padding: 0px;border: 0px;font-size: 13px;vertical-align: baseline;color: #333333;font-family: Arial, Helvetica, sans-serif\">\u00a0BRASIL.\u00a0<strong style=\"margin: 0px;padding: 0px;border: 0px;vertical-align: baseline\">Constitui\u00e7\u00e3o Federal do Brasil.<\/strong>\u00a0Bras\u00edlia\/DF: Senado Federal, 2004. Dispon\u00edvel em: &lt;http:\/\/www.senado.gov.br&gt; Acesso em: fev. 2004.<\/p>\n<p style=\"margin-top: 0px;margin-bottom: 20px;padding: 0px;border: 0px;font-size: 13px;vertical-align: baseline;color: #333333;font-family: Arial, Helvetica, sans-serif\">\u00a0BRASIL. MEC.\u00a0<strong style=\"margin: 0px;padding: 0px;border: 0px;vertical-align: baseline\">Legisla\u00e7\u00e3o do Fundef.<\/strong>\u00a0Bras\u00edlia\/DF: Dispon\u00edvel em: &lt;http:\/\/www.mec.gov.br\/sef\/fundef\/Legisla.shtm&gt; Acesso em: 11 maio 2004.<\/p>\n<p style=\"margin-top: 0px;margin-bottom: 20px;padding: 0px;border: 0px;font-size: 13px;vertical-align: baseline;color: #333333;font-family: Arial, Helvetica, sans-serif\">\u00a0BRASIL.\u00a0<strong style=\"margin: 0px;padding: 0px;border: 0px;vertical-align: baseline\">Lei 9.394\/96.<\/strong>\u00a0Lei de Diretrizes e Bases da Educa\u00e7\u00e3o Nacional. Dispon\u00edvel em &lt;http:\/\/www.planalto.gov.br\/ccivil_03\/leis\/l9394.htm&gt;<\/p>\n<p style=\"margin-top: 0px;margin-bottom: 20px;padding: 0px;border: 0px;font-size: 13px;vertical-align: baseline;color: #333333;font-family: Arial, Helvetica, sans-serif\">BRASIL. MEC. INEP.\u00a0<strong style=\"margin: 0px;padding: 0px;border: 0px;vertical-align: baseline\">Censo Escolar.<\/strong>\u00a0Dispon\u00edvel em: &lt;http:\/\/www.inep.gov.br&gt;<\/p>\n<p style=\"margin-top: 0px;margin-bottom: 20px;padding: 0px;border: 0px;font-size: 13px;vertical-align: baseline;color: #333333;font-family: Arial, Helvetica, sans-serif\">\u00a0BRASIL<em style=\"margin: 0px;padding: 0px;border: 0px;vertical-align: baseline\">.\u00a0<\/em>Plano Nacional de Educa\u00e7\u00e3o. Bras\u00edlia\/DF, 2001.<\/p>\n<p style=\"margin-top: 0px;margin-bottom: 20px;padding: 0px;border: 0px;font-size: 13px;vertical-align: baseline;color: #333333;font-family: Arial, Helvetica, sans-serif\">\u00a0FUNDEB.\u00a0<strong style=\"margin: 0px;padding: 0px;border: 0px;vertical-align: baseline\">Fundo de Manuten\u00e7\u00e3o e Desenvolvimento da Educa\u00e7\u00e3o B\u00e1sica e de Valoriza\u00e7\u00e3o dos Profissionais da Educa\u00e7\u00e3o<\/strong>. Dispon\u00edvel em: &lt;http:\/\/www.fnde.gov.br\/financiamento\/fundeb\/fundeb-apresentacao&gt;<\/p>\n","protected":false},"excerpt":{"rendered":"<p>DEPARTAMENTO:\u00a0ADE\u00a0\u00a0\u00a0\u00a0\u00a0\u00a0\u00a0\u00a0\u00a0\u00a0\u00a0\u00a0\u00a0 CARGA HOR\u00c1RIA:\u00a030H CR\u00c9DITOS:\u00a002 \u00a0EMENTA: Fundamentos Legais do Financiamento da Educa\u00e7\u00e3o. Manuten\u00e7\u00e3o e Desenvolvimento do Ensino. O Financiamento da Educa\u00e7\u00e3o B\u00e1sica com Qualidade. \u00a0OBJETIVO: Identificar os fundamentos legais, as principais fontes e os mecanismos de financiamento da educa\u00e7\u00e3o no pa\u00eds, na Uni\u00e3o, Estados e Munic\u00edpios. \u00a0PROGRAMA: \u00a0UNIDADE 1 \u2013 FUNDAMENTOS LEGAIS DO FINANCIAMENTO DA EDUCA\u00c7\u00c3O [&hellip;]<\/p>\n","protected":false},"author":115,"featured_media":0,"parent":0,"menu_order":0,"comment_status":"closed","ping_status":"closed","template":"","meta":{"footnotes":""},"categories":[],"tags":[],"class_list":["post-166","page","type-page","status-publish","hentry"],"acf":[],"_links":{"self":[{"href":"https:\/\/www.ufsm.br\/cursos\/pos-graduacao\/santa-maria\/pppg\/wp-json\/wp\/v2\/pages\/166","targetHints":{"allow":["GET"]}}],"collection":[{"href":"https:\/\/www.ufsm.br\/cursos\/pos-graduacao\/santa-maria\/pppg\/wp-json\/wp\/v2\/pages"}],"about":[{"href":"https:\/\/www.ufsm.br\/cursos\/pos-graduacao\/santa-maria\/pppg\/wp-json\/wp\/v2\/types\/page"}],"author":[{"embeddable":true,"href":"https:\/\/www.ufsm.br\/cursos\/pos-graduacao\/santa-maria\/pppg\/wp-json\/wp\/v2\/users\/115"}],"replies":[{"embeddable":true,"href":"https:\/\/www.ufsm.br\/cursos\/pos-graduacao\/santa-maria\/pppg\/wp-json\/wp\/v2\/comments?post=166"}],"version-history":[{"count":0,"href":"https:\/\/www.ufsm.br\/cursos\/pos-graduacao\/santa-maria\/pppg\/wp-json\/wp\/v2\/pages\/166\/revisions"}],"wp:attachment":[{"href":"https:\/\/www.ufsm.br\/cursos\/pos-graduacao\/santa-maria\/pppg\/wp-json\/wp\/v2\/media?parent=166"}],"wp:term":[{"taxonomy":"category","embeddable":true,"href":"https:\/\/www.ufsm.br\/cursos\/pos-graduacao\/santa-maria\/pppg\/wp-json\/wp\/v2\/categories?post=166"},{"taxonomy":"post_tag","embeddable":true,"href":"https:\/\/www.ufsm.br\/cursos\/pos-graduacao\/santa-maria\/pppg\/wp-json\/wp\/v2\/tags?post=166"}],"curies":[{"name":"wp","href":"https:\/\/api.w.org\/{rel}","templated":true}]}}