{"id":1679,"date":"2021-12-08T04:49:05","date_gmt":"2021-12-08T07:49:05","guid":{"rendered":"https:\/\/www.ufsm.br\/cursos\/pos-graduacao\/santa-maria\/pppg\/?page_id=1679"},"modified":"2023-03-21T12:04:19","modified_gmt":"2023-03-21T15:04:19","slug":"ppp-dos-cursos","status":"publish","type":"page","link":"https:\/\/www.ufsm.br\/cursos\/pos-graduacao\/santa-maria\/pppg\/ppp-dos-cursos","title":{"rendered":"PPP dos Cursos"},"content":{"rendered":"\t\t<div data-elementor-type=\"wp-page\" data-elementor-id=\"1679\" class=\"elementor elementor-1679\">\n\t\t\t\t\t\t<section class=\"elementor-section elementor-top-section elementor-element elementor-element-956b2f7 elementor-section-boxed elementor-section-height-default elementor-section-height-default\" data-id=\"956b2f7\" data-element_type=\"section\">\n\t\t\t\t\t\t<div class=\"elementor-container elementor-column-gap-default\">\n\t\t\t\t\t<div class=\"elementor-column elementor-col-100 elementor-top-column elementor-element elementor-element-c61ff55\" data-id=\"c61ff55\" data-element_type=\"column\">\n\t\t\t<div class=\"elementor-widget-wrap elementor-element-populated\">\n\t\t\t\t\t\t<div class=\"elementor-element elementor-element-1e7d189 elementor-widget elementor-widget-image\" data-id=\"1e7d189\" data-element_type=\"widget\" data-widget_type=\"image.default\">\n\t\t\t\t<div class=\"elementor-widget-container\">\n\t\t\t\t\t\t\t\t\t\t\t\t\t<img decoding=\"async\" src=\"https:\/\/www.ufsm.br\/app\/uploads\/sites\/542\/elementor\/thumbs\/PPPG-2-ph7bhyklbg7qjvs6ddl3hpsqs6lzx3jib8l5e6in68.jpg\" title=\"PPPG &#8211; (2)\" alt=\"PPPG - (2)\" loading=\"lazy\" \/>\t\t\t\t\t\t\t\t\t\t\t\t\t<\/div>\n\t\t\t\t<\/div>\n\t\t\t\t\t<\/div>\n\t\t<\/div>\n\t\t\t\t\t<\/div>\n\t\t<\/section>\n\t\t\t\t<section class=\"elementor-section elementor-top-section elementor-element elementor-element-cc781ae elementor-section-boxed elementor-section-height-default elementor-section-height-default\" data-id=\"cc781ae\" data-element_type=\"section\">\n\t\t\t\t\t\t<div class=\"elementor-container elementor-column-gap-default\">\n\t\t\t\t\t<div class=\"elementor-column elementor-col-100 elementor-top-column elementor-element elementor-element-acf9a58\" data-id=\"acf9a58\" data-element_type=\"column\">\n\t\t\t<div class=\"elementor-widget-wrap elementor-element-populated\">\n\t\t\t\t\t\t<div class=\"elementor-element elementor-element-205ba67 elementor-widget elementor-widget-heading\" data-id=\"205ba67\" data-element_type=\"widget\" data-widget_type=\"heading.default\">\n\t\t\t\t<div class=\"elementor-widget-container\">\n\t\t\t<h5 class=\"elementor-heading-title elementor-size-default\">Curso de Especializa\u00e7\u00e3o em gest\u00e3o Educacional<\/h5>\t\t<\/div>\n\t\t\t\t<\/div>\n\t\t\t\t\t<\/div>\n\t\t<\/div>\n\t\t\t\t\t<\/div>\n\t\t<\/section>\n\t\t\t\t<section class=\"elementor-section elementor-top-section elementor-element elementor-element-c3200de elementor-section-boxed elementor-section-height-default elementor-section-height-default\" data-id=\"c3200de\" data-element_type=\"section\">\n\t\t\t\t\t\t<div class=\"elementor-container elementor-column-gap-default\">\n\t\t\t\t\t<div class=\"elementor-column elementor-col-100 elementor-top-column elementor-element elementor-element-3e374cc\" data-id=\"3e374cc\" data-element_type=\"column\">\n\t\t\t<div class=\"elementor-widget-wrap elementor-element-populated\">\n\t\t\t\t\t\t<div class=\"elementor-element elementor-element-e150945 elementor-widget elementor-widget-text-editor\" data-id=\"e150945\" data-element_type=\"widget\" data-widget_type=\"text-editor.default\">\n\t\t\t\t<div class=\"elementor-widget-container\">\n\t\t\t\t\t\t\t<ul>\n<li><a href=\"https:\/\/www.ufsm.br\/app\/uploads\/sites\/542\/2019\/04\/PPC_CEGE_aprovado-2014.pdf\">Projeto Pedag\u00f3gico do Curso<\/a>&nbsp;&#8211; Vers\u00e3o curricular 2014 (Substitu\u00eddo)&nbsp;<\/li>\n<li><a href=\"https:\/\/www.ufsm.br\/app\/uploads\/sites\/542\/2023\/03\/PPC_CEGE_2022-Final-1.pdf\">Projeto Pedag\u00f3gico do Curso<\/a>&nbsp;&#8211; Vers\u00e3o curricular 2023 (Ativo)<\/li>\n<li><a href=\"https:\/\/www.ufsm.br\/app\/uploads\/sites\/542\/2023\/03\/Regulamento-CEGE-2022.pdf\">Regulamento do CEGE<\/a>&nbsp;&#8211; 2023<\/li>\n<\/ul>\t\t\t\t\t\t<\/div>\n\t\t\t\t<\/div>\n\t\t\t\t\t<\/div>\n\t\t<\/div>\n\t\t\t\t\t<\/div>\n\t\t<\/section>\n\t\t\t\t<section class=\"elementor-section elementor-top-section elementor-element elementor-element-a36a787 elementor-section-boxed elementor-section-height-default elementor-section-height-default\" data-id=\"a36a787\" data-element_type=\"section\">\n\t\t\t\t\t\t<div class=\"elementor-container elementor-column-gap-default\">\n\t\t\t\t\t<div class=\"elementor-column elementor-col-100 elementor-top-column elementor-element elementor-element-6f68093\" data-id=\"6f68093\" data-element_type=\"column\">\n\t\t\t<div class=\"elementor-widget-wrap elementor-element-populated\">\n\t\t\t\t\t\t<div class=\"elementor-element elementor-element-4a56296 elementor-widget elementor-widget-heading\" data-id=\"4a56296\" data-element_type=\"widget\" data-widget_type=\"heading.default\">\n\t\t\t\t<div class=\"elementor-widget-container\">\n\t\t\t<h5 class=\"elementor-heading-title elementor-size-default\">Curso de Mestrado Profissional em Pol\u00edticas P\u00fablicas e Gest\u00e3o Educacional<\/h5>\t\t<\/div>\n\t\t\t\t<\/div>\n\t\t\t\t\t<\/div>\n\t\t<\/div>\n\t\t\t\t\t<\/div>\n\t\t<\/section>\n\t\t\t\t<section class=\"elementor-section elementor-top-section elementor-element elementor-element-2db2747 elementor-section-boxed elementor-section-height-default elementor-section-height-default\" data-id=\"2db2747\" data-element_type=\"section\">\n\t\t\t\t\t\t<div class=\"elementor-container elementor-column-gap-default\">\n\t\t\t\t\t<div class=\"elementor-column elementor-col-100 elementor-top-column elementor-element elementor-element-da45905\" data-id=\"da45905\" data-element_type=\"column\">\n\t\t\t<div class=\"elementor-widget-wrap elementor-element-populated\">\n\t\t\t\t\t\t<div class=\"elementor-element elementor-element-e5d07fc elementor-widget elementor-widget-text-editor\" data-id=\"e5d07fc\" data-element_type=\"widget\" data-widget_type=\"text-editor.default\">\n\t\t\t\t<div class=\"elementor-widget-container\">\n\t\t\t\t\t\t\t<ul style=\"color: #000000;font-size: 16px\"><li><a style=\"color: #204c90\" href=\"https:\/\/www.ufsm.br\/cursos\/pos-graduacao\/santa-maria\/pppg\/wp-content\/uploads\/sites\/542\/2019\/04\/PPC_MESTRADO-PROFISSIONAL_2015.pdf\" target=\"_blank\" rel=\"noopener\">Projeto Pedag\u00f3gico do Curso<\/a><\/li><\/ul>\t\t\t\t\t\t<\/div>\n\t\t\t\t<\/div>\n\t\t\t\t\t<\/div>\n\t\t<\/div>\n\t\t\t\t\t<\/div>\n\t\t<\/section>\n\t\t\t\t<\/div>\n\t\t","protected":false},"excerpt":{"rendered":"<p>Curso de Especializa\u00e7\u00e3o em gest\u00e3o Educacional Projeto Pedag\u00f3gico do Curso&nbsp;&#8211; Vers\u00e3o curricular 2014 (Substitu\u00eddo)&nbsp; Projeto Pedag\u00f3gico do Curso&nbsp;&#8211; Vers\u00e3o curricular 2023 (Ativo) Regulamento do CEGE&nbsp;&#8211; 2023 Curso de Mestrado Profissional em Pol\u00edticas P\u00fablicas e Gest\u00e3o Educacional Projeto Pedag\u00f3gico do Curso<\/p>\n","protected":false},"author":4568,"featured_media":0,"parent":0,"menu_order":0,"comment_status":"closed","ping_status":"closed","template":"","meta":{"footnotes":""},"categories":[],"tags":[],"class_list":["post-1679","page","type-page","status-publish","hentry"],"acf":[],"_links":{"self":[{"href":"https:\/\/www.ufsm.br\/cursos\/pos-graduacao\/santa-maria\/pppg\/wp-json\/wp\/v2\/pages\/1679","targetHints":{"allow":["GET"]}}],"collection":[{"href":"https:\/\/www.ufsm.br\/cursos\/pos-graduacao\/santa-maria\/pppg\/wp-json\/wp\/v2\/pages"}],"about":[{"href":"https:\/\/www.ufsm.br\/cursos\/pos-graduacao\/santa-maria\/pppg\/wp-json\/wp\/v2\/types\/page"}],"author":[{"embeddable":true,"href":"https:\/\/www.ufsm.br\/cursos\/pos-graduacao\/santa-maria\/pppg\/wp-json\/wp\/v2\/users\/4568"}],"replies":[{"embeddable":true,"href":"https:\/\/www.ufsm.br\/cursos\/pos-graduacao\/santa-maria\/pppg\/wp-json\/wp\/v2\/comments?post=1679"}],"version-history":[{"count":0,"href":"https:\/\/www.ufsm.br\/cursos\/pos-graduacao\/santa-maria\/pppg\/wp-json\/wp\/v2\/pages\/1679\/revisions"}],"wp:attachment":[{"href":"https:\/\/www.ufsm.br\/cursos\/pos-graduacao\/santa-maria\/pppg\/wp-json\/wp\/v2\/media?parent=1679"}],"wp:term":[{"taxonomy":"category","embeddable":true,"href":"https:\/\/www.ufsm.br\/cursos\/pos-graduacao\/santa-maria\/pppg\/wp-json\/wp\/v2\/categories?post=1679"},{"taxonomy":"post_tag","embeddable":true,"href":"https:\/\/www.ufsm.br\/cursos\/pos-graduacao\/santa-maria\/pppg\/wp-json\/wp\/v2\/tags?post=1679"}],"curies":[{"name":"wp","href":"https:\/\/api.w.org\/{rel}","templated":true}]}}