{"id":1685,"date":"2021-12-08T05:24:01","date_gmt":"2021-12-08T08:24:01","guid":{"rendered":"https:\/\/www.ufsm.br\/cursos\/pos-graduacao\/santa-maria\/pppg\/?page_id=1685"},"modified":"2021-12-09T21:32:11","modified_gmt":"2021-12-10T00:32:11","slug":"autoavaliacao","status":"publish","type":"page","link":"https:\/\/www.ufsm.br\/cursos\/pos-graduacao\/santa-maria\/pppg\/autoavaliacao","title":{"rendered":"(Auto) avalia\u00e7\u00e3o PPPG"},"content":{"rendered":"\t\t<div data-elementor-type=\"wp-page\" data-elementor-id=\"1685\" class=\"elementor elementor-1685\">\n\t\t\t\t\t\t<section class=\"elementor-section elementor-top-section elementor-element elementor-element-568898d elementor-section-boxed elementor-section-height-default elementor-section-height-default\" data-id=\"568898d\" data-element_type=\"section\">\n\t\t\t\t\t\t<div class=\"elementor-container elementor-column-gap-default\">\n\t\t\t\t\t<div class=\"elementor-column elementor-col-100 elementor-top-column elementor-element elementor-element-3b11918\" data-id=\"3b11918\" data-element_type=\"column\">\n\t\t\t<div class=\"elementor-widget-wrap elementor-element-populated\">\n\t\t\t\t\t\t<div class=\"elementor-element elementor-element-3e7094a elementor-widget elementor-widget-image\" data-id=\"3e7094a\" data-element_type=\"widget\" data-widget_type=\"image.default\">\n\t\t\t\t<div class=\"elementor-widget-container\">\n\t\t\t\t\t\t\t\t\t\t\t\t\t<img decoding=\"async\" src=\"https:\/\/www.ufsm.br\/app\/uploads\/sites\/542\/elementor\/thumbs\/PPPG-3-ph7dfb3xjf5b471tfcq7g7t0jksvt6ul6has13p040.jpg\" title=\"PPPG &#8211; (3)\" alt=\"PPPG - (3)\" loading=\"lazy\" \/>\t\t\t\t\t\t\t\t\t\t\t\t\t<\/div>\n\t\t\t\t<\/div>\n\t\t\t\t\t<\/div>\n\t\t<\/div>\n\t\t\t\t\t<\/div>\n\t\t<\/section>\n\t\t\t\t<section class=\"elementor-section elementor-top-section elementor-element elementor-element-1003e5c elementor-section-boxed elementor-section-height-default elementor-section-height-default\" data-id=\"1003e5c\" data-element_type=\"section\">\n\t\t\t\t\t\t<div class=\"elementor-container elementor-column-gap-default\">\n\t\t\t\t\t<div class=\"elementor-column elementor-col-100 elementor-top-column elementor-element elementor-element-d4167b2\" data-id=\"d4167b2\" data-element_type=\"column\">\n\t\t\t<div class=\"elementor-widget-wrap elementor-element-populated\">\n\t\t\t\t\t\t<div class=\"elementor-element elementor-element-600ebf4 elementor-widget elementor-widget-text-editor\" data-id=\"600ebf4\" data-element_type=\"widget\" data-widget_type=\"text-editor.default\">\n\t\t\t\t<div class=\"elementor-widget-container\">\n\t\t\t\t\t\t\t<p>A pol\u00edtica de (auto)avalia\u00e7\u00e3o do PPPG tem como objetivo anualmente criar uma numa vis\u00e3o diagn\u00f3stica e de proje\u00e7\u00e3o\/planejamento para o programa e seus cursos.\u00a0<span style=\"background-color: var(--bs-body-bg);color: #000000;font-size: 1rem;text-align: var(--bs-body-text-align)\">O processo de (auto)avalia\u00e7\u00e3o, bem como a produ\u00e7\u00e3o de dados est\u00e3o condicionados pela\/o:<\/span><\/p>\t\t\t\t\t\t<\/div>\n\t\t\t\t<\/div>\n\t\t\t\t\t<\/div>\n\t\t<\/div>\n\t\t\t\t\t<\/div>\n\t\t<\/section>\n\t\t\t\t<section class=\"elementor-section elementor-top-section elementor-element elementor-element-f451bab elementor-section-boxed elementor-section-height-default elementor-section-height-default\" data-id=\"f451bab\" data-element_type=\"section\">\n\t\t\t\t\t\t<div class=\"elementor-container elementor-column-gap-default\">\n\t\t\t\t\t<div class=\"elementor-column elementor-col-100 elementor-top-column elementor-element elementor-element-a251d50\" data-id=\"a251d50\" data-element_type=\"column\">\n\t\t\t<div class=\"elementor-widget-wrap elementor-element-populated\">\n\t\t\t\t\t\t<div class=\"elementor-element elementor-element-ff967ed elementor-icon-list--layout-traditional elementor-list-item-link-full_width elementor-widget elementor-widget-icon-list\" data-id=\"ff967ed\" data-element_type=\"widget\" data-widget_type=\"icon-list.default\">\n\t\t\t\t<div class=\"elementor-widget-container\">\n\t\t\t\t\t<ul class=\"elementor-icon-list-items\">\n\t\t\t\t\t\t\t<li class=\"elementor-icon-list-item\">\n\t\t\t\t\t\t\t\t\t\t\t<span class=\"elementor-icon-list-icon\">\n\t\t\t\t\t\t\t<i aria-hidden=\"true\" class=\"fas fa-check\"><\/i>\t\t\t\t\t\t<\/span>\n\t\t\t\t\t\t\t\t\t\t<span class=\"elementor-icon-list-text\">Participa\u00e7\u00e3o da comunidade do PPPG (docentes, estudantes, T\u00e9cnicos administrativos em educa\u00e7\u00e3o e egressos), <\/span>\n\t\t\t\t\t\t\t\t\t<\/li>\n\t\t\t\t\t\t\t\t<li class=\"elementor-icon-list-item\">\n\t\t\t\t\t\t\t\t\t\t\t<span class=\"elementor-icon-list-icon\">\n\t\t\t\t\t\t\t<i aria-hidden=\"true\" class=\"fas fa-check\"><\/i>\t\t\t\t\t\t<\/span>\n\t\t\t\t\t\t\t\t\t\t<span class=\"elementor-icon-list-text\">Escuta da comunidade do Centro de Educa\u00e7\u00e3o e da UFSM <\/span>\n\t\t\t\t\t\t\t\t\t<\/li>\n\t\t\t\t\t\t\t\t<li class=\"elementor-icon-list-item\">\n\t\t\t\t\t\t\t\t\t\t\t<span class=\"elementor-icon-list-icon\">\n\t\t\t\t\t\t\t<i aria-hidden=\"true\" class=\"fas fa-check\"><\/i>\t\t\t\t\t\t<\/span>\n\t\t\t\t\t\t\t\t\t\t<span class=\"elementor-icon-list-text\">Di\u00e1logo com a comunidade externa (sistemas e redes de educa\u00e7\u00e3o, estruturas e unidades pol\u00edticas, jur\u00eddicas, institucionais, sindicatos e movimentos sociais envolvidos com as pol\u00edticas p\u00fablicas e gest\u00e3o da educa\u00e7\u00e3o).<\/span>\n\t\t\t\t\t\t\t\t\t<\/li>\n\t\t\t\t\t\t<\/ul>\n\t\t\t\t<\/div>\n\t\t\t\t<\/div>\n\t\t\t\t\t<\/div>\n\t\t<\/div>\n\t\t\t\t\t<\/div>\n\t\t<\/section>\n\t\t\t\t<section class=\"elementor-section elementor-top-section elementor-element elementor-element-2e079d1 elementor-section-boxed elementor-section-height-default elementor-section-height-default\" data-id=\"2e079d1\" data-element_type=\"section\">\n\t\t\t\t\t\t<div class=\"elementor-container elementor-column-gap-default\">\n\t\t\t\t\t<div class=\"elementor-column elementor-col-100 elementor-top-column elementor-element elementor-element-45f3953\" data-id=\"45f3953\" data-element_type=\"column\">\n\t\t\t<div class=\"elementor-widget-wrap elementor-element-populated\">\n\t\t\t\t\t\t<div class=\"elementor-element elementor-element-2a9e1aa elementor-widget elementor-widget-text-editor\" data-id=\"2a9e1aa\" data-element_type=\"widget\" data-widget_type=\"text-editor.default\">\n\t\t\t\t<div class=\"elementor-widget-container\">\n\t\t\t\t\t\t\t<p>Dimens\u00f5es da (auto)avalia\u00e7\u00e3o no PPPG: did\u00e1tico-metodol\u00f3gicas, pol\u00edtico-pedag\u00f3gica, de pesquisa e produ\u00e7\u00e3o de conhecimento cient\u00edfico e de produtos educacionais, de infraestrutura, de apoio financeiro, de gest\u00e3o administrativa e de pessoal, de produ\u00e7\u00e3o docente e discente, de impacto da forma\u00e7\u00e3o e produ\u00e7\u00e3o vis egressos, projetos e atua\u00e7\u00e3o dos cursos (em especial o MP\/PPPG), de rela\u00e7\u00f5es, produ\u00e7\u00f5es e coopera\u00e7\u00e3o local regional nacional e internacional.\u00a0<\/p>\t\t\t\t\t\t<\/div>\n\t\t\t\t<\/div>\n\t\t\t\t\t<\/div>\n\t\t<\/div>\n\t\t\t\t\t<\/div>\n\t\t<\/section>\n\t\t\t\t<section class=\"elementor-section elementor-top-section elementor-element elementor-element-eaa4904 elementor-section-boxed elementor-section-height-default elementor-section-height-default\" data-id=\"eaa4904\" data-element_type=\"section\">\n\t\t\t\t\t\t<div class=\"elementor-container elementor-column-gap-default\">\n\t\t\t\t\t<div class=\"elementor-column elementor-col-100 elementor-top-column elementor-element elementor-element-183457a\" data-id=\"183457a\" data-element_type=\"column\" data-settings=\"{&quot;background_background&quot;:&quot;classic&quot;}\">\n\t\t\t<div class=\"elementor-widget-wrap elementor-element-populated\">\n\t\t\t\t\t\t<div class=\"elementor-element elementor-element-43ea373 elementor-tabs-view-vertical elementor-hidden-mobile elementor-widget elementor-widget-tabs\" data-id=\"43ea373\" data-element_type=\"widget\" data-widget_type=\"tabs.default\">\n\t\t\t\t<div class=\"elementor-widget-container\">\n\t\t\t\t\t<div class=\"elementor-tabs\">\n\t\t\t<div class=\"elementor-tabs-wrapper\" role=\"tablist\" >\n\t\t\t\t\t\t\t\t\t<div id=\"elementor-tab-title-7121\" class=\"elementor-tab-title elementor-tab-desktop-title\" aria-selected=\"true\" data-tab=\"1\" role=\"tab\" tabindex=\"0\" aria-controls=\"elementor-tab-content-7121\" aria-expanded=\"false\">Grupo de trabalho que planeja e coordena as a\u00e7\u00f5es de (auto)avalia\u00e7\u00e3o e de planejamento estrat\u00e9gico:<\/div>\n\t\t\t\t\t\t\t\t\t<div id=\"elementor-tab-title-7122\" class=\"elementor-tab-title elementor-tab-desktop-title\" aria-selected=\"false\" data-tab=\"2\" role=\"tab\" tabindex=\"-1\" aria-controls=\"elementor-tab-content-7122\" aria-expanded=\"false\">Instrumentos utilizados na (auto)avalia\u00e7\u00e3o:<\/div>\n\t\t\t\t\t\t\t\t\t<div id=\"elementor-tab-title-7123\" class=\"elementor-tab-title elementor-tab-desktop-title\" aria-selected=\"false\" data-tab=\"3\" role=\"tab\" tabindex=\"-1\" aria-controls=\"elementor-tab-content-7123\" aria-expanded=\"false\">Metodologia utilizada para an\u00e1lise e produ\u00e7\u00e3o do diagn\u00f3stico via (auto)avalia\u00e7\u00e3o:<\/div>\n\t\t\t\t\t\t\t\t\t<div id=\"elementor-tab-title-7124\" class=\"elementor-tab-title elementor-tab-desktop-title\" aria-selected=\"false\" data-tab=\"4\" role=\"tab\" tabindex=\"-1\" aria-controls=\"elementor-tab-content-7124\" aria-expanded=\"false\">Din\u00e2mica de trabalho do Grupo<\/div>\n\t\t\t\t\t\t\t<\/div>\n\t\t\t<div class=\"elementor-tabs-content-wrapper\" role=\"tablist\" aria-orientation=\"vertical\">\n\t\t\t\t\t\t\t\t\t<div class=\"elementor-tab-title elementor-tab-mobile-title\" aria-selected=\"true\" data-tab=\"1\" role=\"tab\" tabindex=\"0\" aria-controls=\"elementor-tab-content-7121\" aria-expanded=\"false\">Grupo de trabalho que planeja e coordena as a\u00e7\u00f5es de (auto)avalia\u00e7\u00e3o e de planejamento estrat\u00e9gico:<\/div>\n\t\t\t\t\t<div id=\"elementor-tab-content-7121\" class=\"elementor-tab-content elementor-clearfix\" data-tab=\"1\" role=\"tabpanel\" aria-labelledby=\"elementor-tab-title-7121\" tabindex=\"0\" hidden=\"false\"><ul><li>Coordena\u00e7\u00e3o do Programa (coordenador\/a e coordenador\/a substituto\/a).<\/li><li>Coordenadores\/as das linhas de pesquisa.<\/li><li>Dois professores da LP1<\/li><li>Dois professores da LP2<\/li><li>Estudantes representantes das turmas em do MP\/PPPG e um represente do CEPE\/PPPG.<\/li><li>Representantes Egressos, escolhidos entre as turmas tituladas nos \u00faltimos 5 anos.<\/li><li>T\u00e9cnico em assuntos educacionais lotado no PPPG.<\/li><\/ul><\/div>\n\t\t\t\t\t\t\t\t\t<div class=\"elementor-tab-title elementor-tab-mobile-title\" aria-selected=\"false\" data-tab=\"2\" role=\"tab\" tabindex=\"-1\" aria-controls=\"elementor-tab-content-7122\" aria-expanded=\"false\">Instrumentos utilizados na (auto)avalia\u00e7\u00e3o:<\/div>\n\t\t\t\t\t<div id=\"elementor-tab-content-7122\" class=\"elementor-tab-content elementor-clearfix\" data-tab=\"2\" role=\"tabpanel\" aria-labelledby=\"elementor-tab-title-7122\" tabindex=\"0\" hidden=\"hidden\"><ul><li>Question\u00e1rio de (auto)avalia\u00e7\u00e3o de egressos (com entrevistas considerando o percentual de 10% do total de respondentes);<\/li><li>Question\u00e1rio de (auto)avalia\u00e7\u00e3o de estudantes em forma\u00e7\u00e3o (com reuni\u00f5es por turma bimestral, reuni\u00f5es gerais semestralmente e elegendo entre os estudantes representantes de turma que podem se dirigir diretamente a coordena\u00e7\u00e3o e colegiado do Programa);\u00a0<\/li><li>Question\u00e1rio de (auto)avalia\u00e7\u00e3o docente respondidos anualmente (associada a reuni\u00f5es de linhas de pesquisa e reuni\u00f5es gerais docentes);<\/li><li>Inspe\u00e7\u00e3o dos locais e atualiza\u00e7\u00e3o da descri\u00e7\u00e3o da infraestrutura, bem como, recebimento de registros fotogr\u00e1ficos, no e-mail institucional do programa, de professores e estudantes da infraestrutura dispon\u00edvel e em uso pelo PPPG.<\/li><li>Relat\u00f3rio da Comiss\u00e3o de Avalia\u00e7\u00e3o Institucional da UFSM\/Centro de Educa\u00e7\u00e3o.<\/li><li>Escuta da comunidade externa.<\/li><li>Relat\u00f3rio da produ\u00e7\u00e3o dos grupos de pesquisa via Gabinete de Projetos do Centro de Educa\u00e7\u00e3o\/UFSM.<\/li><\/ul><\/div>\n\t\t\t\t\t\t\t\t\t<div class=\"elementor-tab-title elementor-tab-mobile-title\" aria-selected=\"false\" data-tab=\"3\" role=\"tab\" tabindex=\"-1\" aria-controls=\"elementor-tab-content-7123\" aria-expanded=\"false\">Metodologia utilizada para an\u00e1lise e produ\u00e7\u00e3o do diagn\u00f3stico via (auto)avalia\u00e7\u00e3o:<\/div>\n\t\t\t\t\t<div id=\"elementor-tab-content-7123\" class=\"elementor-tab-content elementor-clearfix\" data-tab=\"3\" role=\"tabpanel\" aria-labelledby=\"elementor-tab-title-7123\" tabindex=\"0\" hidden=\"hidden\"><ul><li>(re)identificar a Miss\u00e3o\/Vis\u00e3o do Programa;<\/li><li>Identificar as for\u00e7as, fraquezas, amea\u00e7as e oportunidades;<\/li><li>definir prioridades, objetivos, metas e a\u00e7\u00f5es, produ\u00e7\u00e3o e reavalia\u00e7\u00e3o do Planejamento Estrat\u00e9gico.<\/li><\/ul><\/div>\n\t\t\t\t\t\t\t\t\t<div class=\"elementor-tab-title elementor-tab-mobile-title\" aria-selected=\"false\" data-tab=\"4\" role=\"tab\" tabindex=\"-1\" aria-controls=\"elementor-tab-content-7124\" aria-expanded=\"false\">Din\u00e2mica de trabalho do Grupo<\/div>\n\t\t\t\t\t<div id=\"elementor-tab-content-7124\" class=\"elementor-tab-content elementor-clearfix\" data-tab=\"4\" role=\"tabpanel\" aria-labelledby=\"elementor-tab-title-7124\" tabindex=\"0\" hidden=\"hidden\"><p>&#8211; Subgrupo 1 (FORMADO POR DOCENTES E ESTUDANTES REPRESENTANTES DE TURMAS EM ANDAMENTO) \u2013 Produ\u00e7\u00e3o de instrumentos para estudantes e docentes<\/p><p>&#8211; Subgrupo 2 (FORMADO POR DOCENTES, ESTUDANTES REPRESENTANTES DE TURMAS EM ANDAMENTO E UM T\u00c9CNICO) Inspe\u00e7\u00e3o e relat\u00f3rio de infraestrutura e organiza\u00e7\u00e3o dos materiais de avalia\u00e7\u00e3o institucional, relat\u00f3rios de produ\u00e7\u00e3o dos grupos de pesquisa e escuta da comunidade externa.<\/p><p>&#8211; Subgrupo 3 (FORMADO PELOS EGRESSOS) Produ\u00e7\u00e3o de instrumentos e entrevistas com egressos<\/p><p>Observa\u00e7\u00e3o: de 2017 a 2019 o processo de acompanhamento e autoavalia\u00e7\u00e3o regido pelo Ato Normativo n\u00ba 002\/2017. Ap\u00f3s 2019 foi institu\u00eddo via pol\u00edtica institucional da UFSM a composi\u00e7\u00e3o de grupo de trabalho com esta finalidade, estando a mesma associada com a produ\u00e7\u00e3o e acompanhamento do Planejamento Estrat\u00e9gico.<\/p><\/div>\n\t\t\t\t\t\t\t<\/div>\n\t\t<\/div>\n\t\t\t\t<\/div>\n\t\t\t\t<\/div>\n\t\t\t\t\t<\/div>\n\t\t<\/div>\n\t\t\t\t\t<\/div>\n\t\t<\/section>\n\t\t\t\t<section class=\"elementor-section elementor-top-section elementor-element elementor-element-6d8c0fb elementor-section-boxed elementor-section-height-default elementor-section-height-default\" data-id=\"6d8c0fb\" data-element_type=\"section\">\n\t\t\t\t\t\t<div class=\"elementor-container elementor-column-gap-default\">\n\t\t\t\t\t<div class=\"elementor-column elementor-col-100 elementor-top-column elementor-element elementor-element-1480c2d\" data-id=\"1480c2d\" data-element_type=\"column\">\n\t\t\t<div class=\"elementor-widget-wrap elementor-element-populated\">\n\t\t\t\t\t\t<div class=\"elementor-element elementor-element-2e5ab02 elementor-widget elementor-widget-spacer\" data-id=\"2e5ab02\" data-element_type=\"widget\" data-widget_type=\"spacer.default\">\n\t\t\t\t<div class=\"elementor-widget-container\">\n\t\t\t\t\t<div class=\"elementor-spacer\">\n\t\t\t<div class=\"elementor-spacer-inner\"><\/div>\n\t\t<\/div>\n\t\t\t\t<\/div>\n\t\t\t\t<\/div>\n\t\t\t\t\t<\/div>\n\t\t<\/div>\n\t\t\t\t\t<\/div>\n\t\t<\/section>\n\t\t\t\t<section class=\"elementor-section elementor-top-section elementor-element elementor-element-83d68ce elementor-section-boxed elementor-section-height-default elementor-section-height-default\" data-id=\"83d68ce\" data-element_type=\"section\">\n\t\t\t\t\t\t<div class=\"elementor-container elementor-column-gap-default\">\n\t\t\t\t\t<div class=\"elementor-column elementor-col-100 elementor-top-column elementor-element elementor-element-d1cebde\" data-id=\"d1cebde\" data-element_type=\"column\">\n\t\t\t<div class=\"elementor-widget-wrap elementor-element-populated\">\n\t\t\t\t\t\t<div class=\"elementor-element elementor-element-1aa7b89 elementor-widget elementor-widget-heading\" data-id=\"1aa7b89\" data-element_type=\"widget\" data-widget_type=\"heading.default\">\n\t\t\t\t<div class=\"elementor-widget-container\">\n\t\t\t<h5 class=\"elementor-heading-title elementor-size-default\">RELAT\u00d3RIOS DE (AUTO)AVALIA\u00c7\u00c3O<\/h5>\t\t<\/div>\n\t\t\t\t<\/div>\n\t\t\t\t\t<\/div>\n\t\t<\/div>\n\t\t\t\t\t<\/div>\n\t\t<\/section>\n\t\t\t\t<section class=\"elementor-section elementor-top-section elementor-element elementor-element-1239c6f elementor-section-boxed elementor-section-height-default elementor-section-height-default\" data-id=\"1239c6f\" data-element_type=\"section\">\n\t\t\t\t\t\t<div class=\"elementor-container elementor-column-gap-default\">\n\t\t\t\t\t<div class=\"elementor-column elementor-col-100 elementor-top-column elementor-element elementor-element-6d88c05\" data-id=\"6d88c05\" data-element_type=\"column\">\n\t\t\t<div class=\"elementor-widget-wrap elementor-element-populated\">\n\t\t\t\t\t\t<section class=\"elementor-section elementor-inner-section elementor-element elementor-element-17922cd elementor-section-boxed elementor-section-height-default elementor-section-height-default\" data-id=\"17922cd\" data-element_type=\"section\">\n\t\t\t\t\t\t<div class=\"elementor-container elementor-column-gap-default\">\n\t\t\t\t\t<div class=\"elementor-column elementor-col-100 elementor-inner-column elementor-element elementor-element-99344fc\" data-id=\"99344fc\" data-element_type=\"column\">\n\t\t\t<div class=\"elementor-widget-wrap elementor-element-populated\">\n\t\t\t\t\t\t<div class=\"elementor-element elementor-element-a5864ec elementor-align-left elementor-widget elementor-widget-button\" data-id=\"a5864ec\" data-element_type=\"widget\" data-widget_type=\"button.default\">\n\t\t\t\t<div class=\"elementor-widget-container\">\n\t\t\t\t\t\t\t<div class=\"elementor-button-wrapper\">\n\t\t\t\t\t<a class=\"elementor-button elementor-button-link elementor-size-lg\" href=\"https:\/\/www.ufsm.br\/app\/uploads\/sites\/542\/2021\/12\/RELATORIO-DE-AUTOAVALIACAO-DO-PPPG.pdf\" target=\"_blank\">\n\t\t\t\t\t\t<span class=\"elementor-button-content-wrapper\">\n\t\t\t\t\t\t\t\t\t<span class=\"elementor-button-text\">(AUTO)AVALIA\u00c7\u00c3O QUADRI\u00caNIO 2017-2020 <\/span>\n\t\t\t\t\t<\/span>\n\t\t\t\t\t<\/a>\n\t\t\t\t<\/div>\n\t\t\t\t\t\t<\/div>\n\t\t\t\t<\/div>\n\t\t\t\t\t<\/div>\n\t\t<\/div>\n\t\t\t\t\t<\/div>\n\t\t<\/section>\n\t\t\t\t<div class=\"elementor-element elementor-element-3489c7d animated-slow elementor-widget elementor-widget-accordion\" data-id=\"3489c7d\" data-element_type=\"widget\" data-settings=\"{&quot;_animation&quot;:&quot;none&quot;}\" data-widget_type=\"accordion.default\">\n\t\t\t\t<div class=\"elementor-widget-container\">\n\t\t\t\t\t<div class=\"elementor-accordion\">\n\t\t\t\t\t\t\t<div class=\"elementor-accordion-item\">\n\t\t\t\t\t<div id=\"elementor-tab-title-5501\" class=\"elementor-tab-title\" data-tab=\"1\" role=\"button\" aria-controls=\"elementor-tab-content-5501\" aria-expanded=\"false\">\n\t\t\t\t\t\t\t\t\t\t\t\t\t<span class=\"elementor-accordion-icon elementor-accordion-icon-left\" aria-hidden=\"true\">\n\t\t\t\t\t\t\t\t\t\t\t\t\t\t\t<span class=\"elementor-accordion-icon-closed\"><i class=\"fas fa-plus\"><\/i><\/span>\n\t\t\t\t\t\t\t\t<span class=\"elementor-accordion-icon-opened\"><i class=\"fas fa-minus\"><\/i><\/span>\n\t\t\t\t\t\t\t\t\t\t\t\t\t\t<\/span>\n\t\t\t\t\t\t\t\t\t\t\t\t<a class=\"elementor-accordion-title\" tabindex=\"0\">RELAT\u00d3RIOS ESPEC\u00cdFICOS DA (AUTO)AVALIA\u00c7\u00c3O<\/a>\n\t\t\t\t\t<\/div>\n\t\t\t\t\t<div id=\"elementor-tab-content-5501\" class=\"elementor-tab-content elementor-clearfix\" data-tab=\"1\" role=\"region\" aria-labelledby=\"elementor-tab-title-5501\"><ul><li><a href=\"https:\/\/www.ufsm.br\/app\/uploads\/sites\/542\/2021\/12\/8-Relaorio-de-Registros_fotograficos_Infraestrutura_PPPG-CE-UFSM.pdf\">Relat\u00f3rio de Registros-fotogr\u00e1ficos-Infraestrutura-PPPG-CE-UFSM<\/a><\/li><li><a href=\"https:\/\/www.ufsm.br\/app\/uploads\/sites\/542\/2021\/12\/23-Relatorio-fotografico-atividades-PPPG_parte01.pdf\">Relat\u00f3rio-fotogr\u00e1fico-atividades-PPPG_parte01<\/a><\/li><li><a href=\"https:\/\/www.ufsm.br\/app\/uploads\/sites\/542\/2021\/12\/24-Relatorio-fotografico-atividades-PPPG_parte02.pdf\">Relat\u00f3rio-fotogr\u00e1fico-atividades-PPPG_parte02<\/a><\/li><li><a href=\"https:\/\/www.ufsm.br\/app\/uploads\/sites\/542\/2021\/12\/25-Relatorio-fotografico-atividades-PPPG_parte03.pdf\">Relat\u00f3rio-fotogr\u00e1fico-atividades-PPPG_parte03<\/a><\/li><li><a href=\"https:\/\/www.ufsm.br\/app\/uploads\/sites\/542\/2021\/12\/26-Relatorio-fotografico-atividades-PPPG_parte04.pdf\">Relat\u00f3rio-fotogr\u00e1fico-atividades-PPPG_parte04<\/a><\/li><li><a href=\"https:\/\/www.ufsm.br\/app\/uploads\/sites\/542\/2021\/12\/27-Relatorio-fotografico-atividades-PPPG_parte05.pdf\">Relat\u00f3rio-fotogr\u00e1fico-atividades-PPPG_parte05<\/a><\/li><li><a href=\"https:\/\/www.ufsm.br\/app\/uploads\/sites\/542\/2021\/12\/19-Relatorio-avaliacao_Caice-2017.pdf\">Relat\u00f3rio-avalia\u00e7\u00e3o_Caice-2017<\/a><\/li><li><a href=\"https:\/\/www.ufsm.br\/app\/uploads\/sites\/542\/2021\/12\/20-Relatorio-avaliacao_Caice-2017-2.pdf\">Relat\u00f3rio-avalia\u00e7\u00e3o_Caice-2017-2<\/a><\/li><li><a href=\"https:\/\/www.ufsm.br\/app\/uploads\/sites\/542\/2021\/12\/21-Relatorio-avaliacao_Caice-2018.pdf\">Relat\u00f3rio-avalia\u00e7\u00e3o_Caice-2018<\/a><\/li><li><a href=\"https:\/\/www.ufsm.br\/app\/uploads\/sites\/542\/2021\/12\/22-Relatorio-avaliacao_Caice-2019.pdf\">Relat\u00f3rio-avalia\u00e7\u00e3o_Caice-2019<\/a><\/li><\/ul><p><a href=\"https:\/\/www.ufsm.br\/app\/uploads\/sites\/542\/2021\/12\/9-Relatorio-da-Producao-Bibliografica-de-Livros-PPPG.pdf\">Relat\u00f3rio da Produ\u00e7\u00e3o Bibliogr\u00e1fica de Livros PPPG<\/a><\/p><ul><li><a href=\"https:\/\/www.ufsm.br\/app\/uploads\/sites\/542\/2021\/12\/11-Relatorio-das-Tematicas-das-Publicacoes-Docentes-\u2013-Quadrienio-2017-2020.pdf\">Relat\u00f3rio das Tem\u00e1ticas das Publica\u00e7\u00f5es Docentes \u2013 Quadri\u00eanio 2017-2020<\/a><\/li><li><a href=\"https:\/\/www.ufsm.br\/app\/uploads\/sites\/542\/2021\/12\/12.-Relatorio-de-Abrangencia-Local-Regional-Estadual-Nacional-e-Internacional-\u2013-Redes-de-Parceria-e-Colaboracao-do-PPPG.pdf\">Relat\u00f3rio de Abrang\u00eancia Local, Regional, Estadual, Nacional e Internacional \u2013 Redes de Parceria e Colabora\u00e7\u00e3o do PPPG<\/a><\/li><li><a href=\"https:\/\/www.ufsm.br\/app\/uploads\/sites\/542\/2021\/12\/13-Relatorio-de-abrangencia-Rede-de-parcerias-dos-estudantes-e-egressos-do-MP.pdf\">Relat\u00f3rio de abrang\u00eancia Rede de parcerias dos estudantes e egressos do MP<\/a><\/li><li><a href=\"https:\/\/www.ufsm.br\/app\/uploads\/sites\/542\/2021\/12\/14-Relatorio-dos-Produtos-TecnicoEducacionais-do-MP-Quadrienio-2017-2020.pdf\">Relat\u00f3rio dos Produtos T\u00e9cnico Educacionais do MP &#8211; Quadri\u00eanio 2017-2020<\/a><\/li><li><a href=\"https:\/\/www.ufsm.br\/app\/uploads\/sites\/542\/2021\/12\/15-Relatorio-de-Producoes-Bibliograficas-e-Tecnicas-dos-Egressos-do-MP-\u2013-Quadirenio-2017-2020.pdf\">Relat\u00f3rio de Produ\u00e7\u00f5es Bibliogr\u00e1ficas e T\u00e9cnicas dos Egressos do MP \u2013 Quadri\u00eanio 2017-2020<\/a><\/li><li><a href=\"https:\/\/www.ufsm.br\/app\/uploads\/sites\/542\/2021\/12\/16-Relatorio-da-Producao-Bibliografica-de-Artigos-em-Periodicos-MP-Quadrienio-2017-2020.pdf\">Relat\u00f3rio da Produ\u00e7\u00e3o Bibliogr\u00e1fica de Artigos em Peri\u00f3dicos MP &#8211; Quadri\u00eanio 2017-2020<\/a><\/li><li><a href=\"https:\/\/www.ufsm.br\/app\/uploads\/sites\/542\/2021\/12\/17-Relatorio-de-Producoes-por-Professor-Permanente-do-MP-Quadrienio-2017-2020.pdf\">Relat\u00f3rio de Produ\u00e7\u00f5es por Professor Permanente do MP &#8211; Quadri\u00eanio 2017-2020<\/a><\/li><li><a href=\"https:\/\/www.ufsm.br\/app\/uploads\/sites\/542\/2021\/12\/18-Relatorio-das-Quatro-Producoes-indicadas-por-Professor-Permanente-do-MP-Quadrienio-2017-2020.pdf\">Relat\u00f3rio das Quatro Produ\u00e7\u00f5es indicadas por Professor Permanente do MP &#8211; Quadri\u00eanio 2017-2020<\/a><\/li><\/ul><p><a href=\"https:\/\/www.ufsm.br\/app\/uploads\/sites\/542\/2021\/12\/10-Relatorio-das-Dissertacoes-PPPG-Quadrienio-2017-2020.pdf\">Relat\u00f3rio das Disserta\u00e7\u00f5es PPPG &#8211; Quadri\u00eanio 2017-2020<\/a><\/p><\/div>\n\t\t\t\t<\/div>\n\t\t\t\t\t\t\t\t<\/div>\n\t\t\t\t<\/div>\n\t\t\t\t<\/div>\n\t\t\t\t\t<\/div>\n\t\t<\/div>\n\t\t\t\t\t<\/div>\n\t\t<\/section>\n\t\t\t\t<\/div>\n\t\t","protected":false},"excerpt":{"rendered":"<p>A pol\u00edtica de (auto)avalia\u00e7\u00e3o do PPPG tem como objetivo anualmente criar uma numa vis\u00e3o diagn\u00f3stica e de proje\u00e7\u00e3o\/planejamento para o programa e seus cursos.\u00a0O processo de (auto)avalia\u00e7\u00e3o, bem como a produ\u00e7\u00e3o de dados est\u00e3o condicionados pela\/o: Participa\u00e7\u00e3o da comunidade do PPPG (docentes, estudantes, T\u00e9cnicos administrativos em educa\u00e7\u00e3o e egressos), Escuta da comunidade do Centro de [&hellip;]<\/p>\n","protected":false},"author":4568,"featured_media":0,"parent":0,"menu_order":0,"comment_status":"closed","ping_status":"closed","template":"","meta":{"footnotes":""},"categories":[],"tags":[],"class_list":["post-1685","page","type-page","status-publish","hentry"],"acf":[],"_links":{"self":[{"href":"https:\/\/www.ufsm.br\/cursos\/pos-graduacao\/santa-maria\/pppg\/wp-json\/wp\/v2\/pages\/1685","targetHints":{"allow":["GET"]}}],"collection":[{"href":"https:\/\/www.ufsm.br\/cursos\/pos-graduacao\/santa-maria\/pppg\/wp-json\/wp\/v2\/pages"}],"about":[{"href":"https:\/\/www.ufsm.br\/cursos\/pos-graduacao\/santa-maria\/pppg\/wp-json\/wp\/v2\/types\/page"}],"author":[{"embeddable":true,"href":"https:\/\/www.ufsm.br\/cursos\/pos-graduacao\/santa-maria\/pppg\/wp-json\/wp\/v2\/users\/4568"}],"replies":[{"embeddable":true,"href":"https:\/\/www.ufsm.br\/cursos\/pos-graduacao\/santa-maria\/pppg\/wp-json\/wp\/v2\/comments?post=1685"}],"version-history":[{"count":0,"href":"https:\/\/www.ufsm.br\/cursos\/pos-graduacao\/santa-maria\/pppg\/wp-json\/wp\/v2\/pages\/1685\/revisions"}],"wp:attachment":[{"href":"https:\/\/www.ufsm.br\/cursos\/pos-graduacao\/santa-maria\/pppg\/wp-json\/wp\/v2\/media?parent=1685"}],"wp:term":[{"taxonomy":"category","embeddable":true,"href":"https:\/\/www.ufsm.br\/cursos\/pos-graduacao\/santa-maria\/pppg\/wp-json\/wp\/v2\/categories?post=1685"},{"taxonomy":"post_tag","embeddable":true,"href":"https:\/\/www.ufsm.br\/cursos\/pos-graduacao\/santa-maria\/pppg\/wp-json\/wp\/v2\/tags?post=1685"}],"curies":[{"name":"wp","href":"https:\/\/api.w.org\/{rel}","templated":true}]}}