{"id":180,"date":"2019-03-29T11:50:54","date_gmt":"2019-03-29T14:50:54","guid":{"rendered":"https:\/\/www.ufsm.br\/cursos\/pos-graduacao\/santa-maria\/pppg\/?page_id=180"},"modified":"2019-03-29T11:50:56","modified_gmt":"2019-03-29T14:50:56","slug":"topicos-especificos-em-gestao-educacional-iii","status":"publish","type":"page","link":"https:\/\/www.ufsm.br\/cursos\/pos-graduacao\/santa-maria\/pppg\/topicos-especificos-em-gestao-educacional-iii","title":{"rendered":"T\u00d3PICOS ESPEC\u00cdFICOS EM GEST\u00c3O EDUCACIONAL III"},"content":{"rendered":"\n<p><strong>DEPARTAMENTO:<\/strong>\u00a0ADE<\/p>\n<p><strong>CARGA HOR\u00c1RIA:<\/strong>\u00a030H<\/p>\n<p><strong>CR\u00c9DITOS:\u00a0<\/strong>02<\/p>\n<p><strong>EMENTA<\/strong>:<\/p>\n<p>T\u00f3picos Espec\u00edficos em Gest\u00e3o Educacional: tem\u00e1ticas espec\u00edficas das pol\u00edticas p\u00fablicas e da gest\u00e3o educacional. Educa\u00e7\u00e3o para Pessoas com Necessidades Especiais: inclus\u00e3o e exclus\u00e3o escolar; Educa\u00e7\u00e3o \u00e0 Dist\u00e2ncia; Educa\u00e7\u00e3o Ind\u00edgena; Educa\u00e7\u00e3o Profissional; Multiculturalismo. Outros.<\/p>\n<p><strong>OBJETIVO<\/strong>:<\/p>\n<p>Aprofundar assuntos e tem\u00e1ticas relacionados \u00e0s pol\u00edticas p\u00fablicas e gest\u00e3o educacional, em especial t\u00f3picos que priorizem conhecer a realidade da exclus\u00e3o e inclus\u00e3o s\u00f3cio-educacional no Brasil.<\/p>\n<p><strong>REFER\u00caNCIAS:<\/strong><\/p>\n<p>A bibliografia ser\u00e1 indicada pelos professores respons\u00e1veis pelos temas de escolha dos alunos, tendo em vista que os T\u00f3picos Espec\u00edficos em Gest\u00e3o Educacional s\u00e3o optativos. Poder\u00e3o ser trabalhados em forma de semin\u00e1rios, confer\u00eancias, aulas, produ\u00e7\u00e3o de texto, entre outras abordagens metodol\u00f3gicas.<\/p>\n","protected":false},"excerpt":{"rendered":"<p>DEPARTAMENTO:\u00a0ADE CARGA HOR\u00c1RIA:\u00a030H CR\u00c9DITOS:\u00a002 EMENTA: T\u00f3picos Espec\u00edficos em Gest\u00e3o Educacional: tem\u00e1ticas espec\u00edficas das pol\u00edticas p\u00fablicas e da gest\u00e3o educacional. Educa\u00e7\u00e3o para Pessoas com Necessidades Especiais: inclus\u00e3o e exclus\u00e3o escolar; Educa\u00e7\u00e3o \u00e0 Dist\u00e2ncia; Educa\u00e7\u00e3o Ind\u00edgena; Educa\u00e7\u00e3o Profissional; Multiculturalismo. Outros. OBJETIVO: Aprofundar assuntos e tem\u00e1ticas relacionados \u00e0s pol\u00edticas p\u00fablicas e gest\u00e3o educacional, em especial t\u00f3picos que priorizem [&hellip;]<\/p>\n","protected":false},"author":115,"featured_media":0,"parent":0,"menu_order":0,"comment_status":"closed","ping_status":"closed","template":"","meta":{"footnotes":""},"categories":[],"tags":[],"class_list":["post-180","page","type-page","status-publish","hentry"],"acf":[],"_links":{"self":[{"href":"https:\/\/www.ufsm.br\/cursos\/pos-graduacao\/santa-maria\/pppg\/wp-json\/wp\/v2\/pages\/180","targetHints":{"allow":["GET"]}}],"collection":[{"href":"https:\/\/www.ufsm.br\/cursos\/pos-graduacao\/santa-maria\/pppg\/wp-json\/wp\/v2\/pages"}],"about":[{"href":"https:\/\/www.ufsm.br\/cursos\/pos-graduacao\/santa-maria\/pppg\/wp-json\/wp\/v2\/types\/page"}],"author":[{"embeddable":true,"href":"https:\/\/www.ufsm.br\/cursos\/pos-graduacao\/santa-maria\/pppg\/wp-json\/wp\/v2\/users\/115"}],"replies":[{"embeddable":true,"href":"https:\/\/www.ufsm.br\/cursos\/pos-graduacao\/santa-maria\/pppg\/wp-json\/wp\/v2\/comments?post=180"}],"version-history":[{"count":0,"href":"https:\/\/www.ufsm.br\/cursos\/pos-graduacao\/santa-maria\/pppg\/wp-json\/wp\/v2\/pages\/180\/revisions"}],"wp:attachment":[{"href":"https:\/\/www.ufsm.br\/cursos\/pos-graduacao\/santa-maria\/pppg\/wp-json\/wp\/v2\/media?parent=180"}],"wp:term":[{"taxonomy":"category","embeddable":true,"href":"https:\/\/www.ufsm.br\/cursos\/pos-graduacao\/santa-maria\/pppg\/wp-json\/wp\/v2\/categories?post=180"},{"taxonomy":"post_tag","embeddable":true,"href":"https:\/\/www.ufsm.br\/cursos\/pos-graduacao\/santa-maria\/pppg\/wp-json\/wp\/v2\/tags?post=180"}],"curies":[{"name":"wp","href":"https:\/\/api.w.org\/{rel}","templated":true}]}}