{"id":186,"date":"2016-03-17T18:03:18","date_gmt":"2016-03-17T18:03:18","guid":{"rendered":"http:\/\/w3.ufsm.br\/pppg\/?page_id=186"},"modified":"2016-03-17T18:03:18","modified_gmt":"2016-03-17T18:03:18","slug":"politicas-e-gestao-dos-sistemas-educacionais","status":"publish","type":"page","link":"https:\/\/www.ufsm.br\/cursos\/pos-graduacao\/santa-maria\/pppg\/politicas-e-gestao-dos-sistemas-educacionais","title":{"rendered":"Pol\u00edticas e Gest\u00e3o dos Sistemas Educacionais"},"content":{"rendered":"<p><strong>N\u00edvel: <\/strong>Mestrado Profissional<\/p>\n<p><strong>Obrigat\u00f3ria:<\/strong> N\u00e3o<\/p>\n<p><strong>\u00c1rea(s) de Concentra\u00e7\u00e3o: <\/strong>Pol\u00edticas P\u00fablicas e Gest\u00e3o Educacional<\/p>\n<p><strong>Carga Hor\u00e1ria:<\/strong> 45<\/p>\n<p><strong>Cr\u00e9ditos:<\/strong> 3<\/p>\n<p><strong>Ementa:<\/strong> Estado, educa\u00e7\u00e3o e as pol\u00edticas educacionais. As pol\u00edticas educacionais no Brasil e a influ\u00eancia dos organismos nacionais e internacionais. Componentes, compet\u00eancias e fundamentos legais dos sistemas de ensino e entes federados. Organiza\u00e7\u00e3o das pol\u00edticas e gest\u00e3o das redes\/sistemas de ensino: princ\u00edpios, estrat\u00e9gias e condi\u00e7\u00f5es. Planos, metas e programas governamentais para a educa\u00e7\u00e3o b\u00e1sica. A gest\u00e3o democr\u00e1tica e oferta de qualidade da educa\u00e7\u00e3o b\u00e1sica.<\/p>\n<p><strong>Bibliografia B\u00e1sica:<\/strong><\/p>\n<p>BALL, Stephen J.; MAINARDES, Jefferson (Orgs.). <strong>Pol\u00edticas educacionais:<\/strong> quest\u00f5es e dilemas. S\u00e3o Paulo: Cortez, 2011.<\/p>\n<p>BORDIGNON, G. <strong>Gest\u00e3o da educa\u00e7\u00e3o no munic\u00edpio<\/strong>: sistema, conselho e plano. S\u00e3o Paulo: Editora e Livraria Instituto Paulo Freire, 2009. Dispon\u00edvel em: &lt;http:\/\/acervo.paulofreire.org\/xmlui\/bitstream\/handle\/7891\/3082\/FPF_PTPF_12_079.pdf&gt; Acesso em out de 2013.<\/p>\n<p>FERREIRA, N. S. C. (Org.) <strong>Gest\u00e3o democr\u00e1tica da educa\u00e7\u00e3o: <\/strong>atuais tend\u00eancias, novos desafios. S\u00e3o Paulo: Editora Cortez, 2013.<\/p>\n<p>FERREIRA, N. S. C.; AGUIAR, M. \u00c2. da S. (Org.) <strong>Gest\u00e3o da Educa\u00e7\u00e3o. <\/strong>Impasses, perspectivas e compromissos. S\u00e3o Paulo: Cortez, 2008.<\/p>\n<p>LIB\u00c2NEO, J. C.; OLIVEIRA, J. F.; TOSCHI, M. S. (Orgs.). <strong>Educa\u00e7\u00e3o Escolar: <\/strong>pol\u00edticas, estrutura e organiza\u00e7\u00e3o. S\u00e3o Paulo: Cortez, 2007.<\/p>\n<p>OLIVEIRA, D. A. de. <strong>Gest\u00e3o democr\u00e1tica da educa\u00e7\u00e3o:<\/strong> desafios contempor\u00e2neos. (Org.). 8. ed. Petr\u00f3polis, RJ: Vozes, 2009.<\/p>\n<p>SAVIANI, D. <strong>Educa\u00e7\u00e3o Brasileira: <\/strong>Estrutura e Sistema. 10 ed. Campinas, SP: Autores Associados, 2005.<\/p>\n<p><strong>Bibliografia Complementar:<\/strong><\/p>\n<p>BARROSO, J. (Org). <strong>A regula\u00e7\u00e3o das pol\u00edticas p\u00fablicas de educa\u00e7\u00e3o: espa\u00e7os, din\u00e2micas e actores.<\/strong> EDUCA\/Unidade de I&amp;D de Ci\u00eancias da Educa\u00e7\u00e3o.\u00a0 Lisboa, 2006.<\/p>\n<p>BRASIL. <strong>Constitui\u00e7\u00e3o da Rep\u00fablica Federativa do Brasil<\/strong>. Bras\u00edlia: Senado, 1988. Dispon\u00edvel em: &lt;http:\/\/www.presidencia.gov.br&gt;. Acesso em: 20 jun. 2011.<\/p>\n<p>BRASIL. <strong>Lei de Diretrizes e Bases da Educa\u00e7\u00e3o Nacional<\/strong>. Lei n\u00ba 9.394, de 20 de dezembro de 1996. Dispon\u00edvel em: &lt;http:\/\/www.portal.mec.gov.br&gt;. Acesso em: 20 jun. 2011.<\/p>\n<p>DOURADO, L. F. (Org.). <strong>Pol\u00edtica e Gest\u00e3o da Educa\u00e7\u00e3o no Brasil: <\/strong>novos marcos regulat\u00f3rios. S\u00e3o Paulo: Xam\u00e3, 2009.<\/p>\n<p>MACEDO E.; PACHECO, J. A. (Orgs.) <strong>Globaliza\u00e7\u00e3o e Educa\u00e7\u00e3o Desafios para Pol\u00edticas e Pr\u00e1ticas. <\/strong>Porto: Porto Editora, 2006.<\/p>\n<p>OLIVEIRA, M. A. M. (Org) <strong>Gest\u00e3o educacional:<\/strong> novos olhares, novas abordagens. Petr\u00f3polis: Vozes, 2005.<\/p>\n<p>ROS\u00c1RIO, M. J. A. do; ARA\u00daJO, Ronaldo Marcos de Lima (Orgs.). <strong>Pol\u00edticas p\u00fablicas educacionais.<\/strong> Campinas, SP: Editora Al\u00ednea, 2008.<\/p>\n","protected":false},"excerpt":{"rendered":"<p>N\u00edvel: Mestrado Profissional Obrigat\u00f3ria: N\u00e3o \u00c1rea(s) de Concentra\u00e7\u00e3o: Pol\u00edticas P\u00fablicas e Gest\u00e3o Educacional Carga Hor\u00e1ria: 45 Cr\u00e9ditos: 3 Ementa: Estado, educa\u00e7\u00e3o e as pol\u00edticas educacionais. As pol\u00edticas educacionais no Brasil e a influ\u00eancia dos organismos nacionais e internacionais. Componentes, compet\u00eancias e fundamentos legais dos sistemas de ensino e entes federados. Organiza\u00e7\u00e3o das pol\u00edticas e gest\u00e3o [&hellip;]<\/p>\n","protected":false},"author":1,"featured_media":0,"parent":0,"menu_order":0,"comment_status":"closed","ping_status":"closed","template":"","meta":{"footnotes":""},"categories":[],"tags":[],"class_list":["post-186","page","type-page","status-publish","hentry"],"acf":[],"_links":{"self":[{"href":"https:\/\/www.ufsm.br\/cursos\/pos-graduacao\/santa-maria\/pppg\/wp-json\/wp\/v2\/pages\/186","targetHints":{"allow":["GET"]}}],"collection":[{"href":"https:\/\/www.ufsm.br\/cursos\/pos-graduacao\/santa-maria\/pppg\/wp-json\/wp\/v2\/pages"}],"about":[{"href":"https:\/\/www.ufsm.br\/cursos\/pos-graduacao\/santa-maria\/pppg\/wp-json\/wp\/v2\/types\/page"}],"author":[{"embeddable":true,"href":"https:\/\/www.ufsm.br\/cursos\/pos-graduacao\/santa-maria\/pppg\/wp-json\/wp\/v2\/users\/1"}],"replies":[{"embeddable":true,"href":"https:\/\/www.ufsm.br\/cursos\/pos-graduacao\/santa-maria\/pppg\/wp-json\/wp\/v2\/comments?post=186"}],"version-history":[{"count":0,"href":"https:\/\/www.ufsm.br\/cursos\/pos-graduacao\/santa-maria\/pppg\/wp-json\/wp\/v2\/pages\/186\/revisions"}],"wp:attachment":[{"href":"https:\/\/www.ufsm.br\/cursos\/pos-graduacao\/santa-maria\/pppg\/wp-json\/wp\/v2\/media?parent=186"}],"wp:term":[{"taxonomy":"category","embeddable":true,"href":"https:\/\/www.ufsm.br\/cursos\/pos-graduacao\/santa-maria\/pppg\/wp-json\/wp\/v2\/categories?post=186"},{"taxonomy":"post_tag","embeddable":true,"href":"https:\/\/www.ufsm.br\/cursos\/pos-graduacao\/santa-maria\/pppg\/wp-json\/wp\/v2\/tags?post=186"}],"curies":[{"name":"wp","href":"https:\/\/api.w.org\/{rel}","templated":true}]}}