{"id":1951,"date":"2022-12-07T16:58:16","date_gmt":"2022-12-07T19:58:16","guid":{"rendered":"https:\/\/www.ufsm.br\/cursos\/pos-graduacao\/santa-maria\/pppg\/?page_id=1951"},"modified":"2026-02-12T11:02:01","modified_gmt":"2026-02-12T14:02:01","slug":"produtos-e-processos-o-pppg","status":"publish","type":"page","link":"https:\/\/www.ufsm.br\/cursos\/pos-graduacao\/santa-maria\/pppg\/produtos-e-processos-o-pppg","title":{"rendered":"Produtos e Processos do PPPG"},"content":{"rendered":"\t\t<div data-elementor-type=\"wp-page\" data-elementor-id=\"1951\" class=\"elementor elementor-1951\">\n\t\t\t\t\t\t<section class=\"elementor-section elementor-top-section elementor-element elementor-element-1644913e elementor-section-boxed elementor-section-height-default elementor-section-height-default\" data-id=\"1644913e\" data-element_type=\"section\">\n\t\t\t\t\t\t<div class=\"elementor-container elementor-column-gap-default\">\n\t\t\t\t\t<div class=\"elementor-column elementor-col-100 elementor-top-column elementor-element elementor-element-78749a89\" data-id=\"78749a89\" data-element_type=\"column\">\n\t\t\t<div class=\"elementor-widget-wrap elementor-element-populated\">\n\t\t\t\t\t\t<div class=\"elementor-element elementor-element-5b14f436 elementor-widget elementor-widget-text-editor\" data-id=\"5b14f436\" data-element_type=\"widget\" data-widget_type=\"text-editor.default\">\n\t\t\t\t<div class=\"elementor-widget-container\">\n\t\t\t\t\t\t\t<p><strong>Produtos\u00a0 \/ Processos\u00a0 Educacionais vinculados as pesquisas desenvolvidas por estudantes, egressos e docentes do PPPG<\/strong><\/p>\n<p>Um Programa de Mestrado Profissional na \u00e1rea da Educa\u00e7\u00e3o tem como miss\u00e3o potencializar a pesquisa implicada, aplicada, interventiva e transformativa produzindo produtos\/processos educacionais que qualifiquem, ao mesmo tempo, os pesquisadores como os contextos em que os profissionais est\u00e3o inseridos.\u00a0<\/p>\n<p>Os\u00a0 produtos\/processos criados com as pesquisas objetivam a qualifica\u00e7\u00e3o, as mudan\u00e7as e as transforma\u00e7\u00f5es dos sujeitos e dos contextos educacionais que se constituem campo de atua\u00e7\u00e3o e pesquisa. A aplicabilidade das experi\u00eancias geradas nas investiga\u00e7\u00f5es e trabalhos desenvolvidos agregam valor,\u00a0 conhecimentos que impactam\u00a0 contextos\u00a0 espec\u00edficos e, por outro lado, movimentam a amplia\u00e7\u00e3o e produ\u00e7\u00e3o de saberes e de pr\u00e1ticas que podem ser redimensionadas e compartilhadas para mobilizar mudan\u00e7as em outros contextos.<\/p>\n<p>Cada um dos produtos\/processos de natureza educacional, elaborados pelos estudantes, egressos e docentes, ser\u00e3o agrupados e disponibilizados nesta p\u00e1gina, estando eles agrupados por ano de publica\u00e7\u00e3o.\u00a0Esses produtos\/processos s\u00e3o minuciosamente gestados no desenvolvimento das pesquisas espec\u00edficas que sistematizados nas disserta\u00e7\u00f5es\u00a0 dispon\u00edveis na Biblioteca Central da UFSM &#8211; <a href=\"https:\/\/repositorio.ufsm.br\/\">Manancial de Teses e disserta\u00e7\u00f5es<\/a>.\u00a0<\/p>\n<p>A op\u00e7\u00e3o por apresentar os produtos\/processos nesta p\u00e1gina, de forma sistematizada, tem rela\u00e7\u00e3o com um pol\u00edtica de publiciza\u00e7\u00e3o, de compartilhamento e de colabora\u00e7\u00e3o que o PPPG assume com a comunidade\/sociedade e, mais especificamente, com os setores da educa\u00e7\u00e3o b\u00e1sica e superior.\u00a0 Com esta pol\u00edtica\u00a0 a UFSM, o Centro de Educa\u00e7\u00e3o e, mais especificamente, o PPPG passa a ser presen\u00e7a, atrav\u00e9s das\/os\u00a0 pesquisadoras\/es em forma\u00e7\u00e3o e titulados em diferentes contextos educacionais, al\u00e9m de visibilizar a produ\u00e7\u00e3o de saberes e pr\u00e1ticas desenvolvidos que podem ser compartilhados em di\u00e1logo e coopera\u00e7\u00e3o.\u00a0 Presen\u00e7a em cada institui\u00e7\u00e3o, rede ou sistema educacional local e regional com repercuss\u00e3o nacional.\u00a0 Ainda, presen\u00e7a pois, ao se mostrar e colaborar, se estabelece a parceria na produ\u00e7\u00e3o e inova\u00e7\u00e3o atrav\u00e9s das pr\u00e1ticas de atua\u00e7\u00e3o e investiga\u00e7\u00e3o em redes internacionais que s\u00e3o mobilizadas pelas boas pr\u00e1ticas em educa\u00e7\u00e3o.\u00a0<\/p>\n<p style=\"text-align: left\">Os produtos\/processos desenvolvidos do PPPG encontram-se aqui dispon\u00edveis e apresentados num organiza\u00e7\u00e3o que levam em conta o ano de produ\u00e7\u00e3o, uma classifica\u00e7\u00e3o, podendo eles serem produtos educacionais ou processos educacionais e\u00a0 uma formata\u00e7\u00e3o que ser\u00e1 encontrada em cada uma das apresenta\u00e7\u00f5es, podendo ser:\u00a0<\/p>\n<ul>\n<li style=\"text-align: left\">propostas de ensino (planos de aula, unidades instrucionais ou de estudo, metodologias de gest\u00e3o do ensino e da aprendizagem&#8230;);\u00a0<\/li>\n<li style=\"text-align: left\">processos para\u00a0 gest\u00e3o envolvendo (planejamento, avalia\u00e7\u00e3o, transparecia e democratiza\u00e7\u00e3o) de processos organizacionais da educa\u00e7\u00e3o;\u00a0\u00a0<\/li>\n<li style=\"text-align: left\">modelos conceituais, desenvolvimento de aplicativos educacionais; produ\u00e7\u00e3o de m\u00eddias e redes educacionais (redes, p\u00e1ginas, sites, v\u00eddeos, \u00e1udios, etc.);\u00a0<\/li>\n<li style=\"text-align: left\">materiais did\u00e1ticos (impresso, digital, audiolivro);\u00a0<\/li>\n<li style=\"text-align: left\">materiais instrucionais com a proposi\u00e7\u00e3o instigadora que operacionalize inova\u00e7\u00e3o no pensamento e nas pr\u00e1ticas educacionais;\u00a0<\/li>\n<li style=\"text-align: left\">proposi\u00e7\u00e3o de diretrizes, normas ou t\u00e9cnicas para pol\u00edticas e gest\u00e3o educacional;\u00a0\u00a0<\/li>\n<li style=\"text-align: left\">proposi\u00e7\u00e3o de artefatos bibliogr\u00e1ficos, art\u00edsticos e t\u00e9cnicos que envolvam a articula\u00e7\u00e3o e forma\u00e7\u00e3o de inova\u00e7\u00e3o;\u00a0<\/li>\n<li style=\"text-align: left\">cria\u00e7\u00e3o de pr\u00e1ticas, roteiros e metodologias de an\u00e1lise e gest\u00e3o de organiza\u00e7\u00f5es, redes, sistemas e ambientes de ensino e aprendizagem;\u00a0<\/li>\n<li style=\"text-align: left\">gest\u00e3o e cria\u00e7\u00e3o de recursos educativos para os contextos educativos;\u00a0<\/li>\n<li style=\"text-align: left\">formula\u00e7\u00e3o de projetos e desenvolvimentos de processos de gest\u00e3o da forma\u00e7\u00e3o e qualifica\u00e7\u00e3o dos contextos educativos, comunidades e sujeitos; gest\u00e3o de servi\u00e7os educacionais e intersetoriais.\u00a0<\/li>\n<li style=\"text-align: left\">diretrizes, par\u00e2metros, estrat\u00e9gias [&#8230;] em pol\u00edticas educacionais;<\/li>\n<li style=\"text-align: left\">Relat\u00f3rios de pr\u00e1ticas, de pesquisa, de analises, [&#8230;]<\/li>\n<\/ul>\n<p>(em constru\u00e7\u00e3o)<\/p>\n<p style=\"text-align: center\"><a href=\"https:\/\/www.ufsm.br\/cursos\/pos-graduacao\/santa-maria\/pppg\/2025-2\">2025<\/a><\/p>\n<p style=\"text-align: center\"><a href=\"https:\/\/www.ufsm.br\/cursos\/pos-graduacao\/santa-maria\/pppg\/2024-2\">2024<\/a><\/p>\n<p style=\"text-align: center\"><a href=\"https:\/\/www.ufsm.br\/cursos\/pos-graduacao\/santa-maria\/pppg\/2023-2\" target=\"_blank\" rel=\"noopener\">2023<\/a><\/p>\n<p style=\"text-align: center\"><a href=\"https:\/\/www.ufsm.br\/cursos\/pos-graduacao\/santa-maria\/pppg\/2022-2\/\" target=\"_blank\" rel=\"noopener\">2022<\/a><\/p>\n<p style=\"text-align: center\"><a href=\"https:\/\/www.ufsm.br\/cursos\/pos-graduacao\/santa-maria\/pppg\/2021-2\/\">2021<\/a><\/p>\n<p><!-- \/wp:tadv\/classic-paragraph --><\/p>\t\t\t\t\t\t<\/div>\n\t\t\t\t<\/div>\n\t\t\t\t\t<\/div>\n\t\t<\/div>\n\t\t\t\t\t<\/div>\n\t\t<\/section>\n\t\t\t\t<\/div>\n\t\t","protected":false},"excerpt":{"rendered":"<p>Produtos\u00a0 \/ Processos\u00a0 Educacionais vinculados as pesquisas desenvolvidas por estudantes, egressos e docentes do PPPG Um Programa de Mestrado Profissional na \u00e1rea da Educa\u00e7\u00e3o tem como miss\u00e3o potencializar a pesquisa implicada, aplicada, interventiva e transformativa produzindo produtos\/processos educacionais que qualifiquem, ao mesmo tempo, os pesquisadores como os contextos em que os profissionais est\u00e3o inseridos.\u00a0 Os\u00a0 [&hellip;]<\/p>\n","protected":false},"author":1102,"featured_media":0,"parent":0,"menu_order":0,"comment_status":"closed","ping_status":"closed","template":"","meta":{"footnotes":""},"categories":[],"tags":[],"class_list":["post-1951","page","type-page","status-publish","hentry"],"acf":[],"_links":{"self":[{"href":"https:\/\/www.ufsm.br\/cursos\/pos-graduacao\/santa-maria\/pppg\/wp-json\/wp\/v2\/pages\/1951","targetHints":{"allow":["GET"]}}],"collection":[{"href":"https:\/\/www.ufsm.br\/cursos\/pos-graduacao\/santa-maria\/pppg\/wp-json\/wp\/v2\/pages"}],"about":[{"href":"https:\/\/www.ufsm.br\/cursos\/pos-graduacao\/santa-maria\/pppg\/wp-json\/wp\/v2\/types\/page"}],"author":[{"embeddable":true,"href":"https:\/\/www.ufsm.br\/cursos\/pos-graduacao\/santa-maria\/pppg\/wp-json\/wp\/v2\/users\/1102"}],"replies":[{"embeddable":true,"href":"https:\/\/www.ufsm.br\/cursos\/pos-graduacao\/santa-maria\/pppg\/wp-json\/wp\/v2\/comments?post=1951"}],"version-history":[{"count":0,"href":"https:\/\/www.ufsm.br\/cursos\/pos-graduacao\/santa-maria\/pppg\/wp-json\/wp\/v2\/pages\/1951\/revisions"}],"wp:attachment":[{"href":"https:\/\/www.ufsm.br\/cursos\/pos-graduacao\/santa-maria\/pppg\/wp-json\/wp\/v2\/media?parent=1951"}],"wp:term":[{"taxonomy":"category","embeddable":true,"href":"https:\/\/www.ufsm.br\/cursos\/pos-graduacao\/santa-maria\/pppg\/wp-json\/wp\/v2\/categories?post=1951"},{"taxonomy":"post_tag","embeddable":true,"href":"https:\/\/www.ufsm.br\/cursos\/pos-graduacao\/santa-maria\/pppg\/wp-json\/wp\/v2\/tags?post=1951"}],"curies":[{"name":"wp","href":"https:\/\/api.w.org\/{rel}","templated":true}]}}