{"id":1953,"date":"2022-12-07T20:47:55","date_gmt":"2022-12-07T23:47:55","guid":{"rendered":"https:\/\/www.ufsm.br\/cursos\/pos-graduacao\/santa-maria\/pppg\/?page_id=1953"},"modified":"2025-03-05T14:01:11","modified_gmt":"2025-03-05T17:01:11","slug":"2022-2","status":"publish","type":"page","link":"https:\/\/www.ufsm.br\/cursos\/pos-graduacao\/santa-maria\/pppg\/2022-2","title":{"rendered":"2022"},"content":{"rendered":"\n<p><strong>Quem conta um conto diz de um ponto: experiencias que se produzem na historicidade<\/strong> (livro digital) &#8211; Autoras: Alice Huerta Jardim Dutra e Leandra B\u00f4er Possa (Orientadora). Fevereiro de 2022. [<a href=\"https:\/\/www.ufsm.br\/app\/uploads\/sites\/542\/2022\/12\/PRODUTO_ALICE_HUERTA_JARDIM.pdf\">Arquivo<\/a>]\u00a0<\/p>\n<p><strong>Distor\u00e7\u00e3o Idade\/Ano no Munic\u00edpio de Santa Maria\/RS<\/strong> (E-book) &#8211; Autoras: Andreia Moro Chiapinoto e Elisiane Machado Lunardi (Orientadora). Fevereiro de 2022. [<a href=\"https:\/\/issuu.com\/andreia.chiapinoto\/docs\/livro_distor_o_idade_ano_pol_ticas_p_blicas_na_re\">Arquivo<\/a>]<\/p>\n<p><strong>\u00cdndice, para que te quero? Um olhar para as escolas urbanas da 36\u00aa CREA<\/strong> (Livreto) &#8211; Autoras: Anelise Gehrcke Adam e Ana Carla Hollweg Powaczuk (Orientadora). Fevereiro de 2022. [<a href=\"https:\/\/www.ufsm.br\/app\/uploads\/sites\/542\/2022\/12\/Anelise-Gehrcke-Adam-Produto.pdf\">Arquivo]<\/a><\/p>\n<p><strong>Indicadores da qualidade das forma\u00e7\u00f5es continuada de professores da Educa\u00e7\u00e3o Infantil do munic\u00edpio de Santa Maria\/RS<\/strong> (Encarte\/S\u00edntese) &#8211; Autoras: Bruna Lara Moreira Zottis e D\u00e9bora Teixeira de Mello (Orientadora). Fevereiro 2022. [<a href=\"https:\/\/www.ufsm.br\/app\/uploads\/sites\/542\/2022\/12\/PRODUTO_BRUNA_LARA.pdf\">Arquivo<\/a>]<\/p>\n<p><strong>Princ\u00edpios Orientadores para acolhimento de crian\u00e7as com TEA no contexto escolar<\/strong> (Livreto-Guia) Autoras: Carla Markus Lopes e D\u00f3ris Pires Vargas Bolsan (Orientadora) Mar\u00e7o 2022. [<a href=\"https:\/\/www.ufsm.br\/app\/uploads\/sites\/542\/2022\/12\/PRODUTO_CARLA_MARKUS.pdf\">Arquivo<\/a>]<\/p>\n<p><strong>Projeto de Lei Legislativo &#8211; &#8220;Disp\u00f5e sobre a inclus\u00e3o do ensino da hist\u00f3ria e da cultura africana, afro-brasileira e ind\u00edgena&#8221; <\/strong>(Desenvolvimento t\u00e9cnico &#8211; Proposta de Lei) &#8211; Autores: Maikel Ribas Marconatto e Adriana Moreira da Rocha Veiga. Fevereiro de 2022. [<a href=\"https:\/\/www.ufsm.br\/app\/uploads\/sites\/542\/2023\/01\/PRODUTO_MAIKEL.pdf\">Arquivo<\/a>]<\/p>\n<p><strong>Par\u00e2metros de qualidade para a gest\u00e3o administrativa de secretarias integradas de cursos de gradua\u00e7\u00e3o<\/strong> (Desenvolvimento t\u00e9cnico &#8211; modelo de gest\u00e3o administrativa) &#8211; Autoras: Juvelina Freitas P\u00f4rto e Marilene Gabriel Dalla Corte (Orientadora). Mar\u00e7o de 2022. [<a href=\"https:\/\/www.ufsm.br\/app\/uploads\/sites\/542\/2023\/03\/Produto-Juvelina-Parametros.pdf\">Arquivo<\/a>]<\/p>\n<p><strong>Minuta de instru\u00e7\u00e3o normativa para secretarias integradas de gradua\u00e7\u00e3o da UFSM <\/strong>(Desenvolvimento t\u00e9cnico &#8211; proposta instrucional) &#8211; Autoras: Juvelina Freitas P\u00f4rto e Marilene Gabriel Dalla Corte (Orientadora). Mar\u00e7o de 2022. [<a href=\"https:\/\/www.ufsm.br\/app\/uploads\/sites\/542\/2023\/03\/Produto-Juvelina-Minuta.pdf\">Arquivo<\/a>]<\/p>\n<p><strong>Do plantio \u00e0 colheita:\u00a0forma\u00e7\u00e3o em extens\u00e3o universit\u00e1ria para TAEs no CCR<\/strong> (Desenvolvimento de Produto &#8211; Projeto) &#8211; Autores: Douglas Vicente Alchieri e Leandra B\u00f4er Possa (Orientadora). Fevereiro de 2022. [<a href=\"https:\/\/www.ufsm.br\/app\/uploads\/sites\/542\/2023\/03\/Produto-Douglas-Alchieri.pdf\">Arquivo<\/a>]\u00a0<\/p>\n<p><b>Orienta\u00e7\u00f5es para a implementa\u00e7\u00e3o de grupos de pais para pais e m\u00e3es de\u00a0 crian\u00e7as com autismo <\/b>(Desenvolvimento de Produto &#8211; Instrucional &#8211; Orienta\u00e7\u00e3o) &#8211; Autoras: Daniela Durigon Almeida e Fabiane Romano de Souza Bridi (Orientadora). Fevereiro de 2022. [<a href=\"https:\/\/www.ufsm.br\/app\/uploads\/sites\/542\/2023\/03\/PRODUTO_DISSERTACAO_DANIELA_ALMEIDA.pdf\">Arquivo<\/a>]<\/p>\n<p><strong>O percurso das\/dos estagi\u00e1rias\/os no transito universidade\/escola. <\/strong>(Desenvolvimento de Produto &#8211; Projeto) &#8211; Autoras: Fabiane Bayer e Graziela Escandiel de Lima (Orientadora). Fevereiro de 2022.\u00a0 [<a href=\"https:\/\/www.ufsm.br\/app\/uploads\/sites\/542\/2023\/03\/Fabiane-Bayer-Produto.pdf\">Arquivo<\/a>]<\/p>\n<p><strong>Agenda de Acolhimento na P\u00f3s-gradua\u00e7\u00e3o.<\/strong> (Desenvolvimento de Produto &#8211; Instrucional &#8211; Orienta\u00e7\u00e3o) &#8211; Autoras Karen Mariane Petry Welter Vieira e Ana Carla Hollweg Powaczuk (Orientadora). Mar\u00e7o de 2022. [<a href=\"https:\/\/www.ufsm.br\/app\/uploads\/sites\/542\/2023\/04\/AGENDA-DE-ACOLHIMENTO-PARA-PG_karen_vieira.pdf\">Arquivo<\/a>]<\/p>\n<p><strong>Experi\u00eancias e compreens\u00f5es da doc\u00eancia com professoras de Educa\u00e7\u00e3o Infantil p\u00fablica de Santa Maria\/RS.<\/strong> (Desenvolvimento de t\u00e9cinica de forma\u00e7\u00e3o continuada). Autoras: Katiane Silva da Rosa e Taciana Camera Segat (Orientadora). Janeiro de 2022. [<a href=\"https:\/\/www.ufsm.br\/app\/uploads\/sites\/542\/2023\/04\/PRODUTO_KATIANE_SILVA.pdf\">Arquivo<\/a>] [<a href=\"https:\/\/repositorio.ufsm.br\/handle\/1\/24005\">Link<\/a>]<\/p>\n<p><strong>Par\u00e2metros para\u00a0Democratiza\u00e7\u00e3o da Gest\u00e3o da Educacional e Escolar em Quevedos\/RS.<\/strong> (Desenvolvimento de Produto &#8211; Instrucional &#8211; Orienta\u00e7\u00e3o). Mar\u00edlia do Nascimento Moraes e Marlene Gabriel Dalla Corte (Orientadora). Mar\u00e7o de 2022. [<a href=\"https:\/\/www.ufsm.br\/app\/uploads\/sites\/542\/2023\/04\/Produto-MP_MARILIA_MORAES_Ok-1.pdf\">Arquivo<\/a>]\u00a0<\/p>\n<p><b>Guia de Controle Social: o financiamento da educa\u00e7\u00e3o p\u00fablica municipal &#8211; Mecanismos e geranciamento dos recursos p\u00fablicos da educa\u00e7\u00e3o. <\/b>(Desenvolvimento de Produto &#8211; Guia orientador). Autoras: Michele Puntel e Elisiane Machado Lunardi (Orientadora).\u00a0 Fevereiro de 2022. [<a href=\"https:\/\/www.ufsm.br\/app\/uploads\/sites\/542\/2023\/04\/Michele-Guia-de-Controle-Social.pdf\">Arquivo<\/a>]<\/p>\n<p><strong>Diagrama\u00e7\u00e3o do fluxo de a\u00e7\u00f5es da escola para promo\u00e7\u00e3o da Educa\u00e7\u00e3o Inclusiva.<\/strong> (Desenvolvimento de produto T\u00e9cnico &#8211; Diagrama de Fluxo). Autoras: Ra\u00edssa Anahy Machado e Tatiane Negrini (Orientadora).\u00a0 Mar\u00e7o de 2022.\u00a0[<a href=\"https:\/\/www.ufsm.br\/app\/uploads\/sites\/542\/2023\/04\/Raissa_Diagramacao-do-fluxo.pdf\">Arquivo<\/a>]<\/p>\n<p><strong>Documento Orientador para Processos Formativos de Professores em Contextos de Educa\u00e7\u00e3o Escolar Ind\u00edgena.<\/strong> (Desenvolvimento de produto T\u00e9cnico &#8211; Instrucional-Orientador). Autora(r): Sheila Andreia Ruwer e Joacir Marques da Costa (Orientador). Fevereiro de 2022. [<a href=\"https:\/\/www.ufsm.br\/app\/uploads\/sites\/542\/2023\/04\/Sheila-Educacao-Indigena-Produto.pdf\">Arquivo<\/a>]<\/p>\n<p><strong>Minuta de Resolu\u00e7\u00e3o para os Aux\u00edlios Inclus\u00e3o Digital na UFSM .<\/strong> (Desenvolvimento de produto &#8211; Minuta de Resolu\u00e7\u00e3o) Autor(a): Adauton Ezequiel Muller e Andrea Cecchin Forgiarini (Orientadora). Dezembro de 2022. [<a href=\"https:\/\/www.ufsm.br\/app\/uploads\/sites\/542\/2023\/04\/Produto-educacional_adauton.pdf\">Arquivo<\/a>]<\/p>\n<p><strong>Podcast &#8211; Ru\u00eddo Pedag\u00f3gico.<\/strong> (Desenvolvimento de Aplicativo &#8211; Podcast) &#8211; Autoras: Bruna Viedo Kich e Lorena In\u00eas Peterini Marquezan (Orientadora). Dezembro de 2022.\u00a0[<a href=\"https:\/\/www.ufsm.br\/app\/uploads\/sites\/542\/2023\/04\/PRODUTO-EDUCACIONAL_bruna__kich-1.pdf\">Arquivo<\/a>] [<a href=\"https:\/\/open.spotify.com\/show\/0e1qxUI5j6CgQCAODN8qLl\">Link]<\/a><\/p>\n<p><strong>Planejamento<\/strong> <strong>Estrat\u00e9gico para Equipes Diretivas na perspectiva compartilhada e dialogal.<\/strong> (Desenvolvimento de produto &#8211; instrucional) Autoras: Fernanda Furlan e Maria Eliza Rosa Gama (Orientadora). Dezembro de 2022. [<a href=\"https:\/\/www.ufsm.br\/app\/uploads\/sites\/542\/2023\/04\/produto-educacional-fernanda-furlan.pdf\">Arquivo<\/a>]<\/p>\n<p><strong>Forma\u00e7\u00e3o Continuada: Pol\u00edticas e Pr\u00e1ticas de Alfabetiza\u00e7\u00e3o.<\/strong> (Desenvolvimento de curso de curta dura\u00e7\u00e3o). Autoras: Patr\u00edcia Miolo e D\u00e9bora Ortiz de Le\u00e3o (Orientadora). Outubro de 2022.\u00a0 [<a href=\"https:\/\/www.ufsm.br\/app\/uploads\/sites\/542\/2023\/04\/PRODUTO-DISSERTACAO-PATRICIA-MIOLO-.pdf\">Arquivo<\/a>]<\/p>\n<p><strong>Gloss\u00e1rio Gauchesco de Libras<\/strong> &#8211; @forumgauchescodesurdos (Desenvolvimento de produto &#8211; canal do Youtube). Autoras: Bibianna Ferr\u00e3o Cordero e Lorena In\u00eas Peterini Marquezan (Orientadora). Dezembro de 2022. [<a href=\"https:\/\/www.youtube.com\/channel\/UCuINr-1DpGItdFfi9ZCFf5A\">Link<\/a>]<\/p>\n<p><strong>Elementos orientadores para a [re]significa\u00e7\u00e3o do projeto pol\u00edtico-pedag\u00f3gico da EMEF xxxx da Rede Municipal de Ensino de Santa Maria\/RS<\/strong>. (Desenvolvimento de produto T\u00e9cnico &#8211; Instrucional-Orientador). Autoras: Rita de C\u00e1ssia Borges e Elisiane Lunardi Machado (Orientadora). Dezembro de 2022.\u00a0[<a href=\"https:\/\/www.ufsm.br\/app\/uploads\/sites\/542\/2023\/04\/Produto-Rita-Borges.pdf\">Arquivo<\/a>]<\/p>\n<p><strong>Forma\u00e7\u00e3o continuada: Pol\u00edticas P\u00fablicas de avalia\u00e7\u00e3o\u00a0educacional.<\/strong> (Desenvolvimento de produto &#8211; curso de forma\u00e7\u00e3o continuada) Autoras: Fabiana Boff Grenzel e D\u00e9bora Ortiz de Le\u00e3o (Orientadora). Outubro de 2022. [<a href=\"https:\/\/www.ufsm.br\/app\/uploads\/sites\/542\/2023\/05\/PRODUTO-DA-DISSERTAO-fabiane-Boff-1.pdf\">Arquivo<\/a>]<\/p>\n<p><strong>Estrutura\u00e7\u00e3o de uma Proposta a partir de Grupo Focal: Questionar, Debater e Construir Conhecimento Sobre AH\/SD Atrav\u00e9s do Di\u00e1logo Entre Professores.<\/strong> Autoras: Giana Friedrich Gomes da Silva e Tatiane Negrini (Orientadora). Outubro de 2022. [<a href=\"https:\/\/www.ufsm.br\/app\/uploads\/sites\/542\/2024\/01\/Giana-Friedrich-Gomes-Da-Silva.pdf\">Arquivo<\/a>]<\/p>\n<p><strong>Nossos sonhos e suas proje\u00e7\u00f5es.\u00a0<\/strong>Autoras: Eliana Avinio Berleze e Adriana Moreira da Rocha Veiga (Orientadora). Novembro de 2022. [<a href=\"https:\/\/www.ufsm.br\/app\/uploads\/sites\/542\/2024\/01\/Eliana-Avinio-Berleze.pdf\">Arquivo<\/a>]<\/p>\n<p><strong>Minuta de Pol\u00edtica Curricular para Educa\u00e7\u00e3o do Campo: Um Olhar Sobre a Rede Municipal de Ensino de Cachoeira do Sul.<\/strong> Autores: Andr\u00e9 Giovanni Klinkoski e Andr\u00e9a Forgiarini Cecchin (Orientadora). Dezembro de 2022. [<a href=\"https:\/\/www.ufsm.br\/app\/uploads\/sites\/542\/2024\/01\/Andre-Giovanni-Klinkoski.pdf\">Arquivo<\/a>]<\/p>\n<p><strong>Forma\u00e7\u00e3o Continuada de Professores da\u00a0Educa\u00e7\u00e3o Infantil da Rede Municipal de Ensino de Alegrete\/RS: Perspectivas da Qualidade das Pr\u00e1ticas Pedag\u00f3gicas.<\/strong> Autoras: Elizete Borges Vargas e D\u00e9bora Teixeira de Mello (Orientadora). Dezembro de 2022. [<a href=\"https:\/\/www.ufsm.br\/app\/uploads\/sites\/542\/2024\/01\/Elizete-Borges-Vargas.pdf\">Arquivo<\/a>]<\/p>\n<p><strong>Recriando a Educa\u00e7\u00e3o Infantil em Tempos de Pandemia COVID 19 &#8211; Livro Digital.<\/strong> Autoras: Leila Carla Terebinto e Lorena In\u00eas Peterini Marquezan (Orientadora). Maio de 2022. [<a href=\"https:\/\/www.ufsm.br\/app\/uploads\/sites\/542\/2024\/01\/leila_terebinto_produto.pdf\">Arquivo<\/a>]<\/p>\n<p>\u00a0<\/p>\n\n\n","protected":false},"excerpt":{"rendered":"<p>Quem conta um conto diz de um ponto: experiencias que se produzem na historicidade (livro digital) &#8211; Autoras: Alice Huerta Jardim Dutra e Leandra B\u00f4er Possa (Orientadora). Fevereiro de 2022. [Arquivo]\u00a0 Distor\u00e7\u00e3o Idade\/Ano no Munic\u00edpio de Santa Maria\/RS (E-book) &#8211; Autoras: Andreia Moro Chiapinoto e Elisiane Machado Lunardi (Orientadora). Fevereiro de 2022. [Arquivo] \u00cdndice, para [&hellip;]<\/p>\n","protected":false},"author":1102,"featured_media":0,"parent":0,"menu_order":0,"comment_status":"closed","ping_status":"closed","template":"","meta":{"footnotes":""},"categories":[],"tags":[],"class_list":["post-1953","page","type-page","status-publish","hentry"],"acf":[],"_links":{"self":[{"href":"https:\/\/www.ufsm.br\/cursos\/pos-graduacao\/santa-maria\/pppg\/wp-json\/wp\/v2\/pages\/1953","targetHints":{"allow":["GET"]}}],"collection":[{"href":"https:\/\/www.ufsm.br\/cursos\/pos-graduacao\/santa-maria\/pppg\/wp-json\/wp\/v2\/pages"}],"about":[{"href":"https:\/\/www.ufsm.br\/cursos\/pos-graduacao\/santa-maria\/pppg\/wp-json\/wp\/v2\/types\/page"}],"author":[{"embeddable":true,"href":"https:\/\/www.ufsm.br\/cursos\/pos-graduacao\/santa-maria\/pppg\/wp-json\/wp\/v2\/users\/1102"}],"replies":[{"embeddable":true,"href":"https:\/\/www.ufsm.br\/cursos\/pos-graduacao\/santa-maria\/pppg\/wp-json\/wp\/v2\/comments?post=1953"}],"version-history":[{"count":0,"href":"https:\/\/www.ufsm.br\/cursos\/pos-graduacao\/santa-maria\/pppg\/wp-json\/wp\/v2\/pages\/1953\/revisions"}],"wp:attachment":[{"href":"https:\/\/www.ufsm.br\/cursos\/pos-graduacao\/santa-maria\/pppg\/wp-json\/wp\/v2\/media?parent=1953"}],"wp:term":[{"taxonomy":"category","embeddable":true,"href":"https:\/\/www.ufsm.br\/cursos\/pos-graduacao\/santa-maria\/pppg\/wp-json\/wp\/v2\/categories?post=1953"},{"taxonomy":"post_tag","embeddable":true,"href":"https:\/\/www.ufsm.br\/cursos\/pos-graduacao\/santa-maria\/pppg\/wp-json\/wp\/v2\/tags?post=1953"}],"curies":[{"name":"wp","href":"https:\/\/api.w.org\/{rel}","templated":true}]}}