{"id":1955,"date":"2022-12-08T14:39:26","date_gmt":"2022-12-08T17:39:26","guid":{"rendered":"https:\/\/www.ufsm.br\/cursos\/pos-graduacao\/santa-maria\/pppg\/?page_id=1955"},"modified":"2023-03-08T11:14:28","modified_gmt":"2023-03-08T14:14:28","slug":"2021-2","status":"publish","type":"page","link":"https:\/\/www.ufsm.br\/cursos\/pos-graduacao\/santa-maria\/pppg\/2021-2","title":{"rendered":"2021"},"content":{"rendered":"\n<p><strong>Cartilha &#8211; O Ensino M\u00e9dio Integrado no IFFar <em>campus\u00a0<\/em>Panambi e sua Contribui\u00e7\u00e3o Social<\/strong> &#8211; Autoras: Aline Beatriz Germano Silveira e Luciana Bagolin Zambom (Orientadora). Outubro de 2021. [<a href=\"https:\/\/www.ufsm.br\/app\/uploads\/sites\/542\/2022\/12\/ALINE-B.G.SILVEIRA_cartilha-ensino-medio.pdf\">Arquivo<\/a>]<\/p>\n<p><strong>Plano de A\u00e7\u00e3o &#8211; Educa\u00e7\u00e3o Ga\u00facha Conectada EMEF XX<\/strong> (Produ\u00e7\u00e3o T\u00e9cnica &#8211; Processo) &#8211; Autoras: Bruna Linhati de Oliveira e Tatiane Negrini (Orientadora). Dezembro de 2021.\u00a0[<a href=\"https:\/\/www.ufsm.br\/app\/uploads\/sites\/542\/2022\/12\/Produto-Bruna-Linhati-de-Oliveira.pdf\">Arquivo<\/a>]<\/p>\n<p><strong>Matriz de Identifica\u00e7\u00e3o das necessidades Educacionais B\u00e1sicas para Alfabetiza\u00e7\u00e3o em Braille<\/strong> (<span style=\"font-weight: 400\">Matriz, desenvolvimento t\u00e9cnico)<\/span>&#8211; Autoras: Clecimara Vianna e S\u00edlvia Maria de Oliveira Pav\u00e3o (Orientadora). Abril de 2021. [<a href=\"https:\/\/www.ufsm.br\/app\/uploads\/sites\/542\/2022\/12\/PRODUTO-CLECIMARA-VIANNA.pdf\">Arquivo<\/a>]<\/p>\n<p><span style=\"font-weight: 400\"><strong>Portf\u00f3lio virtual &#8211; Mem\u00f3rias do percurso formativo das professoras de educa\u00e7\u00e3o Infantil da EMEF XXX<\/strong> (Processo formativo- Atividade t\u00e9cnica de forma\u00e7\u00e3o) &#8211; Autoras: Ana Paula Quevedo Postal e D\u00e9bora Teixeira de Mello (Orientadora). Junho de 2021. [<a href=\"https:\/\/www.ufsm.br\/app\/uploads\/sites\/542\/2023\/01\/Produto-Ana-Paula.avi\">Arquivo<\/a>]<\/span><\/p>\n<p><span style=\"font-weight: 400\"><strong>Carta de Inten\u00e7\u00f5es &#8211; Auto(trans)forma\u00e7\u00e3o Permanente com Professoras e Professores na Perspectiva da Educa\u00e7\u00e3o Popular:<\/strong> o papel da escola e da gest\u00e3o e os desafios do sistema educacional (Processo Formativo &#8211; Trabalho t\u00e9cnico estabelecendo compromisso com a comunidade) &#8211; Autores: Cristiane Garcez Noronha Duttel e Celso Henz (Orientador). Agosto de 2021. [<a href=\"https:\/\/www.ufsm.br\/app\/uploads\/sites\/542\/2023\/01\/Produto-Cristiane-Duttel.pdf\">Arquivo<\/a>]<\/span><\/p>\n<p><span style=\"font-weight: 400\"><strong>Curso Di\u00e1logos sobre G\u00eanero e Sexualidades.<\/strong> ( Processo formativo &#8211; Curso de curta dura\u00e7\u00e3o) &#8211; Autoras:\u00a0 \u00a0Daiana Godinho Martins Correia e Andr\u00e9a Forgiarini Cecchin. Julho de 2021.\u00a0 [<a href=\"https:\/\/www.ufsm.br\/app\/uploads\/sites\/542\/2023\/01\/Produto-Daiana-G.M-Correia.pdf\">Arquivo<\/a>]<\/span><\/p>\n<p><strong>Gloss\u00e1rio <\/strong><span style=\"font-weight: 400\"><strong>de Ci\u00eancia Pol\u00edtica para o PPPG\/UFSM.<\/strong> (Material did\u00e1tico e Instrucional\/Livro) &#8211; Autora: Leonice Aparecida de F\u00e1tima Alves Pereira Mourad. Dezembro de 2021. [<a href=\"https:\/\/www.ufsm.br\/app\/uploads\/sites\/542\/2023\/01\/PRODUTO-GLOSSARIO-CIENCIA-POLITICA-1.pdf\">Arquivo<\/a>]<\/span><\/p>\n<p><strong>Matriz Compartilhada de Estrat\u00e9gias Inclusivas.<\/strong> (<span style=\"font-weight: 400\"> Desenvolvimento de t\u00e9cnica &#8211; Matriz gest\u00e3o educacional inclusiva) &#8211; Autoras: Claudia Vieira Schramm e S\u00edlvia Maria de Oliveira Pav\u00e3o. Maio de 2021. [<a href=\"https:\/\/www.ufsm.br\/app\/uploads\/sites\/542\/2023\/01\/PRODUTO-DA-PESQUISA-CLAUDIA-VIEIRA-SCHRAMM.pdf\">Arquivo<\/a>]<\/span><\/p>\n<p><strong>Gloss\u00e1rio Bot\u00e2nica em LIBRAS.<\/strong> (Desenvolvimento de produto). Autora: Taise Gomes dos Santos e S\u00edlvia Maria de Oliveira Pav\u00e3o (Orientadora). Abril de 2021. [<a href=\"https:\/\/botanicaemlibras.wixsite.com\/home\">Arquivo<\/a>]<\/p>\n<p><span style=\"font-weight: 400\"><strong>Indicadores para as inova\u00e7\u00f5es do trabalho pedag\u00f3gico.<\/strong> (desenvolvimento de produto \/ indicadores de inova\u00e7\u00e3o) &#8211; Autoras: Ivanez de Deus e Ana Carla Hollweg Powaczuk (Orientadora. Mar\u00e7o de 2021. [<a href=\"https:\/\/www.ufsm.br\/app\/uploads\/sites\/542\/2023\/01\/PRODUTO-Ivanez-de-Deus.pdf\">Arquivo<\/a>]<\/span><\/p>\n<p><strong>Caderno did\u00e1tico: Desdobramentos entre as compet\u00eancias socioemocionais e a forma\u00e7\u00e3o de professores.<\/strong> (Desenvolvimento de material instrucional\/desenvolvimento de produto). Autoras: Graciela Coelho da Silva e D\u00e9bora Ortiz de Le\u00e3o (Orientadora). Mar\u00e7o de 2021. [<a href=\"https:\/\/www.ufsm.br\/app\/uploads\/sites\/542\/2023\/01\/CADERNO-DIDATICO-GracieDebora.pdf\">Arquivo<\/a>]\u00a0<\/p>\n<p><strong>Qualificando os processos de implementa\u00e7\u00e3o de documentos orientadores em uma EMEI de Santa Maria-RS.<\/strong> (Desenvolvimento de produto e material). Autores: Andrei Minuzzi Folgiarini e Maria Eliza Gama (Orientadora). Mar\u00e7o de 2021. [<a href=\"https:\/\/www.ufsm.br\/app\/uploads\/sites\/542\/2023\/01\/Produto-da-Pesquisa.-Andrei-Minuzzi.pdf\">Arquivo<\/a>]<\/p>\n<p><strong>(Re)Articula\u00e7\u00e3o do Planejamento Estrat\u00e9gico e a Gest\u00e3o Participativa no Contexto Escolar.<\/strong> (Desenvolvimento de produto t\u00e9cnico &#8211; Roteiro de Orienta\u00e7\u00e3o) Autores: Fernando Cunha Trindade e Adriana Moreira da Rocha Veiga (Orientadora). Fevereiro de 2021.\u00a0 [<a href=\"https:\/\/www.ufsm.br\/app\/uploads\/sites\/542\/2023\/02\/Produto-Fernando-Trindade.pdf\">Arquivo<\/a>]<\/p>\n<p><strong>Minuta de Resolu\u00e7\u00e3o Normativa &#8211; Cria\u00e7\u00e3o de Diretrizes Curriculares para Educa\u00e7\u00e3o do Campo no Munic\u00edpio de Cachoeira do Sul\/RS.<\/strong> (Desenvolvimento t\u00e9cnico &#8211; projeto de resolu\u00e7\u00e3o pol\u00edtica) Autoras: Elke Quili\u00e3o de Oliveira e Elisiane Machado Lunardi (Orientadora).\u00a0 Fevereiro de 2021. [<a href=\"https:\/\/www.ufsm.br\/app\/uploads\/sites\/542\/2023\/02\/ELKE-PRODUTO-1.pdf\">Arquivo<\/a>]<\/p>\n<p><strong>Caderno de Orienta\u00e7\u00e3o Pedag\u00f3gica do PUFV.<\/strong> (Desenvolvimento de produto t\u00e9cnico &#8211; projeto de forma\u00e7\u00e3o) Autoras: Josimara da Silva Pinheiro e Elisiane Machado Lunardi (Orientadora). Fevereiro de 2021. [<a href=\"https:\/\/www.ufsm.br\/app\/uploads\/sites\/542\/2023\/03\/Produto-de-Dissertacao-Josimara-S.Pinheiro.pdf\">Arquivo<\/a>]<\/p>\n<p><strong>Perspectivas emancipat\u00f3rias \u00e0 gest\u00e3o pedag\u00f3gica de escolas que atendem comunidades em situa\u00e7\u00e3o de vulnerabilidade social<\/strong>. (Desenvolvimento de produto &#8211; Indicadores aplicados a gest\u00e3o). Autoras: Angela Aparecida Bolzan de Morais e Ana Carla Hollweg Powaczuk (Orientadora). Fevereiro de 2021.\u00a0[<a href=\"https:\/\/www.ufsm.br\/app\/uploads\/sites\/542\/2023\/03\/PRODUTO-MP-_-Angela-Bolsan.pdf\">Arquivo<\/a>]<\/p>\n<p><strong>Par\u00e2metros para reorganiza\u00e7\u00e3o da forma\u00e7\u00e3o continuada de professores na escola.<\/strong> (Desenvolvimento de produto &#8211; forma\u00e7\u00e3o continuada). Autores: Eder Henrique de Matos e Luciana Bagolin Zambon (Orientadora). Janeiro de 2021. [<a href=\"https:\/\/www.ufsm.br\/app\/uploads\/sites\/542\/2023\/03\/PRODUTO-Eder-Henrique-de-Matos.pdf\">Arquivo<\/a>]<\/p>\n<p>\u00a0<\/p>\n<p>\u00a0<\/p>\n<p>\u00a0<\/p>\n<p>\u00a0<\/p>\n<p>\u00a0<\/p>\n","protected":false},"excerpt":{"rendered":"<p>Cartilha &#8211; O Ensino M\u00e9dio Integrado no IFFar campus\u00a0Panambi e sua Contribui\u00e7\u00e3o Social &#8211; Autoras: Aline Beatriz Germano Silveira e Luciana Bagolin Zambom (Orientadora). Outubro de 2021. [Arquivo] Plano de A\u00e7\u00e3o &#8211; Educa\u00e7\u00e3o Ga\u00facha Conectada EMEF XX (Produ\u00e7\u00e3o T\u00e9cnica &#8211; Processo) &#8211; Autoras: Bruna Linhati de Oliveira e Tatiane Negrini (Orientadora). Dezembro de 2021.\u00a0[Arquivo] Matriz [&hellip;]<\/p>\n","protected":false},"author":1102,"featured_media":0,"parent":0,"menu_order":0,"comment_status":"closed","ping_status":"closed","template":"","meta":{"footnotes":""},"categories":[],"tags":[],"class_list":["post-1955","page","type-page","status-publish","hentry"],"acf":[],"_links":{"self":[{"href":"https:\/\/www.ufsm.br\/cursos\/pos-graduacao\/santa-maria\/pppg\/wp-json\/wp\/v2\/pages\/1955","targetHints":{"allow":["GET"]}}],"collection":[{"href":"https:\/\/www.ufsm.br\/cursos\/pos-graduacao\/santa-maria\/pppg\/wp-json\/wp\/v2\/pages"}],"about":[{"href":"https:\/\/www.ufsm.br\/cursos\/pos-graduacao\/santa-maria\/pppg\/wp-json\/wp\/v2\/types\/page"}],"author":[{"embeddable":true,"href":"https:\/\/www.ufsm.br\/cursos\/pos-graduacao\/santa-maria\/pppg\/wp-json\/wp\/v2\/users\/1102"}],"replies":[{"embeddable":true,"href":"https:\/\/www.ufsm.br\/cursos\/pos-graduacao\/santa-maria\/pppg\/wp-json\/wp\/v2\/comments?post=1955"}],"version-history":[{"count":0,"href":"https:\/\/www.ufsm.br\/cursos\/pos-graduacao\/santa-maria\/pppg\/wp-json\/wp\/v2\/pages\/1955\/revisions"}],"wp:attachment":[{"href":"https:\/\/www.ufsm.br\/cursos\/pos-graduacao\/santa-maria\/pppg\/wp-json\/wp\/v2\/media?parent=1955"}],"wp:term":[{"taxonomy":"category","embeddable":true,"href":"https:\/\/www.ufsm.br\/cursos\/pos-graduacao\/santa-maria\/pppg\/wp-json\/wp\/v2\/categories?post=1955"},{"taxonomy":"post_tag","embeddable":true,"href":"https:\/\/www.ufsm.br\/cursos\/pos-graduacao\/santa-maria\/pppg\/wp-json\/wp\/v2\/tags?post=1955"}],"curies":[{"name":"wp","href":"https:\/\/api.w.org\/{rel}","templated":true}]}}