{"id":207,"date":"2019-04-01T09:49:58","date_gmt":"2019-04-01T12:49:58","guid":{"rendered":"https:\/\/www.ufsm.br\/cursos\/pos-graduacao\/santa-maria\/pppg\/?page_id=207"},"modified":"2025-03-20T13:44:32","modified_gmt":"2025-03-20T16:44:32","slug":"grupos-de-pesquisa","status":"publish","type":"page","link":"https:\/\/www.ufsm.br\/cursos\/pos-graduacao\/santa-maria\/pppg\/grupos-de-pesquisa","title":{"rendered":"Grupos de Pesquisa"},"content":{"rendered":"\t\t<div data-elementor-type=\"wp-page\" data-elementor-id=\"207\" class=\"elementor elementor-207\">\n\t\t\t\t\t\t<section class=\"elementor-section elementor-top-section elementor-element elementor-element-1368172 elementor-section-boxed elementor-section-height-default elementor-section-height-default\" data-id=\"1368172\" data-element_type=\"section\">\n\t\t\t\t\t\t<div class=\"elementor-container elementor-column-gap-default\">\n\t\t\t\t\t<div class=\"elementor-column elementor-col-100 elementor-top-column elementor-element elementor-element-ae974d6\" data-id=\"ae974d6\" data-element_type=\"column\">\n\t\t\t<div class=\"elementor-widget-wrap elementor-element-populated\">\n\t\t\t\t\t\t<div class=\"elementor-element elementor-element-1f84854 elementor-widget elementor-widget-image\" data-id=\"1f84854\" data-element_type=\"widget\" data-widget_type=\"image.default\">\n\t\t\t\t<div class=\"elementor-widget-container\">\n\t\t\t\t\t\t\t\t\t\t\t\t\t<img decoding=\"async\" src=\"https:\/\/www.ufsm.br\/app\/uploads\/sites\/542\/elementor\/thumbs\/PPPG-6-phbyun4dxjjt7slggkus0eq7ybpxwz40mn8mf1ntu8.jpg\" title=\"PPPG &#8211; (6)\" alt=\"PPPG - (6)\" loading=\"lazy\" \/>\t\t\t\t\t\t\t\t\t\t\t\t\t<\/div>\n\t\t\t\t<\/div>\n\t\t\t\t\t<\/div>\n\t\t<\/div>\n\t\t\t\t\t<\/div>\n\t\t<\/section>\n\t\t\t\t<section class=\"elementor-section elementor-top-section elementor-element elementor-element-9e70a83 elementor-section-boxed elementor-section-height-default elementor-section-height-default\" data-id=\"9e70a83\" data-element_type=\"section\">\n\t\t\t\t\t\t<div class=\"elementor-container elementor-column-gap-default\">\n\t\t\t\t\t<div class=\"elementor-column elementor-col-100 elementor-top-column elementor-element elementor-element-5313fb1\" data-id=\"5313fb1\" data-element_type=\"column\">\n\t\t\t<div class=\"elementor-widget-wrap elementor-element-populated\">\n\t\t\t\t\t\t<div class=\"elementor-element elementor-element-ee399e4 elementor-widget elementor-widget-text-editor\" data-id=\"ee399e4\" data-element_type=\"widget\" data-widget_type=\"text-editor.default\">\n\t\t\t\t<div class=\"elementor-widget-container\">\n\t\t\t\t\t\t\t<table style=\"width: 100.347%;height: 4160px\"><tbody><tr style=\"height: 56px\"><td style=\"background-color: #f5950f;width: 566px;height: 56px\" width=\"566\"><p style=\"text-align: center\"><strong>LP1 &#8211; POL\u00cdTICAS E GEST\u00c3O DA EDUCA\u00c7\u00c3O B\u00c1SICA E SUPERIOR<\/strong><\/p><\/td><\/tr><tr><td><p><strong>ELOS<\/strong><\/p><p>Grupo de Pesquisas ELOS<\/p><p>L\u00cdDER: Rosane Carneiro Sarturi e\u00a0Marilene Gabriel Dalla Corte<\/p><p><strong><a href=\"http:\/\/dgp.cnpq.br\/dgp\/espelhogrupo\/1117127604938358\">http:\/\/dgp.cnpq.br\/dgp\/espelhogrupo\/1117127604938358<\/a><\/strong><\/p><p><strong><a href=\"https:\/\/www.ufsm.br\/grupos\/elos\">https:\/\/www.ufsm.br\/grupos\/elos<\/a><\/strong><\/p><\/td><\/tr><tr><td><p><strong>GEIPU<\/strong><\/p><p>Grupo de Estudos e Investiga\u00e7\u00e3o sobre Pedagogia Universit\u00e1ria<\/p><p>L\u00cdDER: Paula Trindade da Silva Selbach<\/p><p><a href=\"http:\/\/dgp.cnpq.br\/dgp\/espelhogrupo\/3942447533714086\" target=\"_blank\" rel=\"noopener\"><b>http:\/\/dgp.cnpq.br\/dgp\/espelhogrupo\/3942447533714086<\/b><\/a><\/p><\/td><\/tr><tr><td><p><strong>GEPPES SUL Sur<\/strong><\/p><p>Grupo de Estudos e Pesquisas em Pol\u00edticas de Educa\u00e7\u00e3o Superior Regi\u00e3o Sul Sur<\/p><p>L\u00cdDERES: Maria de Lourdes Pinto de Almeida e Rosane Carneiro Sarturi<\/p><p><b><a href=\"http:\/\/dgp.cnpq.br\/dgp\/espelhogrupo\/0292256277149914\">http:\/\/dgp.cnpq.br\/dgp\/espelhogrupo\/0292256277149914<\/a><\/b><\/p><\/td><\/tr><tr><td><p><strong>GESTAR<\/strong><\/p><p>Grupo de Estudos e Pesquisas em Pol\u00edticas P\u00fablicas e Gest\u00e3o Educacional<\/p><p>L\u00cdDER: Marilene Gabriel Dalla Corte e\u00a0Rosane Carneiro Sarturi<\/p><p><strong><a href=\"http:\/\/dgp.cnpq.br\/dgp\/espelhogrupo\/8616341242341751\">http:\/\/dgp.cnpq.br\/dgp\/espelhogrupo\/8616341242341751<\/a><\/strong><\/p><p><strong><a href=\"https:\/\/www.ufsm.br\/grupos\/gestar\">https:\/\/www.ufsm.br\/grupos\/gestar<\/a><\/strong><\/p><\/td><\/tr><tr><td><p><strong>Grupo de Pesquisa Estudos sobre Inf\u00e2ncia, Pol\u00edticas P\u00fablicas, Curr\u00edculo, Pr\u00e1ticas Pedag\u00f3gicas e Forma\u00e7\u00e3o Docente<\/strong><\/p><p>L\u00cdDER: D\u00e9bora Teixeira de Melo<\/p><p><strong>\u00a0<a href=\"http:\/\/dgp.cnpq.br\/dgp\/espelhorh\/4715070196182654\">http:\/\/dgp.cnpq.br\/dgp\/espelhorh\/4715070196182654<\/a><\/strong><\/p><\/td><\/tr><tr><td><p><strong>INTERFACES<\/strong><\/p><p>Grupo de Estudos Em Educa\u00e7\u00e3o, Tecnologias e Sociedade<\/p><p>L\u00cdDER: Andr\u00e9a Forgiarini Cecchin<\/p><p><strong><a href=\"http:\/\/dgp.cnpq.br\/dgp\/espelhogrupo\/2729787389172215\">http:\/\/dgp.cnpq.br\/dgp\/espelhogrupo\/2729787389172215<\/a><\/strong><\/p><\/td><\/tr><tr><td><p><strong>ITINER\u00c2NCIAS<\/strong><\/p><p>Estudos e Pesquisas sobre Inf\u00e2ncia, Culturas, Pr\u00e1ticas Pedag\u00f3gicas, Pol\u00edticas P\u00fablicas e Curriculares<\/p><p>L\u00cdDERES: D\u00e9bora Ortiz de Le\u00e3o e Sueli Salva<\/p><p><a href=\"http:\/\/dgp.cnpq.br\/dgp\/espelhogrupo\/2284262425437555\" target=\"_blank\" rel=\"noopener\"><b>dgp.cnpq.br\/dgp\/espelhogrupo\/2284262425437555<\/b><\/a><\/p><\/td><\/tr><tr style=\"height: 184px\"><td style=\"height: 184px\" width=\"566\"><p><strong>REDES<\/strong><br \/>Redes de Estudos e Pesquisas em Pol\u00edticas P\u00fablicas e Gest\u00e3o <br \/>L\u00cdDER: Elisiane Machado Lunardi<\/p><p><strong><a href=\"http:\/\/dgp.cnpq.br\/dgp\/espelhogrupo\/3292437875535090\">http:\/\/dgp.cnpq.br\/dgp\/espelhogrupo\/3292437875535090<\/a><\/strong><\/p><p><a href=\"https:\/\/www.ufsm.br\/grupos\/redes\"><strong>https:\/\/www.ufsm.br\/grupos\/redes<\/strong><\/a><\/p><\/td><\/tr><tr><td><p><strong>RIZOMA<\/strong><\/p><p>Pol\u00edticas, Curr\u00edculos e Educac\u00e3o<\/p><p>L\u00cdDER: Joacir Marques da Costa<\/p><p><a href=\"http:\/\/dgp.cnpq.br\/dgp\/espelhogrupo\/7959058188319250\" target=\"_blank\" rel=\"noopener\"><b>http:\/\/dgp.cnpq.br\/dgp\/espelhogrupo\/7959058188319250<\/b><\/a><\/p><p><strong><a href=\"https:\/\/www.ufsm.br\/grupos\/rizoma\">https:\/\/www.ufsm.br\/grupos\/rizoma<\/a><\/strong><\/p><\/td><\/tr><tr style=\"height: 56px\"><td style=\"background-color: #f28f05;width: 566px;height: 56px\" width=\"566\"><p style=\"text-align: center\"><strong>LP2 &#8211; GEST\u00c3O PEDAG\u00d3GICA E CONTEXTOS EDUCATIVOS<\/strong><\/p><\/td><\/tr><tr style=\"height: 200px\"><td style=\"height: 200px\" width=\"566\"><p><strong>DOCEFORM<\/strong><\/p><p>Grupo de Pesquisa, Ensino e Extens\u00e3o &#8211; Doc\u00eancia, Escola e Forma\u00e7\u00e3o de Professores<\/p><p>L\u00cdDERES: Maria Eliza Rosa Gama e Luciana Bagolin Zambon<\/p><p><a href=\"http:\/\/dgp.cnpq.br\/dgp\/espelhogrupo\/7967721124439204\" target=\"_blank\" rel=\"noopener\"><b>http:\/\/dgp.cnpq.br\/dgp\/espelhogrupo\/7967721124439204<\/b><\/a><\/p><\/td><\/tr><tr style=\"height: 176px\"><td style=\"height: 176px\" width=\"566\"><p><strong>DOCINFOCA<\/strong><\/p><p>Grupo de Pesquisa Doc\u00eancia, Inf\u00e2ncias e Forma\u00e7\u00e3o<\/p><p>L\u00cdDER: Taciana Camera Segat<\/p><p><strong><a href=\"http:\/\/dgp.cnpq.br\/dgp\/espelhogrupo\/67737\">http:\/\/dgp.cnpq.br\/dgp\/espelhogrupo\/67737<\/a><\/strong><\/p><\/td><\/tr><tr><td><p><b>ELAS &#8211; Grupo de Estudos Feministas<\/b><\/p><p>L\u00cdDER: M\u00e1rcia Eliane Leindcker da Paix\u00e3o<\/p><p><a href=\"http:\/\/dgp.cnpq.br\/dgp\/espelhogrupo\/0302856523366926\" target=\"_blank\" rel=\"noopener\"><b>http:\/\/dgp.cnpq.br\/dgp\/espelhogrupo\/0302856523366926<\/b><\/a><\/p><\/td><\/tr><tr><td><p><strong>GEPE<\/strong><\/p><p>Grupo de Estudo e Pesquisa em Educa\u00e7\u00e3o Especial e Inclus\u00e3o<\/p><p>L\u00cdDERES: Leandra B\u00f4er Possa e Marcelo Moreira Cezar<\/p><p><strong><a href=\"http:\/\/dgp.cnpq.br\/dgp\/espelhogrupo\/12302\">http:\/\/dgp.cnpq.br\/dgp\/espelhogrupo\/12302<\/a><\/strong><\/p><p><strong><a href=\"https:\/\/www.ufsm.br\/grupos\/gepe\">https:\/\/www.ufsm.br\/grupos\/gepe<\/a><\/strong><b><\/b><\/p><\/td><\/tr><tr style=\"height: 216px\"><td style=\"height: 216px\" width=\"566\"><p><strong>GEPEDUSI<\/strong><\/p><p>Grupo de Pesquisa em Educa\u00e7\u00e3o, Sa\u00fade e Inclus\u00e3o<\/p><p>L\u00cdDER:\u00a0 Silvia Maria de Oliveira Pav\u00e3o e\u00a0<span style=\"text-align: var(--bs-body-text-align)\">Ana Cl\u00e1udia Oliveira Pav\u00e3o<\/span><\/p><p><strong><a href=\"http:\/\/dgp.cnpq.br\/dgp\/espelhogrupo\/2945096174778331\">http:\/\/dgp.cnpq.br\/dgp\/espelhogrupo\/2945096174778331<\/a><\/strong><\/p><p><strong><a href=\"https:\/\/www.ufsm.br\/grupos\/GEPEDUSI\">https:\/\/www.ufsm.br\/grupos\/GEPEDUSI<\/a><\/strong><\/p><\/td><\/tr><tr style=\"height: 216px\"><td style=\"height: 216px\" width=\"566\"><p><strong>GEPEP<\/strong><\/p><p>Grupo de Estudos e Pr\u00e1ticas em Educa\u00e7\u00e3o e Psicopedagogia<\/p><p>L\u00cdDER: Adriana Moreira da Rocha Veiga<\/p><p>VICE-L\u00cdDER: Lorena Ines Peterini Marquezan<\/p><p><strong><a href=\"http:\/\/dgp.cnpq.br\/dgp\/espelhogrupo\/373690\">http:\/\/dgp.cnpq.br\/dgp\/espelhogrupo\/373690<\/a><\/strong><\/p><p><strong><a href=\"https:\/\/www.ufsm.br\/grupos\/gepep\">https:\/\/www.ufsm.br\/grupos\/gepep<\/a><\/strong><\/p><\/td><\/tr><tr style=\"height: 256px\"><td style=\"height: 256px\" width=\"566\"><p><strong>GPDOC<\/strong><\/p><p>Grupo de Pesquisa Pr\u00e1ticas e Forma\u00e7\u00e3o para Doc\u00eancia: Educa\u00e7\u00e3o B\u00e1sica e Superior<\/p><p>L\u00cdDER: Ana Carla Hollweg Powaczuk<\/p><p><strong><a href=\"http:\/\/dgp.cnpq.br\/dgp\/espelhogrupo\/205202\">http:\/\/dgp.cnpq.br\/dgp\/espelhogrupo\/205202<\/a><\/strong><\/p><p><strong><a href=\"https:\/\/www.ufsm.br\/grupos\/gpdoc\">https:\/\/www.ufsm.br\/grupos\/gpdoc<\/a><\/strong><\/p><\/td><\/tr><tr style=\"height: 240px\"><td style=\"height: 240px\"><p><strong>GPESP<\/strong><\/p><p>Educa\u00e7\u00e3o Especial: Intera\u00e7\u00e3o e Inclus\u00e3o Social<\/p><p>L\u00cdDER: Tatiane Negrini e Andr\u00e9ia Jaqueline Devalle Rech<\/p><p><strong><a href=\"http:\/\/dgp.cnpq.br\/dgp\/espelhogrupo\/13582\">http:\/\/dgp.cnpq.br\/dgp\/espelhogrupo\/13582<\/a><\/strong><\/p><\/td><\/tr><tr style=\"height: 216px\"><td style=\"height: 216px\" width=\"566\"><p><strong>GPFOPE<\/strong><\/p><p>Forma\u00e7\u00e3o de Professores e Pr\u00e1ticas Educativas, Educa\u00e7\u00e3o B\u00e1sica e Superior<\/p><p>L\u00cdDERES: Doris Pires Vargas Bolzan e Silvia Maria de Aguiar Isaia<\/p><p><strong><a href=\"http:\/\/dgp.cnpq.br\/dgp\/espelhogrupo\/16427\">http:\/\/dgp.cnpq.br\/dgp\/espelhogrupo\/16427<\/a><\/strong><\/p><p><strong><a href=\"https:\/\/www.ufsm.br\/grupos\/gpfope\">https:\/\/www.ufsm.br\/grupos\/gpfope<\/a><\/strong><\/p><\/td><\/tr><tr><td><p><b>Grupo de Estudos e pesquisa Inf\u00e2ncia, Forma\u00e7\u00e3o Docente, Pol\u00edticas P\u00fablicas, Curr\u00edculo, Pr\u00e1ticas Pedag\u00f3gicas<\/b><\/p><p>L\u00cdDER: Viviane Ache Cancian e D\u00e9bora Teixeira de Mello<\/p><p><a href=\"http:\/\/dgp.cnpq.br\/dgp\/espelhogrupo\/0820197288523843\" target=\"_blank\" rel=\"noopener\"><b>http:\/\/dgp.cnpq.br\/dgp\/espelhogrupo\/0820197288523843<\/b><\/a><\/p><\/td><\/tr><tr style=\"height: 216px\"><td style=\"height: 216px\" width=\"566\"><p><strong>NUEPEI<\/strong><\/p><p><strong>\u00a0<\/strong>N\u00facleo de Estudos e Pesquisa sobre Escolariza\u00e7\u00e3o e Inclus\u00e3o<\/p><p>L\u00cdDER: Fabiane Romano de Souza Bridi<\/p><p><strong><a href=\"http:\/\/dgp.cnpq.br\/dgp\/espelhogrupo\/248083\">http:\/\/dgp.cnpq.br\/dgp\/espelhogrupo\/248083<\/a><\/strong><\/p><p><strong><a href=\"https:\/\/www.ufsm.br\/grupos\/nuepei\">https:\/\/www.ufsm.br\/grupos\/nuepei<\/a><\/strong><\/p><\/td><\/tr><tr style=\"height: 176px\"><td style=\"height: 176px\" width=\"566\"><p><strong>TRAVESSIAS<\/strong><\/p><p>Cotidiano, Inf\u00e2ncia, Doc\u00eancia<\/p><p>L\u00cdDER: Graziela Escandiel de Lima<\/p><p><strong><a href=\"http:\/\/dgp.cnpq.br\/dgp\/espelhogrupo\/666652\">http:\/\/dgp.cnpq.br\/dgp\/espelhogrupo\/666652<\/a><\/strong><\/p><\/td><\/tr><\/tbody><\/table>\t\t\t\t\t\t<\/div>\n\t\t\t\t<\/div>\n\t\t\t\t\t<\/div>\n\t\t<\/div>\n\t\t\t\t\t<\/div>\n\t\t<\/section>\n\t\t\t\t<\/div>\n\t\t","protected":false},"excerpt":{"rendered":"<p>LP1 &#8211; POL\u00cdTICAS E GEST\u00c3O DA EDUCA\u00c7\u00c3O B\u00c1SICA E SUPERIOR ELOS Grupo de Pesquisas ELOS L\u00cdDER: Rosane Carneiro Sarturi e\u00a0Marilene Gabriel Dalla Corte http:\/\/dgp.cnpq.br\/dgp\/espelhogrupo\/1117127604938358 https:\/\/www.ufsm.br\/grupos\/elos GEIPU Grupo de Estudos e Investiga\u00e7\u00e3o sobre Pedagogia Universit\u00e1ria L\u00cdDER: Paula Trindade da Silva Selbach http:\/\/dgp.cnpq.br\/dgp\/espelhogrupo\/3942447533714086 GEPPES SUL Sur Grupo de Estudos e Pesquisas em Pol\u00edticas de Educa\u00e7\u00e3o Superior Regi\u00e3o [&hellip;]<\/p>\n","protected":false},"author":115,"featured_media":0,"parent":0,"menu_order":0,"comment_status":"closed","ping_status":"closed","template":"","meta":{"footnotes":""},"categories":[],"tags":[],"class_list":["post-207","page","type-page","status-publish","hentry"],"acf":[],"_links":{"self":[{"href":"https:\/\/www.ufsm.br\/cursos\/pos-graduacao\/santa-maria\/pppg\/wp-json\/wp\/v2\/pages\/207","targetHints":{"allow":["GET"]}}],"collection":[{"href":"https:\/\/www.ufsm.br\/cursos\/pos-graduacao\/santa-maria\/pppg\/wp-json\/wp\/v2\/pages"}],"about":[{"href":"https:\/\/www.ufsm.br\/cursos\/pos-graduacao\/santa-maria\/pppg\/wp-json\/wp\/v2\/types\/page"}],"author":[{"embeddable":true,"href":"https:\/\/www.ufsm.br\/cursos\/pos-graduacao\/santa-maria\/pppg\/wp-json\/wp\/v2\/users\/115"}],"replies":[{"embeddable":true,"href":"https:\/\/www.ufsm.br\/cursos\/pos-graduacao\/santa-maria\/pppg\/wp-json\/wp\/v2\/comments?post=207"}],"version-history":[{"count":0,"href":"https:\/\/www.ufsm.br\/cursos\/pos-graduacao\/santa-maria\/pppg\/wp-json\/wp\/v2\/pages\/207\/revisions"}],"wp:attachment":[{"href":"https:\/\/www.ufsm.br\/cursos\/pos-graduacao\/santa-maria\/pppg\/wp-json\/wp\/v2\/media?parent=207"}],"wp:term":[{"taxonomy":"category","embeddable":true,"href":"https:\/\/www.ufsm.br\/cursos\/pos-graduacao\/santa-maria\/pppg\/wp-json\/wp\/v2\/categories?post=207"},{"taxonomy":"post_tag","embeddable":true,"href":"https:\/\/www.ufsm.br\/cursos\/pos-graduacao\/santa-maria\/pppg\/wp-json\/wp\/v2\/tags?post=207"}],"curies":[{"name":"wp","href":"https:\/\/api.w.org\/{rel}","templated":true}]}}