{"id":2086,"date":"2023-06-26T15:15:56","date_gmt":"2023-06-26T18:15:56","guid":{"rendered":"https:\/\/www.ufsm.br\/cursos\/pos-graduacao\/santa-maria\/pppg\/?page_id=2086"},"modified":"2025-02-06T10:59:04","modified_gmt":"2025-02-06T13:59:04","slug":"2023-2","status":"publish","type":"page","link":"https:\/\/www.ufsm.br\/cursos\/pos-graduacao\/santa-maria\/pppg\/2023-2","title":{"rendered":"2023"},"content":{"rendered":"\n<p><strong>Aux\u00edlio \u00e0 Aquisi\u00e7\u00e3o de Material Pedag\u00f3gico Implicado \u00e0 Perman\u00eancia e Desenvolvimento de Estudantes na Educa\u00e7\u00e3o Superior.\u00a0<\/strong>(Desenvolvimento de Produto \u2013 Instrucional \u2013 Orienta\u00e7\u00e3o) Autores: Jo\u00e3o Felipe Figueiredo e Marilene Gabriel Dalla Corte (Orientadora). Janeiro de 2023. [<a href=\"https:\/\/www.ufsm.br\/app\/uploads\/sites\/542\/2023\/10\/Produto-Joao-Felipe-Figueiredo.pdf\">Arquivo<\/a>]<\/p>\n<p><strong>Avalia\u00e7\u00e3o para as A\u00e7\u00f5es de Extens\u00e3o na Universidade Federal de Santa Maria.<\/strong> (Desenvolvimento t\u00e9cnico \u2013 proposta instrucional) Autoras: Alice Moro Neocatto e Elisiane Machado Lunardi (Orientadora). Janeiro de 2023. [<a href=\"https:\/\/www.ufsm.br\/app\/uploads\/sites\/542\/2023\/10\/Produto-Alice-Moro-Neocatto.pdf\">Arquivo<\/a>]<\/p>\n<p><strong>Documento Orientador para as Escolas Credenciadas para Venda de Vagas de Santa Maria\/RS.<\/strong> (Desenvolvimento t\u00e9cnico \u2013 modelo de gest\u00e3o administrativa) Autoras: Lisandra Amorim Guerra Pithan e D\u00e9bora Teixeira de Mello (Orientadora). Janeiro de 2023. [<a href=\"https:\/\/www.ufsm.br\/app\/uploads\/sites\/542\/2023\/10\/Produto-Lisandra-Amorim-Guerra-Pithan.pdf\">Arquivo<\/a>]<\/p>\n<p><strong>Isso N\u00e3o \u00e9 Um Manual: Sobre Curadoria<\/strong> <strong>Cinematogr\u00e1fica. <\/strong>(Proposi\u00e7\u00e3o de artefato art\u00edstico &#8211; Curadoria Cinematogr\u00e1fica) Autores: Rafael Lesses da Silva e Joacir Marques da Costa (Orientador). Janeiro de 2023. [<a href=\"https:\/\/www.ufsm.br\/app\/uploads\/sites\/542\/2023\/10\/Produto-Rafael-Lesses-Da-Silva.pdf\">Arquivo<\/a>]<\/p>\n<p><strong>Minuta Curricular Intercutural Ind\u00edgena. <\/strong>(Desenvolvimento de produto \u2013 Minuta de Resolu\u00e7\u00e3o) Autores: Sirlete Maria Bitencurt Frigheto e Joacir Marques da Costa (Orientador). Janeiro de 2023. [<a href=\"https:\/\/www.ufsm.br\/app\/uploads\/sites\/542\/2023\/10\/Produto-Sirlete-Maria-Bitencurt-Frigheto.pdf\">Arquivo<\/a>]<\/p>\n<p><strong>Saberes docentes de professores alfabetizadores: dom\u00ednios para auto avalia\u00e7\u00e3o docente. <\/strong>(Livreto-Guia) Autoras: Ana Paula Barbosa Colvero e Ana Carla Hollweg Powaczuk (Orientadora). Janeiro de 2023. [<a href=\"https:\/\/www.ufsm.br\/app\/uploads\/sites\/542\/2023\/10\/Produto-Ana-Paula-Barbosa-Colvero.pdf\">Arquivo<\/a>]<\/p>\n<p><strong>O Estudante com Dupla Condi\u00e7\u00e3o no Ensino Superior &#8211; Material Informativo para Profissionais.<\/strong> (Desenvolvimento de Produto \u2013 Instrucional \u2013 Orienta\u00e7\u00e3o) Autoras: C\u00e1ssia de Freitas Pereira e Tatiane Negrini (Orientadora). Janeiro de 2023. [<a href=\"https:\/\/www.ufsm.br\/app\/uploads\/sites\/542\/2023\/10\/Produto-Cassia-De-Freitas-Pereira.pdf\">Arquivo<\/a>]<\/p>\n<p><strong>Operacionaliza\u00e7\u00e3o e Caracteriza\u00e7\u00e3o de Pr\u00e1ticas Colaborativas na Escola.<\/strong> (Livreto) Autoras: Dinara Patr\u00edcia Mattana e Leandra B\u00f4er Possa (Orientadora). Fevereiro de 2023. [<a href=\"https:\/\/www.ufsm.br\/app\/uploads\/sites\/542\/2023\/10\/Produto-Dinara-Patricia-Mattana.pdf\">Arquivo<\/a>]<\/p>\n<p><strong>Par\u00e2metros para a Qualifica\u00e7\u00e3o da Forma\u00e7\u00e3o Permanente de Professores que Atuam na Educa\u00e7\u00e3o Infantil das EMEIS de J\u00falio de Castilhos\/RS. <\/strong>(Desenvolvimento t\u00e9cnico \u2013 proposta instrucional) Autoras: Juliana M\u00e9lo da Costa e Marilene Gabriel Dalla Corte (Orientadora). Fevereiro de 2023. [<a href=\"https:\/\/www.ufsm.br\/app\/uploads\/sites\/542\/2023\/10\/Produto-Juliana-Melo-Da-Costa.pdf\">Arquivo<\/a>]<\/p>\n<p><strong>Agenda de Acolhimento para Escolas em Contexto de Vulnerabilidade Social.<\/strong> (Desenvolvimento de Produto \u2013 Instrucional \u2013 Orienta\u00e7\u00e3o) Autoras: Anal\u00e9ia Maraschin da Costa e Ana Carla Hollweg Powaczuk (Orientadora). Fevereiro de 2023. [<a href=\"https:\/\/www.ufsm.br\/app\/uploads\/sites\/542\/2023\/10\/Produto-Analeia-Maraschin-Da-Costa.pdf\">Arquivo<\/a>]<\/p>\n<p><strong>Prot\u00f3tipo de Canal de Acolhimento Professores Iniciantes CCS &#8211; UFSM. <\/strong>(Desenvolvimento de Produto \u2013 Instrucional \u2013 Orienta\u00e7\u00e3o) Autoras: Juliana Spolaor Warth e Doris Pires Vargas Bolzan (Orientadora). Fevereiro de 2023. [<a href=\"https:\/\/www.ufsm.br\/app\/uploads\/sites\/542\/2023\/10\/Produto-Juliana-Spolaor-Warth.pdf\">Arquivo<\/a>]<\/p>\n<p><strong>(Re)Constru\u00e7\u00e3o de um Curr\u00edculo Integrador na Escola.<\/strong> (Desenvolvimento t\u00e9cnico \u2013 proposta instrucional) Autoras: M\u00e1rcia Heinz Kirchhof e Maria Eliza Rosa Gama (Orientadora). Fevereiro de 2023. [<a href=\"https:\/\/www.ufsm.br\/app\/uploads\/sites\/542\/2023\/10\/Produto-Marcia-Heinz-Kirchhof.pdf\">Arquivo<\/a>]<\/p>\n<p><strong>Sugest\u00e3o de Roteiro para a Elabora\u00e7\u00e3o Colaborativa da Proposta Pedag\u00f3gica da Educa\u00e7\u00e3o Infantil em Escolas de Ensino Fundamental. <\/strong>(Roteiro de proposta pedag\u00f3gica) Autoras: Marizane Medianeira de Moraes, Graziela Escandiel de Lima (Orientadora) e Ana Carla Hollweg Powaczuk (Coorientadora). Fevereiro de 2023. [<a href=\"https:\/\/www.ufsm.br\/app\/uploads\/sites\/542\/2023\/10\/Produto-Marizane-Medianeira-De-Moraes.pdf\">Arquivo<\/a>]<\/p>\n<p><strong>Podcast &#8220;A Gest\u00e3o Escolar e as Compet\u00eancias Socioemocionais&#8221;.<\/strong> (Desenvolvimento de Aplicativo &#8211; Podcast) Autoras: Danieli Eichwald e Doris Pires Vargas Bolzan (Orientadora). Fevereiro de 2023. [<a href=\"https:\/\/www.ufsm.br\/app\/uploads\/sites\/542\/2023\/10\/Produto-Danieli-Eichwald.pdf\">Arquivo<\/a>]<\/p>\n<p><strong>Guia Informativo &#8211; Proposta de Forma\u00e7\u00e3o Continuada: Roda de Conversas Pedag\u00f3gicas.<\/strong> (Desenvolvimento de Produto \u2013 Instrucional \u2013 Orienta\u00e7\u00e3o) Autoras: Thaysa Diovanna Bortoncello, Graziela Escandiel de Lima (Orientadora) e Doris Pires Vargas Bolzan (Coorientadora). Fevereiro de 2023. [<a href=\"https:\/\/www.ufsm.br\/app\/uploads\/sites\/542\/2023\/10\/Produto-Thaysa-Diovanna-Bortoncello.pdf\">Arquivo<\/a>]<\/p>\n<p><strong>Comit\u00ea de Trabalho H\u00edbrido.<\/strong> (Desenvolvimento t\u00e9cnico \u2013 modelo de gest\u00e3o administrativa) Autores: Marcos Alexandre Ferreira de Lima e Silva e Maria Eliza Rosa Gama (Orientadora). Mar\u00e7o de 2023. [<a href=\"https:\/\/www.ufsm.br\/app\/uploads\/sites\/542\/2023\/10\/Produto-Marcos-Alexandre-Ferreira-De-Lima-E-Silva.pdf\">Arquivo<\/a>]<\/p>\n<p><strong>Programa de Forma\u00e7\u00e3o Continuada &#8211; Produ\u00e7\u00e3o de Material Did\u00e1tico e Trilhas de Aprendizagem Personalizadas.<\/strong> (Desenvolvimento de curso de curta dura\u00e7\u00e3o) Autores: Bruno Moro Simonetti e Andr\u00e9a Forgiarini Cecchin (Orientadora). Mar\u00e7o de 2023. [<a href=\"https:\/\/www.ufsm.br\/app\/uploads\/sites\/542\/2023\/10\/Produto-Bruno-Moro-Simonetti.pdf\">Arquivo<\/a>]<\/p>\n<p><strong>Desenho Universal para a Aprendizagem &#8211; Da Teoria \u00e0 Pr\u00e1tica Pedag\u00f3gica.<\/strong> (Desenvolvimento de Produto \u2013 Instrucional \u2013 Orienta\u00e7\u00e3o) Autoras: Juliane Medianeira da Silva Costa e Fabiane Romano de Souza Bridi (Orientadora). Mar\u00e7o de 2023. [<a href=\"https:\/\/www.ufsm.br\/app\/uploads\/sites\/542\/2023\/10\/Produto-Juliane-Medianeira-Da-Silva-Costa.pdf\">Arquivo<\/a>]<\/p>\n<p><strong>UM CONVITE \u00c0 SMED: A conta\u00e7\u00e3o de hist\u00f3rias como possibilidade auto(trans)formativa para\/com professoras e professores de educa\u00e7\u00e3o infantil.<\/strong> (Desenvolvimento t\u00e9cnico \u2013 modelo de gest\u00e3o administrativa) Autores: Marilei Almeida de Oliveira e Celso Ilgo Henz (Orientador). Maio de 2023. [<a href=\"https:\/\/www.ufsm.br\/app\/uploads\/sites\/542\/2023\/10\/Produto-Marilei-Almeida-De-Oliveira.pdf\">Arquivo<\/a>]<\/p>\n<p><strong>A gest\u00e3o pedag\u00f3gica escolar e a interconex\u00e3o com outros contextos educativos.<\/strong> (Encarte\/S\u00edntese) Autoras: Daiane Colussi e Lorena In\u00eas Peterini Marquezan (Orientadora). Outubro de 2023. [<a href=\"https:\/\/www.ufsm.br\/app\/uploads\/sites\/542\/2024\/01\/PRODUTO-Daiane-Colussi.pdf\">Arquivo<\/a>]<\/p>\n<p><strong>No Reino Encantado do Pr\u00e9 B. <\/strong>(Livreto) Autoras: Denize Estega de Oliveira e Lorena In\u00eas Peterini Marquezan (Orientadora). Outubro de 2023. [<a href=\"https:\/\/www.ufsm.br\/app\/uploads\/sites\/542\/2024\/01\/Produto-Educacional-DENIZE-ESTEGA-DE-OLIVEIRA.pdf\">Arquivo<\/a>]<\/p>\n<p><strong>Ebook: O Florescer dos Ip\u00eas.<\/strong> (E-book) Autoras: Querti Adriana Guedes e D\u00e9bora Teixeira de Mello (Orientadora). Outubro de 2023. [<a href=\"https:\/\/www.ufsm.br\/app\/uploads\/sites\/542\/2024\/01\/Livro-Ebook-produto-mestrado-QUERTI-ADRIANA-GUEDES.pdf\">Arquivo<\/a>]<\/p>\n<p><strong>Inclus\u00e3o Tecnol\u00f3gica: Caminhos Poss\u00edveis.<\/strong> (Livreto-Guia) Autoras: Alexandra Marin Colpo e Fabiane Romano de Souza Bridi (Orientadora). Outubro de 2023. [<a href=\"https:\/\/www.ufsm.br\/app\/uploads\/sites\/542\/2024\/01\/Produto-Mestrado-Profissional-Alexandra-Marin-Colpo.pdf\">Arquivo<\/a>]<\/p>\n<p><strong>Ateli\u00ea de Aprendizagem para o Primeiro Ciclo do Ensino Fundamental.<\/strong> (Desenvolvimento de Produto \u2013 Projeto) Autoras: Carine Pistoia Guimar\u00e3es e Andr\u00e9a Forgiarini Cecchin (Orientadora). Novembro de 2023. [<a href=\"https:\/\/www.ufsm.br\/app\/uploads\/sites\/542\/2024\/01\/PRODUTO-DA-PESQUISA-CARINE-PISTOIA-GUIMARES.pdf\">Arquivo<\/a>]<\/p>\n<p><strong>Trilha de Orienta\u00e7\u00e3o sobre o Acesso, Perman\u00eancia e Utiliza\u00e7\u00e3o da Casa do Estudante Universit\u00e1rio.<\/strong> (Desenvolvimento de Produto \u2013 Instrucional \u2013 Orienta\u00e7\u00e3o) Autoras: Fernanda Volpato Chiapinoto e Elisiane Machado Lunardi (Orientadora). Novembro de 2023. [<a href=\"https:\/\/www.ufsm.br\/app\/uploads\/sites\/542\/2024\/01\/Produto-MP-FERNANDA-VOLPATO.pdf\">Arquivo<\/a>]<\/p>\n<p><strong>Manual de Orienta\u00e7\u00f5es\/Recomenda\u00e7\u00f5es sobre a qualidade da oferta na Educa\u00e7\u00e3o Infantil nas Institui\u00e7\u00f5es Credenciadas no Munic\u00edpio de Santa Cruz do Sul\/RS<\/strong> (Desenvolvimento de Produto \u2013 Instrucional \u2013 Orienta\u00e7\u00e3o) Autoras: Andrielli Leal Foletto e D\u00e9bora Teixeira de Mello (Orientadora). Fevereiro de 2023. [<a href=\"https:\/\/www.ufsm.br\/app\/uploads\/sites\/542\/2024\/03\/produto-com-capa-Andrielli-Leal-Foletto.pdf\">Arquivo<\/a>]<\/p>\n<p><strong>CURSO MOOC ( (MASSIVE OPEN ONLINE COURSES)<\/strong> (Desenvolvimento de Produto \u2013 Instrucional) Autoras: Dione Noschang Schweigert e Andrea Forgiarini Cecchin. Dezembro de 2023. [<a href=\"https:\/\/www.ufsm.br\/app\/uploads\/sites\/542\/2024\/03\/PRODUTO-EDUCACIONAL-DIONE-NOSCHANG-SCHWEIGERT.pdf\">Arquivo<\/a>]<\/p>\n<p><strong>Pol\u00edticas Curriculares e Educa\u00e7\u00e3o Antirracista: transgress\u00f5es poss\u00edveis na Educa\u00e7\u00e3o B\u00e1sica<\/strong> (Desenvolvimento de Produto \u2013 Guia). Autoras:\u00a0 Fabiane Soares dos Santos e D\u00e9bora Ortiz de Le\u00e3o (Orientadora). Novembro de 2023. [<a href=\"https:\/\/www.ufsm.br\/app\/uploads\/sites\/542\/2024\/03\/PRODUTO-FINAL-FABIANE-SOARES-DOS-SANTOS.pdf\">Arquivo<\/a>]<\/p>\n<p><strong>Orienta\u00e7\u00f5es t\u00e9cnicas para elabora\u00e7\u00e3o do Plano de Lota\u00e7\u00e3o de Pessoal da RME\/SM.<\/strong> (Desenvolvimento de Produto \u2013 Instrucional \u2013 Orienta\u00e7\u00e3o) Autoras: Simone Freo de Souza e Marilene Gabriel Dalla Corte (Orientadora). Dezembro de 2023. [<a href=\"https:\/\/www.ufsm.br\/app\/uploads\/sites\/542\/2024\/03\/Produto-Simone.pdf\">Arquivo<\/a>]<\/p>\n<p><strong>O Ensino Colaborativo como propulsor para o processo de identifica\u00e7\u00e3o de estudantes com indicadores de AH\/SD.<\/strong> (Desenvolvimento de Produto \u2013 Instrucional \u2013 Orienta\u00e7\u00e3o) Autoras: Patr\u00edcia Santos da Silva e Tatiane Negrini (Orientadora). Dezembro de 2023. [<a href=\"https:\/\/www.ufsm.br\/app\/uploads\/sites\/542\/2024\/03\/Produto-Patricia-Santos-da-Silva.pdf\">Arquivo<\/a>]<\/p>\n<p><strong>GEIM &#8211; Grupo de Enriquecimento das intelig\u00eancias M\u00faltiplas.<\/strong> (Desenvolvimento de Produto \u2013 Instrucional ) Autoras: Alice Motta Ribeiro e Tatiane Negrini (Orientadora). Dezembro de 2023. [<a href=\"https:\/\/www.ufsm.br\/app\/uploads\/sites\/542\/2024\/03\/Produto-Alice-Motta-Ribeiro.pdf\">Arquivo<\/a>]<\/p>\n<p><strong>IRDES &#8211; Invent\u00e1rio de Rastreio das Dificuldades no Ensino Superior.<\/strong> (Desenvolvimento de Produto \u2013 Instrumento de Avalia\u00e7\u00e3o). Autoras: Franciele Xhabiaras Grapiglia e Silvia Maria de Oliveira Pav\u00e3o (Orientadora). Outubro de 2023.\u00a0[<a href=\"https:\/\/www.ufsm.br\/app\/uploads\/sites\/542\/2024\/03\/Produto-Franciele-Xhabiaras-Grapiglia.pdf\">Arquivo<\/a>]<\/p>\n<p><strong>Elementos fundamentais para a constru\u00e7\u00e3o de curr\u00edculo voltado para a forma\u00e7\u00e3o integral humana.<\/strong> (Desenvolvimento de Produto \u2013 Instrucional ) Autoras: Michelle Schlesner Rohde e Luciana Bagolin Zambon (Orientadora). Dezembro de 2023. [<a href=\"https:\/\/www.ufsm.br\/app\/uploads\/sites\/542\/2024\/03\/PRODTO-EDUCACIONAL-Michele-Rohde.pdf\">Arquivo<\/a>]\u00a0<\/p>\n<p><strong>Projetos Colaborativos na EMEF J\u00falio do Canto: continuidades e constru\u00e7\u00f5es.<\/strong> (Desenvolvimento t\u00e9cnico &#8211; Projeto) Autoras: Darlane Marques Vivian e Ana Carla Hollweg Powaczuk (Orientadora). Dezembro de 2023. [<a href=\"https:\/\/www.ufsm.br\/app\/uploads\/sites\/542\/2024\/03\/PRODUTO-EDUCACIONAL-Darlane-Vivian.pdf\">Arquivo<\/a>]<\/p>\n<p><strong>Plano de a\u00e7\u00e3o pedag\u00f3gica escolar: possibilidades para a gest\u00e3o em rede colaborativa em territ\u00f3rios de vulnerabilidade social.<\/strong> (Desenvolvimento t\u00e9cnico &#8211; Projeto) Autoras: Luci\u00e9li da Concei\u00e7\u00e3o Leal e Ana Carla Hollweg Powaczuk (Orientadora). Novembro de 2023. [<a href=\"https:\/\/www.ufsm.br\/app\/uploads\/sites\/542\/2024\/03\/Produto-Lucieli-Leal.pdf\">Arquivo<\/a>]<\/p>\n<p><strong>PTC &#8211; Plataforma de Trabalho Colaborativo: produto Educacional.<\/strong> (Desenvolvimento de Plataforma digital). Autoras: Beatriz Fagundes Bica e Elisiane Machado Lunardi (Orientadora). Novembro de 2023. [<a href=\"https:\/\/www.ufsm.br\/app\/uploads\/sites\/542\/2024\/03\/Produto-Beatriz-Bica.pdf\">Arquivo<\/a>]<\/p>\n<p><strong>P\u00e1gina de Facebook com Informa\u00e7\u00f5es sobre Classes Multisseriadas.\u00a0<\/strong>(Desenvolvimento de produto digital &#8211; P\u00e1gina no Facebook). Autoras: Mara Gisele Medeiros Stefenon Berger e D\u00e9bora Ortiz de Le\u00e3o (Orientadora). Novembro de 2023. [<a href=\"https:\/\/www.ufsm.br\/app\/uploads\/sites\/542\/2025\/02\/Produto-Mara-Gisele.pdf\">Arquivo<\/a>]<\/p>\n<p><strong>C\u00edrculos Dial\u00f3gicos Investigativos Auto(trans)formativos como Proposta de Forma\u00e7\u00e3o Permanente para a Coordena\u00e7\u00e3o Pedag\u00f3gica da Rede Municipal de Alegrete-RS.\u00a0<\/strong>(Desenvolvimento de curso de curta dura\u00e7\u00e3o). Autoras: Idalizia Barcelos Rodrigues Dorneles e Elisiane Machado Lunardi (Orientadora). Novembro de 2023. [<a href=\"https:\/\/www.ufsm.br\/app\/uploads\/sites\/542\/2025\/02\/PRODUTO-Idalizia-Barcelos-Rodrigues-Dorneles.pdf\">Arquivo<\/a>]<\/p>\n<p><strong>Inspira\u00e7\u00f5es para o Ensino Colaborativo.<\/strong> (E-book) Autoras: Lisania Barbosa Zambeli e Fabiane Romano de Souza Bridi. Dezembro de 2023 [<a href=\"https:\/\/www.ufsm.br\/app\/uploads\/sites\/542\/2024\/03\/Produto-Educacional-LISANIA-BARBOSA-ZAMBELI.pdf\">Arquivo<\/a>]<\/p>\n<p><strong>TRABALHO DOCENTE: DA UTOPIA A REALIDADE, SONHOS VI\u00c1VEIS!.<\/strong> (Proposi\u00e7\u00e3o de atividade docente). Autoras: Sabrina Marafiga Cardoso da Silva e Graziela Escandiel de Lima (Orientadora). Dezembro de 2023. [<a href=\"https:\/\/www.ufsm.br\/app\/uploads\/sites\/542\/2024\/03\/produto-sabrina-marafiga.pdf\">Arquivo<\/a>]<\/p>\n<p><strong>Roteiro com Pautas\/Elementos de Observa\u00e7\u00f5es para a Escola da Inf\u00e2ncia\/Creche a partir de Registros Audiovisuais<\/strong>. (Roteiro de proposta pedag\u00f3gica). Autoras: Jucelaine Domingues Curin e Doris Pires Vargas Bolzan (Orientadora). Dezembro de 2023. [<a href=\"https:\/\/www.ufsm.br\/app\/uploads\/sites\/542\/2024\/03\/produto-jucelaine-curin.pdf\">Arquivo<\/a>]<\/p>\n<p>\u00a0<\/p>\n<p>\u00a0<\/p>\n<p>\u00a0<\/p>\n<p>\u00a0<\/p>\n","protected":false},"excerpt":{"rendered":"<p>Aux\u00edlio \u00e0 Aquisi\u00e7\u00e3o de Material Pedag\u00f3gico Implicado \u00e0 Perman\u00eancia e Desenvolvimento de Estudantes na Educa\u00e7\u00e3o Superior.\u00a0(Desenvolvimento de Produto \u2013 Instrucional \u2013 Orienta\u00e7\u00e3o) Autores: Jo\u00e3o Felipe Figueiredo e Marilene Gabriel Dalla Corte (Orientadora). Janeiro de 2023. [Arquivo] Avalia\u00e7\u00e3o para as A\u00e7\u00f5es de Extens\u00e3o na Universidade Federal de Santa Maria. (Desenvolvimento t\u00e9cnico \u2013 proposta instrucional) Autoras: Alice [&hellip;]<\/p>\n","protected":false},"author":1102,"featured_media":0,"parent":0,"menu_order":0,"comment_status":"closed","ping_status":"closed","template":"","meta":{"footnotes":""},"categories":[],"tags":[],"class_list":["post-2086","page","type-page","status-publish","hentry"],"acf":[],"_links":{"self":[{"href":"https:\/\/www.ufsm.br\/cursos\/pos-graduacao\/santa-maria\/pppg\/wp-json\/wp\/v2\/pages\/2086","targetHints":{"allow":["GET"]}}],"collection":[{"href":"https:\/\/www.ufsm.br\/cursos\/pos-graduacao\/santa-maria\/pppg\/wp-json\/wp\/v2\/pages"}],"about":[{"href":"https:\/\/www.ufsm.br\/cursos\/pos-graduacao\/santa-maria\/pppg\/wp-json\/wp\/v2\/types\/page"}],"author":[{"embeddable":true,"href":"https:\/\/www.ufsm.br\/cursos\/pos-graduacao\/santa-maria\/pppg\/wp-json\/wp\/v2\/users\/1102"}],"replies":[{"embeddable":true,"href":"https:\/\/www.ufsm.br\/cursos\/pos-graduacao\/santa-maria\/pppg\/wp-json\/wp\/v2\/comments?post=2086"}],"version-history":[{"count":0,"href":"https:\/\/www.ufsm.br\/cursos\/pos-graduacao\/santa-maria\/pppg\/wp-json\/wp\/v2\/pages\/2086\/revisions"}],"wp:attachment":[{"href":"https:\/\/www.ufsm.br\/cursos\/pos-graduacao\/santa-maria\/pppg\/wp-json\/wp\/v2\/media?parent=2086"}],"wp:term":[{"taxonomy":"category","embeddable":true,"href":"https:\/\/www.ufsm.br\/cursos\/pos-graduacao\/santa-maria\/pppg\/wp-json\/wp\/v2\/categories?post=2086"},{"taxonomy":"post_tag","embeddable":true,"href":"https:\/\/www.ufsm.br\/cursos\/pos-graduacao\/santa-maria\/pppg\/wp-json\/wp\/v2\/tags?post=2086"}],"curies":[{"name":"wp","href":"https:\/\/api.w.org\/{rel}","templated":true}]}}