{"id":2278,"date":"2024-08-05T11:42:33","date_gmt":"2024-08-05T14:42:33","guid":{"rendered":"https:\/\/www.ufsm.br\/cursos\/pos-graduacao\/santa-maria\/pppg\/?page_id=2278"},"modified":"2026-02-12T08:43:18","modified_gmt":"2026-02-12T11:43:18","slug":"2024-2","status":"publish","type":"page","link":"https:\/\/www.ufsm.br\/cursos\/pos-graduacao\/santa-maria\/pppg\/2024-2","title":{"rendered":"2024"},"content":{"rendered":"\n<p><strong>Gest\u00e3o Participativa na Assist\u00eancia Estudantil: Sobre a Produ\u00e7\u00e3o de uma Pol\u00edtica Institucional da UFSM.<\/strong> (Desenvolvimento de Produto &#8211; Proposta de Ensino). Autores: Bruna Surdi Alves e Joacir Marques da Costa (Orientador). Mar\u00e7o de 2024. [<a href=\"https:\/\/www.ufsm.br\/app\/uploads\/sites\/542\/2024\/08\/bruna-0103_PRODUTO.pdf\">Arquivo<\/a>]<\/p>\n<p><strong>Planejamento Estrat\u00e9gico Participativo na Escola Infantil: Guia para Gestores na (P\u00f3s) Pandemia.<\/strong> (Desenvolvimento t\u00e9cnico &#8211; modelo de gest\u00e3o administrativa). Autores: Eliane Couto Bueno e Maria Eliza Rosa Gama (Orientadora). Fevereiro de 2024. [<a href=\"https:\/\/www.ufsm.br\/app\/uploads\/sites\/542\/2024\/08\/PRODUTO-apos-defesa-PDF.pdf\">Arquivo<\/a>]<\/p>\n<p><strong>PROGRAMA DE EDUCA\u00c7\u00c3O CONTINUADA PARA COORDENADORES E COORDENADORAS PEDAG\u00d3GICAS.&nbsp;<\/strong>(Desenvolvimento de curso de curta dura\u00e7\u00e3o). Autoras: Andressa Bordignon e Andr\u00e9a Forgiarini Cecchin (Orientadora). Mar\u00e7o de 2024. [<a href=\"https:\/\/www.ufsm.br\/app\/uploads\/sites\/542\/2025\/02\/Produto-Educacional-ANDRESSA-BORDIGNON.pdf\">Arquivo<\/a>]<\/p>\n<p><strong>A Inser\u00e7\u00e3o do Setor Privado na Educa\u00e7\u00e3o B\u00e1sica Municipal e Seus Efeitos nas Pol\u00edticas P\u00fablicas Educacionais.&nbsp;<\/strong>(Desenvolvimento de Produto &#8211; Roteiro). Autoras: Ang\u00e9lica Felske Gabriel, Viviane Vital Martins Ferraz e Rosane Carneiro Sarturi (Orientadora). Janeiro de 2024. [<a href=\"https:\/\/www.ufsm.br\/app\/uploads\/sites\/542\/2025\/02\/Produto-ANGELICA-FELSKE-GABRIEL.pdf\">Arquivo<\/a>]<\/p>\n<p><strong>GRUPO DE APOIO AO DOCENTE (GADOCE).&nbsp;<\/strong>(Proposta de processo para gest\u00e3o). Autores: Diego Emanoel Veis Bentancourt e Maria Eliza Rosa Gama (Orientadora). Mar\u00e7o de 2024. [<a href=\"https:\/\/www.ufsm.br\/app\/uploads\/sites\/542\/2025\/02\/Produto-Educacional-DIEGO-EMANOEL-VEIS-BENTANCOURT.pdf\">Arquivo<\/a>]<\/p>\n<p><strong>Perspectiva do Olhar: Escrevendo uma Escola para Todos.&nbsp;<\/strong>(Desenvolvimento de Produto &#8211; Proposta de Ensino). Autoras: Jana\u00edna Thuorst e Fabiane Romano de Souza Bridi (Orientadora). Mar\u00e7o de 2024. [<a href=\"https:\/\/www.ufsm.br\/app\/uploads\/sites\/542\/2025\/02\/Produto-Educacional-JANAINA-THUORST.pdf\">Arquivo<\/a>]<\/p>\n<p><strong>POL\u00cdTICAS CURRICULARES E SABERES DOCENTES: CONTRIBUI\u00c7\u00d5ES PARA REORGANIZA\u00c7\u00c3O DA MATRIZ CURRICULAR DA EDUCA\u00c7\u00c3O F\u00cdSICA NOS ANOS INICIAIS DA EDUCA\u00c7\u00c3O DO CAMPO.&nbsp;<\/strong>(Desenvolvimento de Produto &#8211; Proposta de Ensino). Autoras: Ta\u00eds Cecchin Marafiga e D\u00e9bora Ortiz de Le\u00e3o (Orientadora). Agosto de 2024. [<a href=\"https:\/\/www.ufsm.br\/app\/uploads\/sites\/542\/2025\/02\/Produto-Educacional-Tais-Cecchin-Marafiga.pdf\">Arquivo<\/a>]<\/p>\n<p><strong>GEST\u00c3O DE CICLOS (AUTO) FORMATIVOS PARA A EDUCA\u00c7\u00c3O ANTIRRACISTA E O LETRAMENTO RACIAL.<\/strong> (Desenvolvimento de Produto &#8211; Proposta de Ensino). Autoras: Amanda Fontoura Rocha e Adriana Moreira da Rocha Veiga (Orientadora). Agosto de 2024. [<a href=\"https:\/\/www.ufsm.br\/app\/uploads\/sites\/542\/2025\/02\/Produto-Educacional-AMANDA-FONTOURA-ROCHA.pdf\">Arquivo<\/a>]<\/p>\n<p><strong>Matriz de Avalia\u00e7\u00e3o das Condi\u00e7\u00f5es de Inclus\u00e3o e Acessibilidade nas Institui\u00e7\u00f5es Federais de Ensino Superior.&nbsp;<\/strong>(Desenvolvimento t\u00e9cnico &#8211; Instrumento de Avalia\u00e7\u00e3o). Autoras: Liara Londero de Souza e S\u00edlvia Maria de Oliveira Pav\u00e3o (Orientadora). Setembro de 2024. [<a href=\"https:\/\/www.ufsm.br\/app\/uploads\/sites\/542\/2025\/02\/Produto-Educacional-Liara-Londero-de-Souza.pdf\">Arquivo<\/a>]<\/p>\n\n\n\n<p><strong>AVALIA\u00c7\u00c3O EM LARGA ESCALA NOS ANOS INICIAIS DO ENSINO FUNDAMENTAL DA REDE MUNICIPAL DE SANTA MARIA\/RS: <\/strong>A RECOMPOSI\u00c7\u00c3O DE APRENDIZAGEM P\u00d3S PANDEMIA. (Desenvolvimento de Produto &#8211; Proposta de pol\u00edtica). Lorin\u00eas Idalgo Balconi e D\u00e9bora Teixeira de Melo (Orientadora). Novembro de 2024. [<a href=\"https:\/\/www.ufsm.br\/app\/uploads\/sites\/542\/2025\/03\/Produto-Educacional-LORINES-IDALGO-BALCONI.pdf\">Arquivo<\/a>]<\/p>\n\n\n\n<p><strong>TRILHAS FORMATIVAS PARA DOCENTES.<\/strong> (Desenvolvimento de produto &#8211; Forma\u00e7\u00e3o). Fernanda Dorneles Vargas e Andr\u00e9a Forgiarini Cecchin (Orientadora). Novembro de 2024. [ <a href=\"https:\/\/www.ufsm.br\/app\/uploads\/sites\/542\/2025\/03\/Produto-Educacional-FERNANDA-DORNELES-VARGAS.pdf\">Arquivo<\/a>]<\/p>\n\n\n\n<p><strong>CARTA AOS EDUCADORES DA NOSSA COMUNIDADE ESCOLAR.<\/strong> (Trabalho T\u00e9cnico &#8211; Carta). Autoras: Josiane Ramos Ilha Crispim e Graziela Escandiel de Lima (Orientadora). Dezembro de 2024. [<a href=\"https:\/\/www.ufsm.br\/app\/uploads\/sites\/542\/2025\/02\/Produto-Educacional-JOSIANE-RAMOS-ILHA-CRISPAM.pdf\">Arquivo<\/a>]<\/p>\n\n\n\n\n\n<p><strong>PRODUTO DE PESQUISA DE DISSERTA\u00c7\u00c3O: UM PROGRAMA DE WEB R\u00c1DIO ESCOLAR COMO INTERVEN\u00c7\u00c3O PEDAG\u00d3GICA.<\/strong> (Desenvolvimento de Produto &#8211; R\u00e1dio WEB). Camila Rodrigues da Silva e Maria Eliza Rosa Gama (Orientadora). Dezembro de 2024. [<a href=\"https:\/\/www.ufsm.br\/app\/uploads\/sites\/542\/2025\/02\/Produto-CAMILA-RODRIGUES.pdf\">Arquivo<\/a>] <\/p>\n\n\n\n<p><strong>PRODUTO\/PROCESSO DE RESOLU\u00c7\u00c3O DE CONFLITOS BUSCANDO UMA EDUCA\u00c7\u00c3O PARA A PAZ &#8211; <em>PODCAST<\/em><\/strong> ( Desenvolvimento de Produto &#8211; podcast). Carmem Terezinha Maur\u00edcio dos Santos e Lorena In\u00eas Peterini Marquezan (Orientadora). Dezembro de 2024.&nbsp; [<a href=\"https:\/\/drive.google.com\/file\/d\/1se2gVsovQX12dqb-j1-8zDMP2JJ7KH8y\/view?usp=sharing\">Arquivo<\/a>]<\/p>\n\n\n\n<p><strong>SITE EDUCACIONAL RECURSOS EDUCACIONAIS DIGITAIS (REDs). <\/strong>(Desenvolvimento de Produto: site educacional. Daiana Pinheiro Lemes Sampaio e Andr\u00e9a Forgiarini Cecchin (Orientadora). Dezembro de 2024. [<a href=\"https:\/\/www.ufsm.br\/app\/uploads\/sites\/542\/2025\/03\/Produto-Educacional-DAIANA-PINHEIRO-LEMES-SAMPAIO.pdf\">Arquivo<\/a>]<\/p>\n\n\n\n\n\n<p><strong>O PRODUTO: cria\u00e7\u00e3o da Documenta\u00e7\u00e3o Pedag\u00f3gica Formativa<\/strong>. (Desenvolvimento T\u00e9cnico &#8211; Estrat\u00e9gia Metodol\u00f3gica). Juliana Pinto Gomes de Menezes e Taciana C\u00e2mera Segat (Orientadora). Dezembro de 2024. [<a href=\"https:\/\/www.ufsm.br\/app\/uploads\/sites\/542\/2025\/03\/Produto-Educacional-JULIANA-PINTO-GOMES-DE-MENEZES.pdf\">Arquivo<\/a>]<\/p>\n\n\n\n<p><strong>Produto Educacional: Blog DOTARE \u2013 Jogos e Atividades L\u00fadicas para o estudante com Altas Habilidades\/Superdota\u00e7\u00e3o.<\/strong> (Desenvolvimento de Produto &#8211; Blog). Debora Silvana Vaz Soares e Tatiane Negrini (Orientador). Dezembro de 2024. [<a href=\"https:\/\/www.ufsm.br\/app\/uploads\/sites\/542\/2025\/03\/PRODUTO-EDUCACIONAL-DEBORA-SOARES.pdf\">Arquivo<\/a>] &#8211; Link para acesso: <a href=\"https:\/\/dotaree.blogspot.com\/\">https:\/\/dotaree.blogspot.com\/<\/a><\/p>\n\n\n\n\n\n<p><strong>PRODUTO EDUCACIONAL: PORTF\u00d3LIO DIGITAL.<\/strong> (Desenvolvimento de Produto &#8211; Portif\u00f3lio Digital). C\u00e9lia Beatris Garcia Haetinger e Taciana Camera Segat (Orientadora). Dezembro de 2024.\u00a0[<a href=\"https:\/\/www.ufsm.br\/app\/uploads\/sites\/542\/2025\/03\/PRODUTO-EDUCACIONAL-CELIA.pdf\">Arquivo<\/a>]<\/p>\n\n\n","protected":false},"excerpt":{"rendered":"<p>Gest\u00e3o Participativa na Assist\u00eancia Estudantil: Sobre a Produ\u00e7\u00e3o de uma Pol\u00edtica Institucional da UFSM. (Desenvolvimento de Produto &#8211; Proposta de Ensino). Autores: Bruna Surdi Alves e Joacir Marques da Costa (Orientador). Mar\u00e7o de 2024. [Arquivo] Planejamento Estrat\u00e9gico Participativo na Escola Infantil: Guia para Gestores na (P\u00f3s) Pandemia. (Desenvolvimento t\u00e9cnico &#8211; modelo de gest\u00e3o administrativa). Autores: [&hellip;]<\/p>\n","protected":false},"author":2369,"featured_media":0,"parent":0,"menu_order":0,"comment_status":"closed","ping_status":"closed","template":"","meta":{"footnotes":""},"categories":[],"tags":[],"class_list":["post-2278","page","type-page","status-publish","hentry"],"acf":[],"_links":{"self":[{"href":"https:\/\/www.ufsm.br\/cursos\/pos-graduacao\/santa-maria\/pppg\/wp-json\/wp\/v2\/pages\/2278","targetHints":{"allow":["GET"]}}],"collection":[{"href":"https:\/\/www.ufsm.br\/cursos\/pos-graduacao\/santa-maria\/pppg\/wp-json\/wp\/v2\/pages"}],"about":[{"href":"https:\/\/www.ufsm.br\/cursos\/pos-graduacao\/santa-maria\/pppg\/wp-json\/wp\/v2\/types\/page"}],"author":[{"embeddable":true,"href":"https:\/\/www.ufsm.br\/cursos\/pos-graduacao\/santa-maria\/pppg\/wp-json\/wp\/v2\/users\/2369"}],"replies":[{"embeddable":true,"href":"https:\/\/www.ufsm.br\/cursos\/pos-graduacao\/santa-maria\/pppg\/wp-json\/wp\/v2\/comments?post=2278"}],"version-history":[{"count":0,"href":"https:\/\/www.ufsm.br\/cursos\/pos-graduacao\/santa-maria\/pppg\/wp-json\/wp\/v2\/pages\/2278\/revisions"}],"wp:attachment":[{"href":"https:\/\/www.ufsm.br\/cursos\/pos-graduacao\/santa-maria\/pppg\/wp-json\/wp\/v2\/media?parent=2278"}],"wp:term":[{"taxonomy":"category","embeddable":true,"href":"https:\/\/www.ufsm.br\/cursos\/pos-graduacao\/santa-maria\/pppg\/wp-json\/wp\/v2\/categories?post=2278"},{"taxonomy":"post_tag","embeddable":true,"href":"https:\/\/www.ufsm.br\/cursos\/pos-graduacao\/santa-maria\/pppg\/wp-json\/wp\/v2\/tags?post=2278"}],"curies":[{"name":"wp","href":"https:\/\/api.w.org\/{rel}","templated":true}]}}