{"id":233,"date":"2019-04-01T10:44:06","date_gmt":"2019-04-01T13:44:06","guid":{"rendered":"https:\/\/www.ufsm.br\/cursos\/pos-graduacao\/santa-maria\/pppg\/?page_id=233"},"modified":"2019-04-01T10:44:08","modified_gmt":"2019-04-01T13:44:08","slug":"eventos-2016","status":"publish","type":"page","link":"https:\/\/www.ufsm.br\/cursos\/pos-graduacao\/santa-maria\/pppg\/eventos-2016","title":{"rendered":"Eventos &#8211; 2016"},"content":{"rendered":"\n<table>\n<tbody>\n<tr>\n<td style=\"width: 142px\">\n<p><strong>Evento<\/strong><\/p>\n<\/td>\n<td style=\"width: 124px\">\n<p><strong>Local<\/strong><\/p>\n<\/td>\n<td style=\"width: 91px\">\n<p><strong>Per\u00edodo<\/strong><\/p>\n<\/td>\n<td style=\"width: 214px\">\n<p><strong>Valor da inscri\u00e7\u00e3o<\/strong><\/p>\n<p>\u00a0<\/p>\n<\/td>\n<td style=\"width: 89px\">\n<p><strong>Link Site<\/strong><\/p>\n<\/td>\n<\/tr>\n<tr>\n<td style=\"width: 142px\">\n<p>IX Congresso Ibero-americano de Doc\u00eancia Universit\u00e1ria<\/p>\n<\/td>\n<td style=\"width: 124px\">\n<p>Murcia- Espanha<\/p>\n<\/td>\n<td style=\"width: 91px\">\n<p>31\/03 \u00e0 02\/04<\/p>\n<\/td>\n<td style=\"width: 214px\">\n<p>190 \u20ac\/ 230 \u20ac \u00a0Desempregados estudantes 60 \u20ac \u00a0\/ 100 \u20ac<\/p>\n<\/td>\n<td style=\"width: 89px\">\n<p><a href=\"http:\/\/cidumurcia2016.com\/event_detail\/2222\/sections\/1951\/plazos-y-matricula.html\">site<\/a><\/p>\n<\/td>\n<\/tr>\n<tr>\n<td style=\"width: 142px\">\n<p>VIII Encontro Brasileiro da RedEstrado \u2013 Trabalho Docente e PNE: desafios \u00e0 valoriza\u00e7\u00e3o profissional<\/p>\n<\/td>\n<td style=\"width: 124px\">\n<p>Universidade Federal de Santa Maria \u2013 Santa Maria<\/p>\n<\/td>\n<td style=\"width: 91px\">\n<p>04 \u00e0 06\/04<\/p>\n<p><strong>\u00a0<\/strong><\/p>\n<p><strong>Inscri\u00e7\u00f5es<\/strong><\/p>\n<p>at\u00e9 3 de fevereiro de 2016<\/p>\n<p>\u00a0<\/p>\n<\/td>\n<td style=\"width: 214px\">\n<p>Estudantes de gradua\u00e7\u00e3oR$ 80,00\/ 130,00 Estudantes de p\u00f3s-gradua\u00e7\u00e3o e professores da rede p\u00fablica de Educa\u00e7\u00e3o B\u00e1sica R$ 100,00 \/ 150,00<\/p>\n<p>\u00a0<\/p>\n<p>Professores universit\u00e1riosR$ 160,00 \/ 180,00<\/p>\n<p>\u00a0<\/p>\n<\/td>\n<td style=\"width: 89px\">\n<p>site<\/p>\n<\/td>\n<\/tr>\n<tr>\n<td style=\"width: 142px\">\n<p>2\u00ba Congresso Iberoamericano de Educa\u00e7\u00e3o Comparada e 7\u00ba Encontro Internacional da Sociedade Brasileira de Educa\u00e7\u00e3o Comparada<\/p>\n<\/td>\n<td style=\"width: 124px\">\n<p>Jo\u00e3o Pessoa \u2013 Para\u00edba<\/p>\n<\/td>\n<td style=\"width: 91px\">\n<p>12 \u00e0 15 de outubro de 2016<\/p>\n<\/td>\n<td style=\"width: 214px\">\n<p>Valores ainda n\u00e3o dispon\u00edveis<\/p>\n<\/td>\n<td style=\"width: 89px\">\n<p><a href=\"http:\/\/www.educacaocomparada.com.br\/\">site<\/a><\/p>\n<\/td>\n<\/tr>\n<tr>\n<td style=\"width: 142px\">\n<p>SEEC XV Congress: Ciudadan\u00eda Mundial y Educaci\u00f3n para el Desarrollo<\/p>\n<\/td>\n<td style=\"width: 124px\">\n<p>Sevilla- \u00a0Espanha\u00a0<br \/>(Universidad Pablo de Olavide)<\/p>\n<\/td>\n<td style=\"width: 91px\">\n<p>16 a 18 de novembro de 2016<\/p>\n<\/td>\n<td style=\"width: 214px\">\n<p>Valores ainda n\u00e3o dispon\u00edveis<\/p>\n<\/td>\n<td style=\"width: 89px\">\n<p><a href=\"https:\/\/www.seec.com.es\/event\/xv-congreso-de-educacion-comparada\/\">site<\/a><\/p>\n<\/td>\n<\/tr>\n<tr>\n<td style=\"width: 142px\">\n<p>XVI World Congress of Comparative Education Societies<\/p>\n<\/td>\n<td style=\"width: 124px\">\n<p>Beijing, China (Beijing Normal University)<\/p>\n<\/td>\n<td style=\"width: 91px\">\n<p>22-26 agosto de 2016<br \/>Prazo: 15 de mar\u00e7o<\/p>\n<\/td>\n<td style=\"width: 214px\">\n<p>At\u00e9 30 de maio Pago completa<\/p>\n<p>USD500<\/p>\n<p>Estudantes:\u00a0USD290<\/p>\n<p>\u00a0<\/p>\n<\/td>\n<td style=\"width: 89px\">\n<p>site\u00a0<\/p>\n<\/td>\n<\/tr>\n<tr>\n<td style=\"width: 142px\">\n<p>IV Semin\u00e1rio Internacional Integrado UFSM<\/p>\n<\/td>\n<td style=\"width: 124px\">\n<p>Universidade Federal de Santa Maria \u2013 RS<\/p>\n<\/td>\n<td style=\"width: 91px\">\n<p>15 a 17 de junho<\/p>\n<\/td>\n<td style=\"width: 214px\">\n<p>Valores ainda n\u00e3o dispon\u00edveis<\/p>\n<\/td>\n<td style=\"width: 89px\">\n<p>site em constru\u00e7\u00e3o<\/p>\n<\/td>\n<\/tr>\n<tr>\n<td style=\"width: 142px\">\n<p>VII Encuentro Internacional de Investigadores de Pol\u00edticas Educativas (VII EIIPE)<\/p>\n<\/td>\n<td style=\"width: 124px\">\n<p>Montevideo, Uruguay (Universidad de la Rep\u00fablica)<\/p>\n<\/td>\n<td style=\"width: 91px\">\n<p>20, 21 e 22 de setembro de 2016<\/p>\n<\/td>\n<td style=\"width: 214px\">\n<p>At\u00e9 31 de maio. Professores\/Investigadores: 50 euros<\/p>\n<p>Estudantes: 20 euros<\/p>\n<p>A partir de 31 de maio:<\/p>\n<p>Professores\/Investigadores: 75 euros<\/p>\n<p>Estudantes: 30 euros<\/p>\n<p><strong>Trabalhos:<\/strong>\u00a010 de marzo a 30 de abril de 2016<\/p>\n<p>\u00a0<\/p>\n<\/td>\n<td style=\"width: 89px\">\n<p><a href=\"http:\/\/grupomontevideo.org\/sitio\/noticias\/vii-encuentro-internacional-de-investigadores-de-politicas-educativas-del-nucleo-disciplinario-de-eduacion-para-la-integracion\/\">site<\/a><\/p>\n<\/td>\n<\/tr>\n<tr>\n<td style=\"width: 142px\">\n<p>III Simp\u00f3sio Luso-brasileiro em estudos da crian\u00e7a: Travessias e travessuras nos estudos da crian\u00e7a<\/p>\n<\/td>\n<td style=\"width: 124px\">\n<p>Porto, Portugal<\/p>\n<\/td>\n<td style=\"width: 91px\">\n<p>19 E 20 de julho 2016<\/p>\n<p>A partir de 01 de Janeiro de 2016 At\u00e9 31 de maio.<\/p>\n<p>\u00a0<\/p>\n<\/td>\n<td style=\"width: 214px\">\n<p>At\u00e9 31 de maio. Professores\/Investigadores: 50 euros<\/p>\n<p>Estudantes: 20 euros<\/p>\n<p>A partir de 31 de maio:<\/p>\n<p>Professores\/Investigadores: 75 euros<\/p>\n<p>Estudantes: 30 euros<\/p>\n<p>\u00a0<\/p>\n<\/td>\n<td style=\"width: 89px\">\n<p><a href=\"http:\/\/www.estudosdacrianca3.pt\/?page_id=66\">site<\/a><\/p>\n<\/td>\n<\/tr>\n<tr>\n<td style=\"width: 142px\">\n<p>II F\u00d3RUM INTERNACIONAL DE EDUCA\u00c7\u00c3O; VI SEMIN\u00c1RIO NACIONAL DE PESQUISA EM EDUCA\u00c7\u00c3O; XIV F\u00d3RUM NACIONAL DE EDUCA\u00c7\u00c3O; e XVII SEMIN\u00c1RIO REGIONAL DE EDUCA\u00c7\u00c3O B\u00c1SICA<\/p>\n<\/td>\n<td style=\"width: 124px\">\n<p>Santa Cruz do Sul \u2013 UNIVERSIDADE DE SANTA CRUZ DO SUL \u2013 UNISC.<\/p>\n<\/td>\n<td style=\"width: 91px\">\n<p>27\/04\/2016 ao dia 30\/04\/2016<\/p>\n<p>Submiss\u00e3o: 17 de mar\u00e7o<\/p>\n<p>\u00a0<\/p>\n<\/td>\n<td style=\"width: 214px\">\n<p>Estudantes de Gradua\u00e7\u00e3o: R$: 90,00 \u2013 at\u00e9 17 de mar\u00e7o.<br \/>Geral sem apresenta\u00e7\u00e3o de trabalho: R$: 110,00 \u2013 at\u00e9 05 de abril<br \/>Geral sem apresenta\u00e7\u00e3o de trabalho: R$: 130,00 \u2013 at\u00e9 25 de abril<\/p>\n<\/td>\n<td style=\"width: 89px\">\n<p><a href=\"https:\/\/forumeducacao.eventize.com.br\/index.php?pagina=1\">site<\/a><\/p>\n<\/td>\n<\/tr>\n<tr>\n<td style=\"width: 142px\">\n<p>XVIII Endipe<\/p>\n<p>2016<\/p>\n<p>\u00a0<\/p>\n<\/td>\n<td style=\"width: 124px\">\n<p>\u00a0<\/p>\n<p>Mato Grosso<\/p>\n<\/td>\n<td style=\"width: 91px\">\n<p>23 a 26\/08\/2016<\/p>\n<\/td>\n<td style=\"width: 214px\">\n<p>Professores da Rede P\u00fablica c\/ submiss\u00e3o de trabalho e Estudantes de gradua\u00e7\u00e3o R$ 205,00 Professores universit\u00e1rios R$ 360,00<\/p>\n<p>\u00a0<\/p>\n<\/td>\n<td style=\"width: 89px\">\n<p><a href=\"http:\/\/www.ufmt.br\/endipe2016\/home\/\">site<\/a><\/p>\n<\/td>\n<\/tr>\n<tr>\n<td style=\"width: 142px\">\n<p>V congreso internacional sobre el profesorado principiante y la inducci\u00f3n a la docencia<\/p>\n<\/td>\n<td style=\"width: 124px\">\n<p>Rep\u00fablica Dominicana<\/p>\n<p>Boca Chica<\/p>\n<p>\u00a0<\/p>\n<\/td>\n<td style=\"width: 91px\">\n<p>6-8 de junio de 2016<\/p>\n<\/td>\n<td style=\"width: 214px\">\n<p>100 d\u00f3lares USA \u2013 At\u00e9 30 de mar\u00e7o<\/p>\n<p>120 d\u00f3lares USA<\/p>\n<p>Posterior a 30 de mar\u00e7o<\/p>\n<p>\u00a0<\/p>\n<\/td>\n<td style=\"width: 89px\">\n<p>site<\/p>\n<\/td>\n<\/tr>\n<tr>\n<td style=\"width: 142px\">\n<p>ANPED Sul<\/p>\n<\/td>\n<td style=\"width: 124px\">\n<p>Curitiba-PR<\/p>\n<\/td>\n<td style=\"width: 91px\">\n<p>24 a 27 de julho<\/p>\n<\/td>\n<td style=\"width: 214px\">\n<p>At\u00e9 abril de 2016 \u2013 Docentes de P\u00f3s-Gradua\u00e7\u00e3o (S\u00f3cios da ANPED) R$ 230,00 (N\u00e3o s\u00f3cios da ANPED) R$ 550,00. Outros Profissionais da Educa\u00e7\u00e3o R$ 230,00 Estudantes de P\u00f3s Gradua\u00e7\u00e3o R$ 160,00 Outros Estudantes R$ 160,00<\/p>\n<p>Professores da educa\u00e7\u00e3o b\u00e1sica ligados a grupos de pesquisa R$ 160,00<\/p>\n<p>\u00a0<\/p>\n<\/td>\n<td style=\"width: 89px\">\n<p><a href=\"http:\/\/www.anpedsul2016.ufpr.br\/portal\/\">site<\/a><\/p>\n<\/td>\n<\/tr>\n<tr>\n<td style=\"width: 142px\">\n<p>Anpae-RJ V semin\u00e1rio estadual<\/p>\n<\/td>\n<td style=\"width: 124px\">\n<p>Niter\u00f3i- \u00a0Universidade Federal do Fluminense<\/p>\n<\/td>\n<td style=\"width: 91px\">\n<p>11 \u00e0 13 de abril<\/p>\n<\/td>\n<td style=\"width: 214px\">\n<p>Professores da ed. B\u00e1s- R$50,00<\/p>\n<p>Estudantes p\u00f3s gradua\u00e7\u00e3o- R$50,00<\/p>\n<p>Estudantesgradua\u00e7\u00e3o- R$30,00 e demais participantes \u2013 R$80,00<\/p>\n<p>\u00a0<\/p>\n<\/td>\n<td style=\"width: 89px\">\n<p>&#8211;<\/p>\n<\/td>\n<\/tr>\n<tr>\n<td style=\"width: 142px\">\n<p>III F\u00f3rum Nacional dos Mestrados Profissionais em Educa\u00e7\u00e3o \u2013 III FOMPE<\/p>\n<\/td>\n<td style=\"width: 124px\">\n<p>S\u00e3o Paulo\/SP<\/p>\n<p>Universidade Nove de Julho<\/p>\n<p>\u00a0<\/p>\n<\/td>\n<td style=\"width: 91px\">\n<p>11 \u00e0 12 de abril<\/p>\n<\/td>\n<td style=\"width: 214px\">\n<p>&#8211;<\/p>\n<\/td>\n<td style=\"width: 89px\">\n<p>&#8211;<\/p>\n<\/td>\n<\/tr>\n<tr>\n<td style=\"width: 142px\">\n<p>ANPAE (Regional Sul)<\/p>\n<\/td>\n<td style=\"width: 124px\">\n<p>Chapec\u00f3 \u2013 SC<\/p>\n<\/td>\n<td style=\"width: 91px\">\n<p>22 a 24 de maio<\/p>\n<\/td>\n<td style=\"width: 214px\">\n<p>Professor ensino superior: R$120,00 profissional educ. b\u00e1sica: 60,00 estudante de p\u00f3s-gradua\u00e7\u00e3o: R$ 60,00 Estudante de gradua\u00e7\u00e3o: R$ 30,00<\/p>\n<\/td>\n<td style=\"width: 89px\">\n<p>&#8211;<\/p>\n<\/td>\n<\/tr>\n<tr>\n<td style=\"width: 142px\">\n<p>UNTREF<\/p>\n<\/td>\n<td style=\"width: 124px\">\n<p>Punta Cana- Republica Dominicana<\/p>\n<\/td>\n<td style=\"width: 91px\">\n<p>&#8211;<\/p>\n<\/td>\n<td style=\"width: 214px\">\n<p>&#8211;<\/p>\n<\/td>\n<td style=\"width: 89px\">\n<p>&#8211;<\/p>\n<\/td>\n<\/tr>\n<tr>\n<td style=\"width: 142px\">\n<p>V Congresso Ibero-Americano de Pol\u00edtica e Administra\u00e7\u00e3o da Educa\u00e7\u00e3o<\/p>\n<\/td>\n<td style=\"width: 124px\">\n<p>Goi\u00e2nia- Goi\u00e1s<\/p>\n<\/td>\n<td style=\"width: 91px\">\n<p>14, 15 e 16 de setembro<\/p>\n<\/td>\n<td style=\"width: 214px\">\n<p>Estudante N\u00e3o associado at\u00e9 31\/03 \u2013 R$250,00 Ap\u00f3s R$300,00<\/p>\n<p>Participante n\u00e3o associado at\u00e9 31\/03-R$500,00 ap\u00f3s R$550,00<\/p>\n<p>\u00a0<\/p>\n<\/td>\n<td style=\"width: 89px\">\n<p><a href=\"http:\/\/anpae.org.br\/iberoamericano2016\/inscricao.html\">site<\/a><\/p>\n<\/td>\n<\/tr>\n<tr>\n<td style=\"width: 142px\">\n<p>\u00a0\u00a0\u00a0\u00a0\u00a0\u00a0\u00a0\u00a0\u00a0\u00a0\u00a0\u00a0\u00a0\u00a0\u00a0\u00a0\u00a0\u00a0\u00a0\u00a0\u00a0\u00a0\u00a0\u00a0\u00a0\u00a0\u00a0\u00a0\u00a0\u00a0\u00a0\u00a0\u00a0 \u00a0I Jornada Ibero-Americana de Pesquisas em Pol\u00edticas Educacionais e Experi\u00eancias Interdisciplinares na Educa\u00e7\u00e3o<\/p>\n<\/td>\n<td style=\"width: 124px\">\n<p>Bras\u00edlia Distrito Federal<\/p>\n<\/td>\n<td style=\"width: 91px\">\n<p>22\/09\/2016 at\u00e9 24\/09\/2016<\/p>\n<\/td>\n<td style=\"width: 214px\">\n<p>&#8211;<\/p>\n<\/td>\n<td style=\"width: 89px\">\n<p><a href=\"https:\/\/agenda.galoa.com.br\/evento\/i-jorneduc-i-jornada-ibero-americana-pesquisas-politicas-educacionais-e-experiencias\">site<\/a><\/p>\n<\/td>\n<\/tr>\n<tr>\n<td style=\"width: 142px\">\n<p>IX Simp\u00f3sio Nacional de educa\u00e7\u00e3o e III Col\u00f3quio internacional de pol\u00edticas educacionais e forma\u00e7\u00e3o de professores<\/p>\n<\/td>\n<td style=\"width: 124px\">\n<p>Frederico Westphalen- URI<\/p>\n<\/td>\n<td style=\"width: 91px\">\n<p>28 a 30 de setembro de 2016<\/p>\n<\/td>\n<td style=\"width: 214px\">\n<p>Em constru\u00e7\u00e3o<\/p>\n<\/td>\n<td style=\"width: 89px\">\n<p><a href=\"http:\/\/www.fw.uri.br\/site\/pagina\/sincol\">site<\/a><\/p>\n<\/td>\n<\/tr>\n<\/tbody>\n<\/table>\n<p>\u00a0<\/p>\n","protected":false},"excerpt":{"rendered":"<p>Evento Local Per\u00edodo Valor da inscri\u00e7\u00e3o \u00a0 Link Site IX Congresso Ibero-americano de Doc\u00eancia Universit\u00e1ria Murcia- Espanha 31\/03 \u00e0 02\/04 190 \u20ac\/ 230 \u20ac \u00a0Desempregados estudantes 60 \u20ac \u00a0\/ 100 \u20ac site VIII Encontro Brasileiro da RedEstrado \u2013 Trabalho Docente e PNE: desafios \u00e0 valoriza\u00e7\u00e3o profissional Universidade Federal de Santa Maria \u2013 Santa Maria 04 [&hellip;]<\/p>\n","protected":false},"author":115,"featured_media":0,"parent":0,"menu_order":0,"comment_status":"closed","ping_status":"closed","template":"","meta":{"footnotes":""},"categories":[],"tags":[],"class_list":["post-233","page","type-page","status-publish","hentry"],"acf":[],"_links":{"self":[{"href":"https:\/\/www.ufsm.br\/cursos\/pos-graduacao\/santa-maria\/pppg\/wp-json\/wp\/v2\/pages\/233","targetHints":{"allow":["GET"]}}],"collection":[{"href":"https:\/\/www.ufsm.br\/cursos\/pos-graduacao\/santa-maria\/pppg\/wp-json\/wp\/v2\/pages"}],"about":[{"href":"https:\/\/www.ufsm.br\/cursos\/pos-graduacao\/santa-maria\/pppg\/wp-json\/wp\/v2\/types\/page"}],"author":[{"embeddable":true,"href":"https:\/\/www.ufsm.br\/cursos\/pos-graduacao\/santa-maria\/pppg\/wp-json\/wp\/v2\/users\/115"}],"replies":[{"embeddable":true,"href":"https:\/\/www.ufsm.br\/cursos\/pos-graduacao\/santa-maria\/pppg\/wp-json\/wp\/v2\/comments?post=233"}],"version-history":[{"count":0,"href":"https:\/\/www.ufsm.br\/cursos\/pos-graduacao\/santa-maria\/pppg\/wp-json\/wp\/v2\/pages\/233\/revisions"}],"wp:attachment":[{"href":"https:\/\/www.ufsm.br\/cursos\/pos-graduacao\/santa-maria\/pppg\/wp-json\/wp\/v2\/media?parent=233"}],"wp:term":[{"taxonomy":"category","embeddable":true,"href":"https:\/\/www.ufsm.br\/cursos\/pos-graduacao\/santa-maria\/pppg\/wp-json\/wp\/v2\/categories?post=233"},{"taxonomy":"post_tag","embeddable":true,"href":"https:\/\/www.ufsm.br\/cursos\/pos-graduacao\/santa-maria\/pppg\/wp-json\/wp\/v2\/tags?post=233"}],"curies":[{"name":"wp","href":"https:\/\/api.w.org\/{rel}","templated":true}]}}