{"id":241,"date":"2019-04-01T11:26:48","date_gmt":"2019-04-01T14:26:48","guid":{"rendered":"https:\/\/www.ufsm.br\/cursos\/pos-graduacao\/santa-maria\/pppg\/?page_id=241"},"modified":"2021-12-07T09:26:24","modified_gmt":"2021-12-07T12:26:24","slug":"apresentacao","status":"publish","type":"page","link":"https:\/\/www.ufsm.br\/cursos\/pos-graduacao\/santa-maria\/pppg\/apresentacao","title":{"rendered":"apresenta\u00e7\u00e3o e cronograma"},"content":{"rendered":"\n<p class=\"western\" align=\"justify\">Os participantes do evento que tiveram seus trabalhos aprovados para apresenta\u00e7\u00e3o em p\u00f4ster, dever\u00e3o seguir as regras para organiza\u00e7\u00e3o e impress\u00e3o conforme\u00a0orienta\u00e7\u00f5es dispon\u00edveis na aba\u00a0<strong>\u201cTRABALHOS\u201d.<\/strong><\/p>\n<p class=\"western\" align=\"justify\"><strong>Na aba \u201cTRABALHOS &gt; Trabalhos aprovados\u201d encontra-se a\u00a0rela\u00e7\u00e3o final\u00a0dos trabalhos aprovados por data e modalidade de apresenta\u00e7\u00e3o.\u00a0Salientamos que houve altera\u00e7\u00f5es de hor\u00e1rios, datas e local das apresenta\u00e7\u00f5es em raz\u00e3o de modifica\u00e7\u00f5es na programa\u00e7\u00e3o do evento.\u00a0<\/strong><\/p>\n<p class=\"western\" align=\"justify\"><strong>JANTAR DE CONFRATERNIZA\u00c7\u00c3O (por ades\u00e3o):<\/strong>\u00a0A equipe organizadora do Evento tem o prazer de convid\u00e1-los para o jantar de confraterniza\u00e7\u00e3o com apresenta\u00e7\u00e3o da invernada Art\u00edstica do CTG Sentinela da Quer\u00eancia, com o objetivo de integra\u00e7\u00e3o dos participantes do evento. \u00a0<\/p>\n<div><strong>Data: 15\/06\/2016<\/strong><\/div>\n<div><strong>Hor\u00e1rio: 21h<\/strong><\/div>\n<div><strong>Local: CTG Sentinela da Quer\u00eancia \u2013\u00a0Rua Silvino Jacobe Zimerman, 115, Camobi\/Sta Maria.<\/strong><\/div>\n<div>\n<div>\u00a0<\/div>\n<div><u><strong>CARD\u00c1PIO:<\/strong>\u00a0<\/u>\u00a0Risoto,\u00a0Arroz branco,\u00a0Galeto ao vinagrete,\u00a0Strogonoff de carne,\u00a0Salada de maionese,\u00a0Saladas diversas e\u00a0Cuca.\u00a0*Bebidas e sobremesa \u00e0 parte.<\/div>\n<div>\n<div>O pagamento e a retirada do convite dever\u00e3o ser efetuados no ato do credenciamento, at\u00e9 \u00e0s 15 horas do primeiro dia de evento (15\/06\/2016).<\/div>\n<div><strong>Aguardamos a sua confirma\u00e7\u00e3o pelo\u00a0e-mail seminarioufsm@gmail.com\u00a0<\/strong><\/div>\n<div><strong>Valor: R$ 30,00<\/strong><\/div>\n<\/div>\n<\/div>\n<p align=\"justify\">\u00a0<\/p>\n<p class=\"western\" align=\"justify\"><em>O\u00a0<\/em><em>IV Semin\u00e1rio Internacional de Pol\u00edticas P\u00fablicas da Educa\u00e7\u00e3o B\u00e1sica e Superior, V Semin\u00e1rio Internacional de Gest\u00e3o Educacional e X Semana Acad\u00eamica do Curso de Especializa\u00e7\u00e3o em Gest\u00e3o Educacional\u00a0<\/em>da Universidade Federal de Santa Maria, programados para acontecer no per\u00edodo de\u00a0<strong>15 a 17 de junho de 2016,<\/strong>\u00a0configuram-se como eventos integrados acerca do tema geral \u201corganismos multilaterais e pol\u00edticas p\u00fablicas educacionais\u201d.<\/p>\n<p>Os eventos s\u00e3o destinados ao p\u00fablico constitu\u00eddo por estudantes de gradua\u00e7\u00e3o e de p\u00f3s-gradua\u00e7\u00e3o, professores e t\u00e9cnicos da educa\u00e7\u00e3o b\u00e1sica e superior, bem como demais interessados na tem\u00e1tica.<\/p>\n<p>Ambos eventos convergem na constru\u00e7\u00e3o do debate te\u00f3rico-pr\u00e1tico que realizam alguns investigadores acerca da compreens\u00e3o e fortalecimento das pesquisas nesse campo do conhecimento. Destaca-se que tais discuss\u00f5es podem vir a contribuir para fortalecer o campo da investiga\u00e7\u00e3o em pol\u00edticas educacionais, assim como contribuir para que o p\u00fablico alvo [re]construa, [re]signifique e aprofunde seus conhecimentos acerca dos aspectos te\u00f3ricos e pr\u00e1ticos entrela\u00e7ados ao cen\u00e1rio educacional nacional e internacional.<\/p>\n<p>O IV Semin\u00e1rio Internacional de Pol\u00edticas P\u00fablicas da Educa\u00e7\u00e3o B\u00e1sica e Superior, em sua terceira edi\u00e7\u00e3o, se constitui a\u00e7\u00e3o integrada do Projeto do Observat\u00f3rio de Educa\u00e7\u00e3o (OBEDUC) vinculado ao Programa de P\u00f3s-Gradua\u00e7\u00e3o em Educa\u00e7\u00e3o da Universidade Federal de Santa Maria (UFSM), proposto a partir dos estudos do Grupo de Pesquisa Elos\/Cnpq e da linha de pesquisa Pr\u00e1ticas Escolares e Pol\u00edticas P\u00fablicas\/LP2. Objetiva-se com o OBEDUC, identificar e analisar os limites e as possibilidades das a\u00e7\u00f5es pedag\u00f3gicas no contexto da gest\u00e3o educacional, a partir dos impactos, impasses e desafios enfrentados pelos sistemas e respectivas institui\u00e7\u00f5es no contexto de implementa\u00e7\u00e3o e interfer\u00eancia das pol\u00edticas p\u00fablicas educacionais nas reformas regionais e locais realizadas a partir do processo de interlocu\u00e7\u00e3o entre Educa\u00e7\u00e3o B\u00e1sica e Superior.<\/p>\n<p><em>O V Semin\u00e1rio Internacional de Gest\u00e3o Educacional e X Semana Acad\u00eamica do Curso de Especializa\u00e7\u00e3o em Gest\u00e3o Educacional\u00a0<\/em>da Universidade Federal de Santa Maria, se constituem a\u00e7\u00e3o vinculada ao Programa de P\u00f3s-Gradua\u00e7\u00e3o em Pol\u00edticas P\u00fablicas da Universidade Federal de Santa Maria (UFSM), as quais objetivam fomentar a forma\u00e7\u00e3o continuada dos profissionais da educa\u00e7\u00e3o atrav\u00e9s da socializa\u00e7\u00e3o e produ\u00e7\u00e3o de conhecimentos pertinentes ao campo da gest\u00e3o educacional, no que diz respeito a an\u00e1lise pol\u00edtico-pedag\u00f3gica do sistema educacional brasileiro a partir das influ\u00eancias e [re]articula\u00e7\u00f5es dos mecanismos e pol\u00edticas p\u00fablicas macro e micro educacionais.<\/p>\n<p>Assim sendo, com a realiza\u00e7\u00e3o dos referidos eventos, que se constituem integrados, espera-se a amplia\u00e7\u00e3o e fortalecimento da interlocu\u00e7\u00e3o entre a Educa\u00e7\u00e3o B\u00e1sica e a Educa\u00e7\u00e3o Superior, na perspectiva de potencializar elementos para a [re]constru\u00e7\u00e3o de conhecimentos subjacentes a tem\u00e1tica \u201corganismos multilaterais e pol\u00edticas p\u00fablicas educacionais\u201d, no que diz respeito \u00e0s suas dimens\u00f5es te\u00f3rico-pr\u00e1ticas, bem como na abertura de novos caminhos e perspectivas para o desenvolvimento de pol\u00edticas p\u00fablicas educacionais. Essa integra\u00e7\u00e3o vai muito al\u00e9m das reflex\u00f5es que cerceiam os espa\u00e7os escolar e universit\u00e1rio, implicam, antes de tudo, criar possibilidades de se analisar quest\u00f5es e desafios considerados fundamentais no \u00e2mbito das pol\u00edticas educativas e, consequentemente, da gest\u00e3o educacional (macro e micro), em face \u00e0s demandas que a educa\u00e7\u00e3o enfrenta no contexto da sociedade contempor\u00e2nea. Compreender significativamente a rela\u00e7\u00e3o sociedade e educa\u00e7\u00e3o \u00e9 ir al\u00e9m do contexto micro educacional, o que sugere uma an\u00e1lise mais profunda de seus elementos constituintes inter-relacionados a aspectos culturais, econ\u00f4micos, hist\u00f3ricos e pol\u00edticos no cen\u00e1rio mundial.<\/p>\n<h5>Objetivo Geral<\/h5>\n<p>Promover espa\u00e7os de discuss\u00f5es acerca das perspectivas dos organismos multilaterais na constru\u00e7\u00e3o e [re]articula\u00e7\u00e3o de pol\u00edticas p\u00fablicas educacionais e processos de gest\u00e3o da educa\u00e7\u00e3o b\u00e1sica e superior.<\/p>\n<h5>Objetivos Espec\u00edficos<\/h5>\n<ul>\n<li>Refletir acerca de aspectos fundantes das pol\u00edticas educacionais macro e micro e suas rela\u00e7\u00f5es com os organismos multilaterais.<\/li>\n<li>Problematizar as decorr\u00eancias das pol\u00edticas p\u00fablicas nacionais e internacionais nos processos de gest\u00e3o macro e micro, considerando a produ\u00e7\u00e3o de programas educacionais e a interlocu\u00e7\u00e3o entre educa\u00e7\u00e3o b\u00e1sica e educa\u00e7\u00e3o superior.<\/li>\n<li>Aprofundar la\u00e7os de parceria e coopera\u00e7\u00e3o entre Universidades, Redes e Sistemas de Ensino, na perspectiva de intensificar estudos e a\u00e7\u00f5es relacionados \u00e0 produ\u00e7\u00e3o do conhecimento na educa\u00e7\u00e3o b\u00e1sica e superior.<\/li>\n<\/ul>\n<p>\u00a0<\/p>\n<div>\n<div>\n<div><strong>\u00a0<\/strong><\/div>\n<\/div>\n<\/div>\n","protected":false},"excerpt":{"rendered":"<p>Os participantes do evento que tiveram seus trabalhos aprovados para apresenta\u00e7\u00e3o em p\u00f4ster, dever\u00e3o seguir as regras para organiza\u00e7\u00e3o e impress\u00e3o conforme\u00a0orienta\u00e7\u00f5es dispon\u00edveis na aba\u00a0\u201cTRABALHOS\u201d. Na aba \u201cTRABALHOS &gt; Trabalhos aprovados\u201d encontra-se a\u00a0rela\u00e7\u00e3o final\u00a0dos trabalhos aprovados por data e modalidade de apresenta\u00e7\u00e3o.\u00a0Salientamos que houve altera\u00e7\u00f5es de hor\u00e1rios, datas e local das apresenta\u00e7\u00f5es em raz\u00e3o de [&hellip;]<\/p>\n","protected":false},"author":115,"featured_media":0,"parent":0,"menu_order":0,"comment_status":"closed","ping_status":"closed","template":"","meta":{"footnotes":""},"categories":[],"tags":[],"class_list":["post-241","page","type-page","status-publish","hentry"],"acf":[],"_links":{"self":[{"href":"https:\/\/www.ufsm.br\/cursos\/pos-graduacao\/santa-maria\/pppg\/wp-json\/wp\/v2\/pages\/241","targetHints":{"allow":["GET"]}}],"collection":[{"href":"https:\/\/www.ufsm.br\/cursos\/pos-graduacao\/santa-maria\/pppg\/wp-json\/wp\/v2\/pages"}],"about":[{"href":"https:\/\/www.ufsm.br\/cursos\/pos-graduacao\/santa-maria\/pppg\/wp-json\/wp\/v2\/types\/page"}],"author":[{"embeddable":true,"href":"https:\/\/www.ufsm.br\/cursos\/pos-graduacao\/santa-maria\/pppg\/wp-json\/wp\/v2\/users\/115"}],"replies":[{"embeddable":true,"href":"https:\/\/www.ufsm.br\/cursos\/pos-graduacao\/santa-maria\/pppg\/wp-json\/wp\/v2\/comments?post=241"}],"version-history":[{"count":0,"href":"https:\/\/www.ufsm.br\/cursos\/pos-graduacao\/santa-maria\/pppg\/wp-json\/wp\/v2\/pages\/241\/revisions"}],"wp:attachment":[{"href":"https:\/\/www.ufsm.br\/cursos\/pos-graduacao\/santa-maria\/pppg\/wp-json\/wp\/v2\/media?parent=241"}],"wp:term":[{"taxonomy":"category","embeddable":true,"href":"https:\/\/www.ufsm.br\/cursos\/pos-graduacao\/santa-maria\/pppg\/wp-json\/wp\/v2\/categories?post=241"},{"taxonomy":"post_tag","embeddable":true,"href":"https:\/\/www.ufsm.br\/cursos\/pos-graduacao\/santa-maria\/pppg\/wp-json\/wp\/v2\/tags?post=241"}],"curies":[{"name":"wp","href":"https:\/\/api.w.org\/{rel}","templated":true}]}}