{"id":243,"date":"2019-04-01T11:27:54","date_gmt":"2019-04-01T14:27:54","guid":{"rendered":"https:\/\/www.ufsm.br\/cursos\/pos-graduacao\/santa-maria\/pppg\/?page_id=243"},"modified":"2019-04-01T11:27:54","modified_gmt":"2019-04-01T14:27:54","slug":"eixos-tematicos","status":"publish","type":"page","link":"https:\/\/www.ufsm.br\/cursos\/pos-graduacao\/santa-maria\/pppg\/eixos-tematicos","title":{"rendered":"Eixos tem\u00e1ticos"},"content":{"rendered":"\n<p class=\"western\" align=\"justify\"><b>Eixo 1 \u2013\u00a0<\/b>Gest\u00e3o da educa\u00e7\u00e3o b\u00e1sica e superior<\/p>\n<p class=\"western\" align=\"justify\"><b>Eixo 2 \u2013<\/b>\u00a0Forma\u00e7\u00e3o de professores<\/p>\n<p class=\"western\" align=\"justify\"><b>Eixo 3 \u2013\u00a0<\/b>Pr\u00e1ticas pedag\u00f3gicas na educa\u00e7\u00e3o b\u00e1sica e superior<\/p>\n<p class=\"western\" align=\"justify\"><b>Eixo 4 \u2013\u00a0<\/b>Educa\u00e7\u00e3o e inclus\u00e3o<\/p>\n","protected":false},"excerpt":{"rendered":"<p>Eixo 1 \u2013\u00a0Gest\u00e3o da educa\u00e7\u00e3o b\u00e1sica e superior Eixo 2 \u2013\u00a0Forma\u00e7\u00e3o de professores Eixo 3 \u2013\u00a0Pr\u00e1ticas pedag\u00f3gicas na educa\u00e7\u00e3o b\u00e1sica e superior Eixo 4 \u2013\u00a0Educa\u00e7\u00e3o e inclus\u00e3o<\/p>\n","protected":false},"author":115,"featured_media":0,"parent":0,"menu_order":0,"comment_status":"closed","ping_status":"closed","template":"","meta":{"footnotes":""},"categories":[],"tags":[],"class_list":["post-243","page","type-page","status-publish","hentry"],"acf":[],"_links":{"self":[{"href":"https:\/\/www.ufsm.br\/cursos\/pos-graduacao\/santa-maria\/pppg\/wp-json\/wp\/v2\/pages\/243","targetHints":{"allow":["GET"]}}],"collection":[{"href":"https:\/\/www.ufsm.br\/cursos\/pos-graduacao\/santa-maria\/pppg\/wp-json\/wp\/v2\/pages"}],"about":[{"href":"https:\/\/www.ufsm.br\/cursos\/pos-graduacao\/santa-maria\/pppg\/wp-json\/wp\/v2\/types\/page"}],"author":[{"embeddable":true,"href":"https:\/\/www.ufsm.br\/cursos\/pos-graduacao\/santa-maria\/pppg\/wp-json\/wp\/v2\/users\/115"}],"replies":[{"embeddable":true,"href":"https:\/\/www.ufsm.br\/cursos\/pos-graduacao\/santa-maria\/pppg\/wp-json\/wp\/v2\/comments?post=243"}],"version-history":[{"count":0,"href":"https:\/\/www.ufsm.br\/cursos\/pos-graduacao\/santa-maria\/pppg\/wp-json\/wp\/v2\/pages\/243\/revisions"}],"wp:attachment":[{"href":"https:\/\/www.ufsm.br\/cursos\/pos-graduacao\/santa-maria\/pppg\/wp-json\/wp\/v2\/media?parent=243"}],"wp:term":[{"taxonomy":"category","embeddable":true,"href":"https:\/\/www.ufsm.br\/cursos\/pos-graduacao\/santa-maria\/pppg\/wp-json\/wp\/v2\/categories?post=243"},{"taxonomy":"post_tag","embeddable":true,"href":"https:\/\/www.ufsm.br\/cursos\/pos-graduacao\/santa-maria\/pppg\/wp-json\/wp\/v2\/tags?post=243"}],"curies":[{"name":"wp","href":"https:\/\/api.w.org\/{rel}","templated":true}]}}