{"id":244,"date":"2019-04-01T11:31:06","date_gmt":"2019-04-01T14:31:06","guid":{"rendered":"https:\/\/www.ufsm.br\/cursos\/pos-graduacao\/santa-maria\/pppg\/?page_id=244"},"modified":"2019-04-01T11:31:08","modified_gmt":"2019-04-01T14:31:08","slug":"trabalhos","status":"publish","type":"page","link":"https:\/\/www.ufsm.br\/cursos\/pos-graduacao\/santa-maria\/pppg\/trabalhos","title":{"rendered":"Trabalhos"},"content":{"rendered":"\n<h5 class=\"western\"><em>TRABALHOS CIENT\u00cdFICOS<\/em><\/h5>\n<p>Cada autor poder\u00e1 submeter no m\u00e1ximo dois\u00a0trabalhos, em que conste seu nome como autor ou coautor. Professores orientadores, desde que sinalizado no trabalho sua situa\u00e7\u00e3o de orienta\u00e7\u00e3o, poder\u00e3o ultrapassar esse n\u00famero de trabalhos.<\/p>\n<hr \/>\n<p>O\u00a0<strong>TRABALHO\u00a0COMPLETO<\/strong>\u00a0submetido para\u00a0<strong>comunica\u00e7\u00e3o oral\u00a0<\/strong>\u00e9 constitu\u00eddo de um \u00fanico texto de at\u00e9 15 laudas, que pode ser organizado por no\u00a0<em>m\u00e1ximo quatro autores<\/em>\u00a0mais o professor orientador, que poder\u00e1 ser sinalizado\u00a0como coautor ou orientador.<\/p>\n<p>Essa modalidade de trabalho est\u00e1 relacionada ao relato fundamentado de pesquisas te\u00f3ricas e\/ou emp\u00edricas conclu\u00eddas ou em andamento, e dever\u00e1 inserir-se em um dos quatro eixos do evento.<\/p>\n<p>A apresenta\u00e7\u00e3o do trabalho se dar\u00e1 de forma oral, com tempo de 15 minutos, em um grupo de at\u00e9 10 trabalhos, com discuss\u00e3o durante as apresenta\u00e7\u00f5es.<\/p>\n<hr \/>\n<p>O\u00a0<strong>RESUMO\u00a0<\/strong>submetido para apresenta\u00e7\u00e3o na forma de\u00a0<strong>p\u00f4ster<\/strong>\u00a0\u00e9 constitu\u00eddo de um texto em bloco,\u00a0em no m\u00e1ximo uma\u00a0lauda,\u00a0que pode ser organizado por no\u00a0<em>m\u00e1ximo tr\u00eas\u00a0autores<\/em>mais o professor orientador, que poder\u00e1 ser sinalizado\u00a0como autor ou coautor ou orientador.<\/p>\n<p>Essa modalidade de trabalho est\u00e1 relacionada ao relato de experi\u00eancia profissional ou em projetos, assim como pesquisas te\u00f3ricas e\/ou emp\u00edricas conclu\u00eddas ou em andamento, e dever\u00e1 inserir-se em um dos quatro eixos do evento.<\/p>\n<p>A apresenta\u00e7\u00e3o do p\u00f4ster\u00a0se dar\u00e1 de forma oral.<\/p>\n<p><strong>Normas para p\u00f4ster<\/strong><\/p>\n<p>Os participantes do evento que tiveram seus trabalhos aprovados para apresenta\u00e7\u00e3o em p\u00f4ster, dever\u00e3o seguir as regras para organiza\u00e7\u00e3o e impress\u00e3o conforme o que segue:<\/p>\n<ol>\n<li>Dimens\u00f5es do p\u00f4ster (banner):\u00a0<em>largura\u00a0<\/em>m\u00ednima e m\u00e1xima 0,80cm;\u00a0<em>altura<\/em>\u00a0m\u00ednima 1,00 m e m\u00e1xima 1,20cm<\/li>\n<li>O p\u00f4ster poder\u00e1 ser impresso em papel ou em lona;<\/li>\n<li>\u00c9 obrigat\u00f3rio que o p\u00f4ster seja confeccionado com cord\u00e3o para pendurar.<\/li>\n<li>Dever\u00e1 constar no p\u00f4ster:<\/li>\n<\/ol>\n<ul>\n<li>Nome do Evento (o logo \u00e9 opcional);<\/li>\n<li>T\u00edtulo do trabalho conforme resumo aprovado;<\/li>\n<li>Nome dos autores e institui\u00e7\u00e3o dos mesmos, incluindo orientador(es);<\/li>\n<li>No m\u00ednimo contemplar: introdu\u00e7\u00e3o, objetivos, metodologia, resultados, conclus\u00f5es e refer\u00eancias;<\/li>\n<li>Utilizar texto, figuras, fotos, tabelas e recursos gr\u00e1ficos poss\u00edveis, de acordo com a proposta do resumo aprovado.<\/li>\n<\/ul>\n<p>\u00a0<\/p>\n<hr \/>\n<p>*Todo o acad\u00eamico de gradua\u00e7\u00e3o e p\u00f3s-gradua\u00e7\u00e3o (especializa\u00e7\u00e3o e mestrado), que submeter um trabalho (resumo ou artigo completo), dever\u00e1 ter o nome de um professor orientador no trabalho.<\/p>\n<p><strong>Crit\u00e9rios de avalia\u00e7\u00e3o de trabalhos<\/strong><\/p>\n<ul>\n<li>relev\u00e2ncia e pertin\u00eancia a um dos eixos tem\u00e1ticos propostos pelo evento;<\/li>\n<li>rela\u00e7\u00e3o direta com a tem\u00e1tica central do evento;<\/li>\n<li>consist\u00eancia te\u00f3rica que enfatize as principais quest\u00f5es e os referenciais mais significativos que sustentam o trabalho;<\/li>\n<li>coer\u00eancia interna entre quest\u00f5es de pesquisa e abordagens te\u00f3ricas para os textos relacionados a comunica\u00e7\u00e3o oral, para trabalhos completos;<\/li>\n<li>os trabalhos que observam as normas de formata\u00e7\u00e3o do evento;<\/li>\n<li>os trabalhos salvos em vers\u00e3o Word (formato DOC) e identificados conforme as normas.<\/li>\n<\/ul>\n","protected":false},"excerpt":{"rendered":"<p>TRABALHOS CIENT\u00cdFICOS Cada autor poder\u00e1 submeter no m\u00e1ximo dois\u00a0trabalhos, em que conste seu nome como autor ou coautor. Professores orientadores, desde que sinalizado no trabalho sua situa\u00e7\u00e3o de orienta\u00e7\u00e3o, poder\u00e3o ultrapassar esse n\u00famero de trabalhos. O\u00a0TRABALHO\u00a0COMPLETO\u00a0submetido para\u00a0comunica\u00e7\u00e3o oral\u00a0\u00e9 constitu\u00eddo de um \u00fanico texto de at\u00e9 15 laudas, que pode ser organizado por no\u00a0m\u00e1ximo quatro autores\u00a0mais [&hellip;]<\/p>\n","protected":false},"author":115,"featured_media":0,"parent":0,"menu_order":0,"comment_status":"closed","ping_status":"closed","template":"","meta":{"footnotes":""},"categories":[],"tags":[],"class_list":["post-244","page","type-page","status-publish","hentry"],"acf":[],"_links":{"self":[{"href":"https:\/\/www.ufsm.br\/cursos\/pos-graduacao\/santa-maria\/pppg\/wp-json\/wp\/v2\/pages\/244","targetHints":{"allow":["GET"]}}],"collection":[{"href":"https:\/\/www.ufsm.br\/cursos\/pos-graduacao\/santa-maria\/pppg\/wp-json\/wp\/v2\/pages"}],"about":[{"href":"https:\/\/www.ufsm.br\/cursos\/pos-graduacao\/santa-maria\/pppg\/wp-json\/wp\/v2\/types\/page"}],"author":[{"embeddable":true,"href":"https:\/\/www.ufsm.br\/cursos\/pos-graduacao\/santa-maria\/pppg\/wp-json\/wp\/v2\/users\/115"}],"replies":[{"embeddable":true,"href":"https:\/\/www.ufsm.br\/cursos\/pos-graduacao\/santa-maria\/pppg\/wp-json\/wp\/v2\/comments?post=244"}],"version-history":[{"count":0,"href":"https:\/\/www.ufsm.br\/cursos\/pos-graduacao\/santa-maria\/pppg\/wp-json\/wp\/v2\/pages\/244\/revisions"}],"wp:attachment":[{"href":"https:\/\/www.ufsm.br\/cursos\/pos-graduacao\/santa-maria\/pppg\/wp-json\/wp\/v2\/media?parent=244"}],"wp:term":[{"taxonomy":"category","embeddable":true,"href":"https:\/\/www.ufsm.br\/cursos\/pos-graduacao\/santa-maria\/pppg\/wp-json\/wp\/v2\/categories?post=244"},{"taxonomy":"post_tag","embeddable":true,"href":"https:\/\/www.ufsm.br\/cursos\/pos-graduacao\/santa-maria\/pppg\/wp-json\/wp\/v2\/tags?post=244"}],"curies":[{"name":"wp","href":"https:\/\/api.w.org\/{rel}","templated":true}]}}