{"id":245,"date":"2019-04-01T11:33:13","date_gmt":"2019-04-01T14:33:13","guid":{"rendered":"https:\/\/www.ufsm.br\/cursos\/pos-graduacao\/santa-maria\/pppg\/?page_id=245"},"modified":"2019-04-01T11:33:15","modified_gmt":"2019-04-01T14:33:15","slug":"submissao-de-trabalhos","status":"publish","type":"page","link":"https:\/\/www.ufsm.br\/cursos\/pos-graduacao\/santa-maria\/pppg\/submissao-de-trabalhos","title":{"rendered":"Submiss\u00e3o de trabalhos"},"content":{"rendered":"\n<p><strong>**<\/strong>Cada autor poder\u00e1 submeter no m\u00e1ximo dois trabalhos, ou seja: dois trabalhos completos OU dois resumos OU um trabalho completo e um resumo.<\/p>\n<div class=\"gmail_default\"><b>**<\/b>Os trabalhos passar\u00e3o por uma avalia\u00e7\u00e3o inicial pela Comiss\u00e3o de Normas T\u00e9cnicas e se atenderem de maneira geral as normas de formata\u00e7\u00e3o do evento ser\u00e3o encaminhados para avalia\u00e7\u00e3o da Comiss\u00e3o Cient\u00edfica.<\/div>\n<div class=\"gmail_default\"><b>\u00a0<\/b><\/div>\n<div class=\"gmail_default\"><b>**<\/b>Os trabalhos que forem aprovados parcialmente dever\u00e3o ser ajustados pelos autores e reavaliados pela Comiss\u00e3o Cient\u00edfica.<\/div>\n<div class=\"gmail_default\"><b>\u00a0<\/b><\/div>\n<div class=\"gmail_default\"><b>**<\/b>Os trabalhos aprovados pela Comiss\u00e3o Cient\u00edfica somente ser\u00e3o publicados em anais com registro de ISBN se forem apresentados no evento.<\/div>\n<p><strong>Normas de formata\u00e7\u00e3o<\/strong><\/p>\n<p>Devido aos crit\u00e9rios de publica\u00e7\u00e3o definidos pela Comiss\u00e3o Organizadora, em atendimento as normas da ABNT e, tamb\u00e9m, para o registro de ISBN dos Anais, o(s) autor(es) dever\u00e3o submeter trabalhos in\u00e9ditos ao Evento.<\/p>\n<p>Para a<strong>\u00a0<\/strong><strong>submiss\u00e3o dos TEXTOS COMPLETOS\u00a0as normas de formata\u00e7\u00e3o<\/strong><strong>\u00a0<\/strong>s\u00e3o:<\/p>\n<ol>\n<li>margem superior e esquerda 3 cm e margem inferior e direita 2 cm;<\/li>\n<li>t\u00edtulo do trabalho em letra mai\u00fascula, centralizado, negritado em fonte Arial tamanho 12, espa\u00e7o 1,5 entre linhas, em no m\u00e1ximo tr\u00eas linhas;<\/li>\n<li>nomes completos dos autores (conforme ficha de inscri\u00e7\u00e3o), em fonte Arial tamanho 12, alinhados \u00e0 direita;<\/li>\n<li>nota de rodap\u00e9 correspondente a cada autor, em fonte Arial tamanho 10 e espa\u00e7o simples, contendo sua forma\u00e7\u00e3o, institui\u00e7\u00e3o, e-mail e indicando o apresentador e o professor orientador (se houver);<\/li>\n<li>n\u00famero e nome do eixo tem\u00e1tico especificado abaixo do nome dos autores em it\u00e1lico;<\/li>\n<li>resumo em bloco \u00fanico, fonte Arial tamanho 10, espa\u00e7o simples, sem recuo de par\u00e1grafo, entre 250 e 350 palavras (incluindo as palavras-chave), abaixo do resumo devem constar no m\u00ednimo tr\u00eas e no m\u00e1ximo cinco palavras-chave com letra mai\u00fascula inicial e separadas por ponto final;<\/li>\n<li>o corpo do texto (introdu\u00e7\u00e3o contendo apresenta\u00e7\u00e3o do tema, problema e respectivo(s) objetivo(s) da pesquisa, fundamenta\u00e7\u00e3o te\u00f3rica, \u00a0metodologia, an\u00e1lises, considera\u00e7\u00f5es finais e refer\u00eancias)\u00a0em fonte Arial, tamanho 12, espa\u00e7amento 1,5 com recuo de par\u00e1grafo de 1,25 cm;<\/li>\n<li>texto entre 10 a 15 p\u00e1ginas incluindo o resumo e as refer\u00eancias;<\/li>\n<li>cita\u00e7\u00f5es (diretas e indiretas) e refer\u00eancias dever\u00e3o ser apresentadas conforme normas da MDT da UFSM (2015);<\/li>\n<li>os t\u00edtulos prim\u00e1rios das se\u00e7\u00f5es do trabalho, em negrito, em letra mai\u00fascula e n\u00e3o devem ser numerados;<\/li>\n<li>os t\u00edtulos secund\u00e1rios somente em letra mai\u00fascula e n\u00e3o devem ser numerados;<\/li>\n<li>entre os par\u00e1grafos do texto n\u00e3o pode haver linhas em branco, ou seja, sem espa\u00e7amento entre par\u00e1grafos conforme exemplificado neste\u00a0<em>modelo de trabalho<\/em>. Apenas entre uma se\u00e7\u00e3o e outra deixar uma linha em branco de espa\u00e7amento 1,5 (antes e depois);<\/li>\n<li>ser\u00e1 permitida a utiliza\u00e7\u00e3o de figuras, gr\u00e1ficos e tabelas, desde que identificados de acordo com as normas da MDT da UFSM (2015);<\/li>\n<li>os trabalhos dever\u00e3o ser salvos em dois arquivos em vers\u00e3o Word (formato DOC), identificados de acordo com as seguintes orienta\u00e7\u00f5es:<\/li>\n<\/ol>\n<ol>\n<li><strong>Uma vers\u00e3o do trabalho com identifica\u00e7\u00e3o: constando o t\u00edtulo, o nome dos autores e o eixo\u00a0<em>dentro do arquivo (texto)<\/em>.<\/strong><\/li>\n<\/ol>\n<p>O nome deste arquivo deve ser salvo conforme o exemplo 1 abaixo:<\/p>\n<p>Eixo1_NomeCompletodo1\u00baAutor_CPFdo1\u00baautor<\/p>\n<p>Exemplo 1:<strong>\u00a0Eixo1_RosadaCosta_45698710109<\/strong><\/p>\n<p><strong>\u00a0<\/strong><\/p>\n<ol start=\"2\">\n<li><strong>Uma vers\u00e3o do trabalho sem identifica\u00e7\u00e3o: constando apenas o t\u00edtulo e o eixo\u00a0<em>dentro do arquivo, sem o nome dos autores<\/em>.<\/strong><\/li>\n<\/ol>\n<p>O nome deste arquivo deve ser salvo conforme o exemplo 2 abaixo:<\/p>\n<p>Eixo1_ CPFdo1\u00baautor<\/p>\n<p>Exemplo 2:<strong>\u00a0Eixo1_45698710109<\/strong><\/p>\n<p><a href=\"https:\/\/www.ufsm.br\/cursos\/pos-graduacao\/santa-maria\/pppg\/wp-content\/uploads\/sites\/542\/2019\/04\/Exemplo_Trabalho_completo.doc\">Modelo de trabalho completo<\/a><\/p>\n<hr \/>\n<p>\u00a0<\/p>\n<p><strong>Para a\u00a0submiss\u00e3o dos RESUMOS\u00a0as normas de formata\u00e7\u00e3o\u00a0s\u00e3o:\u00a0<\/strong><\/p>\n<ol>\n<li>O resumo dever\u00e1 ser elaborado em bloco \u00fanico, em uma lauda.<\/li>\n<li>A fonte \u00e9 Arial\u00a0e\u00a0tamanho 11.<\/li>\n<li>Espa\u00e7o simples\u00a0entre linhas,sem recuo de par\u00e1grafo.<\/li>\n<li>As margens superior e esquerda \u2013 3 cm, inferior e direita \u2013 2 cm .<\/li>\n<li>Abaixo do resumo devem constar no m\u00ednimo tr\u00eas e no m\u00e1ximo cinco palavras-chave com letra mai\u00fascula inicial e separadas por ponto final.<\/li>\n<li>O texto do resumo dever\u00e1 apresentar a tem\u00e1tica norteadora, o objetivo do trabalho, a metodologia utilizada, as principais fontes te\u00f3ricas que fundamentam o relato de experi\u00eancia ou a pesquisa, os principais resultados e as conclus\u00f5es de maneira geral.<\/li>\n<li>Os resumos dever\u00e3o ser salvos em dois arquivos em vers\u00e3o Word (formato DOC), identificados de acordo com as orienta\u00e7\u00f5es\u00a0abaixo:<\/li>\n<\/ol>\n<ol>\n<li><strong>Uma vers\u00e3o do trabalho com identifica\u00e7\u00e3o: constando o t\u00edtulo, o nome dos autores e o eixo\u00a0<em>dentro do arquivo (texto)<\/em>.<\/strong><\/li>\n<\/ol>\n<p>O nome deste arquivo deve ser salvo conforme o exemplo 1 abaixo:<\/p>\n<p>Eixo1_NomeCompletodo1\u00baAutor_CPFdo1\u00baautor<\/p>\n<p>Exemplo 1:<strong>\u00a0Eixo1_RosadaCosta_45698710109<\/strong><\/p>\n<p><strong>\u00a0<\/strong><\/p>\n<ol start=\"2\">\n<li><strong>Uma vers\u00e3o do trabalho sem identifica\u00e7\u00e3o: constando apenas o t\u00edtulo e o eixo\u00a0<em>dentro do arquivo, sem o nome dos autores<\/em>.<\/strong><\/li>\n<\/ol>\n<p>O nome deste arquivo deve ser salvo conforme o exemplo 2 abaixo:<\/p>\n<p>Eixo1_ CPFdo1\u00baautor<\/p>\n<p>Exemplo 2:<strong>\u00a0Eixo1_45698710109<\/strong><\/p>\n<p><a href=\"https:\/\/www.ufsm.br\/cursos\/pos-graduacao\/santa-maria\/pppg\/wp-content\/uploads\/sites\/542\/2019\/04\/Exemplo_Resumo_seminariorev..doc\">Modelo de resumo<\/a><\/p>\n<hr \/>\n<p>\u00a0<\/p>\n<p><strong>**<\/strong>N\u00e3o ser\u00e3o encaminhados trabalhos para avalia\u00e7\u00e3o pela Comiss\u00e3o Cient\u00edfica cujos autores n\u00e3o tenham efetuado a inscri\u00e7\u00e3o no site do evento e o pagamento da taxa de inscri\u00e7\u00e3o (conforme orienta\u00e7\u00f5es), bem como n\u00e3o tenham considerado as normas de formata\u00e7\u00e3o do trabalho.<\/p>\n<p>\u00a0<\/p>\n<p><strong>Normas de envio do(s) trabalho(s)<\/strong><\/p>\n<ul>\n<li>O(s) trabalho(s) s\u00f3 poder\u00e3o ser submetidos ao eixo tem\u00e1tico se todos os autores tiverem realizado a sua inscri\u00e7\u00e3o no site do evento e respectivo pagamento de inscri\u00e7\u00e3o;<\/li>\n<li>Os arquivos do(s) trabalho(s) dever\u00e3o ser enviados\u00a0<em>somente pelo autor apresentador do trabalho<\/em>, para o endere\u00e7o de e-mail do eixo tem\u00e1tico escolhido;<\/li>\n<li>Para envio de trabalho(s) ser\u00e1 necess\u00e1rio anexar no e-mail dois arquivos: um com identifica\u00e7\u00e3o dos autores e outro sem identifica\u00e7\u00e3o dos autores (conforme as normas de formata\u00e7\u00e3o item \u201cn\u201d);<\/li>\n<\/ul>\n<p><em><strong>Eixo 1 \u2013\u00a0<\/strong><\/em><em>Gest\u00e3o da educa\u00e7\u00e3o\u00a0<\/em>b\u00e1sica e superior<\/p>\n<p>E-mail:\u00a0<a href=\"mailto:eixo1seminarioufsm@gmail.com\">eixo1seminarioufsm@gmail.com<\/a><\/p>\n<p><em><strong>Eixo 2 \u2013<\/strong><\/em><em>\u00a0Forma\u00e7\u00e3o de professores<\/em><\/p>\n<p>E-mail:\u00a0<a href=\"mailto:eixo2seminarioufsm@gmail.com\">eixo2seminarioufsm@gmail.com<\/a><\/p>\n<p><em><strong>Eixo 3 \u2013\u00a0<\/strong><\/em><em>P<\/em>r\u00e1ticas pedag\u00f3gicas na educa\u00e7\u00e3o b\u00e1sica e superior<\/p>\n<p>E-mail:\u00a0<a href=\"mailto:eixo3seminarioufsm@gmail.com\">eixo3seminarioufsm@gmail.com<\/a><\/p>\n<p><strong>Eixo 4 \u2013\u00a0<\/strong>Educa\u00e7\u00e3o e inclus\u00e3o<\/p>\n<p>E-mail:\u00a0<a href=\"mailto:eixo4seminarioufsm@gmail.com\">eixo4seminarioufsm@gmail.com<\/a><\/p>\n<ul>\n<li>\u00a0os coordenadores dos eixos tem\u00e1ticos somente responder\u00e3o por e-mail a d\u00favidas relacionadas as normas de formata\u00e7\u00e3o e ao envio de trabalhos. Demais d\u00favidas e solicita\u00e7\u00f5es dever\u00e3o ser encaminhadas pelo endere\u00e7o de e-mail:\u00a0<u><a href=\"mailto:seminarioufsm@gmail.com\">seminarioufsm@gmail.com<\/a>\u00a0<\/u><\/li>\n<\/ul>\n","protected":false},"excerpt":{"rendered":"<p>**Cada autor poder\u00e1 submeter no m\u00e1ximo dois trabalhos, ou seja: dois trabalhos completos OU dois resumos OU um trabalho completo e um resumo. **Os trabalhos passar\u00e3o por uma avalia\u00e7\u00e3o inicial pela Comiss\u00e3o de Normas T\u00e9cnicas e se atenderem de maneira geral as normas de formata\u00e7\u00e3o do evento ser\u00e3o encaminhados para avalia\u00e7\u00e3o da Comiss\u00e3o Cient\u00edfica. \u00a0 [&hellip;]<\/p>\n","protected":false},"author":115,"featured_media":0,"parent":0,"menu_order":0,"comment_status":"closed","ping_status":"closed","template":"","meta":{"footnotes":""},"categories":[],"tags":[],"class_list":["post-245","page","type-page","status-publish","hentry"],"acf":[],"_links":{"self":[{"href":"https:\/\/www.ufsm.br\/cursos\/pos-graduacao\/santa-maria\/pppg\/wp-json\/wp\/v2\/pages\/245","targetHints":{"allow":["GET"]}}],"collection":[{"href":"https:\/\/www.ufsm.br\/cursos\/pos-graduacao\/santa-maria\/pppg\/wp-json\/wp\/v2\/pages"}],"about":[{"href":"https:\/\/www.ufsm.br\/cursos\/pos-graduacao\/santa-maria\/pppg\/wp-json\/wp\/v2\/types\/page"}],"author":[{"embeddable":true,"href":"https:\/\/www.ufsm.br\/cursos\/pos-graduacao\/santa-maria\/pppg\/wp-json\/wp\/v2\/users\/115"}],"replies":[{"embeddable":true,"href":"https:\/\/www.ufsm.br\/cursos\/pos-graduacao\/santa-maria\/pppg\/wp-json\/wp\/v2\/comments?post=245"}],"version-history":[{"count":0,"href":"https:\/\/www.ufsm.br\/cursos\/pos-graduacao\/santa-maria\/pppg\/wp-json\/wp\/v2\/pages\/245\/revisions"}],"wp:attachment":[{"href":"https:\/\/www.ufsm.br\/cursos\/pos-graduacao\/santa-maria\/pppg\/wp-json\/wp\/v2\/media?parent=245"}],"wp:term":[{"taxonomy":"category","embeddable":true,"href":"https:\/\/www.ufsm.br\/cursos\/pos-graduacao\/santa-maria\/pppg\/wp-json\/wp\/v2\/categories?post=245"},{"taxonomy":"post_tag","embeddable":true,"href":"https:\/\/www.ufsm.br\/cursos\/pos-graduacao\/santa-maria\/pppg\/wp-json\/wp\/v2\/tags?post=245"}],"curies":[{"name":"wp","href":"https:\/\/api.w.org\/{rel}","templated":true}]}}