{"id":2492,"date":"2025-04-17T12:52:52","date_gmt":"2025-04-17T15:52:52","guid":{"rendered":"https:\/\/www.ufsm.br\/cursos\/pos-graduacao\/santa-maria\/pppg\/?page_id=2492"},"modified":"2025-04-17T12:52:53","modified_gmt":"2025-04-17T15:52:53","slug":"legislacao-2","status":"publish","type":"page","link":"https:\/\/www.ufsm.br\/cursos\/pos-graduacao\/santa-maria\/pppg\/legislacao-2","title":{"rendered":"Legisla\u00e7\u00e3o"},"content":{"rendered":"\n<p><a href=\"https:\/\/portal.ufsm.br\/documentos\/download.html?action=arquivosIndexados&amp;id=15186583&amp;download=false\">Portaria Normativa CE\/UFSM N. 03\/2024 &#8211; <span aria-labelledby=\"OutFieldTag_QL7HyynkNvt7ZfXD_label\">Aprova o Regimento Interno do Programa de P\u00f3s-gradua\u00e7\u00e3o em Pol\u00edticas P\u00fablicas e Gest\u00e3o Educacional.<\/span><\/a><\/p>\n<p><a href=\"https:\/\/portal.ufsm.br\/documentos\/download.html?action=arquivosIndexados&amp;id=15186611&amp;download=false\">Portaria Normativa CE\/UFSM N. 03\/2024 &#8211; Anexo I &#8211; <span aria-labelledby=\"OutFieldTag_JZeikrfbhJKDIiyy_label\">Regulamento Interno do Programa de P\u00f3s-gradua\u00e7\u00e3o em Pol\u00edticas P\u00fablicas e Gest\u00e3o Educacional.<\/span><\/a><\/p>\n<p>A<a style=\"font-size: 1rem\" href=\"https:\/\/www.ufsm.br\/app\/uploads\/sites\/542\/2025\/04\/Ato_Normativo_No002.2019_Grupo_Trabalho_Avaliacao_Producao_Credenciamento_Recredenciamento_Docente_PPPG.pdf\" target=\"_blank\" rel=\"noopener\">to Normativo N\u00ba 001\/2019 &#8211;\u00a0Grupo de Trabalho de Avalia\u00e7\u00e3o da\u00a0Produ\u00e7\u00e3o, Credenciamento e\u00a0Recredenciamento Docente do Curso de\u00a0Mestrado Profissional do Programa de P\u00f3s-Gradua\u00e7\u00e3o Pol\u00edticas P\u00fablicas e Gest\u00e3o\u00a0Educacional<\/a><\/p>\n<p><a style=\"font-size: 16px;color: #3366ff\" href=\"https:\/\/www.ufsm.br\/app\/uploads\/sites\/542\/2022\/07\/Ato_Normativo_No003.2019_Grupo_Trabalho_Palnejamento_Estrategico_Autoavaliacao_PPPG.pdf\">Ato_Normativo_N\u00ba003\/.2019 Regulamenta o Grupo de Trabalho de Planejamento Estrat\u00e9gico e Autoavalia\u00e7ao_PPPG<\/a><\/p>\n<p><span style=\"color: #3366ff\"><a style=\"color: #3366ff\" href=\"https:\/\/www.ufsm.br\/app\/uploads\/sites\/542\/2021\/01\/Ato-01-2021-Credenciamento-recredenciamento-e-descredenciamento.pdf\">Ato_Normativo N\u00ba 001\/2021 Regulamenta processos de credenciamento, recredenciamento, descredenciamento e acompanhamento de docentes\u00a0<\/a><\/span><\/p>\n<p><strong>Revogados e\/ou substitu\u00eddos:\u00a0<\/strong><\/p>\n<p><a style=\"color: #1a3d73;font-size: 16px\" href=\"https:\/\/www.ufsm.br\/cursos\/pos-graduacao\/santa-maria\/pppg\/wp-content\/uploads\/sites\/542\/2019\/04\/Ato_Normativo_N%C2%BA002.2017_Comiss%C3%A3o_Acompanhamento_Avalia%C3%A7%C3%A3o_recredenciamento_PPPG.pdf\">Ato_Normativo N\u00ba002\/2017 Comiss\u00e3o de Acompanhamento, Avalia\u00e7\u00e3o e Recredenciamento PPPG<\/a><\/p>\n<p><a href=\"https:\/\/www.ufsm.br\/app\/uploads\/sites\/542\/2018\/12\/Ato_Normativo_N\u00ba001.2018_recredenciamento_docentes_PPPG.pdf\" target=\"_blank\" rel=\"noopener\">Ato_Normativo_N\u00ba001.\/2018_recredenciamento_docentes_PPPG\u00a0<\/a><\/p>\n<p><strong>Curso de Especializa\u00e7\u00e3o em gest\u00e3o Educacional<\/strong><\/p>\n<ul>\n<li><a href=\"https:\/\/www.ufsm.br\/cursos\/pos-graduacao\/santa-maria\/pppg\/wp-content\/uploads\/sites\/542\/2019\/04\/PPC_CEGE_aprovado-2014.pdf\">Projeto Pedag\u00f3gico do Curso<\/a><\/li>\n<li><a href=\"https:\/\/www.ufsm.br\/cursos\/pos-graduacao\/santa-maria\/pppg\/wp-content\/uploads\/sites\/542\/2019\/04\/MATRIZ-CURRICULAR-CEGE_PPC2014.pdf\">Matriz Curricular<\/a><\/li>\n<\/ul>\n<p><strong>Curso de Mestrado Profissional em Pol\u00edticas P\u00fablicas e Gest\u00e3o Educacional<\/strong><\/p>\n<ul>\n<li><a href=\"https:\/\/www.ufsm.br\/cursos\/pos-graduacao\/santa-maria\/pppg\/wp-content\/uploads\/sites\/542\/2019\/04\/PPC_MESTRADO-PROFISSIONAL_2015.pdf\">Projeto Pedag\u00f3gico do Curso<\/a><\/li>\n<li><a href=\"https:\/\/www.ufsm.br\/cursos\/pos-graduacao\/santa-maria\/pppg\/wp-content\/uploads\/sites\/542\/2019\/04\/Matriz-Curricular-MP-2018.pdf\">Matriz Curricular MP<\/a><\/li>\n<\/ul>\n","protected":false},"excerpt":{"rendered":"<p>Portaria Normativa CE\/UFSM N. 03\/2024 &#8211; Aprova o Regimento Interno do Programa de P\u00f3s-gradua\u00e7\u00e3o em Pol\u00edticas P\u00fablicas e Gest\u00e3o Educacional. Portaria Normativa CE\/UFSM N. 03\/2024 &#8211; Anexo I &#8211; Regulamento Interno do Programa de P\u00f3s-gradua\u00e7\u00e3o em Pol\u00edticas P\u00fablicas e Gest\u00e3o Educacional. Ato Normativo N\u00ba 001\/2019 &#8211;\u00a0Grupo de Trabalho de Avalia\u00e7\u00e3o da\u00a0Produ\u00e7\u00e3o, Credenciamento e\u00a0Recredenciamento Docente do [&hellip;]<\/p>\n","protected":false},"author":401,"featured_media":0,"parent":0,"menu_order":0,"comment_status":"closed","ping_status":"closed","template":"","meta":{"footnotes":""},"categories":[],"tags":[],"class_list":["post-2492","page","type-page","status-publish","hentry"],"acf":[],"_links":{"self":[{"href":"https:\/\/www.ufsm.br\/cursos\/pos-graduacao\/santa-maria\/pppg\/wp-json\/wp\/v2\/pages\/2492","targetHints":{"allow":["GET"]}}],"collection":[{"href":"https:\/\/www.ufsm.br\/cursos\/pos-graduacao\/santa-maria\/pppg\/wp-json\/wp\/v2\/pages"}],"about":[{"href":"https:\/\/www.ufsm.br\/cursos\/pos-graduacao\/santa-maria\/pppg\/wp-json\/wp\/v2\/types\/page"}],"author":[{"embeddable":true,"href":"https:\/\/www.ufsm.br\/cursos\/pos-graduacao\/santa-maria\/pppg\/wp-json\/wp\/v2\/users\/401"}],"replies":[{"embeddable":true,"href":"https:\/\/www.ufsm.br\/cursos\/pos-graduacao\/santa-maria\/pppg\/wp-json\/wp\/v2\/comments?post=2492"}],"version-history":[{"count":0,"href":"https:\/\/www.ufsm.br\/cursos\/pos-graduacao\/santa-maria\/pppg\/wp-json\/wp\/v2\/pages\/2492\/revisions"}],"wp:attachment":[{"href":"https:\/\/www.ufsm.br\/cursos\/pos-graduacao\/santa-maria\/pppg\/wp-json\/wp\/v2\/media?parent=2492"}],"wp:term":[{"taxonomy":"category","embeddable":true,"href":"https:\/\/www.ufsm.br\/cursos\/pos-graduacao\/santa-maria\/pppg\/wp-json\/wp\/v2\/categories?post=2492"},{"taxonomy":"post_tag","embeddable":true,"href":"https:\/\/www.ufsm.br\/cursos\/pos-graduacao\/santa-maria\/pppg\/wp-json\/wp\/v2\/tags?post=2492"}],"curies":[{"name":"wp","href":"https:\/\/api.w.org\/{rel}","templated":true}]}}