{"id":256,"date":"2019-04-01T11:52:13","date_gmt":"2019-04-01T14:52:13","guid":{"rendered":"https:\/\/www.ufsm.br\/cursos\/pos-graduacao\/santa-maria\/pppg\/?page_id=256"},"modified":"2019-04-01T11:52:15","modified_gmt":"2019-04-01T14:52:15","slug":"apoio","status":"publish","type":"page","link":"https:\/\/www.ufsm.br\/cursos\/pos-graduacao\/santa-maria\/pppg\/apoio","title":{"rendered":"Apoio"},"content":{"rendered":"\n<p><a href=\"http:\/\/www.capes.gov.br\/\">CAPES<\/a><\/p>\n<p><a href=\"https:\/\/www.ufsm.br\/unidades-universitarias\/ce\/\">Centro de Educa\u00e7\u00e3o UFSM<\/a><\/p>\n<p>ADUFSM<\/p>\n<p><a href=\"https:\/\/www.ufsm.br\/orgaos-suplementares\/nte\/\">Curso de Especializa\u00e7\u00e3o em Gest\u00e3o Educacional EAD (UAB\/UFSM)<\/a><\/p>\n","protected":false},"excerpt":{"rendered":"<p>CAPES Centro de Educa\u00e7\u00e3o UFSM ADUFSM Curso de Especializa\u00e7\u00e3o em Gest\u00e3o Educacional EAD (UAB\/UFSM)<\/p>\n","protected":false},"author":115,"featured_media":0,"parent":0,"menu_order":0,"comment_status":"closed","ping_status":"closed","template":"","meta":{"footnotes":""},"categories":[],"tags":[],"class_list":["post-256","page","type-page","status-publish","hentry"],"acf":[],"_links":{"self":[{"href":"https:\/\/www.ufsm.br\/cursos\/pos-graduacao\/santa-maria\/pppg\/wp-json\/wp\/v2\/pages\/256","targetHints":{"allow":["GET"]}}],"collection":[{"href":"https:\/\/www.ufsm.br\/cursos\/pos-graduacao\/santa-maria\/pppg\/wp-json\/wp\/v2\/pages"}],"about":[{"href":"https:\/\/www.ufsm.br\/cursos\/pos-graduacao\/santa-maria\/pppg\/wp-json\/wp\/v2\/types\/page"}],"author":[{"embeddable":true,"href":"https:\/\/www.ufsm.br\/cursos\/pos-graduacao\/santa-maria\/pppg\/wp-json\/wp\/v2\/users\/115"}],"replies":[{"embeddable":true,"href":"https:\/\/www.ufsm.br\/cursos\/pos-graduacao\/santa-maria\/pppg\/wp-json\/wp\/v2\/comments?post=256"}],"version-history":[{"count":0,"href":"https:\/\/www.ufsm.br\/cursos\/pos-graduacao\/santa-maria\/pppg\/wp-json\/wp\/v2\/pages\/256\/revisions"}],"wp:attachment":[{"href":"https:\/\/www.ufsm.br\/cursos\/pos-graduacao\/santa-maria\/pppg\/wp-json\/wp\/v2\/media?parent=256"}],"wp:term":[{"taxonomy":"category","embeddable":true,"href":"https:\/\/www.ufsm.br\/cursos\/pos-graduacao\/santa-maria\/pppg\/wp-json\/wp\/v2\/categories?post=256"},{"taxonomy":"post_tag","embeddable":true,"href":"https:\/\/www.ufsm.br\/cursos\/pos-graduacao\/santa-maria\/pppg\/wp-json\/wp\/v2\/tags?post=256"}],"curies":[{"name":"wp","href":"https:\/\/api.w.org\/{rel}","templated":true}]}}