{"id":258,"date":"2019-04-01T11:56:31","date_gmt":"2019-04-01T14:56:31","guid":{"rendered":"https:\/\/www.ufsm.br\/cursos\/pos-graduacao\/santa-maria\/pppg\/?page_id=258"},"modified":"2021-12-07T09:26:09","modified_gmt":"2021-12-07T12:26:09","slug":"apresentacao-2","status":"publish","type":"page","link":"https:\/\/www.ufsm.br\/cursos\/pos-graduacao\/santa-maria\/pppg\/apresentacao-2","title":{"rendered":"apresenta\u00e7\u00e3o semin\u00e1rio"},"content":{"rendered":"\n<h5><strong>III SEMIN\u00c1RIO INTERNACIONAL DE POLITICAS P\u00daBLICAS DA EDUCA\u00c7\u00c3O B\u00c1SICA E SUPERIOR<\/strong><\/h5>\n<h5><strong>IX SEMANA ACAD\u00caMICA DO CURSO DE ESPECIALIZA\u00c7\u00c3O EM GEST\u00c3O EDUCACIONAL<\/strong><\/h5>\n<p>O III Semin\u00e1rio Internacional de Pol\u00edticas P\u00fablicas da Educa\u00e7\u00e3o B\u00e1sica e Superior e a IX Semana acad\u00eamica do curso de Especializa\u00e7\u00e3o em Gest\u00e3o Educacional da Universidade Federal de Santa Maria, programados para acontecer no per\u00edodo de 16 a 18 de junho de 2015, configuram-se como eventos integrados acerca do tema geral \u201cPERSPECTIVAS EPISTEMOL\u00d3GICAS DAS POL\u00cdTICAS EDUCACIONAIS: TEORIA E PR\u00c1TICA\u201d.<\/p>\n<p>Os eventos s\u00e3o destinados ao p\u00fablico constitu\u00eddo por estudantes de gradua\u00e7\u00e3o e de p\u00f3s-gradua\u00e7\u00e3o, professores e t\u00e9cnicos da educa\u00e7\u00e3o b\u00e1sica e superior, bem como demais interessados na tem\u00e1tica.<\/p>\n<p>Ambos eventos convergem na constru\u00e7\u00e3o do debate te\u00f3rico-pr\u00e1tico que realizam alguns investigadores acerca da compreens\u00e3o e fortalecimento das pesquisas nesse campo do conhecimento. Destaca-se que as discuss\u00f5es sobre diferentes perspectivas epistemol\u00f3gicas podem vir a contribuir para fortalecer o campo da investiga\u00e7\u00e3o em pol\u00edticas educacionais, assim como contribuir para que o p\u00fablico alvo [re]construa, [re]signifique e aprofunde seus conhecimentos acerca dos aspectos te\u00f3ricos e pr\u00e1ticos entrela\u00e7ados \u00e0s pol\u00edticas p\u00fablicas e o cen\u00e1rio educacional.<\/p>\n<p>O III Semin\u00e1rio Internacional de Pol\u00edticas P\u00fablicas da Educa\u00e7\u00e3o B\u00e1sica e Superior, em sua segunda edi\u00e7\u00e3o, se constitui a\u00e7\u00e3o integrada do Projeto do Observat\u00f3rio de Educa\u00e7\u00e3o (OBEDUC) vinculado ao Programa de P\u00f3s-Gradua\u00e7\u00e3o em Educa\u00e7\u00e3o da Universidade Federal de Santa Maria (UFSM), proposto a partir dos estudos do Grupo de Pesquisa Elos e da linha de pesquisa Pr\u00e1ticas Escolares e Pol\u00edticas P\u00fablicas\/LP2. Objetiva-se com o OBEDUC, identificar e analisar os limites e as possibilidades das a\u00e7\u00f5es pedag\u00f3gicas no contexto da gest\u00e3o educacional, a partir dos impactos, impasses e desafios enfrentados pelos sistemas e respectivas institui\u00e7\u00f5es no contexto de implementa\u00e7\u00e3o e interfer\u00eancia das pol\u00edticas p\u00fablicas educacionais nas reformas regionais e locais realizadas a partir do processo de interlocu\u00e7\u00e3o entre Educa\u00e7\u00e3o B\u00e1sica e Superior. A IX Semana Acad\u00eamica do Curso de Especializa\u00e7\u00e3o em Gest\u00e3o Educacional da Universidade Federal de Santa Maria, objetiva fomentar a forma\u00e7\u00e3o continuada dos profissionais da educa\u00e7\u00e3o atrav\u00e9s da socializa\u00e7\u00e3o e produ\u00e7\u00e3o de conhecimentos pertinentes ao campo da gest\u00e3o educacional, no que diz respeito a an\u00e1lise pol\u00edtico-pedag\u00f3gica do sistema educacional brasileiro a partir das pol\u00edticas p\u00fablicas e seus aspectos epistemol\u00f3gicos.<\/p>\n<p>Assim sendo, com a realiza\u00e7\u00e3o dos referidos eventos, que se constituem integrados, espera-se a amplia\u00e7\u00e3o e fortalecimento da interlocu\u00e7\u00e3o entre a Educa\u00e7\u00e3o B\u00e1sica e a Educa\u00e7\u00e3o Superior, na perspectiva de potencializar elementos para a [re]constru\u00e7\u00e3o de conhecimentos inter-relacionados aos aspectos epistemol\u00f3gicos das pol\u00edticas educativas no que diz respeito \u00e0s suas dimens\u00f5es te\u00f3rico-pr\u00e1ticas, bem como na abertura de novos caminhos e perspectivas para o desenvolvimento de pol\u00edticas p\u00fablicas educacionais. Essa integra\u00e7\u00e3o vai muito al\u00e9m das reflex\u00f5es que cerceiam os espa\u00e7os escolar e universit\u00e1rio, implica, antes de tudo, criar possibilidades de se analisar quest\u00f5es e desafios considerados fundamentais no \u00e2mbito das pol\u00edticas educativas e, consequentemente, da gest\u00e3o educacional, em face \u00e0s demandas que a educa\u00e7\u00e3o enfrenta no contexto de uma sociedade em transforma\u00e7\u00e3o. Compreender significativamente a rela\u00e7\u00e3o sociedade e educa\u00e7\u00e3o, \u00e9 ir al\u00e9m do contexto micro educacional, o que sugere uma an\u00e1lise mais profunda de seus elementos epistemol\u00f3gicos inter-relacionados a aspectos culturais, econ\u00f4micos, hist\u00f3ricos e pol\u00edticos.<\/p>\n<h5>Objetivo Geral<\/h5>\n<p>Promover espa\u00e7os de discuss\u00f5es acerca das perspectivas epistemol\u00f3gicas das pol\u00edticas p\u00fablicas e seus aspectos te\u00f3rico-metodol\u00f3gicos inter-relacionados aos processos de gest\u00e3o da educa\u00e7\u00e3o.<\/p>\n<h5>Objetivos Espec\u00edficos<\/h5>\n<p>Discutir acerca dos pressupostos epistemol\u00f3gicos que fundam as pol\u00edticas educativas e suas rela\u00e7\u00f5es com os processos de gest\u00e3o educacional e escolar.<\/p>\n<p>Problematizar as decorr\u00eancias das pol\u00edticas p\u00fablicas nos processos de gest\u00e3o democr\u00e1tica, considerando a implementa\u00e7\u00e3o dos programas educacionais e interlocu\u00e7\u00e3o entre educa\u00e7\u00e3o b\u00e1sica e educa\u00e7\u00e3o superior.<\/p>\n<p>Aprofundar la\u00e7os de parceria e coopera\u00e7\u00e3o entre Universidades, Redes e Sistemas de Ensino, na perspectiva de intensificar estudos e a\u00e7\u00f5es relacionados \u00e0 produ\u00e7\u00e3o do conhecimento na educa\u00e7\u00e3o b\u00e1sica e superior.<\/p>\n","protected":false},"excerpt":{"rendered":"<p>III SEMIN\u00c1RIO INTERNACIONAL DE POLITICAS P\u00daBLICAS DA EDUCA\u00c7\u00c3O B\u00c1SICA E SUPERIOR IX SEMANA ACAD\u00caMICA DO CURSO DE ESPECIALIZA\u00c7\u00c3O EM GEST\u00c3O EDUCACIONAL O III Semin\u00e1rio Internacional de Pol\u00edticas P\u00fablicas da Educa\u00e7\u00e3o B\u00e1sica e Superior e a IX Semana acad\u00eamica do curso de Especializa\u00e7\u00e3o em Gest\u00e3o Educacional da Universidade Federal de Santa Maria, programados para acontecer no [&hellip;]<\/p>\n","protected":false},"author":115,"featured_media":0,"parent":0,"menu_order":0,"comment_status":"closed","ping_status":"closed","template":"","meta":{"footnotes":""},"categories":[],"tags":[],"class_list":["post-258","page","type-page","status-publish","hentry"],"acf":[],"_links":{"self":[{"href":"https:\/\/www.ufsm.br\/cursos\/pos-graduacao\/santa-maria\/pppg\/wp-json\/wp\/v2\/pages\/258","targetHints":{"allow":["GET"]}}],"collection":[{"href":"https:\/\/www.ufsm.br\/cursos\/pos-graduacao\/santa-maria\/pppg\/wp-json\/wp\/v2\/pages"}],"about":[{"href":"https:\/\/www.ufsm.br\/cursos\/pos-graduacao\/santa-maria\/pppg\/wp-json\/wp\/v2\/types\/page"}],"author":[{"embeddable":true,"href":"https:\/\/www.ufsm.br\/cursos\/pos-graduacao\/santa-maria\/pppg\/wp-json\/wp\/v2\/users\/115"}],"replies":[{"embeddable":true,"href":"https:\/\/www.ufsm.br\/cursos\/pos-graduacao\/santa-maria\/pppg\/wp-json\/wp\/v2\/comments?post=258"}],"version-history":[{"count":0,"href":"https:\/\/www.ufsm.br\/cursos\/pos-graduacao\/santa-maria\/pppg\/wp-json\/wp\/v2\/pages\/258\/revisions"}],"wp:attachment":[{"href":"https:\/\/www.ufsm.br\/cursos\/pos-graduacao\/santa-maria\/pppg\/wp-json\/wp\/v2\/media?parent=258"}],"wp:term":[{"taxonomy":"category","embeddable":true,"href":"https:\/\/www.ufsm.br\/cursos\/pos-graduacao\/santa-maria\/pppg\/wp-json\/wp\/v2\/categories?post=258"},{"taxonomy":"post_tag","embeddable":true,"href":"https:\/\/www.ufsm.br\/cursos\/pos-graduacao\/santa-maria\/pppg\/wp-json\/wp\/v2\/tags?post=258"}],"curies":[{"name":"wp","href":"https:\/\/api.w.org\/{rel}","templated":true}]}}