{"id":260,"date":"2019-04-01T11:58:25","date_gmt":"2019-04-01T14:58:25","guid":{"rendered":"https:\/\/www.ufsm.br\/cursos\/pos-graduacao\/santa-maria\/pppg\/?page_id=260"},"modified":"2019-04-01T11:58:27","modified_gmt":"2019-04-01T14:58:27","slug":"eixos-tematicos-2","status":"publish","type":"page","link":"https:\/\/www.ufsm.br\/cursos\/pos-graduacao\/santa-maria\/pppg\/eixos-tematicos-2","title":{"rendered":"Eixos tem\u00e1ticos"},"content":{"rendered":"\n<p class=\"page-title\"><strong>Eixo 1<\/strong> \u2013 <span style=\"font-size: 16px;color: #191e23\">A epistemologia nas pol\u00edticas p\u00fablicas e na gest\u00e3o da educa\u00e7\u00e3o;<\/span><\/p>\n<p class=\"page-title\"><strong>Eixo 2<\/strong> \u2013\u00a0A forma\u00e7\u00e3o de professores na perspectiva epistemol\u00f3gica;<\/p>\n<p class=\"western\" align=\"justify\"><b>Eixo 3 \u2013\u00a0<\/b>As pr\u00e1ticas educativas e inter-rela\u00e7\u00f5es epistemol\u00f3gicas;<\/p>\n<p class=\"western\" align=\"justify\"><b>Eixo 4 \u2013\u00a0<\/b>Perspectivas epistemol\u00f3gicas nas pol\u00edticas educativas de\u00a0inclus\u00e3o.<\/p>\n","protected":false},"excerpt":{"rendered":"<p>Eixo 1 \u2013 A epistemologia nas pol\u00edticas p\u00fablicas e na gest\u00e3o da educa\u00e7\u00e3o; Eixo 2 \u2013\u00a0A forma\u00e7\u00e3o de professores na perspectiva epistemol\u00f3gica; Eixo 3 \u2013\u00a0As pr\u00e1ticas educativas e inter-rela\u00e7\u00f5es epistemol\u00f3gicas; Eixo 4 \u2013\u00a0Perspectivas epistemol\u00f3gicas nas pol\u00edticas educativas de\u00a0inclus\u00e3o.<\/p>\n","protected":false},"author":115,"featured_media":0,"parent":0,"menu_order":0,"comment_status":"closed","ping_status":"closed","template":"","meta":{"footnotes":""},"categories":[],"tags":[],"class_list":["post-260","page","type-page","status-publish","hentry"],"acf":[],"_links":{"self":[{"href":"https:\/\/www.ufsm.br\/cursos\/pos-graduacao\/santa-maria\/pppg\/wp-json\/wp\/v2\/pages\/260","targetHints":{"allow":["GET"]}}],"collection":[{"href":"https:\/\/www.ufsm.br\/cursos\/pos-graduacao\/santa-maria\/pppg\/wp-json\/wp\/v2\/pages"}],"about":[{"href":"https:\/\/www.ufsm.br\/cursos\/pos-graduacao\/santa-maria\/pppg\/wp-json\/wp\/v2\/types\/page"}],"author":[{"embeddable":true,"href":"https:\/\/www.ufsm.br\/cursos\/pos-graduacao\/santa-maria\/pppg\/wp-json\/wp\/v2\/users\/115"}],"replies":[{"embeddable":true,"href":"https:\/\/www.ufsm.br\/cursos\/pos-graduacao\/santa-maria\/pppg\/wp-json\/wp\/v2\/comments?post=260"}],"version-history":[{"count":0,"href":"https:\/\/www.ufsm.br\/cursos\/pos-graduacao\/santa-maria\/pppg\/wp-json\/wp\/v2\/pages\/260\/revisions"}],"wp:attachment":[{"href":"https:\/\/www.ufsm.br\/cursos\/pos-graduacao\/santa-maria\/pppg\/wp-json\/wp\/v2\/media?parent=260"}],"wp:term":[{"taxonomy":"category","embeddable":true,"href":"https:\/\/www.ufsm.br\/cursos\/pos-graduacao\/santa-maria\/pppg\/wp-json\/wp\/v2\/categories?post=260"},{"taxonomy":"post_tag","embeddable":true,"href":"https:\/\/www.ufsm.br\/cursos\/pos-graduacao\/santa-maria\/pppg\/wp-json\/wp\/v2\/tags?post=260"}],"curies":[{"name":"wp","href":"https:\/\/api.w.org\/{rel}","templated":true}]}}