{"id":261,"date":"2019-04-01T12:01:20","date_gmt":"2019-04-01T15:01:20","guid":{"rendered":"https:\/\/www.ufsm.br\/cursos\/pos-graduacao\/santa-maria\/pppg\/?page_id=261"},"modified":"2019-04-01T12:01:22","modified_gmt":"2019-04-01T15:01:22","slug":"trabalhos-2","status":"publish","type":"page","link":"https:\/\/www.ufsm.br\/cursos\/pos-graduacao\/santa-maria\/pppg\/trabalhos-2","title":{"rendered":"Trabalhos"},"content":{"rendered":"\n<h5 class=\"western\"><em>APRESENTA\u00c7\u00c3O DE TRABALHOS CIENT\u00cdFICOS<\/em><\/h5>\n<p align=\"justify\">Os trabalhos a serem apresentados se dar\u00e3o a partir de um dos eixos tem\u00e1ticos:<b><\/b><\/p>\n<p>\u00a0<\/p>\n<p lang=\"pt-BR\" align=\"justify\">Cada autor poder\u00e1 submeter no m\u00e1ximo tr\u00eas trabalhos completos.<\/p>\n<p class=\"western\" align=\"justify\"><strong>Comunica\u00e7\u00e3o oral<\/strong><\/p>\n<p class=\"western\" align=\"justify\">O\u00a0<b>trabalho completo<\/b>\u00a0submetido para\u00a0<b>comunica\u00e7\u00e3o oral\u00a0<\/b>\u00e9 constitu\u00eddo de um \u00fanico texto, que pode ser organizado por no\u00a0<i>m\u00e1ximo quatro autores<\/i>\u00a0mais o professor orientador (caso tenha professor orientador do trabalho \u00e9 preciso\u00a0sinalizar). O professor orientador de um trabalho n\u00e3o \u00e9 considerado autor.<\/p>\n<p class=\"western\" align=\"justify\">Essa modalidade de trabalho est\u00e1 relacionada ao relato fundamentado de pesquisas te\u00f3ricas e\/ou emp\u00edricas conclu\u00eddas ou em andamento, e dever\u00e1 inserir-se em um dos quatro eixos do evento.<\/p>\n<p class=\"western\" align=\"justify\">A apresenta\u00e7\u00e3o do trabalho se dar\u00e1 de forma oral, com tempo de 15 minutos, em um grupo de at\u00e9 10 trabalhos, com discuss\u00e3o durante as apresenta\u00e7\u00f5es.<\/p>\n<p class=\"western\" align=\"justify\"><i><strong>ATEN\u00c7\u00c3O:<\/strong>\u00a0<\/i>Todo o acad\u00eamico de gradua\u00e7\u00e3o e p\u00f3s-gradua\u00e7\u00e3o, que submeter um trabalho, dever\u00e1 ter um professor orientador o qual dever\u00e1 ser informado no trabalho.<\/p>\n<p align=\"justify\"><strong>Crit\u00e9rios de avalia\u00e7\u00e3o de trabalhos<\/strong><\/p>\n<ul>\n<li>rela\u00e7\u00e3o direta com a tem\u00e1tica central do evento;<\/li>\n<li>relev\u00e2ncia e pertin\u00eancia a um dos eixos tem\u00e1ticos propostos pelo evento;<\/li>\n<li>consist\u00eancia te\u00f3rica que enfatize as principais quest\u00f5es e os referenciais mais significativos que sustentam o trabalho, seja pesquisa cientifica quanto ao trabalho completo para comunica\u00e7\u00e3o;<\/li>\n<li>coer\u00eancia interna entre quest\u00f5es de pesquisa e abordagens te\u00f3ricas para os textos relacionados a comunica\u00e7\u00e3o oral;<\/li>\n<li>os trabalhos que observam as normas de formata\u00e7\u00e3o do evento;<\/li>\n<li><em>os trabalhos salvos em vers\u00e3o Word (formato DOC) e identificados conforme as normas<\/em><\/li>\n<\/ul>\n","protected":false},"excerpt":{"rendered":"<p>APRESENTA\u00c7\u00c3O DE TRABALHOS CIENT\u00cdFICOS Os trabalhos a serem apresentados se dar\u00e3o a partir de um dos eixos tem\u00e1ticos: \u00a0 Cada autor poder\u00e1 submeter no m\u00e1ximo tr\u00eas trabalhos completos. Comunica\u00e7\u00e3o oral O\u00a0trabalho completo\u00a0submetido para\u00a0comunica\u00e7\u00e3o oral\u00a0\u00e9 constitu\u00eddo de um \u00fanico texto, que pode ser organizado por no\u00a0m\u00e1ximo quatro autores\u00a0mais o professor orientador (caso tenha professor orientador do [&hellip;]<\/p>\n","protected":false},"author":115,"featured_media":0,"parent":0,"menu_order":0,"comment_status":"closed","ping_status":"closed","template":"","meta":{"footnotes":""},"categories":[],"tags":[],"class_list":["post-261","page","type-page","status-publish","hentry"],"acf":[],"_links":{"self":[{"href":"https:\/\/www.ufsm.br\/cursos\/pos-graduacao\/santa-maria\/pppg\/wp-json\/wp\/v2\/pages\/261","targetHints":{"allow":["GET"]}}],"collection":[{"href":"https:\/\/www.ufsm.br\/cursos\/pos-graduacao\/santa-maria\/pppg\/wp-json\/wp\/v2\/pages"}],"about":[{"href":"https:\/\/www.ufsm.br\/cursos\/pos-graduacao\/santa-maria\/pppg\/wp-json\/wp\/v2\/types\/page"}],"author":[{"embeddable":true,"href":"https:\/\/www.ufsm.br\/cursos\/pos-graduacao\/santa-maria\/pppg\/wp-json\/wp\/v2\/users\/115"}],"replies":[{"embeddable":true,"href":"https:\/\/www.ufsm.br\/cursos\/pos-graduacao\/santa-maria\/pppg\/wp-json\/wp\/v2\/comments?post=261"}],"version-history":[{"count":0,"href":"https:\/\/www.ufsm.br\/cursos\/pos-graduacao\/santa-maria\/pppg\/wp-json\/wp\/v2\/pages\/261\/revisions"}],"wp:attachment":[{"href":"https:\/\/www.ufsm.br\/cursos\/pos-graduacao\/santa-maria\/pppg\/wp-json\/wp\/v2\/media?parent=261"}],"wp:term":[{"taxonomy":"category","embeddable":true,"href":"https:\/\/www.ufsm.br\/cursos\/pos-graduacao\/santa-maria\/pppg\/wp-json\/wp\/v2\/categories?post=261"},{"taxonomy":"post_tag","embeddable":true,"href":"https:\/\/www.ufsm.br\/cursos\/pos-graduacao\/santa-maria\/pppg\/wp-json\/wp\/v2\/tags?post=261"}],"curies":[{"name":"wp","href":"https:\/\/api.w.org\/{rel}","templated":true}]}}