{"id":262,"date":"2019-04-01T12:02:53","date_gmt":"2019-04-01T15:02:53","guid":{"rendered":"https:\/\/www.ufsm.br\/cursos\/pos-graduacao\/santa-maria\/pppg\/?page_id=262"},"modified":"2019-04-01T12:02:55","modified_gmt":"2019-04-01T15:02:55","slug":"submissao-de-trabalhos-2","status":"publish","type":"page","link":"https:\/\/www.ufsm.br\/cursos\/pos-graduacao\/santa-maria\/pppg\/submissao-de-trabalhos-2","title":{"rendered":"Submiss\u00e3o de trabalhos"},"content":{"rendered":"\n<h5 class=\"western\">Normas de formata\u00e7\u00e3o<\/h5>\n<p class=\"western\" align=\"justify\">Devido aos crit\u00e9rios de publica\u00e7\u00e3o definidos pela Comiss\u00e3o Organizadora, em atendimento as normas da ABNT e, tamb\u00e9m, para o registro de ISBN dos Anais, o(s) autor(es) dever\u00e3o submeter trabalhos in\u00e9ditos ao Evento.<\/p>\n<p class=\"western\" align=\"justify\">Para a<b>\u00a0<\/b><strong>submiss\u00e3o dos textos completos das comunica\u00e7\u00f5es as normas de formata\u00e7\u00e3o<\/strong><b>\u00a0<\/b>s\u00e3o:<\/p>\n<ol>\n<li>margem superior e esquerda 3 cm e margem inferior e direita 2 cm;<\/li>\n<li>t\u00edtulo do trabalho em letra mai\u00fascula, centralizado, negritado em fonte Arial tamanho 12, espa\u00e7o 1,5 entre linhas, em no m\u00e1ximo tr\u00eas linhas;<\/li>\n<li>nomes completos dos autores (conforme ficha de inscri\u00e7\u00e3o), em fonte Arial tamanho 12, alinhados \u00e0 direita;<\/li>\n<li>nota de rodap\u00e9 correspondente a cada autor, em fonte Arial tamanho 10 e espa\u00e7o simples, contendo sua forma\u00e7\u00e3o, institui\u00e7\u00e3o, e-mail e indicando o apresentador;<\/li>\n<li>n\u00famero e nome do eixo tem\u00e1tico especificado abaixo do nome dos autores;<\/li>\n<li>resumo em bloco \u00fanico, fonte Arial tamanho 10, espa\u00e7o simples, sem recuo de par\u00e1grafo, entre 250 e 350 palavras (incluindo as palavras-chave), abaixo do resumo devem constar no m\u00ednimo tr\u00eas e no m\u00e1ximo cinco palavras-chave separadas por ponto final;<\/li>\n<li>o corpo do texto (introdu\u00e7\u00e3o contendo apresenta\u00e7\u00e3o do tema, problema e respectivo(s) objetivo(s) da pesquisa, fundamenta\u00e7\u00e3o te\u00f3rica, \u00a0metodologia, considera\u00e7\u00f5es finais e refer\u00eancias)\u00a0em fonte Arial tamanho 12, espa\u00e7amento 1,5 cm, com recuo de par\u00e1grafo de 1 cm;<\/li>\n<li>texto entre 10 a 15 p\u00e1ginas incluindo o resumo e as refer\u00eancias;<\/li>\n<li>cita\u00e7\u00f5es (diretas e indiretas) e refer\u00eancias dever\u00e3o ser apresentadas conforme normas da Associa\u00e7\u00e3o Brasileira de Normas T\u00e9cnicas \u2013 ABNT.<\/li>\n<li>os trabalhos dever\u00e3o seguir a formata\u00e7\u00e3o e orienta\u00e7\u00f5es expressas no\u00a0<a href=\"http:\/\/coral.ufsm.br\/seminariopoliticasegestao\/2015\/wp-content\/uploads\/2015\/05\/Orienta%C3%A7%C3%B5es_Formata%C3%A7%C3%A3o_Trabalho.doc\" target=\"_blank\" rel=\"noopener noreferrer\"><i>modelo de trabalho do evento<\/i><\/a>. Caso n\u00e3o seja observado o formato do evento o trabalho n\u00e3o ser\u00e1 encaminhado para avalia\u00e7\u00e3o da Comiss\u00e3o Cient\u00edfica;<\/li>\n<li>os t\u00edtulos das se\u00e7\u00f5es do trabalho, em negrito, sendo a primeira letra mai\u00fascula, n\u00e3o devem ser numerados;<\/li>\n<li class=\"western\">entre os par\u00e1grafos do texto n\u00e3o pode haver linhas em branco, ou seja, sem espa\u00e7amento entre par\u00e1grafos conforme exemplificado no\u00a0<em>modelo de trabalho<\/em>. Apenas entre uma se\u00e7\u00e3o e outra deixar uma linha em branco;<\/li>\n<li class=\"western\">ser\u00e1 permitida a utiliza\u00e7\u00e3o de figuras, gr\u00e1ficos e tabelas, desde que identificados de acordo com as normas da Associa\u00e7\u00e3o Brasileira de Normas T\u00e9cnicas \u2013 ABNT;<\/li>\n<li class=\"western\">os trabalhos dever\u00e3o ser salvos em dois arquivos em vers\u00e3o Word (formato DOC), identificados de acordo com as seguintes orienta\u00e7\u00f5es:<\/li>\n<\/ol>\n<p class=\"western\" align=\"justify\"><strong>A)\u00a0<\/strong>Uma vers\u00e3o do trabalho com identifica\u00e7\u00e3o: constando o t\u00edtulo, o nome dos autores e o eixo\u00a0<i>dentro do arquivo (texto)<\/i>.<\/p>\n<p class=\"western\" align=\"justify\">O nome deste arquivo deve ser salvo conforme o exemplo 1 abaixo:<\/p>\n<p class=\"western\" align=\"justify\">Eixo1_NomeCompletodo1\u00baAutor_CPFdo1\u00baautor<\/p>\n<p class=\"western\" align=\"justify\">Exemplo 1:<b>\u00a0Eixo1_RosadaCosta_45698710109<\/b><\/p>\n<p class=\"western\" align=\"justify\"><strong>B)\u00a0<\/strong>Uma vers\u00e3o do trabalho sem identifica\u00e7\u00e3o: constando apenas o t\u00edtulo e o eixo\u00a0<i>dentro do arquivo, sem o nome dos autores<\/i>.<\/p>\n<p class=\"western\" align=\"justify\">Eixo1_ CPFdo1\u00baautor<b><\/b><\/p>\n<p class=\"western\" align=\"justify\">Exemplo 2:<b>\u00a0Eixo1_45698710109<\/b><\/p>\n<p class=\"western\" align=\"justify\">15. N\u00e3o ser\u00e3o encaminhados trabalhos para avalia\u00e7\u00e3o pela Comiss\u00e3o Cient\u00edfica cujos autores n\u00e3o tenham efetuado a inscri\u00e7\u00e3o no site do evento e o pagamento da taxa de inscri\u00e7\u00e3o (conforme orienta\u00e7\u00f5es), bem como n\u00e3o tenham considerado as normas de formata\u00e7\u00e3o do trabalho.<\/p>\n<p>\u00a0<\/p>\n<p align=\"justify\"><strong>Normas de envio do(s) trabalho(s)<\/strong><\/p>\n<ol>\n<li>o(s) trabalho(s) s\u00f3 poder\u00e3o ser submetidos ao eixo tem\u00e1tico se todos os autores tiverem realizado a sua inscri\u00e7\u00e3o no site do evento e respectivo pagamento de inscri\u00e7\u00e3o;<\/li>\n<li>os arquivos do(s) trabalho(s) dever\u00e3o ser enviados<b>\u00a0<\/b><em><b>somente pelo autor apresentador do trabalho<\/b><\/em>, para o endere\u00e7o de e-mail do eixo tem\u00e1tico escolhido;<\/li>\n<li>para envio de trabalho(s) ser\u00e1 necess\u00e1rio anexar no e-mail dois arquivos: um com identifica\u00e7\u00e3o dos autores e outro sem identifica\u00e7\u00e3o dos autores (conforme as normas de formata\u00e7\u00e3o item \u201cn\u201d);<\/li>\n<\/ol>\n<p><em><b>Eixo 1 \u2013\u00a0<\/b><\/em><em>A epistemologia nas pol\u00edticas p\u00fablicas e na gest\u00e3o da educa\u00e7\u00e3o<\/em><\/p>\n<p class=\"western\" align=\"justify\">E-mail:\u00a0<a href=\"mailto:eixo1seminarioufsm@gmail.com\">eixo1seminarioufsm@gmail.com<\/a><\/p>\n<p><em><b>Eixo 2 \u2013<\/b><\/em><em>\u00a0A forma\u00e7\u00e3o de professores na perspectiva epistemol\u00f3gica<\/em><\/p>\n<p class=\"western\" align=\"justify\">E-mail:\u00a0<a href=\"mailto:eixo2seminarioufsm@gmail.com\">eixo2seminarioufsm@gmail.com<\/a><\/p>\n<p><em><b>Eixo 3 \u2013\u00a0<\/b><\/em><em>As p<\/em>r\u00e1ticas educativas e inter-rela\u00e7\u00f5es epistemol\u00f3gicas<\/p>\n<p class=\"western\" align=\"justify\">E-mail:\u00a0<a href=\"mailto:eixo3seminarioufsm@gmail.com\">eixo3seminarioufsm@gmail.com<\/a><\/p>\n<p><b>Eixo 4 \u2013\u00a0<\/b>Perspectivas epistemol\u00f3gicas nas pol\u00edticas educativas de\u00a0inclus\u00e3o<\/p>\n<p>E-mail:\u00a0<a href=\"mailto:eixo4seminarioufsm@gmail.com\">eixo4seminarioufsm@gmail.com<\/a><\/p>\n<p>4. os coordenadores dos eixos tem\u00e1ticos somente responder\u00e3o por e-mail a d\u00favidas relacionadas as normas de formata\u00e7\u00e3o e ao envio de trabalhos. Demais d\u00favidas e solicita\u00e7\u00f5es dever\u00e3o ser encaminhadas pelo endere\u00e7o de e-mail:<b>\u00a0<\/b><a href=\"mailto:seminarioufsm@gmail.com\"><b>seminarioufsm@gmail.com<\/b><\/a><\/p>\n<p>\u00a0<\/p>\n<p><a href=\"https:\/\/www.ufsm.br\/cursos\/pos-graduacao\/santa-maria\/pppg\/wp-content\/uploads\/sites\/542\/2019\/04\/Orienta\u00e7\u00f5es_Formata\u00e7\u00e3o_Trabalho.doc\">Downlad Modelo de trabalho do evento<\/a><\/p>\n","protected":false},"excerpt":{"rendered":"<p>Normas de formata\u00e7\u00e3o Devido aos crit\u00e9rios de publica\u00e7\u00e3o definidos pela Comiss\u00e3o Organizadora, em atendimento as normas da ABNT e, tamb\u00e9m, para o registro de ISBN dos Anais, o(s) autor(es) dever\u00e3o submeter trabalhos in\u00e9ditos ao Evento. Para a\u00a0submiss\u00e3o dos textos completos das comunica\u00e7\u00f5es as normas de formata\u00e7\u00e3o\u00a0s\u00e3o: margem superior e esquerda 3 cm e margem inferior [&hellip;]<\/p>\n","protected":false},"author":115,"featured_media":0,"parent":0,"menu_order":0,"comment_status":"closed","ping_status":"closed","template":"","meta":{"footnotes":""},"categories":[],"tags":[],"class_list":["post-262","page","type-page","status-publish","hentry"],"acf":[],"_links":{"self":[{"href":"https:\/\/www.ufsm.br\/cursos\/pos-graduacao\/santa-maria\/pppg\/wp-json\/wp\/v2\/pages\/262","targetHints":{"allow":["GET"]}}],"collection":[{"href":"https:\/\/www.ufsm.br\/cursos\/pos-graduacao\/santa-maria\/pppg\/wp-json\/wp\/v2\/pages"}],"about":[{"href":"https:\/\/www.ufsm.br\/cursos\/pos-graduacao\/santa-maria\/pppg\/wp-json\/wp\/v2\/types\/page"}],"author":[{"embeddable":true,"href":"https:\/\/www.ufsm.br\/cursos\/pos-graduacao\/santa-maria\/pppg\/wp-json\/wp\/v2\/users\/115"}],"replies":[{"embeddable":true,"href":"https:\/\/www.ufsm.br\/cursos\/pos-graduacao\/santa-maria\/pppg\/wp-json\/wp\/v2\/comments?post=262"}],"version-history":[{"count":0,"href":"https:\/\/www.ufsm.br\/cursos\/pos-graduacao\/santa-maria\/pppg\/wp-json\/wp\/v2\/pages\/262\/revisions"}],"wp:attachment":[{"href":"https:\/\/www.ufsm.br\/cursos\/pos-graduacao\/santa-maria\/pppg\/wp-json\/wp\/v2\/media?parent=262"}],"wp:term":[{"taxonomy":"category","embeddable":true,"href":"https:\/\/www.ufsm.br\/cursos\/pos-graduacao\/santa-maria\/pppg\/wp-json\/wp\/v2\/categories?post=262"},{"taxonomy":"post_tag","embeddable":true,"href":"https:\/\/www.ufsm.br\/cursos\/pos-graduacao\/santa-maria\/pppg\/wp-json\/wp\/v2\/tags?post=262"}],"curies":[{"name":"wp","href":"https:\/\/api.w.org\/{rel}","templated":true}]}}