{"id":2648,"date":"2026-02-12T08:41:49","date_gmt":"2026-02-12T11:41:49","guid":{"rendered":"https:\/\/www.ufsm.br\/cursos\/pos-graduacao\/santa-maria\/pppg\/?page_id=2648"},"modified":"2026-02-25T09:59:34","modified_gmt":"2026-02-25T12:59:34","slug":"2025-2","status":"publish","type":"page","link":"https:\/\/www.ufsm.br\/cursos\/pos-graduacao\/santa-maria\/pppg\/2025-2","title":{"rendered":"2025"},"content":{"rendered":"\t\t<div data-elementor-type=\"wp-page\" data-elementor-id=\"2648\" class=\"elementor elementor-2648\">\n\t\t\t\t\t\t<section class=\"elementor-section elementor-top-section elementor-element elementor-element-785694c5 elementor-section-boxed elementor-section-height-default elementor-section-height-default\" data-id=\"785694c5\" data-element_type=\"section\">\n\t\t\t\t\t\t<div class=\"elementor-container elementor-column-gap-default\">\n\t\t\t\t\t<div class=\"elementor-column elementor-col-100 elementor-top-column elementor-element elementor-element-4e67a94e\" data-id=\"4e67a94e\" data-element_type=\"column\">\n\t\t\t<div class=\"elementor-widget-wrap elementor-element-populated\">\n\t\t\t\t\t\t<div class=\"elementor-element elementor-element-76346bb6 elementor-widget elementor-widget-text-editor\" data-id=\"76346bb6\" data-element_type=\"widget\" data-widget_type=\"text-editor.default\">\n\t\t\t\t<div class=\"elementor-widget-container\">\n\t\t\t\t\t\t\t<!-- wp:tadv\/classic-paragraph -->\n<p><strong>CICLO FORMATIVO: A ATUA\u00c7\u00c3O DO <\/strong><strong>SETOR DE ASSESSORIA PEDAG\u00d3GICA. <\/strong>Autores: Aline Silva Frota de Oliveira e Rosane Carneiro Sarturi (Orientadora). Agosto de 2025. [<a href=\"https:\/\/www.ufsm.br\/app\/uploads\/sites\/542\/2026\/02\/Produto-Aline-Silva-Frota-de-Oliveira.pdf\">Arquivo<\/a>]<\/p>\n<p><strong>PROJETO FORMATIVO PARA DEBATER A POL\u00cdTICA P\u00daBLICA DO NOVO ENSINO M\u00c9DIO.\u00a0<\/strong>Autores: Carlos Jardel Henn e Elisiane Machado Lunardi (Orientadora). Janeiro de 2025. [<a href=\"https:\/\/www.ufsm.br\/app\/uploads\/sites\/542\/2026\/02\/Produto-CARLOS-JARDEL-HENN.pdf\">Arquivo<\/a>]<\/p>\n<p><strong>INSTRUMENTO DE <\/strong><strong>CURADORIA <\/strong><strong>PARA\/SOBRE A <\/strong><strong>ALFABETIZA\u00c7\u00c3O.\u00a0<\/strong>Autores: Elisabete Maria Rosa e Doris Pires Vargas Bolsan (Orientadora). Mar\u00e7o de 2025. [<a href=\"https:\/\/www.ufsm.br\/app\/uploads\/sites\/542\/2026\/02\/Produto-Elisabete-Maria-Rosa.pdf\">Arquivo<\/a>]<\/p>\n<p><strong>Relato de Viv\u00eancias: o olhar de quem estava l\u00e1.\u00a0<\/strong>Autores: Elisabeth Silveira Gon\u00e7alves e Ana Carla Hollweg Powaczuk (Orientadora). Dezembro de 2025. [<a href=\"https:\/\/www.ufsm.br\/app\/uploads\/sites\/542\/2026\/02\/Produto-Elisabeth-Silveira-Goncalves.pdf\">Arquivo<\/a>]<\/p>\n<p><strong>GEST\u00c3O ESCOLAR COMO ESPA\u00c7O DE DI\u00c1LOGO E PROPOSI\u00c7\u00c3O DE A\u00c7\u00d5ES <\/strong><strong>COLETIVAS NA ESCOLA ESTADUAL DE EDUCA\u00c7\u00c3O B\u00c1SICA AUGUSTO <\/strong><strong>RUSCHI.\u00a0<\/strong>Autores: Jacira Brites Gon\u00e7alves e <span style=\"font-weight: 400\">Debora Teixeira de <\/span><span style=\"font-weight: 400\">Mello (Oreintadora). Janeiro de 2025. [<a href=\"https:\/\/www.ufsm.br\/app\/uploads\/sites\/542\/2026\/02\/Produto-Educacional-JACIRA-BRITES-GONCALVES.pdf\">Arquivo<\/a>]<\/span><\/p>\n<p><strong>ENTRE BORBOLETAS E FLORES: CAMINHOS DE UMA EDUCADORA DAS INF\u00c2NCIAS.\u00a0<\/strong>Autores: Josiane Da Silveira Roepke e Lorena In\u00eas Peterini Marquezan (Orientadora). Outubro de 2025. [<a href=\"https:\/\/www.ufsm.br\/app\/uploads\/sites\/542\/2026\/02\/Produto-Josiane-da-Silveira-Roepke.pdf\">Arquivo<\/a>]<\/p>\n<p><strong>ENTRE TRAVESSIAS E SONHOS: POL\u00cdTICA MUNICIPAL DE <\/strong><strong>FORMA\u00c7\u00c3O PARA PROFESSORES DE TR\u00caS PASSOS.\u00a0<\/strong>Autores: Lediane Maria Feyth Schepp e Andr\u00e9a Forgiarini Cecchin (Orientadora). Junho de 2025. [<a href=\"https:\/\/www.ufsm.br\/app\/uploads\/sites\/542\/2026\/02\/Produto-Lediane-Maria-Feyth-Schepp.pdf\">Arquivo<\/a>]<\/p>\n<p><strong>CARTILHA DAS BIBLIOTECAS ESCOLARES E SALAS DE LEITURA DA REDE MUNICIPAL DE ENSINO DE SANTA MARIA\/RS.\u00a0<\/strong>Autores: Let\u00edcia de Paula Zenker e Marilene Gabriel Dalla Corte (Orientadora). Agosto de 2025. [<a href=\"https:\/\/www.ufsm.br\/app\/uploads\/sites\/542\/2026\/02\/Produto-Leticia-de-Paula-Zenker.pdf\">Arquivo<\/a>]<\/p>\n<p><strong>PROJETO DE LEI DE AMPLIA\u00c7\u00c3O DA QUANTIDADE DE CARGOS DE <\/strong><strong>BIBLIOTEC\u00c1RIO NA RME\/SM. <\/strong>Autores: Let\u00edcia de Paula Zenker e Marilene Gabriel Dalla Corte (Orientadora). Agosto de 2025. [<a href=\"https:\/\/www.ufsm.br\/app\/uploads\/sites\/542\/2026\/02\/Produto-Educacional-LETICIA-DE-PAULA-ZENKER-1.pdf\">Arquivo<\/a>]<\/p>\n<p><strong>Leitura e escrita na Educa\u00e7\u00e3o Infantil, Compartilhando experi\u00eancias da pr\u00e9-escola.\u00a0 <\/strong>Autores: Luciana Dorneles Alvares e Marcia Eliane Leindcker da Paix\u00e3o (Orientadora). Novembro de 2025. [<a href=\"https:\/\/www.ufsm.br\/app\/uploads\/sites\/542\/2026\/02\/Produto-Luciana-Dorneles-Alvares.pdf\">Arquivo<\/a>]<\/p>\n<p><strong>FORMA\u00c7\u00c3O CONTINUADA DE <\/strong><strong>PROFESSORES DE UMA REDE MUNICIPAL: DIFERENTES OLHARES, <\/strong><strong>DESAFIOS E POSSIBILIDADES.\u00a0<\/strong>Autores: Luciane Aparecida Fardin e Maria Eliza Rosa Gama (Orientadora). Janeiro de 2025. [<a href=\"https:\/\/www.ufsm.br\/app\/uploads\/sites\/542\/2026\/02\/Produto-LUCIANE-APARECIDA-FARDIN.docx.pdf\">Arquivo<\/a>]<\/p>\n<p><strong>CARTILHA: A NATUREZA E SUAS SURPRESAS PANCs.\u00a0<\/strong>Autores: Mara Janete Foggiato e M\u00e1rcia Eliane Leindcker da Paix\u00e3o (Orientadora). Novembro de 2025. [<a href=\"https:\/\/www.ufsm.br\/app\/uploads\/sites\/542\/2026\/02\/Produto-Mara-Janete.pdf\">Arquivo<\/a>]<\/p>\n<p><strong>CURSO DE FORMA\u00c7\u00c3O ESCOLAR PARA O ENFRENTAMENTO DA VIOL\u00caNCIA DOM\u00c9STICA.\u00a0<\/strong> Autores: Marciely Gutierres de Oliveira e M\u00e1rcia Eliane Leindcker da Paix\u00e3o\u00a0(Orientadora). Outubro de 2025. [<a href=\"https:\/\/www.ufsm.br\/app\/uploads\/sites\/542\/2026\/02\/Produto-Marciely-Gutierres.pdf\">Arquivo<\/a>]\u00a0<\/p>\n<p><strong>CONSTRUINDO IDENTIDADES: 30 ANOS DE EDUCA\u00c7\u00c3O NA EMEF CAIC LUIZINHO DE GRANDI.\u00a0<\/strong>Autores: Mirela Le\u00e3o Freire e Maria Eliza Rosa Gama (Orientadora). Outubro de 2025. [<a href=\"https:\/\/www.ufsm.br\/app\/uploads\/sites\/542\/2026\/02\/Produto-MIRELA-LEAO-FREIRE.pdf\">Arquivo<\/a>]<\/p>\n<p><strong>INVENT\u00c1RIO DOCUMENTAL DO ACERVO DO ASCE\/UFSM.\u00a0<\/strong>Autores: N\u00e9riton Clay Oliveira Porto e Rosane Carneiro Sarturi (Orientadora). Novembro de 2025. [<a href=\"https:\/\/www.ufsm.br\/app\/uploads\/sites\/542\/2026\/02\/Produto-Neriton-Clay-Oliveira-Porto.pdf\">Arquivo<\/a>]<\/p>\n<p><strong>AMBI\u00caNCIAS EDUCATIVAS NA CONSTITUI\u00c7\u00c3O DOCENTE: ENTRE DESAFIOS E RECONSTRU\u00c7\u00d5ES EM NARRATIVAS AUTOBIOGR\u00c1FICAS.\u00a0<\/strong>Autores: Rosemari Xhabiaras Grapiglia e Lorena In\u00eas Peterini Marquezan (Orientadora). Novembro de 2025. [<a href=\"https:\/\/www.ufsm.br\/app\/uploads\/sites\/542\/2026\/02\/Produto-Rosemari-Xhabiaras-Grapiglia.pdf\">Arquivo<\/a>]<\/p>\n<p><strong>EMEI Ivanise Jann de Jesus: Mem\u00f3rias, pr\u00e1ticas e travessias na constru\u00e7\u00e3o de uma escola para as inf\u00e2ncias.\u00a0<\/strong>Autores: Taiane Canfild Veiga e Graziela Escandiel de Lima (Orientadora). Novembro de 2025. [<a href=\"https:\/\/www.ufsm.br\/app\/uploads\/sites\/542\/2026\/02\/Produto-Taiane-Canfild-Veiga.pdf\">Arquivo<\/a>]<\/p>\n<p><strong>LINGUAGEM E RACISMO NA EDUCA\u00c7\u00c3O B\u00c1SICA: GUIA INTERATIVO PARA A EDUCA\u00c7\u00c3O DAS RELA\u00c7\u00d5ES ETNICORACIAIS.<\/strong>\u00a0Autores: Taize Gon\u00e7alves Goulart e Adriana Moreira da Rocha Veiga (Orientadora). Agosto de 2025. [<a href=\"https:\/\/www.ufsm.br\/app\/uploads\/sites\/542\/2026\/02\/Produto-Taize-Goncalves-Goulart.pdf\">Arquivo<\/a>]<\/p>\n<p><strong>AS AVALIA\u00c7\u00d5ES EXTERNAS NA ESCOLA P\u00daBLICA ESTADUAL: DESAFIOS ENFRENTADOS PELOS DOCENTES NO PROCESSO DE APRENDIZAGEM DOS ALUNOS DO ENSINO FUNDAMENTAL I NO PER\u00cdODO P\u00d3S-PANDEMIA.\u00a0<\/strong>Autores: Valeria Terezinha dos Santos e D\u00e9bora Teixeira de Mello (Orientadora). Outubro de 2025. [<a href=\"https:\/\/www.ufsm.br\/app\/uploads\/sites\/542\/2026\/02\/Produto-Valeria-Terezinha-dos-Santos.pdf\">Arquivo<\/a>]<\/p>\n<p><strong>SITE AMBI\u00caNCIAS BRINCANTES.\u00a0<\/strong>Autores: Carolina Drebes Martins e Ana Carla Hollweg Powaczuk (Orientadora). Novembro de 2025. [<a href=\"https:\/\/www.ufsm.br\/app\/uploads\/sites\/542\/2026\/02\/produto-Carolina-Martins.pdf\">Arquivo<\/a>]<\/p>\n<!-- \/wp:tadv\/classic-paragraph -->\t\t\t\t\t\t<\/div>\n\t\t\t\t<\/div>\n\t\t\t\t\t<\/div>\n\t\t<\/div>\n\t\t\t\t\t<\/div>\n\t\t<\/section>\n\t\t\t\t<\/div>\n\t\t","protected":false},"excerpt":{"rendered":"<p>CICLO FORMATIVO: A ATUA\u00c7\u00c3O DO SETOR DE ASSESSORIA PEDAG\u00d3GICA. Autores: Aline Silva Frota de Oliveira e Rosane Carneiro Sarturi (Orientadora). Agosto de 2025. [Arquivo] PROJETO FORMATIVO PARA DEBATER A POL\u00cdTICA P\u00daBLICA DO NOVO ENSINO M\u00c9DIO.\u00a0Autores: Carlos Jardel Henn e Elisiane Machado Lunardi (Orientadora). Janeiro de 2025. [Arquivo] INSTRUMENTO DE CURADORIA PARA\/SOBRE A ALFABETIZA\u00c7\u00c3O.\u00a0Autores: Elisabete Maria [&hellip;]<\/p>\n","protected":false},"author":8966,"featured_media":0,"parent":0,"menu_order":0,"comment_status":"closed","ping_status":"closed","template":"","meta":{"footnotes":""},"categories":[],"tags":[],"class_list":["post-2648","page","type-page","status-publish","hentry"],"acf":[],"_links":{"self":[{"href":"https:\/\/www.ufsm.br\/cursos\/pos-graduacao\/santa-maria\/pppg\/wp-json\/wp\/v2\/pages\/2648","targetHints":{"allow":["GET"]}}],"collection":[{"href":"https:\/\/www.ufsm.br\/cursos\/pos-graduacao\/santa-maria\/pppg\/wp-json\/wp\/v2\/pages"}],"about":[{"href":"https:\/\/www.ufsm.br\/cursos\/pos-graduacao\/santa-maria\/pppg\/wp-json\/wp\/v2\/types\/page"}],"author":[{"embeddable":true,"href":"https:\/\/www.ufsm.br\/cursos\/pos-graduacao\/santa-maria\/pppg\/wp-json\/wp\/v2\/users\/8966"}],"replies":[{"embeddable":true,"href":"https:\/\/www.ufsm.br\/cursos\/pos-graduacao\/santa-maria\/pppg\/wp-json\/wp\/v2\/comments?post=2648"}],"version-history":[{"count":0,"href":"https:\/\/www.ufsm.br\/cursos\/pos-graduacao\/santa-maria\/pppg\/wp-json\/wp\/v2\/pages\/2648\/revisions"}],"wp:attachment":[{"href":"https:\/\/www.ufsm.br\/cursos\/pos-graduacao\/santa-maria\/pppg\/wp-json\/wp\/v2\/media?parent=2648"}],"wp:term":[{"taxonomy":"category","embeddable":true,"href":"https:\/\/www.ufsm.br\/cursos\/pos-graduacao\/santa-maria\/pppg\/wp-json\/wp\/v2\/categories?post=2648"},{"taxonomy":"post_tag","embeddable":true,"href":"https:\/\/www.ufsm.br\/cursos\/pos-graduacao\/santa-maria\/pppg\/wp-json\/wp\/v2\/tags?post=2648"}],"curies":[{"name":"wp","href":"https:\/\/api.w.org\/{rel}","templated":true}]}}