{"id":271,"date":"2019-04-01T12:10:33","date_gmt":"2019-04-01T15:10:33","guid":{"rendered":"https:\/\/www.ufsm.br\/cursos\/pos-graduacao\/santa-maria\/pppg\/?page_id=271"},"modified":"2019-04-01T12:10:35","modified_gmt":"2019-04-01T15:10:35","slug":"realizacao-2","status":"publish","type":"page","link":"https:\/\/www.ufsm.br\/cursos\/pos-graduacao\/santa-maria\/pppg\/realizacao-2","title":{"rendered":"Realiza\u00e7\u00e3o"},"content":{"rendered":"\n<ul>\n<li><a href=\"http:\/\/w3.ufsm.br\/elos\/\" target=\"_blank\" rel=\"noopener noreferrer\">Observat\u00f3rio de Educa\u00e7\u00e3o\/CAPES &#8211; Grupo de Pesquisa ELOS\/UFSM<\/a><\/li>\n<li><a href=\"http:\/\/w3.ufsm.br\/ce\/?page_id=76\" target=\"_blank\" rel=\"noopener noreferrer\">Curso de Especializa\u00e7\u00e3o em Gest\u00e3o Educacional &#8211; CEGE\/UFSM<\/a><\/li>\n<li><a href=\"http:\/\/ccmers.proj.ufsm.br\/\" target=\"_blank\" rel=\"noopener noreferrer\">Pr\u00f3-Conselho\/UFSM<\/a><\/li>\n<\/ul>\n","protected":false},"excerpt":{"rendered":"<p>Observat\u00f3rio de Educa\u00e7\u00e3o\/CAPES &#8211; Grupo de Pesquisa ELOS\/UFSM Curso de Especializa\u00e7\u00e3o em Gest\u00e3o Educacional &#8211; CEGE\/UFSM Pr\u00f3-Conselho\/UFSM<\/p>\n","protected":false},"author":115,"featured_media":0,"parent":0,"menu_order":0,"comment_status":"closed","ping_status":"closed","template":"","meta":{"footnotes":""},"categories":[],"tags":[],"class_list":["post-271","page","type-page","status-publish","hentry"],"acf":[],"_links":{"self":[{"href":"https:\/\/www.ufsm.br\/cursos\/pos-graduacao\/santa-maria\/pppg\/wp-json\/wp\/v2\/pages\/271","targetHints":{"allow":["GET"]}}],"collection":[{"href":"https:\/\/www.ufsm.br\/cursos\/pos-graduacao\/santa-maria\/pppg\/wp-json\/wp\/v2\/pages"}],"about":[{"href":"https:\/\/www.ufsm.br\/cursos\/pos-graduacao\/santa-maria\/pppg\/wp-json\/wp\/v2\/types\/page"}],"author":[{"embeddable":true,"href":"https:\/\/www.ufsm.br\/cursos\/pos-graduacao\/santa-maria\/pppg\/wp-json\/wp\/v2\/users\/115"}],"replies":[{"embeddable":true,"href":"https:\/\/www.ufsm.br\/cursos\/pos-graduacao\/santa-maria\/pppg\/wp-json\/wp\/v2\/comments?post=271"}],"version-history":[{"count":0,"href":"https:\/\/www.ufsm.br\/cursos\/pos-graduacao\/santa-maria\/pppg\/wp-json\/wp\/v2\/pages\/271\/revisions"}],"wp:attachment":[{"href":"https:\/\/www.ufsm.br\/cursos\/pos-graduacao\/santa-maria\/pppg\/wp-json\/wp\/v2\/media?parent=271"}],"wp:term":[{"taxonomy":"category","embeddable":true,"href":"https:\/\/www.ufsm.br\/cursos\/pos-graduacao\/santa-maria\/pppg\/wp-json\/wp\/v2\/categories?post=271"},{"taxonomy":"post_tag","embeddable":true,"href":"https:\/\/www.ufsm.br\/cursos\/pos-graduacao\/santa-maria\/pppg\/wp-json\/wp\/v2\/tags?post=271"}],"curies":[{"name":"wp","href":"https:\/\/api.w.org\/{rel}","templated":true}]}}