{"id":283,"date":"2019-04-01T14:43:52","date_gmt":"2019-04-01T17:43:52","guid":{"rendered":"https:\/\/www.ufsm.br\/cursos\/pos-graduacao\/santa-maria\/pppg\/?page_id=283"},"modified":"2019-04-01T14:43:54","modified_gmt":"2019-04-01T17:43:54","slug":"trabalhos-3","status":"publish","type":"page","link":"https:\/\/www.ufsm.br\/cursos\/pos-graduacao\/santa-maria\/pppg\/trabalhos-3","title":{"rendered":"TRABALHOS"},"content":{"rendered":"\n<p id=\"yui_3_2_0_1_1344120059081299\"><strong>Trabalhos Cient\u00edficos<\/strong><\/p>\n<p>No caso dos trabalhos a serem apresentados, as inscri\u00e7\u00f5es se dar\u00e3o a partir de um dos seguintes\u00a0<strong>eixos tem\u00e1ticos<\/strong>:<\/p>\n<p><strong>I. \u00a0<\/strong>\u00a0\u00a0 \u00a0Pol\u00edticas P\u00fablicas e Forma\u00e7\u00e3o de Professores;<\/p>\n<p><strong>II. \u00a0<\/strong>\u00a0\u00a0Gest\u00e3o Educacional e Modalidades Educativas<\/p>\n<p><strong>III.<\/strong>\u00a0\u00a0Gest\u00e3o e Avalia\u00e7\u00e3o<\/p>\n<p><strong>IV. \u00a0<\/strong>\u00a0Pol\u00edticas P\u00fablicas, Gest\u00e3o e Financiamento da Educa\u00e7\u00e3o.<strong>\u00a0<\/strong><\/p>\n<p><strong>Modalidades de Apresenta\u00e7\u00e3o<\/strong><\/p>\n<ul>\n<li><strong>Comunica\u00e7\u00e3o Oral<\/strong><\/li>\n<li><strong>Rodas de Conversas \u2013 a<\/strong>\u00a0Comiss\u00e3o Cientifica selecionar\u00e1 trabalhos com\u00a0abordagem de gest\u00e3o compartilhada e interdisciplinar, os quais ser\u00e3o apresentados exclusivamente nas rodas de conversas.<strong>\u00a0<\/strong><\/li>\n<\/ul>\n<p>Para a\u00a0<strong>submiss\u00e3o de trabalhos completos as normas de inscri\u00e7\u00e3o<\/strong>\u00a0s\u00e3o:<\/p>\n<ul>\n<li>resumo (at\u00e9 350 caracteres, sem espa\u00e7o) e texto completo em fonte Arial tamanho 12 ( entre 10 e 15 p\u00e1ginas);<\/li>\n<li>tr\u00eas a cinco palavras-chave abaixo do resumo;<\/li>\n<li>margem superior e esquerda 3 cm e margem inferior e direita 2 cm;<\/li>\n<li>as p\u00e1ginas devem estar numeradas na margem inferior direita;<\/li>\n<li>espa\u00e7amento entre linhas 1,5 cm, com recuo de par\u00e1grafo de 1cm;<\/li>\n<li>t\u00edtulo do trabalho em letra mai\u00fascula, centralizado, negritado, em tamanho 14;<\/li>\n<li>nomes de autores e co-autores completos, em tamanho 12, alinhados a direita logo abaixo do t\u00edtulo;<\/li>\n<li>institui\u00e7\u00e3o, e-mail e demais informa\u00e7\u00f5es sobre os autores e co-autores em nota de rodap\u00e9\u00a0<strong>(trabalho com no m\u00e1ximo um autor e 3 co-autores)<\/strong>;<\/li>\n<li><strong>o autor poder\u00e1 inscrever-se como co-autor em no m\u00e1ximo mais 1 (um) trabalho;<\/strong><\/li>\n<li>eixo tem\u00e1tico do trabalho (I, II, III ou IV) especificado abaixo do nome dos autores;<\/li>\n<li>bibliografia apresentada conforme normas da ABNT;<\/li>\n<li>o texto dever\u00e1 ser apresentado em formato de artigo para publica\u00e7\u00e3o, com a apresenta\u00e7\u00e3o de resumo; introdu\u00e7\u00e3o do problema, objetivos e justificativa; desenvolvimento; resultados (parciais ou finais); conclus\u00f5es e refer\u00eancias, observando-se as normas habituais para publica\u00e7\u00e3o de trabalhos cient\u00edficos;<\/li>\n<li>os trabalhos ser\u00e3o recebidos somente na forma on-line, juntamente com a ficha de inscri\u00e7\u00e3o e o comprovante de pagamento da inscri\u00e7\u00e3o digitalizado incluso na ficha de inscri\u00e7\u00e3o para o seguinte endere\u00e7o:\u00a0<a href=\"mailto:sigeufsm@gmail.com\" target=\"_blank\" rel=\"nofollow noopener noreferrer\">sigeufsm@gmail.com<\/a>\u00a0;<\/li>\n<li>os trabalhos dever\u00e3o ser salvos em formato de arquivo PDF e DOC (Word 97-2007) e identificados\u00a0 com nome completo do autor e por eixo tem\u00e1tico. Exemplo: CarlosPereira_eixoI;<\/li>\n<li>para submiss\u00e3o dos trabalhos, utilizar o seguinte modelo com cabe\u00e7alho:<\/li>\n<\/ul>\n<p><a href=\"https:\/\/www.ufsm.br\/cursos\/pos-graduacao\/santa-maria\/pppg\/wp-content\/uploads\/sites\/542\/2019\/04\/cabec3a7alho-para-trabalhos1.docx\">Documento para download<\/a><a href=\"https:\/\/espgestao.files.wordpress.com\/2012\/07\/cabec3a7alho-para-trabalhos1.docx\" target=\"_blank\" rel=\"nofollow noopener noreferrer\"><br \/><\/a><\/p>\n<p>Os trabalhos inscritos ser\u00e3o selecionados por Comiss\u00e3o Cient\u00edfica, a partir dos seguintes crit\u00e9rios:<\/p>\n<p>a. Relev\u00e2ncia do trabalho, especialmente pela pertin\u00eancia e rela\u00e7\u00e3o com a tem\u00e1tica central e a um dos eixos tem\u00e1ticos propostos ao evento: I. Pol\u00edticas P\u00fablicas e Forma\u00e7\u00e3o de Professores; II. Gest\u00e3o Educacional e Modalidades Educativas; III. Gest\u00e3o e Avalia\u00e7\u00e3o; IV. Pol\u00edticas P\u00fablicas, Gest\u00e3o e Financiamento da Educa\u00e7\u00e3o.<\/p>\n<p>b. Consist\u00eancia te\u00f3rica que enfatize as principais quest\u00f5es e referenciais que sustentam o trabalho.<\/p>\n<p>c. Coer\u00eancia entre a problematiza\u00e7\u00e3o da pesquisa, os objetivos e a abordagem te\u00f3rico-metodol\u00f3gica.<\/p>\n<p>d. Apresenta\u00e7\u00e3o de resultados (parciais ou finais), conclus\u00f5es ou considera\u00e7\u00f5es finais.<\/p>\n<p>e. Adequa\u00e7\u00e3o do artigo \u00e0s normas de formata\u00e7\u00e3o para publica\u00e7\u00e3o: resumo (at\u00e9 350 caracteres, sem espa\u00e7o, tr\u00eas a cinco palavras-chave) e texto completo em fonte arial tamanho 12 (entre 10 e 15 p\u00e1ginas); margem superior e esquerda 3 cm e margem inferior e direita 2 cm; as p\u00e1ginas devem estar numeradas na margem inferior direita; espa\u00e7amento entre linhas 1,5 cm, com recuo de par\u00e1grafo de 1cm; t\u00edtulo do trabalho em letra mai\u00fascula, centralizado, negritado, em tamanho 14; nomes de autores e co-autores completos, em tamanho 12, alinhados a direita logo abaixo do t\u00edtulo; institui\u00e7\u00e3o, e-mail e demais informa\u00e7\u00f5es sobre os autores e co-autores em nota de rodap\u00e9\u00a0(trabalho com no m\u00e1ximo um autor e 3 co-autores); eixo tem\u00e1tico do trabalho (I, II, III ou IV) especificado abaixo do nome dos autores; bibliografia apresentada conforme normas da ABNT.<\/p>\n<p>\u00a0<\/p>\n","protected":false},"excerpt":{"rendered":"<p>Trabalhos Cient\u00edficos No caso dos trabalhos a serem apresentados, as inscri\u00e7\u00f5es se dar\u00e3o a partir de um dos seguintes\u00a0eixos tem\u00e1ticos: I. \u00a0\u00a0\u00a0 \u00a0Pol\u00edticas P\u00fablicas e Forma\u00e7\u00e3o de Professores; II. \u00a0\u00a0\u00a0Gest\u00e3o Educacional e Modalidades Educativas III.\u00a0\u00a0Gest\u00e3o e Avalia\u00e7\u00e3o IV. \u00a0\u00a0Pol\u00edticas P\u00fablicas, Gest\u00e3o e Financiamento da Educa\u00e7\u00e3o.\u00a0 Modalidades de Apresenta\u00e7\u00e3o Comunica\u00e7\u00e3o Oral Rodas de Conversas \u2013 a\u00a0Comiss\u00e3o [&hellip;]<\/p>\n","protected":false},"author":115,"featured_media":0,"parent":0,"menu_order":0,"comment_status":"closed","ping_status":"closed","template":"","meta":{"footnotes":""},"categories":[],"tags":[],"class_list":["post-283","page","type-page","status-publish","hentry"],"acf":[],"_links":{"self":[{"href":"https:\/\/www.ufsm.br\/cursos\/pos-graduacao\/santa-maria\/pppg\/wp-json\/wp\/v2\/pages\/283","targetHints":{"allow":["GET"]}}],"collection":[{"href":"https:\/\/www.ufsm.br\/cursos\/pos-graduacao\/santa-maria\/pppg\/wp-json\/wp\/v2\/pages"}],"about":[{"href":"https:\/\/www.ufsm.br\/cursos\/pos-graduacao\/santa-maria\/pppg\/wp-json\/wp\/v2\/types\/page"}],"author":[{"embeddable":true,"href":"https:\/\/www.ufsm.br\/cursos\/pos-graduacao\/santa-maria\/pppg\/wp-json\/wp\/v2\/users\/115"}],"replies":[{"embeddable":true,"href":"https:\/\/www.ufsm.br\/cursos\/pos-graduacao\/santa-maria\/pppg\/wp-json\/wp\/v2\/comments?post=283"}],"version-history":[{"count":0,"href":"https:\/\/www.ufsm.br\/cursos\/pos-graduacao\/santa-maria\/pppg\/wp-json\/wp\/v2\/pages\/283\/revisions"}],"wp:attachment":[{"href":"https:\/\/www.ufsm.br\/cursos\/pos-graduacao\/santa-maria\/pppg\/wp-json\/wp\/v2\/media?parent=283"}],"wp:term":[{"taxonomy":"category","embeddable":true,"href":"https:\/\/www.ufsm.br\/cursos\/pos-graduacao\/santa-maria\/pppg\/wp-json\/wp\/v2\/categories?post=283"},{"taxonomy":"post_tag","embeddable":true,"href":"https:\/\/www.ufsm.br\/cursos\/pos-graduacao\/santa-maria\/pppg\/wp-json\/wp\/v2\/tags?post=283"}],"curies":[{"name":"wp","href":"https:\/\/api.w.org\/{rel}","templated":true}]}}