{"id":285,"date":"2019-04-01T14:44:39","date_gmt":"2019-04-01T17:44:39","guid":{"rendered":"https:\/\/www.ufsm.br\/cursos\/pos-graduacao\/santa-maria\/pppg\/?page_id=285"},"modified":"2019-04-01T14:44:41","modified_gmt":"2019-04-01T17:44:41","slug":"comissao-organizadora","status":"publish","type":"page","link":"https:\/\/www.ufsm.br\/cursos\/pos-graduacao\/santa-maria\/pppg\/comissao-organizadora","title":{"rendered":"COMISS\u00c3O ORGANIZADORA"},"content":{"rendered":"\n<p><strong>I) Comiss\u00e3o Geral<\/strong><\/p>\n<p>Profa. D\u00e9bora Teixeira de Mello \u2013 Coordenadora Geral<\/p>\n<p>Profa. Marilene Gabriel Dalla Corte \u2013 Vice Coordenadora<\/p>\n<p>Profa. Fabiane Adela Tonetto Costas<\/p>\n<p>Profa. Rosane Carneiro Sarturi<\/p>\n<p>Profa. Simone Freitas da Silva Gallina<\/p>\n<p>Acad. Joacir Marques da Costa<\/p>\n<p>Acad. Vanessa Lago Sari<\/p>\n<p>Assistente Administrativo \u2013 Carmen Marli Leite da Silva<\/p>\n<p><strong>II) Comiss\u00e3o Cient\u00edfica<\/strong><\/p>\n<p>Profa. Ane Carine Meurer \u2013 UFSM<\/p>\n<p>Profa. Andr\u00e9ia Cecchin Forgiarini \u2013 UFSM<\/p>\n<p>Profa. Carmen Rosane Segatto e Souza \u2013 UNIFRA<\/p>\n<p>Prof. Celso Ilgo Henz \u2013 UFSM<\/p>\n<p>Prof. Cl\u00f3vis Renan Jacques Guterres \u2013 UFSM<\/p>\n<p>Profa. D\u00e9bora Ortiz Le\u00e3o \u2013 UFSM<\/p>\n<p>Profa. D\u00e9bora Teixeira de Mello \u2013 UFSM<\/p>\n<p>Profa. Elisiane Machado Lunardi \u2013 UNIFRA<\/p>\n<p>Profa. Fabiane Adela Tonetto Costas \u2013 UFSM<\/p>\n<p>Profa. Fabiane Romano Bridi \u2013 UFSM<\/p>\n<p>Profa. Fernanda Figueira Marquezan \u2013 UNIFRA<\/p>\n<p>Profa. Glades Tereza F\u00e9lix \u2013 UFSM<\/p>\n<p>Profa. Helenise Sangoi Antunes \u2013 UFSM<\/p>\n<p>Prof. Hugo Antonio Fontana \u2013 UFSM<\/p>\n<p>Profa. Janice Vidal Bertoldo \u2013 UNIFRA<\/p>\n<p>Profa. Janilse Fernandes Nunes \u2013 UNIFRA<\/p>\n<p>Profa. Liliana Soares Ferreira \u2013 UFSM<\/p>\n<p>Profa. Lorena In\u00eas Peterini Marquezan \u2013 UFSM<\/p>\n<p>Profa. Maria Elisabeth Mousquer \u2013 UFSM<\/p>\n<p>Profa. Marilene Gabriel Dalla Corte \u2013 UFSM<\/p>\n<p>Profa. Marta Roseli de Azeredo Barichello \u00a0\u2013 UFSM<\/p>\n<p>Profa. Myrian Cunha Krum \u2013 UFSM<\/p>\n<p>Profa. Rosane Carneiro Sarturi \u2013 UFSM<\/p>\n<p>Prof. Reinoldo Marquezan \u2013 UFSM<\/p>\n<p>Profa. Simone Freitas da Silva Gallina \u2013 UFSM<\/p>\n<p>Profa. Sueli Menezes Pereira \u2013 UFSM<\/p>\n<p><strong>\u00a0III) Comiss\u00e3o de Finan\u00e7as<\/strong><\/p>\n<p>Profa. D\u00e9bora Teixeira de Mello \u2013 Coordenadora Geral<\/p>\n<p>Profa. Marilene Gabriel Dalla Corte \u2013 Vice Coordenadora<\/p>\n<p>Acad. Joacir Marques da Costa<\/p>\n<p><strong>IV) Comiss\u00e3o de Infraestrutura<\/strong><\/p>\n<p>Profa D\u00e9bora Teixeira de Mello<\/p>\n<p>Profa Fabiane Adella Tonetto Costas<\/p>\n<p>Acad. Gabriel dos Santos Kehler<\/p>\n<p>Acad. Silvia Cardoso<\/p>\n<p>Acad. Andrelisa Goulart de Mello<\/p>\n<p>Acad. Maria Eduarda Rubert Soares<\/p>\n<p>Acad. Carla Maciel da Silva<\/p>\n<p><strong>V) Divulga\u00e7\u00e3o e Inscri\u00e7\u00f5es<\/strong><\/p>\n<p>Profa. Rosane Carneiro Sarturi<\/p>\n<p>Profa. Myrian Cunha Krum<\/p>\n<p>Acad. Vanessa Lago Sari<\/p>\n<p>Acad. Selma Franciele de Oliveira<\/p>\n<p>Acad. Tatiana Rosa da Silva<\/p>\n<p>VI)\u00a0<strong>Projeto Gr\u00e1fico<\/strong><\/p>\n<p>Acad. Benjamin Marins Costa<\/p>\n<p>VII)\u00a0<strong>Projeto Gr\u00e1fico e Editora\u00e7\u00e3o Anais<\/strong><\/p>\n<p>Acad. Jos\u00e9 Paulo Lamaizon de Mello<\/p>\n","protected":false},"excerpt":{"rendered":"<p>I) Comiss\u00e3o Geral Profa. D\u00e9bora Teixeira de Mello \u2013 Coordenadora Geral Profa. Marilene Gabriel Dalla Corte \u2013 Vice Coordenadora Profa. Fabiane Adela Tonetto Costas Profa. Rosane Carneiro Sarturi Profa. Simone Freitas da Silva Gallina Acad. Joacir Marques da Costa Acad. Vanessa Lago Sari Assistente Administrativo \u2013 Carmen Marli Leite da Silva II) Comiss\u00e3o Cient\u00edfica Profa. [&hellip;]<\/p>\n","protected":false},"author":115,"featured_media":0,"parent":0,"menu_order":0,"comment_status":"closed","ping_status":"closed","template":"","meta":{"footnotes":""},"categories":[],"tags":[],"class_list":["post-285","page","type-page","status-publish","hentry"],"acf":[],"_links":{"self":[{"href":"https:\/\/www.ufsm.br\/cursos\/pos-graduacao\/santa-maria\/pppg\/wp-json\/wp\/v2\/pages\/285","targetHints":{"allow":["GET"]}}],"collection":[{"href":"https:\/\/www.ufsm.br\/cursos\/pos-graduacao\/santa-maria\/pppg\/wp-json\/wp\/v2\/pages"}],"about":[{"href":"https:\/\/www.ufsm.br\/cursos\/pos-graduacao\/santa-maria\/pppg\/wp-json\/wp\/v2\/types\/page"}],"author":[{"embeddable":true,"href":"https:\/\/www.ufsm.br\/cursos\/pos-graduacao\/santa-maria\/pppg\/wp-json\/wp\/v2\/users\/115"}],"replies":[{"embeddable":true,"href":"https:\/\/www.ufsm.br\/cursos\/pos-graduacao\/santa-maria\/pppg\/wp-json\/wp\/v2\/comments?post=285"}],"version-history":[{"count":0,"href":"https:\/\/www.ufsm.br\/cursos\/pos-graduacao\/santa-maria\/pppg\/wp-json\/wp\/v2\/pages\/285\/revisions"}],"wp:attachment":[{"href":"https:\/\/www.ufsm.br\/cursos\/pos-graduacao\/santa-maria\/pppg\/wp-json\/wp\/v2\/media?parent=285"}],"wp:term":[{"taxonomy":"category","embeddable":true,"href":"https:\/\/www.ufsm.br\/cursos\/pos-graduacao\/santa-maria\/pppg\/wp-json\/wp\/v2\/categories?post=285"},{"taxonomy":"post_tag","embeddable":true,"href":"https:\/\/www.ufsm.br\/cursos\/pos-graduacao\/santa-maria\/pppg\/wp-json\/wp\/v2\/tags?post=285"}],"curies":[{"name":"wp","href":"https:\/\/api.w.org\/{rel}","templated":true}]}}