{"id":288,"date":"2019-04-01T14:50:03","date_gmt":"2019-04-01T17:50:03","guid":{"rendered":"https:\/\/www.ufsm.br\/cursos\/pos-graduacao\/santa-maria\/pppg\/?page_id=288"},"modified":"2019-04-01T14:50:05","modified_gmt":"2019-04-01T17:50:05","slug":"hospedagem-e-telefones-uteis","status":"publish","type":"page","link":"https:\/\/www.ufsm.br\/cursos\/pos-graduacao\/santa-maria\/pppg\/hospedagem-e-telefones-uteis","title":{"rendered":"HOSPEDAGEM E TELEFONES \u00daTEIS"},"content":{"rendered":"\n<p align=\"center\"><strong>HOT\u00c9IS<\/strong><\/p>\n<p align=\"center\"><strong>HOTEL MOROTIN<\/strong><\/p>\n<p align=\"center\">Rua \u00c2ngelo Uglione, 1629 \u2013 Centro<br \/>Santa Maria<br \/>(0xx)55 3220-5200<\/p>\n<p align=\"center\"><a href=\"http:\/\/www.morotin.com.br\/\">www.morotin.com.br\/<\/a><\/p>\n<p align=\"center\"><strong>PARK HOTEL MOROTIN<\/strong><\/p>\n<p align=\"center\">RST 287 \u2013 Km 6,2<br \/>CEP 97110-620 \u2013 Bairro Camobi<br \/>Santa Maria \u2013 RS<br \/>(55) 3220.1600<\/p>\n<p align=\"center\">TOLL FREE: 0800 600 5500<\/p>\n<p align=\"center\"><a href=\"http:\/\/www.morotin.com.br\/site\/park\/contato.asp\">http:\/\/www.morotin.com.br\/site\/park\/contato.asp<\/a><\/p>\n<p align=\"center\"><strong>HOTEL CONTINENTAL<\/strong><\/p>\n<p align=\"center\">Rua Benjamin Constant, 1209 \u2013 Menino Jesus<br \/>Santa Maria<br \/>(0xx)55 3028-7070<\/p>\n<p align=\"center\"><a href=\"http:\/\/www.continentalsantamaria.com.br\/\">www.continental<strong>santamaria<\/strong>.com.br\/<\/a><\/p>\n<p align=\"center\"><strong>ITAIMB\u00c9 PALACE HOTEL<\/strong><br \/>Rua Ven\u00e2ncio Aires, 2741 \u2013 Centro<br \/>Santa Maria<br \/>(0xx)55 3220-1144<\/p>\n<p align=\"center\"><a href=\"http:\/\/www.hotelitaimbe.com.br\/\">www.<strong>hotel<\/strong>itaimbe.com.br\/<\/a><\/p>\n<p align=\"center\"><strong>HOTEL DOM RAFAEL EXECUTIVO<\/strong><br \/>Avenida Rio Branco, 192 \u2013 Centro<br \/>Santa Maria<br \/>(0xx)55 2101-1919<\/p>\n<p align=\"center\"><a href=\"http:\/\/www.hoteldomrafael.com.br\/\">www.<strong>hotel<\/strong>domrafael.com.br\/<\/a><\/p>\n<p>\u00a0<\/p>\n<p align=\"center\"><strong>HOTEL NINO<\/strong><br \/>Rua Benjamin Constant, 1350<br \/>Pr\u00f3ximo ao Clube Dores<br \/>Fone: (55) 3221-3929 \/ (55) 3225-1603 \/ (55) 9975-7822<\/p>\n<p align=\"center\"><strong>\u00a0<\/strong><\/p>\n<p align=\"center\"><strong>TELEFONES \u00daTEIS<\/strong><\/p>\n<p align=\"center\"><strong>ESTA\u00c7\u00c3O RODOVI\u00c1RIA DE SANTA MARIA<\/strong><\/p>\n<p align=\"center\">Endere\u00e7o: Rua Pedro Pereira, 1450<br \/>97050\u00a0\u2013\u00a0590<br \/>Santa Maria\u00a0\u2013\u00a0RS<br \/>Fone: (55) 3222\u00a0\u2013\u00a04747<\/p>\n<p align=\"center\"><strong>HOR\u00c1RIOS DE \u00d4NIBUS<\/strong><\/p>\n<p align=\"center\"><a href=\"http:\/\/sucuri.cpd.ufsm.br\/portalweb\/conteudo\/onibus.php\">Centro de Santa Maria \u2013 RS \/ Campus da UFSM (ida e volta)<\/a><\/p>\n<p align=\"center\"><strong>T\u00c1XI<\/strong><\/p>\n<p align=\"center\">R\u00e1dio T\u00e1xi Coopaver: (55) 3221\u00a0\u2013\u00a01304 \/ (55) 3222\u00a0\u2013\u00a04500<br \/>R\u00e1dio T\u00e1xi Universit\u00e1ria LTDA: (55) 3221\u00a0\u2013\u00a03606 \/ (55) 3222\u00a0\u2013\u00a03606<\/p>\n<p align=\"center\"><strong>MAPA<\/strong><\/p>\n<p align=\"center\"><a href=\"http:\/\/sucuri.ufsm.br\/_outros\/visita_index.php\">Mapa da UFSM<\/a><\/p>\n","protected":false},"excerpt":{"rendered":"<p>HOT\u00c9IS HOTEL MOROTIN Rua \u00c2ngelo Uglione, 1629 \u2013 CentroSanta Maria(0xx)55 3220-5200 www.morotin.com.br\/ PARK HOTEL MOROTIN RST 287 \u2013 Km 6,2CEP 97110-620 \u2013 Bairro CamobiSanta Maria \u2013 RS(55) 3220.1600 TOLL FREE: 0800 600 5500 http:\/\/www.morotin.com.br\/site\/park\/contato.asp HOTEL CONTINENTAL Rua Benjamin Constant, 1209 \u2013 Menino JesusSanta Maria(0xx)55 3028-7070 www.continentalsantamaria.com.br\/ ITAIMB\u00c9 PALACE HOTELRua Ven\u00e2ncio Aires, 2741 \u2013 CentroSanta Maria(0xx)55 [&hellip;]<\/p>\n","protected":false},"author":115,"featured_media":0,"parent":0,"menu_order":0,"comment_status":"closed","ping_status":"closed","template":"","meta":{"footnotes":""},"categories":[],"tags":[],"class_list":["post-288","page","type-page","status-publish","hentry"],"acf":[],"_links":{"self":[{"href":"https:\/\/www.ufsm.br\/cursos\/pos-graduacao\/santa-maria\/pppg\/wp-json\/wp\/v2\/pages\/288","targetHints":{"allow":["GET"]}}],"collection":[{"href":"https:\/\/www.ufsm.br\/cursos\/pos-graduacao\/santa-maria\/pppg\/wp-json\/wp\/v2\/pages"}],"about":[{"href":"https:\/\/www.ufsm.br\/cursos\/pos-graduacao\/santa-maria\/pppg\/wp-json\/wp\/v2\/types\/page"}],"author":[{"embeddable":true,"href":"https:\/\/www.ufsm.br\/cursos\/pos-graduacao\/santa-maria\/pppg\/wp-json\/wp\/v2\/users\/115"}],"replies":[{"embeddable":true,"href":"https:\/\/www.ufsm.br\/cursos\/pos-graduacao\/santa-maria\/pppg\/wp-json\/wp\/v2\/comments?post=288"}],"version-history":[{"count":0,"href":"https:\/\/www.ufsm.br\/cursos\/pos-graduacao\/santa-maria\/pppg\/wp-json\/wp\/v2\/pages\/288\/revisions"}],"wp:attachment":[{"href":"https:\/\/www.ufsm.br\/cursos\/pos-graduacao\/santa-maria\/pppg\/wp-json\/wp\/v2\/media?parent=288"}],"wp:term":[{"taxonomy":"category","embeddable":true,"href":"https:\/\/www.ufsm.br\/cursos\/pos-graduacao\/santa-maria\/pppg\/wp-json\/wp\/v2\/categories?post=288"},{"taxonomy":"post_tag","embeddable":true,"href":"https:\/\/www.ufsm.br\/cursos\/pos-graduacao\/santa-maria\/pppg\/wp-json\/wp\/v2\/tags?post=288"}],"curies":[{"name":"wp","href":"https:\/\/api.w.org\/{rel}","templated":true}]}}