{"id":324,"date":"2019-04-04T15:02:02","date_gmt":"2019-04-04T18:02:02","guid":{"rendered":"https:\/\/www.ufsm.br\/cursos\/pos-graduacao\/santa-maria\/pppg\/?page_id=324"},"modified":"2025-04-17T12:50:40","modified_gmt":"2025-04-17T15:50:40","slug":"legislacao","status":"publish","type":"page","link":"https:\/\/www.ufsm.br\/cursos\/pos-graduacao\/santa-maria\/pppg\/legislacao","title":{"rendered":"Legisla\u00e7\u00e3o"},"content":{"rendered":"\t\t<div data-elementor-type=\"wp-page\" data-elementor-id=\"324\" class=\"elementor elementor-324\">\n\t\t\t\t\t\t<section class=\"elementor-section elementor-top-section elementor-element elementor-element-564669c elementor-section-boxed elementor-section-height-default elementor-section-height-default\" data-id=\"564669c\" data-element_type=\"section\">\n\t\t\t\t\t\t<div class=\"elementor-container elementor-column-gap-default\">\n\t\t\t\t\t<div class=\"elementor-column elementor-col-100 elementor-top-column elementor-element elementor-element-eb54127\" data-id=\"eb54127\" data-element_type=\"column\">\n\t\t\t<div class=\"elementor-widget-wrap elementor-element-populated\">\n\t\t\t\t\t\t<div class=\"elementor-element elementor-element-50fe81d elementor-widget elementor-widget-image\" data-id=\"50fe81d\" data-element_type=\"widget\" data-widget_type=\"image.default\">\n\t\t\t\t<div class=\"elementor-widget-container\">\n\t\t\t\t\t\t\t\t\t\t\t\t\t<img decoding=\"async\" src=\"https:\/\/www.ufsm.br\/app\/uploads\/sites\/542\/elementor\/thumbs\/19-phbycmjqxuvyourjnsi77ye62giodtl85h3la4dh3k.jpg\" title=\"19\" alt=\"19\" loading=\"lazy\" \/>\t\t\t\t\t\t\t\t\t\t\t\t\t<\/div>\n\t\t\t\t<\/div>\n\t\t\t\t\t<\/div>\n\t\t<\/div>\n\t\t\t\t\t<\/div>\n\t\t<\/section>\n\t\t\t\t<section class=\"elementor-section elementor-top-section elementor-element elementor-element-777b540d elementor-section-boxed elementor-section-height-default elementor-section-height-default\" data-id=\"777b540d\" data-element_type=\"section\">\n\t\t\t\t\t\t<div class=\"elementor-container elementor-column-gap-default\">\n\t\t\t\t\t<div class=\"elementor-column elementor-col-100 elementor-top-column elementor-element elementor-element-45e1a28b\" data-id=\"45e1a28b\" data-element_type=\"column\">\n\t\t\t<div class=\"elementor-widget-wrap elementor-element-populated\">\n\t\t\t\t\t\t<div class=\"elementor-element elementor-element-28aaba2d elementor-widget elementor-widget-text-editor\" data-id=\"28aaba2d\" data-element_type=\"widget\" data-widget_type=\"text-editor.default\">\n\t\t\t\t<div class=\"elementor-widget-container\">\n\t\t\t\t\t\t\t<p><a href=\"https:\/\/portal.ufsm.br\/documentos\/download.html?action=arquivosIndexados&amp;id=15186583&amp;download=false\">Portaria Normativa CE\/UFSM N. 03\/2024 &#8211; <span aria-labelledby=\"OutFieldTag_QL7HyynkNvt7ZfXD_label\">Aprova o Regimento Interno do Programa de P\u00f3s-gradua\u00e7\u00e3o em Pol\u00edticas P\u00fablicas e Gest\u00e3o Educacional.<\/span><\/a><\/p>\n<p><a href=\"https:\/\/portal.ufsm.br\/documentos\/download.html?action=arquivosIndexados&amp;id=15186611&amp;download=false\">Portaria Normativa CE\/UFSM N. 03\/2024 &#8211; Anexo I &#8211; <span aria-labelledby=\"OutFieldTag_JZeikrfbhJKDIiyy_label\">Regulamento Interno do Programa de P\u00f3s-gradua\u00e7\u00e3o em Pol\u00edticas P\u00fablicas e Gest\u00e3o Educacional.<\/span><\/a><\/p>\n<p>A<a style=\"font-size: 1rem\" href=\"https:\/\/www.ufsm.br\/app\/uploads\/sites\/542\/2025\/04\/Ato_Normativo_No002.2019_Grupo_Trabalho_Avaliacao_Producao_Credenciamento_Recredenciamento_Docente_PPPG.pdf\" target=\"_blank\" rel=\"noopener\">to Normativo N\u00ba 001\/2019 &#8211;&nbsp;Grupo de Trabalho de Avalia\u00e7\u00e3o da&nbsp;Produ\u00e7\u00e3o, Credenciamento e&nbsp;Recredenciamento Docente do Curso de&nbsp;Mestrado Profissional do Programa de P\u00f3s-Gradua\u00e7\u00e3o Pol\u00edticas P\u00fablicas e Gest\u00e3o&nbsp;Educacional<\/a><\/p>\n<p><span style=\"color: #000000;font-size: 1rem\">&nbsp;<\/span><a style=\"font-size: 16px;color: #3366ff\" href=\"https:\/\/www.ufsm.br\/app\/uploads\/sites\/542\/2022\/07\/Ato_Normativo_No003.2019_Grupo_Trabalho_Palnejamento_Estrategico_Autoavaliacao_PPPG.pdf\">Ato_Normativo_N\u00ba003\/.2019 Regulamenta o Grupo de Trabalho de Planejamento Estrat\u00e9gico e Autoavalia\u00e7ao_PPPG<\/a><\/p>\n<p><span style=\"color: #3366ff\"><a style=\"color: #3366ff\" href=\"https:\/\/www.ufsm.br\/app\/uploads\/sites\/542\/2021\/01\/Ato-01-2021-Credenciamento-recredenciamento-e-descredenciamento.pdf\">Ato_Normativo N\u00ba 001\/2021 Regulamenta processos de credenciamento, recredenciamento, descredenciamento e acompanhamento de docentes&nbsp;<\/a><\/span><\/p>\n<p><strong>Revogados e\/ou substitu\u00eddos:&nbsp;<\/strong><\/p>\n<p><a style=\"color: #1a3d73;font-size: 16px\" href=\"https:\/\/www.ufsm.br\/cursos\/pos-graduacao\/santa-maria\/pppg\/wp-content\/uploads\/sites\/542\/2019\/04\/Ato_Normativo_N%C2%BA002.2017_Comiss%C3%A3o_Acompanhamento_Avalia%C3%A7%C3%A3o_recredenciamento_PPPG.pdf\">Ato_Normativo N\u00ba002\/2017 Comiss\u00e3o de Acompanhamento, Avalia\u00e7\u00e3o e Recredenciamento PPPG<\/a><\/p>\n<p><a href=\"https:\/\/www.ufsm.br\/app\/uploads\/sites\/542\/2018\/12\/Ato_Normativo_N\u00ba001.2018_recredenciamento_docentes_PPPG.pdf\" target=\"_blank\" rel=\"noopener\">Ato_Normativo_N\u00ba001.\/2018_recredenciamento_docentes_PPPG&nbsp;<\/a><\/p>\n<p><strong>Curso de Especializa\u00e7\u00e3o em gest\u00e3o Educacional<\/strong><\/p>\n<ul>\n<li><a href=\"https:\/\/www.ufsm.br\/cursos\/pos-graduacao\/santa-maria\/pppg\/wp-content\/uploads\/sites\/542\/2019\/04\/PPC_CEGE_aprovado-2014.pdf\">Projeto Pedag\u00f3gico do Curso<\/a><\/li>\n<li><a href=\"https:\/\/www.ufsm.br\/cursos\/pos-graduacao\/santa-maria\/pppg\/wp-content\/uploads\/sites\/542\/2019\/04\/MATRIZ-CURRICULAR-CEGE_PPC2014.pdf\">Matriz Curricular<\/a><\/li>\n<\/ul>\n<p><strong>Curso de Mestrado Profissional em Pol\u00edticas P\u00fablicas e Gest\u00e3o Educacional<\/strong><\/p>\n<ul>\n<li><a href=\"https:\/\/www.ufsm.br\/cursos\/pos-graduacao\/santa-maria\/pppg\/wp-content\/uploads\/sites\/542\/2019\/04\/PPC_MESTRADO-PROFISSIONAL_2015.pdf\">Projeto Pedag\u00f3gico do Curso<\/a><\/li>\n<li><a href=\"https:\/\/www.ufsm.br\/cursos\/pos-graduacao\/santa-maria\/pppg\/wp-content\/uploads\/sites\/542\/2019\/04\/Matriz-Curricular-MP-2018.pdf\">Matriz Curricular MP<\/a><\/li>\n<\/ul>\n<p><!-- \/wp:tadv\/classic-paragraph --><\/p>\t\t\t\t\t\t<\/div>\n\t\t\t\t<\/div>\n\t\t\t\t\t<\/div>\n\t\t<\/div>\n\t\t\t\t\t<\/div>\n\t\t<\/section>\n\t\t\t\t<\/div>\n\t\t","protected":false},"excerpt":{"rendered":"<p>Portaria Normativa CE\/UFSM N. 03\/2024 &#8211; Aprova o Regimento Interno do Programa de P\u00f3s-gradua\u00e7\u00e3o em Pol\u00edticas P\u00fablicas e Gest\u00e3o Educacional. Portaria Normativa CE\/UFSM N. 03\/2024 &#8211; Anexo I &#8211; Regulamento Interno do Programa de P\u00f3s-gradua\u00e7\u00e3o em Pol\u00edticas P\u00fablicas e Gest\u00e3o Educacional. Ato Normativo N\u00ba 001\/2019 &#8211;&nbsp;Grupo de Trabalho de Avalia\u00e7\u00e3o da&nbsp;Produ\u00e7\u00e3o, Credenciamento e&nbsp;Recredenciamento Docente do [&hellip;]<\/p>\n","protected":false},"author":723,"featured_media":0,"parent":0,"menu_order":0,"comment_status":"closed","ping_status":"closed","template":"","meta":{"footnotes":""},"categories":[],"tags":[],"class_list":["post-324","page","type-page","status-publish","hentry"],"acf":[],"_links":{"self":[{"href":"https:\/\/www.ufsm.br\/cursos\/pos-graduacao\/santa-maria\/pppg\/wp-json\/wp\/v2\/pages\/324","targetHints":{"allow":["GET"]}}],"collection":[{"href":"https:\/\/www.ufsm.br\/cursos\/pos-graduacao\/santa-maria\/pppg\/wp-json\/wp\/v2\/pages"}],"about":[{"href":"https:\/\/www.ufsm.br\/cursos\/pos-graduacao\/santa-maria\/pppg\/wp-json\/wp\/v2\/types\/page"}],"author":[{"embeddable":true,"href":"https:\/\/www.ufsm.br\/cursos\/pos-graduacao\/santa-maria\/pppg\/wp-json\/wp\/v2\/users\/723"}],"replies":[{"embeddable":true,"href":"https:\/\/www.ufsm.br\/cursos\/pos-graduacao\/santa-maria\/pppg\/wp-json\/wp\/v2\/comments?post=324"}],"version-history":[{"count":0,"href":"https:\/\/www.ufsm.br\/cursos\/pos-graduacao\/santa-maria\/pppg\/wp-json\/wp\/v2\/pages\/324\/revisions"}],"wp:attachment":[{"href":"https:\/\/www.ufsm.br\/cursos\/pos-graduacao\/santa-maria\/pppg\/wp-json\/wp\/v2\/media?parent=324"}],"wp:term":[{"taxonomy":"category","embeddable":true,"href":"https:\/\/www.ufsm.br\/cursos\/pos-graduacao\/santa-maria\/pppg\/wp-json\/wp\/v2\/categories?post=324"},{"taxonomy":"post_tag","embeddable":true,"href":"https:\/\/www.ufsm.br\/cursos\/pos-graduacao\/santa-maria\/pppg\/wp-json\/wp\/v2\/tags?post=324"}],"curies":[{"name":"wp","href":"https:\/\/api.w.org\/{rel}","templated":true}]}}