{"id":392,"date":"2016-03-29T20:08:13","date_gmt":"2016-03-29T20:08:13","guid":{"rendered":"http:\/\/w3.ufsm.br\/pppg\/?page_id=392"},"modified":"2016-03-29T20:08:13","modified_gmt":"2016-03-29T20:08:13","slug":"eventos-2016-2","status":"publish","type":"page","link":"https:\/\/www.ufsm.br\/cursos\/pos-graduacao\/santa-maria\/pppg\/eventos-2016-2","title":{"rendered":"Eventos 2016"},"content":{"rendered":"<p>&nbsp;<\/p>\n<table>\n<tbody>\n<tr>\n<td style=\"border: 1px solid #00000a\"><b>Evento<\/b><\/td>\n<td style=\"border: 1px solid #00000a\"><b>Local<\/b><\/td>\n<td style=\"border: 1px solid #00000a\"><b>Per\u00edodo<\/b><\/td>\n<td style=\"border: 1px solid #00000a\"><b>Valor da inscri\u00e7\u00e3o<\/b><\/td>\n<td style=\"border: 1px solid #00000a\"><b>Link Site<\/b><\/td>\n<\/tr>\n<tr>\n<td style=\"border: 1px solid #00000a\">IX Congresso Ibero-americano de Doc\u00eancia Universit\u00e1ria<\/td>\n<td style=\"border: 1px solid #00000a\"><span style=\"font-weight: 400\">Murcia- Espanha<\/span><\/td>\n<td style=\"border: 1px solid #00000a\"><span style=\"font-weight: 400\">31\/03 \u00e0 02\/04<\/span><\/td>\n<td style=\"border: 1px solid #00000a\"><span style=\"font-weight: 400\">190 \u20ac\/ 230 \u20ac \u00a0Desempregados estudantes 60 \u20ac \u00a0\/ 100 \u20ac<\/span><\/td>\n<td style=\"border: 1px solid #00000a\"><a href=\"http:\/\/www.cidumurcia2016.com\/event_detail\/2222\/sections\/1951\/plazos-y-matricula.html\" target=\"_blank\" rel=\"noopener noreferrer\">Link<\/a><\/td>\n<\/tr>\n<tr>\n<td style=\"border: 1px solid #00000a\"><span style=\"font-weight: 400\">VIII Encontro Brasileiro da RedEstrado &#8211; Trabalho Docente e PNE: desafios \u00e0 valoriza\u00e7\u00e3o profissional<\/span><\/td>\n<td style=\"border: 1px solid #00000a\"><span style=\"font-weight: 400\">Universidade Federal de Santa Maria &#8211; Santa Maria<\/span><\/td>\n<td style=\"border: 1px solid #00000a\"><span style=\"font-weight: 400\">04 \u00e0 06\/04<\/span><\/p>\n<p><b>Inscri\u00e7\u00f5es<\/b><span style=\"font-weight: 400\"> at\u00e9 3 de fevereiro de 2016<\/span><\/td>\n<td style=\"border: 1px solid #00000a\"><span style=\"font-weight: 400\">Estudantes de gradua\u00e7\u00e3o<\/span> <span style=\"font-weight: 400\">R$ 80,00\/ 130,00 Estudantes de p\u00f3s-gradua\u00e7\u00e3o e professores da rede p\u00fablica de Educa\u00e7\u00e3o B\u00e1sica R$ 100,00 \/ 150,00<\/span><\/p>\n<p><span style=\"font-weight: 400\">Professores universit\u00e1rios<\/span> <span style=\"font-weight: 400\">R$ 160,00 \/ 180,00<\/span><\/td>\n<td style=\"border: 1px solid #00000a\"><a href=\"http:\/\/www.redeestrado.org\/web\/inicio.php\" target=\"_blank\" rel=\"noopener noreferrer\">Link<\/a><\/td>\n<\/tr>\n<tr>\n<td style=\"border: 1px solid #00000a\"><span style=\"font-weight: 400\">2\u00ba Congresso Iberoamericano de Educa\u00e7\u00e3o Comparada e 7\u00ba Encontro Internacional da Sociedade Brasileira de Educa\u00e7\u00e3o Comparada<\/span><\/td>\n<td style=\"border: 1px solid #00000a\"><span style=\"font-weight: 400\">Jo\u00e3o Pessoa &#8211; Para\u00edba<\/span><\/td>\n<td style=\"border: 1px solid #00000a\"><span style=\"font-weight: 400\">12 \u00e0 15 de outubro de 2016<\/span><\/td>\n<td style=\"border: 1px solid #00000a\"><span style=\"font-weight: 400\">Valores ainda n\u00e3o dispon\u00edveis<\/span><\/td>\n<td style=\"border: 1px solid #00000a\"><span style=\"font-weight: 400\"><a href=\"http:\/\/www.educacaocomparada.com.br\/\" target=\"_blank\" rel=\"noopener noreferrer\">Link<\/a><\/span><\/td>\n<\/tr>\n<tr>\n<td style=\"border: 1px solid #00000a\"><span style=\"font-weight: 400\">SEEC XV Congress: Ciudadan\u00eda Mundial y Educaci\u00f3n para el Desarrollo<\/span><\/td>\n<td style=\"border: 1px solid #00000a\"><span style=\"font-weight: 400\">Sevilla- \u00a0Espanha <\/span><br \/>\n<span style=\"font-weight: 400\">(Universidad Pablo de Olavide)<\/span><\/td>\n<td style=\"border: 1px solid #00000a\"><span style=\"font-weight: 400\">16 a 18 de novembro de 2016<\/span><\/td>\n<td style=\"border: 1px solid #00000a\"><span style=\"font-weight: 400\">Valores ainda n\u00e3o dispon\u00edveis<\/span><\/td>\n<td style=\"border: 1px solid #00000a\"><span style=\"font-weight: 400\"><a href=\"http:\/\/www.seec.com.es\/event\/xv-congreso-de-educacion-comparada\/\" target=\"_blank\" rel=\"noopener noreferrer\">Link<\/a><\/span><\/td>\n<\/tr>\n<tr>\n<td style=\"border: 1px solid #00000a\"><span style=\"font-weight: 400\">XVI World Congress of Comparative Education Societies<\/span><\/td>\n<td style=\"border: 1px solid #00000a\"><span style=\"font-weight: 400\">Beijing, China (Beijing Normal University)<\/span><\/td>\n<td style=\"border: 1px solid #00000a\"><span style=\"font-weight: 400\">22-26 agosto de 2016<\/span><br \/>\n<span style=\"font-weight: 400\">Prazo: 15 de mar\u00e7o<\/span><\/td>\n<td style=\"border: 1px solid #00000a\"><span style=\"font-weight: 400\">At\u00e9 30 de maio Pago completa<\/span><\/p>\n<p><span style=\"font-weight: 400\">USD500<\/span><\/p>\n<p><span style=\"font-weight: 400\">Estudantes:<\/span> <span style=\"font-weight: 400\">USD290<\/span><\/td>\n<td style=\"border: 1px solid #00000a\"><a href=\"http:\/\/www.wcces2016.org\/Home\/Default\" target=\"_blank\" rel=\"noopener noreferrer\">Link<\/a><\/td>\n<\/tr>\n<tr>\n<td style=\"border: 1px solid #00000a\"><span style=\"font-weight: 400\">IV Semin\u00e1rio Internacional Integrado UFSM<\/span><\/td>\n<td style=\"border: 1px solid #00000a\"><span style=\"font-weight: 400\">Universidade Federal de Santa Maria &#8211; RS<\/span><\/td>\n<td style=\"border: 1px solid #00000a\"><span style=\"font-weight: 400\">15 a 17 de junho<\/span><\/td>\n<td style=\"border: 1px solid #00000a\"><span style=\"font-weight: 400\">Valores ainda n\u00e3o dispon\u00edveis<\/span><\/td>\n<td style=\"border: 1px solid #00000a\"><span style=\"font-weight: 400\">Site em constru\u00e7\u00e3o<\/span><\/td>\n<\/tr>\n<tr>\n<td style=\"border: 1px solid #00000a\"><span style=\"font-weight: 400\">VII Encuentro Internacional de Investigadores de Pol\u00edticas Educativas (VII EIIPE)<\/span><\/td>\n<td style=\"border: 1px solid #00000a\"><span style=\"font-weight: 400\">Montevideo, Uruguay (Universidad de la Rep\u00fablica)<\/span><\/td>\n<td style=\"border: 1px solid #00000a\"><span style=\"font-weight: 400\">20, 21 e 22 de setembro de 2016<\/span><\/td>\n<td style=\"border: 1px solid #00000a\"><span style=\"font-weight: 400\">At\u00e9 31 de maio. Professores\/Investigadores: 50 euros<\/span><\/p>\n<p><span style=\"font-weight: 400\">Estudantes: 20 euros<\/span><\/p>\n<p><span style=\"font-weight: 400\">A partir de 31 de maio:<\/span><\/p>\n<p><span style=\"font-weight: 400\">Professores\/Investigadores: 75 euros<\/span><\/p>\n<p><span style=\"font-weight: 400\">Estudantes: 30 euros<\/span><\/p>\n<p><b>Trabalhos:<\/b><span style=\"font-weight: 400\"> 10 de marzo a 30 de abril de 2016<\/span><\/td>\n<td style=\"border: 1px solid #00000a\"><a href=\"http:\/\/grupomontevideo.org\/sitio\/noticias\/vii-encuentro-internacional-de-investigadores-de-politicas-educativas-del-nucleo-disciplinario-de-eduacion-para-la-integracion\/\" target=\"_blank\" rel=\"noopener noreferrer\">Link<\/a><\/td>\n<\/tr>\n<tr>\n<td style=\"border: 1px solid #00000a\"><span style=\"font-weight: 400\">III Simp\u00f3sio Luso-brasileiro em estudos da crian\u00e7a: Travessias e travessuras nos estudos da crian\u00e7a<\/span><\/td>\n<td style=\"border: 1px solid #00000a\"><span style=\"font-weight: 400\">Porto, Portugal<\/span><\/td>\n<td style=\"border: 1px solid #00000a\"><span style=\"font-weight: 400\">19 E 20 de julho 2016 <\/span><\/p>\n<p><span style=\"font-weight: 400\">A partir de 01 de Janeiro de 2016 At\u00e9 31 de maio.<\/span><\/td>\n<td style=\"border: 1px solid #00000a\"><span style=\"font-weight: 400\">At\u00e9 31 de maio. Professores\/Investigadores: 50 euros<\/span><\/p>\n<p><span style=\"font-weight: 400\">Estudantes: 20 euros<\/span><\/p>\n<p><span style=\"font-weight: 400\">A partir de 31 de maio:<\/span><\/p>\n<p><span style=\"font-weight: 400\">Professores\/Investigadores: 75 euros<\/span><\/p>\n<p><span style=\"font-weight: 400\">Estudantes: 30 euros<\/span><\/td>\n<td style=\"border: 1px solid #00000a\"><a href=\"http:\/\/estudosdacrianca3.pt\/?page_id=66\" target=\"_blank\" rel=\"noopener noreferrer\">Link<\/a><\/td>\n<\/tr>\n<tr>\n<td style=\"border: 1px solid #00000a\"><span style=\"font-weight: 400\">II F\u00d3RUM INTERNACIONAL DE EDUCA\u00c7\u00c3O; VI SEMIN\u00c1RIO NACIONAL DE PESQUISA EM EDUCA\u00c7\u00c3O; XIV F\u00d3RUM NACIONAL DE EDUCA\u00c7\u00c3O; e XVII SEMIN\u00c1RIO REGIONAL DE EDUCA\u00c7\u00c3O B\u00c1SICA<\/span><\/td>\n<td style=\"border: 1px solid #00000a\"><span style=\"font-weight: 400\">Santa Cruz do Sul \u2013 UNIVERSIDADE DE SANTA CRUZ DO SUL \u2013 UNISC.<\/span><\/td>\n<td style=\"border: 1px solid #00000a\"><span style=\"font-weight: 400\">27\/04\/2016 ao dia 30\/04\/2016<\/span><\/p>\n<p><span style=\"font-weight: 400\">Submiss\u00e3o: 17 de mar\u00e7o<\/span><\/td>\n<td style=\"border: 1px solid #00000a\"><span style=\"font-weight: 400\">Estudantes de Gradua\u00e7\u00e3o: R$: 90,00 \u2013 at\u00e9 17 de mar\u00e7o.<\/span><span style=\"font-weight: 400\"><br \/>\n<\/span><span style=\"font-weight: 400\">Geral sem apresenta\u00e7\u00e3o de trabalho: R$: 110,00 \u2013 at\u00e9 05 de abril<\/span><span style=\"font-weight: 400\"><br \/>\n<\/span><span style=\"font-weight: 400\">Geral sem apresenta\u00e7\u00e3o de trabalho: R$: 130,00 \u2013 at\u00e9 25 de abril<\/span><\/td>\n<td style=\"border: 1px solid #00000a\"><a href=\"http:\/\/www.forumeducacao.eventize.com.br\/index.php?pagina=1\" target=\"_blank\" rel=\"noopener noreferrer\">Link<\/a><\/td>\n<\/tr>\n<tr>\n<td style=\"border: 1px solid #00000a\"><span style=\"font-weight: 400\">XVIII Endipe<\/span><\/p>\n<p><span style=\"font-weight: 400\"> 2016<\/span><\/td>\n<td style=\"border: 1px solid #00000a\"><span style=\"font-weight: 400\">Mato Grosso<\/span><\/td>\n<td style=\"border: 1px solid #00000a\"><span style=\"font-weight: 400\">23 a 26\/08\/2016<\/span><\/td>\n<td style=\"border: 1px solid #00000a\"><span style=\"font-weight: 400\">Professores da Rede P\u00fablica c\/ submiss\u00e3o de trabalho e Estudantes de gradua\u00e7\u00e3o R$ 205,00 Professores universit\u00e1rios R$ 360,00<\/span><\/td>\n<td style=\"border: 1px solid #00000a\"><a href=\"http:\/\/www.ufmt.br\/endipe2016\/home\/\" target=\"_blank\" rel=\"noopener noreferrer\">Link<\/a><\/td>\n<\/tr>\n<tr>\n<td style=\"border: 1px solid #00000a\"><span style=\"font-weight: 400\">V congreso internacional sobre el profesorado principiante y la inducci\u00f3n a la docencia<\/span><\/td>\n<td style=\"border: 1px solid #00000a\"><span style=\"font-weight: 400\">Rep\u00fablica Dominicana<\/span><\/p>\n<p><span style=\"font-weight: 400\">Boca Chica<\/span><\/td>\n<td style=\"border: 1px solid #00000a\"><span style=\"font-weight: 400\">6-8 de junio de 2016<\/span><\/td>\n<td style=\"border: 1px solid #00000a\"><span style=\"font-weight: 400\">100 d\u00f3lares USA \u2013 At\u00e9 30 de mar\u00e7o<\/span><\/p>\n<p><span style=\"font-weight: 400\">120 d\u00f3lares USA<\/span><\/p>\n<p><span style=\"font-weight: 400\">Posterior a 30 de mar\u00e7o<\/span><\/td>\n<td style=\"border: 1px solid #00000a\"><a href=\"http:\/\/proiecta.org\/congreso\/index.html\" target=\"_blank\" rel=\"noopener noreferrer\">Link<\/a><\/td>\n<\/tr>\n<tr>\n<td style=\"border: 1px solid #00000a\"><span style=\"font-weight: 400\">ANPED Sul<\/span><\/td>\n<td style=\"border: 1px solid #00000a\"><span style=\"font-weight: 400\">Curitiba-PR<\/span><\/td>\n<td style=\"border: 1px solid #00000a\"><span style=\"font-weight: 400\">24 a 27 de julho<\/span><\/td>\n<td style=\"border: 1px solid #00000a\"><span style=\"font-weight: 400\">At\u00e9 abril de 2016 &#8211; Docentes de P\u00f3s-Gradua\u00e7\u00e3o (S\u00f3cios da ANPED) R$ 230,00 (N\u00e3o s\u00f3cios da ANPED) R$ 550,00. Outros Profissionais da Educa\u00e7\u00e3o R$ 230,00 Estudantes de P\u00f3s Gradua\u00e7\u00e3o R$ 160,00 Outros Estudantes R$ 160,00<\/span><\/p>\n<p><span style=\"font-weight: 400\">Professores da educa\u00e7\u00e3o b\u00e1sica ligados a grupos de pesquisa R$ 160,00<\/span><\/td>\n<td style=\"border: 1px solid #00000a\"><a href=\"http:\/\/www.anpedsul2016.ufpr.br\/\" target=\"_blank\" rel=\"noopener noreferrer\">Link<\/a><\/td>\n<\/tr>\n<tr>\n<td style=\"border: 1px solid #00000a\"><span style=\"font-weight: 400\">Anpae-RJ V semin\u00e1rio estadual<\/span><\/td>\n<td style=\"border: 1px solid #00000a\"><span style=\"font-weight: 400\">Niter\u00f3i- \u00a0Universidade Federal do Fluminense<\/span><\/td>\n<td style=\"border: 1px solid #00000a\"><span style=\"font-weight: 400\">11 \u00e0 13 de abril<\/span><\/td>\n<td style=\"border: 1px solid #00000a\"><span style=\"font-weight: 400\">Professores da ed. B\u00e1s- R$50,00<\/span><\/p>\n<p><span style=\"font-weight: 400\">Estudantes p\u00f3s gradua\u00e7\u00e3o- R$50,00<\/span><\/p>\n<p><span style=\"font-weight: 400\">Estudantesgradua\u00e7\u00e3o- R$30,00 e demais participantes \u2013 R$80,00<\/span><\/td>\n<td style=\"border: 1px solid #00000a\"><span style=\"font-weight: 400\">&#8211;<\/span><\/td>\n<\/tr>\n<tr>\n<td style=\"border: 1px solid #00000a\"><span style=\"font-weight: 400\">III F\u00f3rum Nacional dos Mestrados Profissionais em Educa\u00e7\u00e3o \u2013 III FOMPE<\/span><\/td>\n<td style=\"border: 1px solid #00000a\"><span style=\"font-weight: 400\">S\u00e3o Paulo\/SP<\/span><\/p>\n<p><span style=\"font-weight: 400\">Universidade Nove de Julho<\/span><\/td>\n<td style=\"border: 1px solid #00000a\"><span style=\"font-weight: 400\">11 \u00e0 12 de abril<\/span><\/td>\n<td style=\"border: 1px solid #00000a\"><span style=\"font-weight: 400\">&#8211;<\/span><\/td>\n<td style=\"border: 1px solid #00000a\"><span style=\"font-weight: 400\">&#8211;<\/span><\/td>\n<\/tr>\n<tr>\n<td style=\"border: 1px solid #00000a\"><span style=\"font-weight: 400\">ANPAE (Regional Sul)<\/span><\/td>\n<td style=\"border: 1px solid #00000a\"><span style=\"font-weight: 400\">Chapec\u00f3 &#8211; SC<\/span><\/td>\n<td style=\"border: 1px solid #00000a\"><span style=\"font-weight: 400\">22 a 24 de maio<\/span><\/td>\n<td style=\"border: 1px solid #00000a\"><span style=\"font-weight: 400\">Professor ensino superior: R$120,00 profissional educ. b\u00e1sica: 60,00 estudante de p\u00f3s-gradua\u00e7\u00e3o: R$ 60,00 Estudante de gradua\u00e7\u00e3o: R$ 30,00<\/span><\/td>\n<td style=\"border: 1px solid #00000a\"><\/td>\n<\/tr>\n<tr>\n<td style=\"border: 1px solid #00000a\"><span style=\"font-weight: 400\">UNTREF<\/span><\/td>\n<td style=\"border: 1px solid #00000a\"><span style=\"font-weight: 400\">Punta Cana- Republica Dominicana<\/span><\/td>\n<td style=\"border: 1px solid #00000a\"><span style=\"font-weight: 400\">&#8211;<\/span><\/td>\n<td style=\"border: 1px solid #00000a\"><span style=\"font-weight: 400\">&#8211;<\/span><\/td>\n<td style=\"border: 1px solid #00000a\"><span style=\"font-weight: 400\">&#8211;<\/span><\/td>\n<\/tr>\n<tr>\n<td style=\"border: 1px solid #00000a\"><span style=\"font-weight: 400\">V Congresso Ibero-Americano de Pol\u00edtica e Administra\u00e7\u00e3o da Educa\u00e7\u00e3o<\/span><\/td>\n<td style=\"border: 1px solid #00000a\"><span style=\"font-weight: 400\">Goi\u00e2nia- Goi\u00e1s<\/span><\/td>\n<td style=\"border: 1px solid #00000a\"><span style=\"font-weight: 400\">14, 15 e 16 de setembro<\/span><\/td>\n<td style=\"border: 1px solid #00000a\"><span style=\"font-weight: 400\">Estudante N\u00e3o associado at\u00e9 31\/03 \u2013 R$250,00 Ap\u00f3s R$300,00<\/span><\/p>\n<p><span style=\"font-weight: 400\">Participante n\u00e3o associado at\u00e9 31\/03-R$500,00 ap\u00f3s R$550,00<\/span><\/td>\n<td style=\"border: 1px solid #00000a\"><a href=\"http:\/\/anpae.org.br\/iberoamericano2016\/inscricao.html\" target=\"_blank\" rel=\"noopener noreferrer\">Link<\/a><\/td>\n<\/tr>\n<tr>\n<td style=\"border: 1px solid #00000a\"><span style=\"font-weight: 400\">I Jornada Ibero-Americana de Pesquisas em Pol\u00edticas Educacionais e Experi\u00eancias Interdisciplinares na Educa\u00e7\u00e3o<\/span><\/td>\n<td style=\"border: 1px solid #00000a\"><span style=\"font-weight: 400\">Bras\u00edlia Distrito Federal<\/span><\/td>\n<td style=\"border: 1px solid #00000a\"><span style=\"font-weight: 400\">22\/09\/2016 at\u00e9 24\/09\/2016<\/span><\/td>\n<td style=\"border: 1px solid #00000a\"><span style=\"font-weight: 400\">&#8211;<\/span><\/td>\n<td style=\"border: 1px solid #00000a\"><a href=\"https:\/\/agenda.galoa.com.br\/eventos-cientificos\/agenda\/i-jorneduc-i-jornada-ibero-americana-de-pesquisas-em-politicas\" target=\"_blank\" rel=\"noopener noreferrer\">Link<\/a><\/td>\n<\/tr>\n<tr>\n<td style=\"border: 1px solid #00000a\"><span style=\"font-weight: 400\">IX Simp\u00f3sio Nacional de educa\u00e7\u00e3o e III Col\u00f3quio internacional de pol\u00edticas educacionais e forma\u00e7\u00e3o de professores<\/span><\/td>\n<td style=\"border: 1px solid #00000a\"><span style=\"font-weight: 400\">Frederico Westphalen- URI<\/span><\/td>\n<td style=\"border: 1px solid #00000a\"><span style=\"font-weight: 400\">28 a 30 de setembro de 2016<\/span><\/td>\n<td style=\"border: 1px solid #00000a\"><span style=\"font-weight: 400\">Em constru\u00e7\u00e3o<\/span><\/td>\n<td style=\"border: 1px solid #00000a\"><a href=\"http:\/\/www.fw.uri.br\/site\/pagina\/sincol\" target=\"_blank\" rel=\"noopener noreferrer\">Link<\/a><\/td>\n<\/tr>\n<\/tbody>\n<\/table>\n","protected":false},"excerpt":{"rendered":"<p>&nbsp; Evento Local Per\u00edodo Valor da inscri\u00e7\u00e3o Link Site IX Congresso Ibero-americano de Doc\u00eancia Universit\u00e1ria Murcia- Espanha 31\/03 \u00e0 02\/04 190 \u20ac\/ 230 \u20ac \u00a0Desempregados estudantes 60 \u20ac \u00a0\/ 100 \u20ac Link VIII Encontro Brasileiro da RedEstrado &#8211; Trabalho Docente e PNE: desafios \u00e0 valoriza\u00e7\u00e3o profissional Universidade Federal de Santa Maria &#8211; Santa Maria 04 [&hellip;]<\/p>\n","protected":false},"author":1,"featured_media":0,"parent":0,"menu_order":0,"comment_status":"closed","ping_status":"closed","template":"","meta":{"footnotes":""},"categories":[],"tags":[],"class_list":["post-392","page","type-page","status-publish","hentry"],"acf":[],"_links":{"self":[{"href":"https:\/\/www.ufsm.br\/cursos\/pos-graduacao\/santa-maria\/pppg\/wp-json\/wp\/v2\/pages\/392","targetHints":{"allow":["GET"]}}],"collection":[{"href":"https:\/\/www.ufsm.br\/cursos\/pos-graduacao\/santa-maria\/pppg\/wp-json\/wp\/v2\/pages"}],"about":[{"href":"https:\/\/www.ufsm.br\/cursos\/pos-graduacao\/santa-maria\/pppg\/wp-json\/wp\/v2\/types\/page"}],"author":[{"embeddable":true,"href":"https:\/\/www.ufsm.br\/cursos\/pos-graduacao\/santa-maria\/pppg\/wp-json\/wp\/v2\/users\/1"}],"replies":[{"embeddable":true,"href":"https:\/\/www.ufsm.br\/cursos\/pos-graduacao\/santa-maria\/pppg\/wp-json\/wp\/v2\/comments?post=392"}],"version-history":[{"count":0,"href":"https:\/\/www.ufsm.br\/cursos\/pos-graduacao\/santa-maria\/pppg\/wp-json\/wp\/v2\/pages\/392\/revisions"}],"wp:attachment":[{"href":"https:\/\/www.ufsm.br\/cursos\/pos-graduacao\/santa-maria\/pppg\/wp-json\/wp\/v2\/media?parent=392"}],"wp:term":[{"taxonomy":"category","embeddable":true,"href":"https:\/\/www.ufsm.br\/cursos\/pos-graduacao\/santa-maria\/pppg\/wp-json\/wp\/v2\/categories?post=392"},{"taxonomy":"post_tag","embeddable":true,"href":"https:\/\/www.ufsm.br\/cursos\/pos-graduacao\/santa-maria\/pppg\/wp-json\/wp\/v2\/tags?post=392"}],"curies":[{"name":"wp","href":"https:\/\/api.w.org\/{rel}","templated":true}]}}