{"id":910,"date":"2016-03-17T18:38:30","date_gmt":"2016-03-17T18:38:30","guid":{"rendered":"http:\/\/w3.ufsm.br\/pppg\/?page_id=231"},"modified":"2016-03-17T18:38:30","modified_gmt":"2016-03-17T18:38:30","slug":"politicas-e-mecanismos-de-financiamento-da-educacao-basica","status":"publish","type":"page","link":"https:\/\/www.ufsm.br\/cursos\/pos-graduacao\/santa-maria\/pppg\/politicas-e-mecanismos-de-financiamento-da-educacao-basica","title":{"rendered":"Pol\u00edticas e Mecanismos de Financiamento da Educa\u00e7\u00e3o B\u00e1sica"},"content":{"rendered":"<p><strong>N\u00edvel: <\/strong>Mestrado Profissional<\/p>\n<p><strong>Obrigat\u00f3ria: <\/strong>N\u00e3o<\/p>\n<p><strong>\u00c1rea(s) de Concentra\u00e7\u00e3o: <\/strong>Pol\u00edticas P\u00fablicas e Gest\u00e3o Educacional<\/p>\n<p><strong>Carga Hor\u00e1ria: <\/strong>60<\/p>\n<p><strong>Cr\u00e9ditos: <\/strong>4<\/p>\n<p><strong>Ementa<\/strong>: A constitui\u00e7\u00e3o dos fundos p\u00fablicos e a influ\u00eancia dos organismos multilaterais no financiamento da educa\u00e7\u00e3o brasileira Fundamentos Legais do Financiamento da Educa\u00e7\u00e3o. Manuten\u00e7\u00e3o e Desenvolvimento do Ensino. O Financiamento da Educa\u00e7\u00e3o B\u00e1sica com Qualidade. Autonomia financeira na institui\u00e7\u00e3o escolar<\/p>\n<p><strong>Bibliografia B\u00e1sica:<\/strong><\/p>\n<p>BRASIL. <strong>Constitui\u00e7\u00e3o de 1988.<\/strong> Constitui\u00e7\u00e3o da Rep\u00fablica Federativa do Brasil. Promulgada em 05 de outubro de 1988. Dispon\u00edvel em: http:\/\/www.planalto.gov.br .Acesso em: 18 julho. 2013.<\/p>\n<p>\u02cd\u02cd\u02cd___\u02cd\u02cd\u02cd. <strong>Emenda Constitucional n\u00b0 53,<\/strong> de 19 de dezembro de 2008. Dispon\u00edvel em: http:\/\/www.planalto.gov.br .Acesso em: 18 julho. 2013.<\/p>\n<p>\u02cd\u02cd\u02cd___\u02cd\u02cd\u02cd. <strong>Lei n\u00ba 10.172<\/strong>, de 09 de Janeiro de 2001. Aprova o Plano Nacional de Educa\u00e7\u00e3o e d\u00e1 provid\u00eancias. Dispon\u00edvel em: http:\/\/www.planalto.gov.br .Acesso em: 18 julho. 2013.<\/p>\n<p>\u02cd\u02cd\u02cd___\u02cd\u02cd\u02cd. <strong>Lei n\u00ba 9.394<\/strong>, Lei de Diretrizes e Bases da Educa\u00e7\u00e3o Nacional, de 20 de dezembro de 1996. Bras\u00edlia\/DF: MEC, 1996.<\/p>\n<p>ADRI\u00c3O, T.; PERONI, V. (Orgs.). <strong>O p\u00fablico e o privado na educa\u00e7\u00e3o<\/strong>: novos elementos para o debate. S\u00e3o Paulo: Xam\u00e3, 2008.<\/p>\n<p>DAVIES, N<em>. <\/em><strong>Financiamento da educa\u00e7\u00e3o:<\/strong> novos ou velhos desafios? S\u00e3o Paulo: Xam\u00e3, 2004.<\/p>\n<p>\u02cd\u02cd\u02cd___\u02cd\u02cd\u02cd. <strong>Fundeb:<\/strong> a reden\u00e7\u00e3o da educa\u00e7\u00e3o b\u00e1sica. Niter\u00f3i, RJ: Edi\u00e7\u00e3o do Autor, 2007.<\/p>\n<p>OLIVEIRA, R. P. de; ADRI\u00c3O, T. (Orgs.). <strong>Gest\u00e3o, financiamento e Direito \u00e0 Educa\u00e7\u00e3o: <\/strong>an\u00e1lise da Constitui\u00e7\u00e3o Federal e da LDB. 3 ed. S\u00e3o Paulo: Xam\u00e3, 2007.<\/p>\n<p><strong>Bibliografia Complementar:<\/strong><\/p>\n<p>AMARAL, N. <strong>Para<\/strong> <strong>compreender o financiamento da educa\u00e7\u00e3o b\u00e1sica no Brasil.<\/strong> Bras\u00edlia: Liber Livro, 2012.<\/p>\n<p>BRASIL. <strong>Lei n\u00ba 9.424<\/strong>, de 24 de dezembro de1996. Disp\u00f5e sobre o Fundo de Manuten\u00e7\u00e3o e de Desenvolvimento do Ensino Fundamental e de Valoriza\u00e7\u00e3o do Magist\u00e9rio. Dispon\u00edvel em: http:\/\/www.planalto.gov.br .Acesso em: 18 julho. 2013.<\/p>\n<p>\u02cd\u02cd\u02cd___\u02cd\u02cd\u02cd. <strong>Lei n\u00ba 11.494<\/strong>, de 20 de junho de 2007. Regulamenta o Fundo de Manuten\u00e7\u00e3o e Desenvolvimento da Educa\u00e7\u00e3o B\u00e1sica e Valoriza\u00e7\u00e3o dos Profissionais da Educa\u00e7\u00e3o. FUNDEB. Dispon\u00edvel em: &lt;http:\/\/www.planalto.gov.br&gt; .Acesso em: 18 julho. 2013.<\/p>\n<p>CARREIRA, D.; PINTO, J. M. R. <strong>Custo Aluno-Qualidade Inicial<\/strong>: rumo \u00e0 educa\u00e7\u00e3o p\u00fablica de qualidade no Brasil. S\u00e3o Paulo: Global Campanha Nacional pelo Direito \u00e0 Educa\u00e7\u00e3o, 2007.<\/p>\n<p>DAVIES, N<em>. <\/em><strong>Legisla\u00e7\u00e3o educacional federal b\u00e1sica.<\/strong> S\u00e3o Paulo: Cortez Editora, 2004.<\/p>\n<p>HADDAD, S. (Org.). <strong>Banco Mundial, OMC e FMI:<\/strong> o impacto nas pol\u00edticas educacionais. S\u00e3o Paulo: Cortez, 2008.<\/p>\n<p>LIMA, M. J. R.; ALMEIDA, M. do R.; DODONET, V. (Orgs.). <strong>FUNDEB<\/strong>: Dilemas e Perspectivas. Bras\u00edlia: edi\u00e7\u00e3o independente, 2005.<\/p>\n<p>MARTINS, P. de S. <strong>FUNDEB, federalismo e regime de colabora\u00e7\u00e3o.<\/strong> Campinas, SP: Faculdade de Educa\u00e7\u00e3o da Universidade de Bras\u00edlia, 2011. 326 p.<\/p>\n","protected":false},"excerpt":{"rendered":"<p>N\u00edvel: Mestrado Profissional Obrigat\u00f3ria: N\u00e3o \u00c1rea(s) de Concentra\u00e7\u00e3o: Pol\u00edticas P\u00fablicas e Gest\u00e3o Educacional Carga Hor\u00e1ria: 60 Cr\u00e9ditos: 4 Ementa: A constitui\u00e7\u00e3o dos fundos p\u00fablicos e a influ\u00eancia dos organismos multilaterais no financiamento da educa\u00e7\u00e3o brasileira Fundamentos Legais do Financiamento da Educa\u00e7\u00e3o. Manuten\u00e7\u00e3o e Desenvolvimento do Ensino. O Financiamento da Educa\u00e7\u00e3o B\u00e1sica com Qualidade. Autonomia financeira [&hellip;]<\/p>\n","protected":false},"author":1,"featured_media":0,"parent":0,"menu_order":0,"comment_status":"closed","ping_status":"closed","template":"","meta":{"footnotes":""},"categories":[],"tags":[],"class_list":["post-910","page","type-page","status-publish","hentry"],"acf":[],"_links":{"self":[{"href":"https:\/\/www.ufsm.br\/cursos\/pos-graduacao\/santa-maria\/pppg\/wp-json\/wp\/v2\/pages\/910","targetHints":{"allow":["GET"]}}],"collection":[{"href":"https:\/\/www.ufsm.br\/cursos\/pos-graduacao\/santa-maria\/pppg\/wp-json\/wp\/v2\/pages"}],"about":[{"href":"https:\/\/www.ufsm.br\/cursos\/pos-graduacao\/santa-maria\/pppg\/wp-json\/wp\/v2\/types\/page"}],"author":[{"embeddable":true,"href":"https:\/\/www.ufsm.br\/cursos\/pos-graduacao\/santa-maria\/pppg\/wp-json\/wp\/v2\/users\/1"}],"replies":[{"embeddable":true,"href":"https:\/\/www.ufsm.br\/cursos\/pos-graduacao\/santa-maria\/pppg\/wp-json\/wp\/v2\/comments?post=910"}],"version-history":[{"count":0,"href":"https:\/\/www.ufsm.br\/cursos\/pos-graduacao\/santa-maria\/pppg\/wp-json\/wp\/v2\/pages\/910\/revisions"}],"wp:attachment":[{"href":"https:\/\/www.ufsm.br\/cursos\/pos-graduacao\/santa-maria\/pppg\/wp-json\/wp\/v2\/media?parent=910"}],"wp:term":[{"taxonomy":"category","embeddable":true,"href":"https:\/\/www.ufsm.br\/cursos\/pos-graduacao\/santa-maria\/pppg\/wp-json\/wp\/v2\/categories?post=910"},{"taxonomy":"post_tag","embeddable":true,"href":"https:\/\/www.ufsm.br\/cursos\/pos-graduacao\/santa-maria\/pppg\/wp-json\/wp\/v2\/tags?post=910"}],"curies":[{"name":"wp","href":"https:\/\/api.w.org\/{rel}","templated":true}]}}