{"id":917,"date":"2016-03-17T18:50:16","date_gmt":"2016-03-17T18:50:16","guid":{"rendered":"http:\/\/w3.ufsm.br\/pppg\/?page_id=252"},"modified":"2016-03-17T18:50:16","modified_gmt":"2016-03-17T18:50:16","slug":"tecnologias-da-informacao-e-comunicacao-nos-processos-de-gestao","status":"publish","type":"page","link":"https:\/\/www.ufsm.br\/cursos\/pos-graduacao\/santa-maria\/pppg\/tecnologias-da-informacao-e-comunicacao-nos-processos-de-gestao","title":{"rendered":"Tecnologias da Informa\u00e7\u00e3o e Comunica\u00e7\u00e3o nos Processos de Gest\u00e3o"},"content":{"rendered":"<p><strong>N\u00edvel: <\/strong>Mestrado Profissional<\/p>\n<p><strong>Obrigat\u00f3ria:<\/strong> N\u00e3o<\/p>\n<p><strong>\u00c1rea(s) de Concentra\u00e7\u00e3o: <\/strong>Pol\u00edticas P\u00fablicas e Gest\u00e3o Educacional<\/p>\n<p><strong>Carga Hor\u00e1ria: <\/strong>60<\/p>\n<p><strong>Cr\u00e9ditos:<\/strong> 4<\/p>\n<p><strong>Ementa: <\/strong>Tecnologias da Informa\u00e7\u00e3o e Comunica\u00e7\u00e3o (TICs): evolu\u00e7\u00e3o, conceitos, valores agregados \u00e0 educa\u00e7\u00e3o e \u00e0 gest\u00e3o. Democratiza\u00e7\u00e3o do acesso \u00e0 informa\u00e7\u00e3o; inclus\u00e3o social e digital. Territ\u00f3rios digitais; gest\u00e3o da informa\u00e7\u00e3o e do conhecimento &#8211; transforma\u00e7\u00e3o da cultura organizacional das institui\u00e7\u00f5es educacionais. Ambientes virtuais de ensino e aprendizagem (AVA). Redes de conhecimento. Redes de forma\u00e7\u00e3o e desenvolvimento profissional.<\/p>\n<p><strong>Bibliografia B\u00e1sica:<\/strong><\/p>\n<p>ALVES, N. Sobre redes de conhecimento e curr\u00edculo em rede. <strong>Revista<\/strong> <strong>de<\/strong> <strong>Educa\u00e7\u00e3o da<\/strong> <strong>AEC<\/strong>. Bras\u00edlia, v. 31, n. 122, p. 94-107, jan.\/mar.2002.<\/p>\n<p>BARBOSA, R. M. <strong>Ambientes Virtuais de Aprendizagem<\/strong>. Porto Alegre: Artmed, 2005.<\/p>\n<p>BELLONI, M. L. <strong>Educa\u00e7\u00e3o a Dist\u00e2ncia<\/strong>. 2. ed. Campinas, SP: Autores Associados, 2001.<\/p>\n<p>L\u00c9VY, P. <strong>As<\/strong> <strong>tecnologias<\/strong> <strong>da<\/strong> <strong>intelig\u00eancia: <\/strong>o futuro do pensamento na era da inform\u00e1tica. Rio de Janeiro: Editora 34, 1993.<\/p>\n<p>HOO, C. W. <strong>A<\/strong> <strong>organiza\u00e7\u00e3o<\/strong> <strong>do<\/strong> <strong>conhecimento<\/strong>: como as organiza\u00e7\u00f5es usam a informa\u00e7\u00e3o para criar significado, construir conhecimento e tomar decis\u00f5es. S\u00e3o Paulo: Ed. Senac S\u00e3o Paulo, 2003.<\/p>\n<p>MACIEL, M. L.; ALBAGLI, S. (Orgs.). <strong>Informa\u00e7\u00e3o<\/strong> <strong>e<\/strong> <strong>desenvolvimento<\/strong>: conhecimento, inova\u00e7\u00e3o e apropria\u00e7\u00e3o social. Bras\u00edlia: IBICT, UNESCO, 2007.<\/p>\n<p><strong>Bibliografia Complementar:<\/strong><\/p>\n<p>FAGUNDES, L. C. <strong>Redes<\/strong> <strong>Telem\u00e1ticas<\/strong> <strong>na<\/strong> <strong>Educa\u00e7\u00e3o<\/strong>. Confer\u00eancia Internacional para Educa\u00e7\u00e3o do Futuro. S\u00e3o Paulo, 1993.<\/p>\n<p>FREITAS, M. T. de A. <strong>Cibercultura<\/strong> <strong>e<\/strong> <strong>forma\u00e7\u00e3o<\/strong> <strong>de<\/strong> <strong>professores<\/strong>. Belo Horizonte: Aut\u00eantica Editora, 2009.<\/p>\n<p>MOTOYAMA, S. (Org.). <strong>Tecnologia<\/strong> <strong>e<\/strong> <strong>industrializa\u00e7\u00e3o<\/strong> <strong>no<\/strong> <strong>Brasil<\/strong>: uma perspectiva hist\u00f3rica. S\u00e3o Paulo: UNESP, 1994.<\/p>\n<p>L\u00c9VY, P. <strong>Cibercultura.<\/strong> Trad. Carlos Irineu da Costa. S\u00e3o Paulo: Editora 34, 2009.<\/p>\n<p>SANTOS, L. G. dos. <strong>Politizar<\/strong> <strong>as<\/strong> <strong>novas<\/strong> <strong>tecnologias<\/strong>. S\u00e3o Paulo: Ed.34, 2003.<\/p>\n<p>SILVA, M. <strong>Sala de aula interativa<\/strong>. S\u00e3o Paulo: Loyola, 2010.<\/p>\n","protected":false},"excerpt":{"rendered":"<p>N\u00edvel: Mestrado Profissional Obrigat\u00f3ria: N\u00e3o \u00c1rea(s) de Concentra\u00e7\u00e3o: Pol\u00edticas P\u00fablicas e Gest\u00e3o Educacional Carga Hor\u00e1ria: 60 Cr\u00e9ditos: 4 Ementa: Tecnologias da Informa\u00e7\u00e3o e Comunica\u00e7\u00e3o (TICs): evolu\u00e7\u00e3o, conceitos, valores agregados \u00e0 educa\u00e7\u00e3o e \u00e0 gest\u00e3o. Democratiza\u00e7\u00e3o do acesso \u00e0 informa\u00e7\u00e3o; inclus\u00e3o social e digital. Territ\u00f3rios digitais; gest\u00e3o da informa\u00e7\u00e3o e do conhecimento &#8211; transforma\u00e7\u00e3o da cultura [&hellip;]<\/p>\n","protected":false},"author":1,"featured_media":0,"parent":0,"menu_order":0,"comment_status":"closed","ping_status":"closed","template":"","meta":{"footnotes":""},"categories":[],"tags":[],"class_list":["post-917","page","type-page","status-publish","hentry"],"acf":[],"_links":{"self":[{"href":"https:\/\/www.ufsm.br\/cursos\/pos-graduacao\/santa-maria\/pppg\/wp-json\/wp\/v2\/pages\/917","targetHints":{"allow":["GET"]}}],"collection":[{"href":"https:\/\/www.ufsm.br\/cursos\/pos-graduacao\/santa-maria\/pppg\/wp-json\/wp\/v2\/pages"}],"about":[{"href":"https:\/\/www.ufsm.br\/cursos\/pos-graduacao\/santa-maria\/pppg\/wp-json\/wp\/v2\/types\/page"}],"author":[{"embeddable":true,"href":"https:\/\/www.ufsm.br\/cursos\/pos-graduacao\/santa-maria\/pppg\/wp-json\/wp\/v2\/users\/1"}],"replies":[{"embeddable":true,"href":"https:\/\/www.ufsm.br\/cursos\/pos-graduacao\/santa-maria\/pppg\/wp-json\/wp\/v2\/comments?post=917"}],"version-history":[{"count":0,"href":"https:\/\/www.ufsm.br\/cursos\/pos-graduacao\/santa-maria\/pppg\/wp-json\/wp\/v2\/pages\/917\/revisions"}],"wp:attachment":[{"href":"https:\/\/www.ufsm.br\/cursos\/pos-graduacao\/santa-maria\/pppg\/wp-json\/wp\/v2\/media?parent=917"}],"wp:term":[{"taxonomy":"category","embeddable":true,"href":"https:\/\/www.ufsm.br\/cursos\/pos-graduacao\/santa-maria\/pppg\/wp-json\/wp\/v2\/categories?post=917"},{"taxonomy":"post_tag","embeddable":true,"href":"https:\/\/www.ufsm.br\/cursos\/pos-graduacao\/santa-maria\/pppg\/wp-json\/wp\/v2\/tags?post=917"}],"curies":[{"name":"wp","href":"https:\/\/api.w.org\/{rel}","templated":true}]}}