{"id":922,"date":"2016-03-17T18:54:00","date_gmt":"2016-03-17T18:54:00","guid":{"rendered":"http:\/\/w3.ufsm.br\/pppg\/?page_id=267"},"modified":"2016-03-17T18:54:00","modified_gmt":"2016-03-17T18:54:00","slug":"educacao-conhecimento-e-praticas-sociais","status":"publish","type":"page","link":"https:\/\/www.ufsm.br\/cursos\/pos-graduacao\/santa-maria\/pppg\/educacao-conhecimento-e-praticas-sociais","title":{"rendered":"Educa\u00e7\u00e3o, Conhecimento e Pr\u00e1ticas Sociais"},"content":{"rendered":"<p><strong>N\u00edvel: <\/strong>Mestrado Profissional<\/p>\n<p><strong>Obrigat\u00f3ria: <\/strong>N\u00e3o<\/p>\n<p><strong>\u00c1rea(s) de Concentra\u00e7\u00e3o:<\/strong><\/p>\n<p><strong>Carga Hor\u00e1ria: <\/strong>60<\/p>\n<p><strong>Cr\u00e9ditos: <\/strong>4<\/p>\n<p><strong>Ementa:<\/strong>\u00a0Educa\u00e7\u00e3o e humaniza\u00e7\u00e3o. Conhecimento como educa\u00e7\u00e3o para a inser\u00e7\u00e3o social. A educa\u00e7\u00e3o em diferentes contextos sociais. A Educa\u00e7\u00e3o e a quest\u00e3o da igualdade e eq\u00fcidade sociais. Constru\u00e7\u00e3o do conhecimento e transforma\u00e7\u00e3o social.<\/p>\n<p><strong>Bibliografia B\u00e1sica:<\/strong><\/p>\n<p>ADORNO, T. W.\u00a0<strong>Educa\u00e7\u00e3o e Emancipa\u00e7\u00e3o.\u00a0<\/strong>RJ: Paz e Terra, 2006.<\/p>\n<p>BRAND\u00c3O, C. R.\u00a0<strong>A Educa\u00e7\u00e3o como Cultura<\/strong>.\u00a0SP: Brasiliense, 2007.<\/p>\n<p>FREIRE, P.\u00a0<strong>Pedagogia do Oprimido<\/strong>.<strong>\u00a0<\/strong>42 ed. RJ: Paz e Terra, 2005.<\/p>\n<p>________.\u00a0<strong>Educa\u00e7\u00e3o e Mudan\u00e7a<\/strong>.<strong>\u00a0<\/strong>15 ed.<strong>\u00a0<\/strong>RJ: Paz e Terra, 1989.<\/p>\n<p>LOMBARDI, J. C., SAVIANI, D. e SANFELICE, J. L. (Orgs.).\u00a0<strong>Capitalismo, Trabalho e Educa\u00e7\u00e3o<\/strong>.\u00a0Campinas\/SP: Autores Associados, 2002.<\/p>\n<p>MATURANA, H.\u00a0<strong>Emo\u00e7\u00f5es e Linguagem na Educa\u00e7\u00e3o e na Pol\u00edtica.<\/strong> Belo Horizonte\/MG: Ed. UFMG, 2005.<\/p>\n<p>PONCE, A.\u00a0<strong>Educa\u00e7\u00e3o e Luta de Classe<\/strong>.\u00a022 ed. SP: Cortez, Autores Associados, 2007.<\/p>\n<p><strong>Bibliografia Complementar:<\/strong><\/p>\n<p>BOURDIEU, P.; PASSERON, C.\u00a0<strong>A Reprodu\u00e7\u00e3o<\/strong>.<strong>\u00a0<\/strong>RJ: Francisco Alves, 1975.<\/p>\n<p>DUSSEL, E. D.\u00a0<strong>Filosofia da Liberta\u00e7\u00e3o<\/strong>.<strong>\u00a0<\/strong>Cr\u00edtica \u00e0 ideologia da exclus\u00e3o. SP: Paulus, 1995.<\/p>\n<p>FREIRE, P.\u00a0<strong>Pedagogia da Autonomia.\u00a0<\/strong>Saberes necess\u00e1rios \u00e0 pr\u00e1tica educativa.\u00a0RJ: Paz e Terra, 1999.<\/p>\n<p>GRAMSCI, A.\u00a0<strong>Os Intelectuais e a Organiza\u00e7\u00e3o da Cultura<\/strong>.<strong>\u00a0<\/strong>Tradu\u00e7\u00e3o de Carlos Nelson Coutinho. 8 ed. RJ: Civiliza\u00e7\u00e3o Brasileira, 1991.<\/p>\n<p>GIROUX, H. A.\u00a0<strong>Os Professores como Intelectuais: <\/strong>rumo a uma Pedagogia Cr\u00edtica da Aprendizagem.\u00a0Porto Alegre\/RS: ArtMed, 2003.<\/p>\n<p>NIDELCOFF, M. T.\u00a0<strong>Uma Escola para o Povo<\/strong>.<strong>\u00a0<\/strong>38 ed.\u00a0\u00a0Trad. de Jo\u00e3o Silv\u00e9rio Trevisan. SP: Brasiliense, 1995.<\/p>\n<p>PARO, V. H.\u00a0<strong>Cr\u00edtica da estrutura da escola.<\/strong>\u00a0S\u00e3o Paulo: Cortez editora, 2011.<\/p>\n","protected":false},"excerpt":{"rendered":"<p>N\u00edvel: Mestrado Profissional Obrigat\u00f3ria: N\u00e3o \u00c1rea(s) de Concentra\u00e7\u00e3o: Carga Hor\u00e1ria: 60 Cr\u00e9ditos: 4 Ementa:\u00a0Educa\u00e7\u00e3o e humaniza\u00e7\u00e3o. Conhecimento como educa\u00e7\u00e3o para a inser\u00e7\u00e3o social. A educa\u00e7\u00e3o em diferentes contextos sociais. A Educa\u00e7\u00e3o e a quest\u00e3o da igualdade e eq\u00fcidade sociais. Constru\u00e7\u00e3o do conhecimento e transforma\u00e7\u00e3o social. Bibliografia B\u00e1sica: ADORNO, T. W.\u00a0Educa\u00e7\u00e3o e Emancipa\u00e7\u00e3o.\u00a0RJ: Paz e Terra, [&hellip;]<\/p>\n","protected":false},"author":1,"featured_media":0,"parent":0,"menu_order":0,"comment_status":"closed","ping_status":"closed","template":"","meta":{"footnotes":""},"categories":[],"tags":[],"class_list":["post-922","page","type-page","status-publish","hentry"],"acf":[],"_links":{"self":[{"href":"https:\/\/www.ufsm.br\/cursos\/pos-graduacao\/santa-maria\/pppg\/wp-json\/wp\/v2\/pages\/922","targetHints":{"allow":["GET"]}}],"collection":[{"href":"https:\/\/www.ufsm.br\/cursos\/pos-graduacao\/santa-maria\/pppg\/wp-json\/wp\/v2\/pages"}],"about":[{"href":"https:\/\/www.ufsm.br\/cursos\/pos-graduacao\/santa-maria\/pppg\/wp-json\/wp\/v2\/types\/page"}],"author":[{"embeddable":true,"href":"https:\/\/www.ufsm.br\/cursos\/pos-graduacao\/santa-maria\/pppg\/wp-json\/wp\/v2\/users\/1"}],"replies":[{"embeddable":true,"href":"https:\/\/www.ufsm.br\/cursos\/pos-graduacao\/santa-maria\/pppg\/wp-json\/wp\/v2\/comments?post=922"}],"version-history":[{"count":0,"href":"https:\/\/www.ufsm.br\/cursos\/pos-graduacao\/santa-maria\/pppg\/wp-json\/wp\/v2\/pages\/922\/revisions"}],"wp:attachment":[{"href":"https:\/\/www.ufsm.br\/cursos\/pos-graduacao\/santa-maria\/pppg\/wp-json\/wp\/v2\/media?parent=922"}],"wp:term":[{"taxonomy":"category","embeddable":true,"href":"https:\/\/www.ufsm.br\/cursos\/pos-graduacao\/santa-maria\/pppg\/wp-json\/wp\/v2\/categories?post=922"},{"taxonomy":"post_tag","embeddable":true,"href":"https:\/\/www.ufsm.br\/cursos\/pos-graduacao\/santa-maria\/pppg\/wp-json\/wp\/v2\/tags?post=922"}],"curies":[{"name":"wp","href":"https:\/\/api.w.org\/{rel}","templated":true}]}}