{"id":923,"date":"2016-03-17T18:54:29","date_gmt":"2016-03-17T18:54:29","guid":{"rendered":"http:\/\/w3.ufsm.br\/pppg\/?page_id=270"},"modified":"2016-03-17T18:54:29","modified_gmt":"2016-03-17T18:54:29","slug":"educacao-infantil-infancias-e-processos-de-gestao","status":"publish","type":"page","link":"https:\/\/www.ufsm.br\/cursos\/pos-graduacao\/santa-maria\/pppg\/educacao-infantil-infancias-e-processos-de-gestao","title":{"rendered":"Educa\u00e7\u00e3o Infantil: Inf\u00e2ncias e Processos de Gest\u00e3o"},"content":{"rendered":"<p><strong>N\u00edvel: <\/strong>Mestrado Profissional<\/p>\n<p><strong>Obrigat\u00f3ria: <\/strong>N\u00e3o<\/p>\n<p><strong>\u00c1rea(s) de Concentra\u00e7\u00e3o:<\/strong><\/p>\n<p><strong>Carga Hor\u00e1ria: <\/strong>60<\/p>\n<p><strong>Cr\u00e9ditos: <\/strong>4<\/p>\n<p><strong>Ementa:<\/strong>\u00a0Inf\u00e2ncia, hist\u00f3ria e educa\u00e7\u00e3o: processos de institucionaliza\u00e7\u00e3o das crian\u00e7as pequenas. Pol\u00edticas P\u00fablicas para a Educa\u00e7\u00e3o Infantil e os Planos Governamentais. Bases pol\u00edticas e legais para o atendimento educacional \u00e0s crian\u00e7as de 0 a 5 anos. A gest\u00e3o democr\u00e1tica e oferta de qualidade da educa\u00e7\u00e3o infantil.<\/p>\n<p><strong>Bibliografia B\u00e1sica<\/strong><\/p>\n<p>BRASIL. <strong>Referencial Curricular Nacional para a Educa\u00e7\u00e3o Infantil. <\/strong>Bras\u00edlia, MEC, 1998.<\/p>\n<p>BRASIL. <strong>Diretrizes Curriculares para a Educa\u00e7\u00e3o Infantil. <\/strong>Resolu\u00e7\u00e3o CNE n\u00ba 1, de 07 de abril de 1999.<\/p>\n<p>BRASIL. <strong>Pol\u00edtica Nacional de Educa\u00e7\u00e3o Infantil:<\/strong> pelo direito das crian\u00e7as de zero a seis anos \u00e0 Educa\u00e7\u00e3o. Bras\u00edlia: MEC\/SEB, 2005.<\/p>\n<p>FARIA, A. L. G. e PALHARES, M. S. <strong>Educa\u00e7\u00e3o Infantil P\u00f3s-LDB: <\/strong>Rumos e Desafios.\u00a0 S\u00e3o Paulo: Autores Associados, 2000.<\/p>\n<p>DEL PRIORE, M. (Org.). <strong>Hist\u00f3ria das crian\u00e7as no Brasil<\/strong>. S\u00e3o Paulo: Contexto, 2000.<\/p>\n<p>FLORES, M. L. R<strong>. <\/strong>Movimentos na constru\u00e7\u00e3o do direito \u00e0 educa\u00e7\u00e3o infantil: hist\u00f3rico e atualidade. Dossi\u00ea: Inf\u00e2ncia e Educa\u00e7\u00e3o Infantil. <strong>Educa\u00e7\u00e3o.<\/strong> Santa Maria, v. 35, n. 1, p. 25-38, jan.\/abr. 2010. Dispon\u00edvel em:<em> &lt;<\/em>http:\/\/www.ufsm.br\/revistaeducacao<em>&gt;. <\/em>Acesso em set de 2013.<\/p>\n<p>ROSEMBERG, F. Educa\u00e7\u00e3o infantil p\u00f3s-FUNDEB: avan\u00e7os e tens\u00f5es. In: SOUZA, G. (Org.). <strong>Educar na Inf\u00e2ncia: <\/strong>perspectivas hist\u00f3rico-sociais. S\u00e3o Paulo: Contexto, 2010.<\/p>\n<p>VIEIRA, L. M. F. A Educa\u00e7\u00e3o infantil e o Plano Nacional de Educa\u00e7\u00e3o: as propostas da CONAE 2010. <strong>Educa\u00e7\u00e3o e Sociedade<\/strong>. Campinas, v. 31, n. 112, p. 809-831, jul.\/set. 2010.<\/p>\n<p><strong>Bibliografia Complementar<\/strong><\/p>\n<p>BRASIL. <strong>Par\u00e2metros Nacionais de Qualidade para a Educa\u00e7\u00e3o Infantil.<\/strong> Bras\u00edlia, MEC\/SEF, 2006.<\/p>\n<p>BRASIL. <strong>Indicadores de qualidade na Educa\u00e7\u00e3o Infantil.<\/strong> Bras\u00edlia, MEC\/SEB, de 2010.<\/p>\n<p>BRASIL. <strong>Projeto de Lei do Plano Nacional de Educa\u00e7\u00e3o<\/strong> (PNE 2011\/2020). PL n\u00ba. 8.035 de 2010.<\/p>\n<p>ARI\u00c9S, P. <strong>Hist\u00f3ria Social da Crian\u00e7a e da Fam\u00edlia<\/strong>. Rio de Janeiro: Zahar, 1981.<\/p>\n<p>CAMPOS, M. M. A Constituinte e a educa\u00e7\u00e3o da crian\u00e7a de 0 a 6 anos. <strong>Cadernos de Pesquisa<\/strong>. N\u00ba 59. S\u00e3o Paulo, Cortez, 1988. p. 57-66.<\/p>\n<p>CORSINO, P. (org) <strong>Educa\u00e7\u00e3o Infantil: cotidiano e pol\u00edticas<\/strong>. Campinas, SP: Autores Associados, 2009.<\/p>\n<p>GONDRA, J. G. <strong>Hist\u00f3ria, Inf\u00e2ncia e Escolariza\u00e7\u00e3o.<\/strong> Rio de Janeiro: 7 Letras, 2002.<\/p>\n<p>MELLO, D. T. de. <strong>Uma Genealogia das Pol\u00edticas P\u00fablicas para creche no Brasil. <\/strong>Estado e Inf\u00e2ncia (1899-1920). Tese de Doutorado em Educa\u00e7\u00e3o. Universidade Estadual de Campinas (UNICAMP). Faculdade de Educa\u00e7\u00e3o. Campinas, SP. 2008.<\/p>\n","protected":false},"excerpt":{"rendered":"<p>N\u00edvel: Mestrado Profissional Obrigat\u00f3ria: N\u00e3o \u00c1rea(s) de Concentra\u00e7\u00e3o: Carga Hor\u00e1ria: 60 Cr\u00e9ditos: 4 Ementa:\u00a0Inf\u00e2ncia, hist\u00f3ria e educa\u00e7\u00e3o: processos de institucionaliza\u00e7\u00e3o das crian\u00e7as pequenas. Pol\u00edticas P\u00fablicas para a Educa\u00e7\u00e3o Infantil e os Planos Governamentais. Bases pol\u00edticas e legais para o atendimento educacional \u00e0s crian\u00e7as de 0 a 5 anos. A gest\u00e3o democr\u00e1tica e oferta de qualidade [&hellip;]<\/p>\n","protected":false},"author":1,"featured_media":0,"parent":0,"menu_order":0,"comment_status":"closed","ping_status":"closed","template":"","meta":{"footnotes":""},"categories":[],"tags":[],"class_list":["post-923","page","type-page","status-publish","hentry"],"acf":[],"_links":{"self":[{"href":"https:\/\/www.ufsm.br\/cursos\/pos-graduacao\/santa-maria\/pppg\/wp-json\/wp\/v2\/pages\/923","targetHints":{"allow":["GET"]}}],"collection":[{"href":"https:\/\/www.ufsm.br\/cursos\/pos-graduacao\/santa-maria\/pppg\/wp-json\/wp\/v2\/pages"}],"about":[{"href":"https:\/\/www.ufsm.br\/cursos\/pos-graduacao\/santa-maria\/pppg\/wp-json\/wp\/v2\/types\/page"}],"author":[{"embeddable":true,"href":"https:\/\/www.ufsm.br\/cursos\/pos-graduacao\/santa-maria\/pppg\/wp-json\/wp\/v2\/users\/1"}],"replies":[{"embeddable":true,"href":"https:\/\/www.ufsm.br\/cursos\/pos-graduacao\/santa-maria\/pppg\/wp-json\/wp\/v2\/comments?post=923"}],"version-history":[{"count":0,"href":"https:\/\/www.ufsm.br\/cursos\/pos-graduacao\/santa-maria\/pppg\/wp-json\/wp\/v2\/pages\/923\/revisions"}],"wp:attachment":[{"href":"https:\/\/www.ufsm.br\/cursos\/pos-graduacao\/santa-maria\/pppg\/wp-json\/wp\/v2\/media?parent=923"}],"wp:term":[{"taxonomy":"category","embeddable":true,"href":"https:\/\/www.ufsm.br\/cursos\/pos-graduacao\/santa-maria\/pppg\/wp-json\/wp\/v2\/categories?post=923"},{"taxonomy":"post_tag","embeddable":true,"href":"https:\/\/www.ufsm.br\/cursos\/pos-graduacao\/santa-maria\/pppg\/wp-json\/wp\/v2\/tags?post=923"}],"curies":[{"name":"wp","href":"https:\/\/api.w.org\/{rel}","templated":true}]}}