{"id":926,"date":"2016-03-18T14:25:22","date_gmt":"2016-03-18T14:25:22","guid":{"rendered":"http:\/\/w3.ufsm.br\/pppg\/?page_id=291"},"modified":"2016-03-18T14:25:22","modified_gmt":"2016-03-18T14:25:22","slug":"fundamentos-filosoficos-politicos-e-sociais-da-gestao-educacional-a-2","status":"publish","type":"page","link":"https:\/\/www.ufsm.br\/cursos\/pos-graduacao\/santa-maria\/pppg\/fundamentos-filosoficos-politicos-e-sociais-da-gestao-educacional-a-2","title":{"rendered":"FUNDAMENTOS FILOS\u00d3FICOS, POL\u00cdTICOS E SOCIAIS DA GEST\u00c3O EDUCACIONAL \u201cA\u201d"},"content":{"rendered":"<p><a name=\"_Toc369507988\"><\/a><a name=\"_Toc369507892\"><\/a><strong>DEPARTAMENTO<\/strong>: FUE\u00a0 <strong>\u00a0\u00a0\u00a0\u00a0\u00a0\u00a0\u00a0\u00a0\u00a0\u00a0\u00a0\u00a0\u00a0\u00a0\u00a0 <\/strong><\/p>\n<p><a name=\"_Toc369507989\"><\/a><a name=\"_Toc369507893\"><\/a><strong>CARGA HOR\u00c1RIA<\/strong>: 45H<\/p>\n<p><a name=\"_Toc369507990\"><\/a><a name=\"_Toc369507894\"><\/a><strong>CR\u00c9DITOS<\/strong>: 03<strong>\u00a0\u00a0\u00a0\u00a0\u00a0\u00a0\u00a0 <\/strong><\/p>\n<p>&nbsp;<\/p>\n<p><strong>OBJETIVO:<\/strong> Reconhecer, a partir de uma vis\u00e3o ampla e integrada, os principais pressupostos que fundamentam a gest\u00e3o educacional.<\/p>\n<p>&nbsp;<\/p>\n<p><strong>EMENTA:<\/strong> Fundamentos da Sociedade e da Educa\u00e7\u00e3o. Estado, Sociedade e Educa\u00e7\u00e3o. Fundamentos da Organiza\u00e7\u00e3o e da Gest\u00e3o da F\u00e1brica e da Escola. Problemas Contempor\u00e2neos para a Fundamenta\u00e7\u00e3o da Gest\u00e3o Educacional.<\/p>\n<p><strong>\u00a0<\/strong><\/p>\n<p><strong>PROGRAMA:<\/strong><\/p>\n<p>&nbsp;<\/p>\n<p>UNIDADE 1 \u2013 FUNDAMENTOS DA SOCIEDADE E DA EDUCA\u00c7\u00c3O<\/p>\n<p>1.1 Os Fundamentos da Filosofia Pol\u00edtica<\/p>\n<p>1.2 Os Fundamentos Sociol\u00f3gicos<\/p>\n<p style=\"padding-left: 30px\">1.2.1 As Concep\u00e7\u00f5es Cl\u00e1ssicas: Durkheim, Marx e Weber<\/p>\n<p style=\"padding-left: 30px\">1.2.2 A \u201cNova Sociologia\u201d<\/p>\n<p style=\"padding-left: 30px\">1.2.3 Modernidade e P\u00f3s-Modernidade<\/p>\n<p>&nbsp;<\/p>\n<p>UNIDADE 2 \u2013 ESTADO, SOCIEDADE E EDUCA\u00c7\u00c3O<\/p>\n<p>2.1 Origem e evolu\u00e7\u00e3o do conceito de Estado<\/p>\n<p>2.2 O Estado do Bem estar social<\/p>\n<p>2.3 O Estado neo-liberal<\/p>\n<p>2.4 O Estado e as Pol\u00edticas P\u00fablicas<\/p>\n<p>&nbsp;<\/p>\n<p>UNIDADE 3 \u2013 FUNDAMENTOS DA ORGANIZA\u00c7\u00c3O E DA GEST\u00c3O DA F\u00c1BRICA E DA ESCOLA<\/p>\n<p>3.1 Evolu\u00e7\u00e3o do Trabalho e da Escola<\/p>\n<p>3.2 As Revolu\u00e7\u00f5es Industriais (Revolu\u00e7\u00f5es tecnol\u00f3gicas)<\/p>\n<p>3.3 O Modelo Taylorista-Fordista<\/p>\n<p>3.4 Origem e Modelos de Gest\u00e3o: Teorias da Administra\u00e7\u00e3o Escolar<\/p>\n<p>&nbsp;<\/p>\n<p>UNIDADE 4 \u2013 PROBLEMAS CONTEMPOR\u00c2NEOS PARA A FUNDAMENTA\u00c7\u00c3O DA GEST\u00c3O EDUCACIONAL<\/p>\n<p>4.1 Globaliza\u00e7\u00e3o e neoliberalismo<\/p>\n<p>4.2 A Internacionaliza\u00e7\u00e3o da Educa\u00e7\u00e3o<\/p>\n<p>4.3 \u00c9tica e Pol\u00edtica no Contexto Atual<\/p>\n<p>&nbsp;<\/p>\n<p><strong>Bibliografia B\u00e1sica<\/strong><\/p>\n<p><strong>\u00a0<\/strong><\/p>\n<p>ANDREOTTI, A.L.; LOMBARDI, J. C.; MINTO, L.W. (Orgs). <strong>Hist\u00f3ria da Administra\u00e7\u00e3o Escolar no Brasil. <\/strong>Campinas, SP: Editora Al\u00ednea, 2010.<\/p>\n<p>&nbsp;<\/p>\n<p>GIANNOTTI, Jos\u00e9 Arthur. <strong>Marx<\/strong>: al\u00e9m do marxismo. Tradu\u00e7\u00e3o dos textos de Marx: Luciano Codato. Porto Alegre, RS: L&amp;PM, 2009. (Cole\u00e7\u00e3o L&amp;PM Pocket; v. 245)<\/p>\n<p>&nbsp;<\/p>\n<p>PINTO, Geraldo Augusto. <strong>A Organiza\u00e7\u00e3o do Trabalho no s\u00e9culo 20<\/strong>: Taylorismo, Fordismo e Toyotismo. S\u00e3o Paulo: Express\u00e3o Popular, 2007.<\/p>\n<p>&nbsp;<\/p>\n<p>SELL, Carlos Eduardo. <strong>Sociologia Cl\u00e1ssica<\/strong>: Marx, Durkheim e Weber. Petr\u00f3polis, RJ: Vozes, 2009. (Cole\u00e7\u00e3o Sociologia)<\/p>\n<p>&nbsp;<\/p>\n<p>TEODORO, Ant\u00f4nio. <strong>A Educa\u00e7\u00e3o em Tempos de Globaliza\u00e7\u00e3o Neoliberal<\/strong>: os novos modos de regula\u00e7\u00e3o das pol\u00edticas educacionais. Bras\u00edlia: L\u00edber Livro, 2011<\/p>\n<p>&nbsp;<\/p>\n<p><strong>Bibliografia Complementar<\/strong><\/p>\n<p>&nbsp;<\/p>\n<p>FERREIRA, Naura Syria Carapeto. (Org.). <strong>A Gest\u00e3o da Educa\u00e7\u00e3o na Sociedade Mundializada<\/strong>: por uma nova cidadania. Rio de Janeiro: DP&amp;A, 2003.<\/p>\n<p>&nbsp;<\/p>\n<p>FRIGOTTO, Gaud\u00eancio; CIAVATTA, Maria (Orgs). <strong>Teoria e Educa\u00e7\u00e3o no Labirinto do Capital.<\/strong> Petr\u00f3polis: RJ: Vozes, 2001.<\/p>\n<p>&nbsp;<\/p>\n<p>GENTILI, Pablo. <strong>Globaliza\u00e7\u00e3o Excludente<\/strong>: desigualdade, exclus\u00e3o e democracia na nova ordem mundial. 4\u00aa ed. Petr\u00f3polis, RJ: Vozes; Buenos Aires: CLACSO, 2000.<\/p>\n<p>&nbsp;<\/p>\n<p>LIB\u00c2NEO, J. C.; OLIVEIRA, J. F. e TOSCHI, M. S. <strong>Educa\u00e7\u00e3o Escolar<\/strong>: pol\u00edticas, estrutura e organiza\u00e7\u00e3o. S\u00e3o Paulo: Cortez Editora, 2005.<\/p>\n<p>&nbsp;<\/p>\n<p>LOMBARDI, J. C.; SAVIANI, D.; SANFELICE, J. L. (Orgs). <strong>Capitalismo, Trabalho e Educa\u00e7\u00e3o<\/strong>.\u00a0 3. ed. Campinas, SP: Autores Associados, HISTEDBR, 2005. (Cole\u00e7\u00e3o educa\u00e7\u00e3o contempor\u00e2nea)<\/p>\n","protected":false},"excerpt":{"rendered":"<p>DEPARTAMENTO: FUE\u00a0 \u00a0\u00a0\u00a0\u00a0\u00a0\u00a0\u00a0\u00a0\u00a0\u00a0\u00a0\u00a0\u00a0\u00a0\u00a0 CARGA HOR\u00c1RIA: 45H CR\u00c9DITOS: 03\u00a0\u00a0\u00a0\u00a0\u00a0\u00a0\u00a0 &nbsp; OBJETIVO: Reconhecer, a partir de uma vis\u00e3o ampla e integrada, os principais pressupostos que fundamentam a gest\u00e3o educacional. &nbsp; EMENTA: Fundamentos da Sociedade e da Educa\u00e7\u00e3o. Estado, Sociedade e Educa\u00e7\u00e3o. Fundamentos da Organiza\u00e7\u00e3o e da Gest\u00e3o da F\u00e1brica e da Escola. Problemas Contempor\u00e2neos para a Fundamenta\u00e7\u00e3o [&hellip;]<\/p>\n","protected":false},"author":1,"featured_media":0,"parent":0,"menu_order":0,"comment_status":"closed","ping_status":"closed","template":"","meta":{"footnotes":""},"categories":[],"tags":[],"class_list":["post-926","page","type-page","status-publish","hentry"],"acf":[],"_links":{"self":[{"href":"https:\/\/www.ufsm.br\/cursos\/pos-graduacao\/santa-maria\/pppg\/wp-json\/wp\/v2\/pages\/926","targetHints":{"allow":["GET"]}}],"collection":[{"href":"https:\/\/www.ufsm.br\/cursos\/pos-graduacao\/santa-maria\/pppg\/wp-json\/wp\/v2\/pages"}],"about":[{"href":"https:\/\/www.ufsm.br\/cursos\/pos-graduacao\/santa-maria\/pppg\/wp-json\/wp\/v2\/types\/page"}],"author":[{"embeddable":true,"href":"https:\/\/www.ufsm.br\/cursos\/pos-graduacao\/santa-maria\/pppg\/wp-json\/wp\/v2\/users\/1"}],"replies":[{"embeddable":true,"href":"https:\/\/www.ufsm.br\/cursos\/pos-graduacao\/santa-maria\/pppg\/wp-json\/wp\/v2\/comments?post=926"}],"version-history":[{"count":0,"href":"https:\/\/www.ufsm.br\/cursos\/pos-graduacao\/santa-maria\/pppg\/wp-json\/wp\/v2\/pages\/926\/revisions"}],"wp:attachment":[{"href":"https:\/\/www.ufsm.br\/cursos\/pos-graduacao\/santa-maria\/pppg\/wp-json\/wp\/v2\/media?parent=926"}],"wp:term":[{"taxonomy":"category","embeddable":true,"href":"https:\/\/www.ufsm.br\/cursos\/pos-graduacao\/santa-maria\/pppg\/wp-json\/wp\/v2\/categories?post=926"},{"taxonomy":"post_tag","embeddable":true,"href":"https:\/\/www.ufsm.br\/cursos\/pos-graduacao\/santa-maria\/pppg\/wp-json\/wp\/v2\/tags?post=926"}],"curies":[{"name":"wp","href":"https:\/\/api.w.org\/{rel}","templated":true}]}}