{"id":928,"date":"2016-03-18T14:42:09","date_gmt":"2016-03-18T14:42:09","guid":{"rendered":"http:\/\/w3.ufsm.br\/pppg\/?page_id=299"},"modified":"2016-03-18T14:42:09","modified_gmt":"2016-03-18T14:42:09","slug":"gestao-planejamento-educacional-e-projeto-politico-pedagogico-2","status":"publish","type":"page","link":"https:\/\/www.ufsm.br\/cursos\/pos-graduacao\/santa-maria\/pppg\/gestao-planejamento-educacional-e-projeto-politico-pedagogico-2","title":{"rendered":"GEST\u00c3O, PLANEJAMENTO EDUCACIONAL E PROJETO POL\u00cdTICO PEDAG\u00d3GICO"},"content":{"rendered":"<p><strong>DEPARTAMENTO:<\/strong> ADE<\/p>\n<p><strong>CARGA HOR\u00c1RIA:<\/strong> 45H<\/p>\n<p><strong>CR\u00c9DITOS: <\/strong>03<\/p>\n<p><strong>\u00a0<\/strong><\/p>\n<p><strong>EMENTA: \u00a0\u00a0\u00a0 <\/strong><\/p>\n<p>Matrizes hist\u00f3ricas e pol\u00edticas da administra\u00e7\u00e3o escolar e da gest\u00e3o educacional. Princ\u00edpios e mecanismos da gest\u00e3o democr\u00e1tica do ensino. Planejamento educacional. Fundamentos te\u00f3rico-metodol\u00f3gicos da constru\u00e7\u00e3o do Projeto Pol\u00edtico Pedag\u00f3gico.<\/p>\n<p><strong>\u00a0<\/strong><\/p>\n<p><strong>OBJETIVO: <\/strong><\/p>\n<p>Oportunizar a compreens\u00e3o sobre administra\u00e7\u00e3o e gest\u00e3o educacional, considerando os preceitos de democratiza\u00e7\u00e3o da educa\u00e7\u00e3o em seus princ\u00edpios, mecanismos e processos de planejamento na organiza\u00e7\u00e3o escolar.<\/p>\n<p><strong>\u00a0<\/strong><\/p>\n<p>UNIDADE 1 \u2013 MATRIZES TE\u00d3RICAS DA ADMINISTRA\u00c7\u00c3O E DA GEST\u00c3O EDUCACIONAL<\/p>\n<ul>\n<li>Concep\u00e7\u00f5es e configura\u00e7\u00f5es da administra\u00e7\u00e3o x gest\u00e3o educacional<\/li>\n<\/ul>\n<p>&nbsp;<\/p>\n<p>UNIDADE 2 \u2013 PRINC\u00cdPIOS E MECANISMOS DA GEST\u00c3O DEMOCR\u00c1TICA DO ENSINO<\/p>\n<p>2.1 \u00a0Princ\u00edpios de gest\u00e3o democr\u00e1tica da educa\u00e7\u00e3o<\/p>\n<p>2.2 Mecanismos de democratiza\u00e7\u00e3o da escola: elei\u00e7\u00e3o de diretores, \u00f3rg\u00e3os colegiados, autonomia financeira, constru\u00e7\u00e3o do Projeto Pol\u00edtico Pedag\u00f3gico<\/p>\n<p>2.4 O conceito de p\u00fablico e privado e suas implica\u00e7\u00f5es na organiza\u00e7\u00e3o escolar<\/p>\n<p>&nbsp;<\/p>\n<p>UNIDADE 3 \u2013 PLANEJAMENTO EDUCACIONAL<\/p>\n<p>3.1 Planejamento Educacional: entre o Estado e a Escola<\/p>\n<p>3.2 N\u00edveis de planejamento educacional e a gest\u00e3o escolar<\/p>\n<p>3.3 A constru\u00e7\u00e3o do coletivo escolar e o planejamento participativo<\/p>\n<p>&nbsp;<\/p>\n<p>UNIDADE 4 \u2013 FUNDAMENTOS TE\u00d3RICO-METODOL\u00d3GICOS DA CONSTRU\u00c7\u00c3O DO PROJETO POL\u00cdTICO PEDAG\u00d3GICO<\/p>\n<p>4.1 Aspectos te\u00f3rico-legais do Projeto Pol\u00edtico Pedag\u00f3gico<\/p>\n<p>4.2 O processo de constru\u00e7\u00e3o do Projeto Pol\u00edtico Pedag\u00f3gico da escola<\/p>\n<p>4.3\u00a0 Inter-rela\u00e7\u00f5es entre Projeto Pol\u00edtico Pedag\u00f3gico e Regimento Escolar<\/p>\n<p><strong>\u00a0<\/strong><\/p>\n<p><strong>Bibliografia B\u00e1sica<\/strong><\/p>\n<p><strong>\u00a0<\/strong><\/p>\n<p><a name=\"_Toc369507992\"><\/a><a name=\"_Toc369507896\"><\/a>ARA\u00daJO, S. O. S. <strong>Gest\u00e3o democr\u00e1tica? <\/strong>Os desafios de uma gest\u00e3o participativa na educa\u00e7\u00e3o p\u00fablica em uma sociedade clientelista e olig\u00e1rquica. Alagoas: Editora UFAL, 2007.<\/p>\n<p>&nbsp;<\/p>\n<p>FERREIRA, Naura S. C. (org.). <strong>Gest\u00e3o democr\u00e1tica da educa\u00e7\u00e3o:<\/strong> atuais tend\u00eancias, novos desafios. S\u00e3o Paulo: Cortez, 2000.<\/p>\n<p>&nbsp;<\/p>\n<p><a name=\"_Toc369507995\"><\/a><a name=\"_Toc369507899\"><\/a>LUCK, H. A Gest\u00e3o Participativa na Escola. 10 ed. S\u00e9rie Cadernos de Gest\u00e3o. Petr\u00f3polis, RJ: Editora Vozes, 2011.<\/p>\n<p>&nbsp;<\/p>\n<p>LIB\u00c2NEO, J. C.; OLIVEIRA, J. F.; TOSCHI, M. S. (Orgs.). <strong>Educa\u00e7\u00e3o Escolar:<\/strong> pol\u00edticas, estrutura e organiza\u00e7\u00e3o. SP: Cortez Editora, 2003.<\/p>\n<p>&nbsp;<\/p>\n<p>SANDER, Benno. <strong>Pol\u00edticas p\u00fablicas e gest\u00e3o democr\u00e1tica da educa\u00e7\u00e3o.<\/strong> Bras\u00edlia: Liber Livro Editora, 2005.<\/p>\n<p>&nbsp;<\/p>\n<p>&nbsp;<\/p>\n<p><strong>Bibliografia Complementar<\/strong><\/p>\n<p>&nbsp;<\/p>\n<p>BRASIL. <strong>Lei n<sup>o<\/sup> 9.394<\/strong>, de 20 de dezembro de 1996. Lei de Diretrizes e Bases da Educa\u00e7\u00e3o Nacional. Bras\u00edlia, 1996. Dispon\u00edvel em:\u00a0 &lt;<u>http:\/\/www.planalto.gov.br\/ccivil_03\/LEIS\/L9394.htm<\/u>&gt;<\/p>\n<p>&nbsp;<\/p>\n<p>_______. Conselho Nacional de Educa\u00e7\u00e3o. <strong>Resolu\u00e7\u00e3o N\u00ba 4, <\/strong>de 13 de julho de 2010. Define Diretrizes Curriculares Nacionais Gerais para a Educa\u00e7\u00e3o B\u00e1sica. Dispon\u00edvel em: &lt;<u>http:\/\/portal.mec.gov.br\/index.php?option=com_content&amp;id=12992:diretrizes-para-a-educacao-basica<\/u>&gt;<\/p>\n<p>&nbsp;<\/p>\n<p>BRASIL. MEC\/INEP. <strong>Plano Nacional de Educa\u00e7\u00e3o. <\/strong>Bras\u00edlia\/DF: Minist\u00e9rio da Educa\u00e7\u00e3o e do Desporto\/Minist\u00e9rio Instituto Nacional de Estudos e Pesquisas Educacionais, 1997.<\/p>\n<p>&nbsp;<\/p>\n<p>_______. Repensando e Ressignificando a Gest\u00e3o Democr\u00e1tica da Educa\u00e7\u00e3o na Cultura Globalizada. In: <strong>Educa\u00e7\u00e3o e Sociedade.<\/strong> Campinas, vol.25, n.89, p.1227-1249, Set\/Dez 2004. Dispon\u00edvel em: &lt;<a href=\"http:\/\/www.scielo.br\/pdf\/es\/v25n89\/22619.pdf\">http:\/\/www.scielo.br\/pdf\/es\/v25n89\/22619.pdf<\/a>&gt;<\/p>\n<p>&nbsp;<\/p>\n<p>FERREIRA, N. S. C.; AGUIAR, M. A. da S. (Orgs.). <strong>Gest\u00e3o da Educa\u00e7\u00e3o. <\/strong>Impasses, perspectivas e compromissos. 2 ed. SP: Cortez, 2001.<\/p>\n<p>&nbsp;<\/p>\n<p>GADOTTI, Moacir. Projeto pol\u00edtico-pedag\u00f3gico da escola: fundamento para a sua realiza\u00e7\u00e3o. In: <strong>Autonomia da Escola: princ\u00edpios e projetos.<\/strong> S\u00e3o Paulo: Cortez, 1997.<\/p>\n<p>&nbsp;<\/p>\n<p><a name=\"_Toc369507994\"><\/a><a name=\"_Toc369507898\"><\/a>GANDIN, D.; GADIN l. A. <strong>Temas para um Projeto Pol\u00edtico Pedag\u00f3gico<\/strong>. Petr\u00f3polis, RJ: Vozes, 2003.<\/p>\n","protected":false},"excerpt":{"rendered":"<p>DEPARTAMENTO: ADE CARGA HOR\u00c1RIA: 45H CR\u00c9DITOS: 03 \u00a0 EMENTA: \u00a0\u00a0\u00a0 Matrizes hist\u00f3ricas e pol\u00edticas da administra\u00e7\u00e3o escolar e da gest\u00e3o educacional. Princ\u00edpios e mecanismos da gest\u00e3o democr\u00e1tica do ensino. Planejamento educacional. Fundamentos te\u00f3rico-metodol\u00f3gicos da constru\u00e7\u00e3o do Projeto Pol\u00edtico Pedag\u00f3gico. \u00a0 OBJETIVO: Oportunizar a compreens\u00e3o sobre administra\u00e7\u00e3o e gest\u00e3o educacional, considerando os preceitos de democratiza\u00e7\u00e3o da [&hellip;]<\/p>\n","protected":false},"author":1,"featured_media":0,"parent":0,"menu_order":0,"comment_status":"closed","ping_status":"closed","template":"","meta":{"footnotes":""},"categories":[],"tags":[],"class_list":["post-928","page","type-page","status-publish","hentry"],"acf":[],"_links":{"self":[{"href":"https:\/\/www.ufsm.br\/cursos\/pos-graduacao\/santa-maria\/pppg\/wp-json\/wp\/v2\/pages\/928","targetHints":{"allow":["GET"]}}],"collection":[{"href":"https:\/\/www.ufsm.br\/cursos\/pos-graduacao\/santa-maria\/pppg\/wp-json\/wp\/v2\/pages"}],"about":[{"href":"https:\/\/www.ufsm.br\/cursos\/pos-graduacao\/santa-maria\/pppg\/wp-json\/wp\/v2\/types\/page"}],"author":[{"embeddable":true,"href":"https:\/\/www.ufsm.br\/cursos\/pos-graduacao\/santa-maria\/pppg\/wp-json\/wp\/v2\/users\/1"}],"replies":[{"embeddable":true,"href":"https:\/\/www.ufsm.br\/cursos\/pos-graduacao\/santa-maria\/pppg\/wp-json\/wp\/v2\/comments?post=928"}],"version-history":[{"count":0,"href":"https:\/\/www.ufsm.br\/cursos\/pos-graduacao\/santa-maria\/pppg\/wp-json\/wp\/v2\/pages\/928\/revisions"}],"wp:attachment":[{"href":"https:\/\/www.ufsm.br\/cursos\/pos-graduacao\/santa-maria\/pppg\/wp-json\/wp\/v2\/media?parent=928"}],"wp:term":[{"taxonomy":"category","embeddable":true,"href":"https:\/\/www.ufsm.br\/cursos\/pos-graduacao\/santa-maria\/pppg\/wp-json\/wp\/v2\/categories?post=928"},{"taxonomy":"post_tag","embeddable":true,"href":"https:\/\/www.ufsm.br\/cursos\/pos-graduacao\/santa-maria\/pppg\/wp-json\/wp\/v2\/tags?post=928"}],"curies":[{"name":"wp","href":"https:\/\/api.w.org\/{rel}","templated":true}]}}