{"id":933,"date":"2016-03-18T15:17:25","date_gmt":"2016-03-18T15:17:25","guid":{"rendered":"http:\/\/w3.ufsm.br\/pppg\/?page_id=314"},"modified":"2016-03-18T15:17:25","modified_gmt":"2016-03-18T15:17:25","slug":"financiamento-da-educacao-2","status":"publish","type":"page","link":"https:\/\/www.ufsm.br\/cursos\/pos-graduacao\/santa-maria\/pppg\/financiamento-da-educacao-2","title":{"rendered":"FINANCIAMENTO DA EDUCA\u00c7\u00c3O"},"content":{"rendered":"<p><strong>DEPARTAMENTO: <\/strong>ADE<strong>\u00a0\u00a0\u00a0\u00a0\u00a0\u00a0\u00a0\u00a0\u00a0\u00a0\u00a0\u00a0\u00a0 <\/strong><\/p>\n<p><strong>CARGA HOR\u00c1RIA: <\/strong>30H<\/p>\n<p><strong>CR\u00c9DITOS: <\/strong>02<\/p>\n<p><strong>\u00a0<\/strong><\/p>\n<p><strong>EMENTA:<\/strong><\/p>\n<p>Fundamentos Legais do Financiamento da Educa\u00e7\u00e3o. Manuten\u00e7\u00e3o e Desenvolvimento do Ensino. O Financiamento da Educa\u00e7\u00e3o B\u00e1sica com Qualidade.<\/p>\n<p><strong>\u00a0<\/strong><\/p>\n<p><strong>OBJETIVO:<\/strong><\/p>\n<p>Identificar os fundamentos legais, as principais fontes e os mecanismos de financiamento da educa\u00e7\u00e3o no pa\u00eds, na Uni\u00e3o, Estados e Munic\u00edpios.<\/p>\n<p><strong>\u00a0<\/strong><\/p>\n<p><strong>PROGRAMA:<\/strong><\/p>\n<p>&nbsp;<\/p>\n<p>UNIDADE 1 \u2013 FUNDAMENTOS LEGAIS DO FINANCIAMENTO DA EDUCA\u00c7\u00c3O<\/p>\n<ul>\n<li>Recursos financeiros vinculados \u00e0 Constitui\u00e7\u00e3o Federal e a Lei de Diretrizes e Bases<\/li>\n<li>Leis do FUNDEF e FUNDEB<\/li>\n<li>Sal\u00e1rio Educa\u00e7\u00e3o<\/li>\n<li>Legisla\u00e7\u00e3o Estadual e Municipal<\/li>\n<\/ul>\n<p>&nbsp;<\/p>\n<p>UNIDADE 2 \u2013 MANUTEN\u00c7\u00c3O E DESENVOLVIMENTO DO ENSINO<\/p>\n<p>2.1 Fontes de recursos: impostos e contribui\u00e7\u00f5es sociais<\/p>\n<p>2.2 Recursos vinculados \u00e0 educa\u00e7\u00e3o<\/p>\n<p>&nbsp;<\/p>\n<p>UNIDADE 3 \u2013 FINANCIAMENTO DA EDUCA\u00c7\u00c3O B\u00c1SICA E QUALIDADE<\/p>\n<p>3.1 Fiscaliza\u00e7\u00e3o das receitas, aplica\u00e7\u00e3o de recursos e gastos em educa\u00e7\u00e3o<\/p>\n<p>3.2 Custo aluno \u2013 qualidade no Brasil (CAQ)<\/p>\n<p>3.3 Metas e estrat\u00e9gias do Plano Nacional de Educa\u00e7\u00e3o e inter-rela\u00e7\u00f5es com o financiamento da educa\u00e7\u00e3o b\u00e1sica<\/p>\n<p>&nbsp;<\/p>\n<p><strong>Bibliografia B\u00e1sica<\/strong><\/p>\n<p>&nbsp;<\/p>\n<p>AMARAL, Nelson. <strong>Para compreender o financiamento da educa\u00e7\u00e3o b\u00e1sica no Brasil. <\/strong>Bras\u00edlia: Liber Livro, 2012.<\/p>\n<p>&nbsp;<\/p>\n<p>DAVIES, Nicholas<em>. <\/em><strong>Financiamento da educa\u00e7\u00e3o<\/strong>: novos ou velhos desafios? S\u00e3o Paulo: Xam\u00e3, 2004.<\/p>\n<p>&nbsp;<\/p>\n<p>DAVIES, Nicholas. <strong>O FUNDEF e as verbas da educa\u00e7\u00e3o.<\/strong> S\u00e3o Paulo: Xam\u00e3, 2001.<\/p>\n<p>&nbsp;<\/p>\n<p>LIB\u00c2NEO, J. C.; OLIVEIRA, J. F. e TOSCHI, M. S. <strong>Educa\u00e7\u00e3o Escolar<\/strong>: pol\u00edticas, estrutura e organiza\u00e7\u00e3o. S\u00e3o Paulo: Cortez Editora, 2005.<\/p>\n<p>&nbsp;<\/p>\n<p>LIMA, Maria Jos\u00e9 Rocha; ALMEIDA, Maria do Ros\u00e1rio; DODONET, Vital (Orgs.). <strong>FUNDEB:<\/strong> Dilemas e Perspectivas. Bras\u00edlia: edi\u00e7\u00e3o independente, 2005.<\/p>\n<p>&nbsp;<\/p>\n<p><strong>Bibliografia Complementar<\/strong><\/p>\n<p>&nbsp;<\/p>\n<p>BRASIL. <strong>Constitui\u00e7\u00e3o Federal do Brasil.<\/strong> Bras\u00edlia\/DF: Senado Federal, 2004. Dispon\u00edvel em: &lt;http:\/\/www.senado.gov.br&gt; Acesso em: fev. 2004.<\/p>\n<p>&nbsp;<\/p>\n<p>BRASIL. MEC. <strong>Legisla\u00e7\u00e3o do Fundef.<\/strong> Bras\u00edlia\/DF: Dispon\u00edvel em: &lt;http:\/\/www.mec.gov.br\/sef\/fundef\/Legisla.shtm&gt; Acesso em: 11 maio 2004.<\/p>\n<p>&nbsp;<\/p>\n<p>BRASIL. <strong>Lei 9.394\/96.<\/strong> Lei de Diretrizes e Bases da Educa\u00e7\u00e3o Nacional. Dispon\u00edvel em &lt;http:\/\/www.planalto.gov.br\/ccivil_03\/leis\/l9394.htm&gt;<\/p>\n<p>BRASIL. MEC. INEP. <strong>Censo Escolar.<\/strong> Dispon\u00edvel em: &lt;http:\/\/www.inep.gov.br&gt;<\/p>\n<p>&nbsp;<\/p>\n<p>BRASIL<em>. <\/em>Plano Nacional de Educa\u00e7\u00e3o. Bras\u00edlia\/DF, 2001.<\/p>\n<p>&nbsp;<\/p>\n<p>FUNDEB. <strong>Fundo de Manuten\u00e7\u00e3o e Desenvolvimento da Educa\u00e7\u00e3o B\u00e1sica e de Valoriza\u00e7\u00e3o dos Profissionais da Educa\u00e7\u00e3o<\/strong>. Dispon\u00edvel em: &lt;http:\/\/www.fnde.gov.br\/financiamento\/fundeb\/fundeb-apresentacao&gt;<\/p>\n","protected":false},"excerpt":{"rendered":"<p>DEPARTAMENTO: ADE\u00a0\u00a0\u00a0\u00a0\u00a0\u00a0\u00a0\u00a0\u00a0\u00a0\u00a0\u00a0\u00a0 CARGA HOR\u00c1RIA: 30H CR\u00c9DITOS: 02 \u00a0 EMENTA: Fundamentos Legais do Financiamento da Educa\u00e7\u00e3o. Manuten\u00e7\u00e3o e Desenvolvimento do Ensino. O Financiamento da Educa\u00e7\u00e3o B\u00e1sica com Qualidade. \u00a0 OBJETIVO: Identificar os fundamentos legais, as principais fontes e os mecanismos de financiamento da educa\u00e7\u00e3o no pa\u00eds, na Uni\u00e3o, Estados e Munic\u00edpios. \u00a0 PROGRAMA: &nbsp; UNIDADE 1 [&hellip;]<\/p>\n","protected":false},"author":1,"featured_media":0,"parent":0,"menu_order":0,"comment_status":"closed","ping_status":"closed","template":"","meta":{"footnotes":""},"categories":[],"tags":[],"class_list":["post-933","page","type-page","status-publish","hentry"],"acf":[],"_links":{"self":[{"href":"https:\/\/www.ufsm.br\/cursos\/pos-graduacao\/santa-maria\/pppg\/wp-json\/wp\/v2\/pages\/933","targetHints":{"allow":["GET"]}}],"collection":[{"href":"https:\/\/www.ufsm.br\/cursos\/pos-graduacao\/santa-maria\/pppg\/wp-json\/wp\/v2\/pages"}],"about":[{"href":"https:\/\/www.ufsm.br\/cursos\/pos-graduacao\/santa-maria\/pppg\/wp-json\/wp\/v2\/types\/page"}],"author":[{"embeddable":true,"href":"https:\/\/www.ufsm.br\/cursos\/pos-graduacao\/santa-maria\/pppg\/wp-json\/wp\/v2\/users\/1"}],"replies":[{"embeddable":true,"href":"https:\/\/www.ufsm.br\/cursos\/pos-graduacao\/santa-maria\/pppg\/wp-json\/wp\/v2\/comments?post=933"}],"version-history":[{"count":0,"href":"https:\/\/www.ufsm.br\/cursos\/pos-graduacao\/santa-maria\/pppg\/wp-json\/wp\/v2\/pages\/933\/revisions"}],"wp:attachment":[{"href":"https:\/\/www.ufsm.br\/cursos\/pos-graduacao\/santa-maria\/pppg\/wp-json\/wp\/v2\/media?parent=933"}],"wp:term":[{"taxonomy":"category","embeddable":true,"href":"https:\/\/www.ufsm.br\/cursos\/pos-graduacao\/santa-maria\/pppg\/wp-json\/wp\/v2\/categories?post=933"},{"taxonomy":"post_tag","embeddable":true,"href":"https:\/\/www.ufsm.br\/cursos\/pos-graduacao\/santa-maria\/pppg\/wp-json\/wp\/v2\/tags?post=933"}],"curies":[{"name":"wp","href":"https:\/\/api.w.org\/{rel}","templated":true}]}}