{"id":940,"date":"2016-03-18T15:36:13","date_gmt":"2016-03-18T15:36:13","guid":{"rendered":"http:\/\/w3.ufsm.br\/pppg\/?page_id=330"},"modified":"2019-12-10T14:01:42","modified_gmt":"2019-12-10T17:01:42","slug":"grupos-de-pesquisa-2","status":"publish","type":"page","link":"https:\/\/www.ufsm.br\/cursos\/pos-graduacao\/santa-maria\/pppg\/grupos-de-pesquisa-2","title":{"rendered":"Grupos de Pesquisa"},"content":{"rendered":"<h3 style=\"text-align: left\"><\/h3>\n<table dir=\"ltr\" style=\"height: 164px\" width=\"999\" cellspacing=\"0\" cellpadding=\"7\">\n<tbody>\n<tr valign=\"top\">\n<td style=\"border: 1px solid #00000a;padding: 0cm 0.19cm\" width=\"188\" height=\"1\">\n<p align=\"center\"><b>Nome:<\/b><\/p>\n<\/td>\n<td style=\"border: 1px solid #00000a;padding: 0cm 0.19cm\" width=\"800\" height=\"1\">\n<p align=\"center\"><b>Grupo(s) de Pesquisa:<\/b><\/p>\n<\/td>\n<td style=\"border: 1px solid #00000a;padding: 0cm 0.19cm\" width=\"300\" height=\"1\">\n<p align=\"center\"><b>Link de acesso:<\/b><\/p>\n<\/td>\n<\/tr>\n<tr>\n<td style=\"border: 1px solid #00000a;padding: 0cm 0.19cm\" width=\"200\" height=\"1\">\n<p align=\"center\">Celso Ilgo Henz<\/p>\n<\/td>\n<td style=\"border: 1px solid #00000a;padding: 0cm 0.19cm\" width=\"200\" height=\"1\"><b>Dialogus<\/b> &#8211; Educa\u00e7\u00e3o, Forma\u00e7\u00e3o e Humaniza\u00e7\u00e3o com Paulo Freire.<br \/>\n<b>Gpkosmos<\/b> &#8211; Grupo de Pesquisa em Educa\u00e7\u00e3o Digital e Redes de Forma\u00e7\u00e3o.<\/td>\n<td style=\"border: 1px solid #00000a;padding: 0cm 0.19cm\" width=\"200\" height=\"1\">\n<p align=\"center\"><a href=\"http:\/\/dgp.cnpq.br\/dgp\/espelhorh\/8841113239645760\" target=\"_blank\" rel=\"noopener noreferrer\">Link<\/a><\/p>\n<\/td>\n<\/tr>\n<tr>\n<td style=\"border: 1px solid #00000a;padding: 0cm 0.19cm\" width=\"200\" height=\"1\">\n<p align=\"center\">D\u00e9bora Teixeira De Mello<\/p>\n<\/td>\n<td style=\"border: 1px solid #00000a;padding: 0cm 0.19cm\" width=\"200\" height=\"1\"><b>Estudos sobre Inf\u00e2ncia<\/b> &#8211; Pol\u00edticas P\u00fablicas, Curr\u00edculo, Pr\u00e1ticas Pedag\u00f3gicas e Forma\u00e7\u00e3o Docente.<\/td>\n<td style=\"border: 1px solid #00000a;padding: 0cm 0.19cm\" width=\"200\" height=\"1\">\n<p align=\"center\"><a href=\"http:\/\/dgp.cnpq.br\/dgp\/espelhorh\/4715070196182654\" target=\"_blank\" rel=\"noopener noreferrer\">Link<\/a><\/p>\n<\/td>\n<\/tr>\n<tr>\n<td style=\"border: 1px solid #00000a;padding: 0cm 0.19cm\" width=\"200\" height=\"1\">\n<p align=\"center\">Doris Pires Vargas Bolzan<\/p>\n<\/td>\n<td style=\"border: 1px solid #00000a;padding: 0cm 0.19cm\" width=\"200\" height=\"1\"><b>GPFOPE<\/b> &#8211; Forma\u00e7\u00e3o de professores e pr\u00e1ticas educativas: educa\u00e7\u00e3o b\u00e1sica e superior.<br \/>\n<b>GTFORMA<\/b> &#8211; Trajet\u00f3rias de Forma\u00e7\u00e3o.<\/td>\n<td style=\"border: 1px solid #00000a;padding: 0cm 0.19cm\" width=\"200\" height=\"1\">\n<p align=\"center\"><a href=\"http:\/\/w3.ufsm.br\/gpfope\/\" target=\"_blank\" rel=\"noopener noreferrer\">Link<\/a><\/p>\n<\/td>\n<\/tr>\n<tr>\n<td style=\"border: 1px solid #00000a;padding: 0cm 0.19cm\" width=\"200\" height=\"1\">\n<p align=\"center\">Leandra B\u00f4er Possa<\/p>\n<\/td>\n<td style=\"border: 1px solid #00000a;padding: 0cm 0.19cm\" width=\"200\" height=\"1\"><b>GEPE<\/b> &#8211; Grupo de Estudos e Pesquisa em Educa\u00e7\u00e3o Especial e Inclus\u00e3o.<\/td>\n<td style=\"border: 1px solid #00000a;padding: 0cm 0.19cm\" width=\"200\" height=\"1\">\n<p align=\"center\"><a href=\"http:\/\/coral.ufsm.br\/grupogepe\/\" target=\"_blank\" rel=\"noopener noreferrer\">Link<\/a><\/p>\n<\/td>\n<\/tr>\n<tr>\n<td style=\"border: 1px solid #00000a;padding: 0cm 0.19cm\" width=\"200\" height=\"1\">\n<p align=\"center\">Maria Eliza Rosa Gama<\/p>\n<\/td>\n<td style=\"border: 1px solid #00000a;padding: 0cm 0.19cm\" width=\"200\" height=\"1\"><b>DOCEFORM<\/b> &#8211; Grupo de Pesquisa Doc\u00eancia, Escola e Forma\u00e7\u00e3o de Professores.<\/td>\n<td style=\"border: 1px solid #00000a;padding: 0cm 0.19cm\" width=\"200\" height=\"1\">\n<p align=\"center\"><a href=\"http:\/\/dgp.cnpq.br\/dgp\/espelhorh\/3265100694974444\" target=\"_blank\" rel=\"noopener noreferrer\">Link<\/a><\/p>\n<\/td>\n<\/tr>\n<tr>\n<td style=\"border: 1px solid #00000a;padding: 0cm 0.19cm\" width=\"200\" height=\"1\">\n<p align=\"center\">Marilene Gabriel Dalla Corte<\/p>\n<\/td>\n<td style=\"border: 1px solid #00000a;padding: 0cm 0.19cm\" width=\"200\" height=\"1\"><b>GESTAR<\/b> &#8211; Grupo de Estudos e Pesquisas em Pol\u00edticas P\u00fablicas e Gest\u00e3o Educacional \u2013 UFSM.<\/td>\n<td style=\"border: 1px solid #00000a;padding: 0cm 0.19cm\" width=\"200\" height=\"1\">\n<p align=\"center\"><a href=\"http:\/\/dgp.cnpq.br\/dgp\/espelhorh\/1554366181630485\" target=\"_blank\" rel=\"noopener noreferrer\">Link<\/a><\/p>\n<\/td>\n<\/tr>\n<tr>\n<td style=\"border: 1px solid #00000a;padding: 0cm 0.19cm\" width=\"200\" height=\"1\">\n<p align=\"center\">Rosane Carneiro Sarturi<\/p>\n<\/td>\n<td style=\"border: 1px solid #00000a;padding: 0cm 0.19cm\" width=\"200\" height=\"1\"><b>ELOS<\/b> &#8211; Grupo de Estudos e Pesquisas Sobre o Campo Curricular.<\/td>\n<td style=\"border: 1px solid #00000a;padding: 0cm 0.19cm\" width=\"200\" height=\"1\">\n<p align=\"center\"><a href=\"http:\/\/w3.ufsm.br\/elos\/\" target=\"_blank\" rel=\"noopener noreferrer\">Link<\/a><\/p>\n<\/td>\n<\/tr>\n<tr>\n<td style=\"border: 1px solid #00000a;padding: 0cm 0.19cm\" width=\"200\" height=\"1\">\n<p align=\"center\">Silvia Maria De Oliveira Pav\u00e3o<\/p>\n<\/td>\n<td style=\"border: 1px solid #00000a;padding: 0cm 0.19cm\" width=\"200\" height=\"1\"><b>GEPEDUSI<\/b> &#8211; Grupo de pesquisa em educa\u00e7\u00e3o, sa\u00fade e inclus\u00e3o.<br \/>\nGrupo de Pesquisa Interdisciplinar em Educa\u00e7\u00e3o.<\/td>\n<td style=\"border: 1px solid #00000a;padding: 0cm 0.19cm\" width=\"200\" height=\"1\">\n<p align=\"center\"><a href=\"http:\/\/dgp.cnpq.br\/dgp\/espelhorh\/6934897603622261\" target=\"_blank\" rel=\"noopener noreferrer\">Link<\/a><\/p>\n<\/td>\n<\/tr>\n<tr>\n<td style=\"border: 1px solid #00000a;padding: 0cm 0.19cm\" width=\"200\" height=\"1\">\n<p align=\"center\">Adriana Moreira Da Rocha Veiga<\/p>\n<\/td>\n<td style=\"border: 1px solid #00000a;padding: 0cm 0.19cm\" width=\"200\" height=\"1\"><b>KOSMOS<\/b> &#8211; Grupo de Pesquisa Sobre Educa\u00e7\u00e3o Digital e Redes de Forma\u00e7\u00e3o Docente.<\/td>\n<td style=\"border: 1px solid #00000a;padding: 0cm 0.19cm\" width=\"200\" height=\"1\">\n<p align=\"center\"><a href=\"http:\/\/coral.ufsm.br\/gpkosmos\/\" target=\"_blank\" rel=\"noopener noreferrer\">Link<\/a><\/p>\n<\/td>\n<\/tr>\n<tr>\n<td style=\"border: 1px solid #00000a;padding: 0cm 0.19cm\" width=\"200\" height=\"1\">\n<p align=\"center\">Nara Vieira Ramos<\/p>\n<\/td>\n<td style=\"border: 1px solid #00000a;padding: 0cm 0.19cm\" width=\"200\" height=\"1\"><b>GEPIJUF<\/b> &#8211; Grupo de Estudos e Pesquisas sobre Inf\u00e2ncias, Juventudes e suas Fam\u00edlias.<\/td>\n<td style=\"border: 1px solid #00000a;padding: 0cm 0.19cm\" width=\"200\" height=\"1\">\n<p align=\"center\"><a href=\"http:\/\/dgp.cnpq.br\/dgp\/espelhorh\/3258515109652211\" target=\"_blank\" rel=\"noopener noreferrer\">Link<\/a><\/p>\n<\/td>\n<\/tr>\n<tr>\n<td style=\"border: 1px solid #00000a;padding: 0cm 0.19cm\" width=\"200\" height=\"1\">\n<p align=\"center\">Roseane Martins Coelho<\/p>\n<\/td>\n<td style=\"border: 1px solid #00000a;padding: 0cm 0.19cm\" width=\"200\" height=\"1\">Grupo de Estudos e Pesquisas em Arte, Educa\u00e7\u00e3o e Cultura.<\/td>\n<td style=\"border: 1px solid #00000a;padding: 0cm 0.19cm\" width=\"200\" height=\"1\">\n<p align=\"center\"><a href=\"http:\/\/dgp.cnpq.br\/dgp\/espelhorh\/9825202046650599\" target=\"_blank\" rel=\"noopener noreferrer\">Link<\/a><\/p>\n<\/td>\n<\/tr>\n<tr>\n<td style=\"border: 1px solid #00000a;padding: 0cm 0.19cm\" width=\"200\" height=\"1\">\n<p align=\"center\">Sueli Salva<\/p>\n<\/td>\n<td style=\"border: 1px solid #00000a;padding: 0cm 0.19cm\" width=\"200\" height=\"1\">Filosofia, Cultura e Ensino M\u00e9dio.<\/td>\n<td style=\"border: 1px solid #00000a;padding: 0cm 0.19cm\" width=\"200\" height=\"1\">\n<p align=\"center\"><a href=\"http:\/\/dgp.cnpq.br\/dgp\/espelhorh\/8144640957398714\" target=\"_blank\" rel=\"noopener noreferrer\">Link<\/a><\/p>\n<\/td>\n<\/tr>\n<tr>\n<td style=\"border: 1px solid #00000a;padding: 0cm 0.19cm\" width=\"200\" height=\"1\">\n<p align=\"center\">Sueli Menezes Pereira<\/p>\n<\/td>\n<td style=\"border: 1px solid #00000a;padding: 0cm 0.19cm\" width=\"200\" height=\"1\">Pol\u00edticas P\u00fablicas e Gest\u00e3o Educacional &#8211; Public Policies and Educational Manangement.<\/td>\n<td style=\"border: 1px solid #00000a;padding: 0cm 0.19cm\" width=\"200\" height=\"1\">\n<p align=\"center\"><a href=\"http:\/\/dgp.cnpq.br\/dgp\/espelhorh\/3883536502592508\" target=\"_blank\" rel=\"noopener noreferrer\">Link<\/a><\/p>\n<\/td>\n<\/tr>\n<\/tbody>\n<\/table>\n","protected":false},"excerpt":{"rendered":"<p>Nome: Grupo(s) de Pesquisa: Link de acesso: Celso Ilgo Henz Dialogus &#8211; Educa\u00e7\u00e3o, Forma\u00e7\u00e3o e Humaniza\u00e7\u00e3o com Paulo Freire. Gpkosmos &#8211; Grupo de Pesquisa em Educa\u00e7\u00e3o Digital e Redes de Forma\u00e7\u00e3o. Link D\u00e9bora Teixeira De Mello Estudos sobre Inf\u00e2ncia &#8211; Pol\u00edticas P\u00fablicas, Curr\u00edculo, Pr\u00e1ticas Pedag\u00f3gicas e Forma\u00e7\u00e3o Docente. Link Doris Pires Vargas Bolzan GPFOPE &#8211; [&hellip;]<\/p>\n","protected":false},"author":1,"featured_media":0,"parent":0,"menu_order":0,"comment_status":"closed","ping_status":"closed","template":"","meta":{"footnotes":""},"categories":[],"tags":[],"class_list":["post-940","page","type-page","status-publish","hentry"],"acf":[],"_links":{"self":[{"href":"https:\/\/www.ufsm.br\/cursos\/pos-graduacao\/santa-maria\/pppg\/wp-json\/wp\/v2\/pages\/940","targetHints":{"allow":["GET"]}}],"collection":[{"href":"https:\/\/www.ufsm.br\/cursos\/pos-graduacao\/santa-maria\/pppg\/wp-json\/wp\/v2\/pages"}],"about":[{"href":"https:\/\/www.ufsm.br\/cursos\/pos-graduacao\/santa-maria\/pppg\/wp-json\/wp\/v2\/types\/page"}],"author":[{"embeddable":true,"href":"https:\/\/www.ufsm.br\/cursos\/pos-graduacao\/santa-maria\/pppg\/wp-json\/wp\/v2\/users\/1"}],"replies":[{"embeddable":true,"href":"https:\/\/www.ufsm.br\/cursos\/pos-graduacao\/santa-maria\/pppg\/wp-json\/wp\/v2\/comments?post=940"}],"version-history":[{"count":0,"href":"https:\/\/www.ufsm.br\/cursos\/pos-graduacao\/santa-maria\/pppg\/wp-json\/wp\/v2\/pages\/940\/revisions"}],"wp:attachment":[{"href":"https:\/\/www.ufsm.br\/cursos\/pos-graduacao\/santa-maria\/pppg\/wp-json\/wp\/v2\/media?parent=940"}],"wp:term":[{"taxonomy":"category","embeddable":true,"href":"https:\/\/www.ufsm.br\/cursos\/pos-graduacao\/santa-maria\/pppg\/wp-json\/wp\/v2\/categories?post=940"},{"taxonomy":"post_tag","embeddable":true,"href":"https:\/\/www.ufsm.br\/cursos\/pos-graduacao\/santa-maria\/pppg\/wp-json\/wp\/v2\/tags?post=940"}],"curies":[{"name":"wp","href":"https:\/\/api.w.org\/{rel}","templated":true}]}}