{"id":295,"date":"2023-08-28T13:49:07","date_gmt":"2023-08-28T16:49:07","guid":{"rendered":"https:\/\/www.ufsm.br\/cursos\/pos-graduacao\/santa-maria\/profgeo\/?page_id=295"},"modified":"2024-02-26T18:57:43","modified_gmt":"2024-02-26T21:57:43","slug":"formularios","status":"publish","type":"page","link":"https:\/\/www.ufsm.br\/cursos\/pos-graduacao\/santa-maria\/profgeo\/formularios","title":{"rendered":"Instru\u00e7\u00f5es para abertura da Qualifica\u00e7\u00e3o de Mestrado\u00a0"},"content":{"rendered":"\n<p><strong>Instru\u00e7\u00f5es para abertura da Qualifica\u00e7\u00e3o de Mestrado&nbsp;<\/strong><\/p>\n\n\n\n<p>1. O(A) discente deve acessar o PEN e criar um novo processo. No campo Tipo Documental, ir\u00e1 preencher&nbsp;Processo de qualifica\u00e7\u00e3o de disserta\u00e7\u00e3o de mestrado.<\/p>\n\n\n\n<ul class=\"wp-block-list\">\n<li>Incluir os seguintes documentos:\u00a0<a href=\"https:\/\/docs.google.com\/document\/d\/1gK7UatlZIMcmfsKuWeQdTZ6QleF8Dr8a\/edit?usp=sharing&amp;ouid=113157175274255773224&amp;rtpof=true&amp;sd=true\">Formul\u00e1rio de <\/a><a href=\"https:\/\/www.ufsm.br\/app\/uploads\/sites\/855\/2023\/08\/Formulario-Qualificacao-NOME-ALUNO.doc\">Solicita\u00e7\u00e3o <\/a><a href=\"https:\/\/docs.google.com\/document\/d\/1gK7UatlZIMcmfsKuWeQdTZ6QleF8Dr8a\/edit?usp=sharing&amp;ouid=113157175274255773224&amp;rtpof=true&amp;sd=true\">de Qualifica\u00e7\u00e3o<\/a>\u00a0(previamente assinado pelo(a) orientador(a));\u00a0<a href=\"https:\/\/portal.ufsm.br\/estudantil\/relatorio\/historicoEscolarSimplificado\/index.html\">Hist\u00f3rico Escolar<\/a>\u00a0(retirado do Portal Estudantil)<\/li>\n\n\n\n<li>Assinar digitalmente o formul\u00e1rio, no pr\u00f3prio processo. Tramitar para o destino inicial.<\/li>\n<\/ul>\n\n\n\n<p><br><a href=\"https:\/\/drive.google.com\/file\/d\/1s2zE0VUsG9AvTe0smka9u7d9RpjClltG\/view?usp=drive_link\">\u00ba Tutorial \u2013 Passo a passo Processo de Qualifica\u00e7\u00e3o de Mestrado<\/a><\/p>\n","protected":false},"excerpt":{"rendered":"<p>Instru\u00e7\u00f5es para abertura da Qualifica\u00e7\u00e3o de Mestrado&nbsp; 1. O(A) discente deve acessar o PEN e criar um novo processo. No campo Tipo Documental, ir\u00e1 preencher&nbsp;Processo de qualifica\u00e7\u00e3o de disserta\u00e7\u00e3o de mestrado. \u00ba Tutorial \u2013 Passo a passo Processo de Qualifica\u00e7\u00e3o de Mestrado<\/p>\n","protected":false},"author":3833,"featured_media":0,"parent":0,"menu_order":0,"comment_status":"closed","ping_status":"closed","template":"","meta":{"footnotes":""},"categories":[],"tags":[],"class_list":["post-295","page","type-page","status-publish","hentry"],"acf":[],"_links":{"self":[{"href":"https:\/\/www.ufsm.br\/cursos\/pos-graduacao\/santa-maria\/profgeo\/wp-json\/wp\/v2\/pages\/295","targetHints":{"allow":["GET"]}}],"collection":[{"href":"https:\/\/www.ufsm.br\/cursos\/pos-graduacao\/santa-maria\/profgeo\/wp-json\/wp\/v2\/pages"}],"about":[{"href":"https:\/\/www.ufsm.br\/cursos\/pos-graduacao\/santa-maria\/profgeo\/wp-json\/wp\/v2\/types\/page"}],"author":[{"embeddable":true,"href":"https:\/\/www.ufsm.br\/cursos\/pos-graduacao\/santa-maria\/profgeo\/wp-json\/wp\/v2\/users\/3833"}],"replies":[{"embeddable":true,"href":"https:\/\/www.ufsm.br\/cursos\/pos-graduacao\/santa-maria\/profgeo\/wp-json\/wp\/v2\/comments?post=295"}],"version-history":[{"count":0,"href":"https:\/\/www.ufsm.br\/cursos\/pos-graduacao\/santa-maria\/profgeo\/wp-json\/wp\/v2\/pages\/295\/revisions"}],"wp:attachment":[{"href":"https:\/\/www.ufsm.br\/cursos\/pos-graduacao\/santa-maria\/profgeo\/wp-json\/wp\/v2\/media?parent=295"}],"wp:term":[{"taxonomy":"category","embeddable":true,"href":"https:\/\/www.ufsm.br\/cursos\/pos-graduacao\/santa-maria\/profgeo\/wp-json\/wp\/v2\/categories?post=295"},{"taxonomy":"post_tag","embeddable":true,"href":"https:\/\/www.ufsm.br\/cursos\/pos-graduacao\/santa-maria\/profgeo\/wp-json\/wp\/v2\/tags?post=295"}],"curies":[{"name":"wp","href":"https:\/\/api.w.org\/{rel}","templated":true}]}}