{"id":377,"date":"2024-04-23T09:53:42","date_gmt":"2024-04-23T12:53:42","guid":{"rendered":"https:\/\/www.ufsm.br\/cursos\/pos-graduacao\/santa-maria\/profgeo\/?page_id=377"},"modified":"2025-05-29T15:53:15","modified_gmt":"2025-05-29T18:53:15","slug":"instituicoes-associadas-do-profgeo","status":"publish","type":"page","link":"https:\/\/www.ufsm.br\/cursos\/pos-graduacao\/santa-maria\/profgeo\/instituicoes-associadas-do-profgeo","title":{"rendered":"Institui\u00e7\u00f5es associadas ao PROFGEO"},"content":{"rendered":"\t\t<div data-elementor-type=\"wp-page\" data-elementor-id=\"377\" class=\"elementor elementor-377\">\n\t\t\t\t\t\t<section class=\"elementor-section elementor-top-section elementor-element elementor-element-1fdf9d3 elementor-section-boxed elementor-section-height-default elementor-section-height-default\" data-id=\"1fdf9d3\" data-element_type=\"section\">\n\t\t\t\t\t\t<div class=\"elementor-container elementor-column-gap-default\">\n\t\t\t\t\t<div class=\"elementor-column elementor-col-33 elementor-top-column elementor-element elementor-element-3c13853\" data-id=\"3c13853\" data-element_type=\"column\">\n\t\t\t<div class=\"elementor-widget-wrap elementor-element-populated\">\n\t\t\t\t\t\t<div class=\"elementor-element elementor-element-d2a454c elementor-widget elementor-widget-text-editor\" data-id=\"d2a454c\" data-element_type=\"widget\" data-widget_type=\"text-editor.default\">\n\t\t\t\t<div class=\"elementor-widget-container\">\n\t\t\t\t\t\t\t<p style=\"text-align: center\"><span style=\"color: #ff6600\"><strong>IES<\/strong><\/span><\/p><p style=\"text-align: center\"><a href=\"https:\/\/profgeo.ifc.edu.br\/\" target=\"_blank\" rel=\"noopener\"><span style=\"font-size: 10pt\"><strong><span style=\"color: #333399\">IFB<\/span><\/strong><\/span><\/a><\/p><p style=\"text-align: center\"><a href=\"https:\/\/profgeo.ifc.edu.br\/\" target=\"_blank\" rel=\"noopener\"><span style=\"font-size: 10pt\"><strong><span style=\"color: #333399\">IFC<\/span><\/strong><\/span><\/a><\/p><p style=\"text-align: center\"><a href=\"https:\/\/profgeo.ouropreto.ifmg.edu.br\/\" target=\"_blank\" rel=\"noopener\"><strong><span style=\"color: #333399\">IFMG<\/span><\/strong><\/a><\/p><p style=\"text-align: center\"><a href=\"https:\/\/ifpr.edu.br\/jaguariaiva\/pos-graduacao\/mestrado-profissional-em-ensino-de-geografia\/\" target=\"_blank\" rel=\"noopener\"><strong><span style=\"color: #333399\">IFPR<\/span><\/strong><\/a><\/p><p style=\"text-align: center\"><a href=\"https:\/\/portal.ifro.edu.br\/cacoal\/cursos\/14294-mestrado-geografia-rede-nacional\" target=\"_blank\" rel=\"noopener\"><strong><span style=\"color: #333399\">IFRO<\/span><\/strong><\/a><\/p><p style=\"text-align: center\"><a href=\"http:\/\/profgeo.unb.br\/\" target=\"_blank\" rel=\"noopener\"><span style=\"color: #333399\"><strong>UNB<\/strong><\/span><\/a><\/p><p style=\"text-align: center\"><a href=\"https:\/\/www.ch.ufcg.edu.br\/profgeo\" target=\"_blank\" rel=\"noopener\"><strong><span style=\"color: #333399\">UFCG<\/span><\/strong><\/a><\/p><p style=\"text-align: center\"><a href=\"https:\/\/portal.ufgd.edu.br\/pos-grafuacao\/profgeo\/index\" target=\"_blank\" rel=\"noopener\"><strong><span style=\"color: #333399\">UFGD<\/span><\/strong><\/a><\/p><p style=\"text-align: center\"><a href=\"https:\/\/profgeo.propesp.ufpa.br\/index.php\/br\/\" target=\"_blank\" rel=\"noopener\"><strong><span style=\"color: #333399\">UFPA<\/span><\/strong><\/a><\/p><p style=\"text-align: center\"><a href=\"https:\/\/www.ufpe.br\/profgeo\" target=\"_blank\" rel=\"noopener\"><strong><span style=\"color: #333399\">UFPE<\/span><\/strong><\/a><\/p><p style=\"text-align: center\"><a href=\"https:\/\/www.profgeo.uerj.br\" target=\"_blank\" rel=\"noopener\"><strong><span style=\"color: #333399\">UERJ<\/span><\/strong><\/a><\/p><p style=\"text-align: center\"><a href=\"https:\/\/uerr.edu.br\/profgeo\/\" target=\"_blank\" rel=\"noopener\"><strong><span style=\"color: #333399\">UERR<\/span><\/strong><\/a><\/p><p style=\"text-align: center\"><a href=\"https:\/\/www.urca.br\/profgeo\/\" target=\"_blank\" rel=\"noopener\"><strong><span style=\"color: #333399\">URCA<\/span><\/strong><\/a><\/p><p style=\"text-align: center\"><a href=\"https:\/\/www.ufsm.br\/profgeo\" target=\"_blank\" rel=\"noopener\"><strong><span style=\"color: #333399\">UFSM<\/span><\/strong><\/a><\/p>\t\t\t\t\t\t<\/div>\n\t\t\t\t<\/div>\n\t\t\t\t\t<\/div>\n\t\t<\/div>\n\t\t\t\t<div class=\"elementor-column elementor-col-33 elementor-top-column elementor-element elementor-element-a7057c2\" data-id=\"a7057c2\" data-element_type=\"column\">\n\t\t\t<div class=\"elementor-widget-wrap elementor-element-populated\">\n\t\t\t\t\t\t<div class=\"elementor-element elementor-element-534fccb elementor-widget elementor-widget-text-editor\" data-id=\"534fccb\" data-element_type=\"widget\" data-widget_type=\"text-editor.default\">\n\t\t\t\t<div class=\"elementor-widget-container\">\n\t\t\t\t\t\t\t<p style=\"text-align: center\"><strong><span style=\"font-size: 10pt;color: #ff6600\">COORDENA\u00c7\u00c3O<\/span><\/strong><\/p><p style=\"text-align: center\"><span style=\"color: #333399\">Sergio Magno Carvalho de Souza<\/span><\/p><p style=\"text-align: center\"><span style=\"color: #333399\">Carlos Alberto Rizzi<\/span><\/p><p style=\"text-align: center\"><span style=\"color: #333399\">Cec\u00edlia F\u00e9lix Andrade Silva<\/span><\/p><p style=\"text-align: center\"><span style=\"color: #333399\">Thiago Luiz Calandro<\/span><\/p><p style=\"text-align: center\"><span style=\"color: #333399\">Rafael Carlos Bispo<\/span><\/p><p style=\"text-align: center\"><span style=\"color: #333399\">Erc\u00edlia Torres Steinke<\/span><\/p><p style=\"text-align: center\"><span style=\"color: #333399\">S\u00e9rgio Murilo dos Santos de Ara\u00fajo<\/span><\/p><p style=\"text-align: center\"><span style=\"color: #333399\">Flaviana Gasparotti Nunes<\/span><\/p><p style=\"text-align: center\"><span style=\"color: #333399\">Daniel Ara\u00fajo Sombra Soares<\/span><\/p><p style=\"text-align: center\"><span style=\"color: #333399\">Alcindo Jos\u00e9 de S\u00e1<\/span><\/p><p style=\"text-align: center\"><span style=\"color: #333399\">Marcela do Nascimento Padilha<\/span><\/p><p style=\"text-align: center\"><span style=\"color: #333399\">Haroldo Scacabarossi<\/span><\/p><p style=\"text-align: center\"><span style=\"color: #333399\">Paulo Wendell Alves de Oliveira<\/span><\/p><p style=\"text-align: center\"><span style=\"color: #333399\">Marcelo Cervo Chelotti<\/span><\/p>\t\t\t\t\t\t<\/div>\n\t\t\t\t<\/div>\n\t\t\t\t\t<\/div>\n\t\t<\/div>\n\t\t\t\t<div class=\"elementor-column elementor-col-33 elementor-top-column elementor-element elementor-element-520be69\" data-id=\"520be69\" data-element_type=\"column\">\n\t\t\t<div class=\"elementor-widget-wrap elementor-element-populated\">\n\t\t\t\t\t\t<div class=\"elementor-element elementor-element-d339de2 elementor-widget elementor-widget-text-editor\" data-id=\"d339de2\" data-element_type=\"widget\" data-widget_type=\"text-editor.default\">\n\t\t\t\t<div class=\"elementor-widget-container\">\n\t\t\t\t\t\t\t<p style=\"text-align: center\"><span style=\"color: #ff6600\"><strong><span style=\"font-size: 10pt\">E-MAIL<\/span><\/strong><\/span><\/p><p style=\"text-align: center\"><span style=\"color: #333399\">profgeo@ifb.edu.br<\/span><\/p><p style=\"text-align: center\"><span style=\"color: #333399\">profgeo@ifc.edu.br<\/span><\/p><p style=\"text-align: center\"><span style=\"color: #333399\">profgeo@ifmg.edu.br<\/span><\/p><p style=\"text-align: center\"><span style=\"color: #333399\">profgeo.jaguariaiva@ifpr.edu.br<\/span><\/p><p style=\"text-align: center\"><span style=\"color: #333399\">profgeo@ifro.edu.br<\/span><\/p><p style=\"text-align: center\"><span style=\"color: #333399\">profgeo@unb.br<\/span><\/p><p style=\"text-align: center\"><span style=\"color: #333399\">sergio.murilosa@professor.ufcg.edu.br<\/span><\/p><p style=\"text-align: center\"><span style=\"color: #333399\">profgeo.fch@ufgd.edu.br<\/span><\/p><p style=\"text-align: center\"><span style=\"color: #333399\">profgeo@ufpa.br<\/span><\/p><p style=\"text-align: center\"><span style=\"color: #333399\">profgeo.ufpe@ufpe.br<\/span><\/p><p style=\"text-align: center\"><span style=\"color: #333399\">marcela.padilha@uerj.br<\/span><\/p><p style=\"text-align: center\"><span style=\"color: #333399\">profgeo@uerr.edu.br<\/span><\/p><p style=\"text-align: center\"><span style=\"color: #333399\">profgeo@urca.br<\/span><\/p><p style=\"text-align: center\"><span style=\"color: #333399\">profgeo@ufsm.br<\/span><\/p>\t\t\t\t\t\t<\/div>\n\t\t\t\t<\/div>\n\t\t\t\t\t<\/div>\n\t\t<\/div>\n\t\t\t\t\t<\/div>\n\t\t<\/section>\n\t\t\t\t<\/div>\n\t\t","protected":false},"excerpt":{"rendered":"<p>IES IFB IFC IFMG IFPR IFRO UNB UFCG UFGD UFPA UFPE UERJ UERR URCA UFSM COORDENA\u00c7\u00c3O Sergio Magno Carvalho de Souza Carlos Alberto Rizzi Cec\u00edlia F\u00e9lix Andrade Silva Thiago Luiz Calandro Rafael Carlos Bispo Erc\u00edlia Torres Steinke S\u00e9rgio Murilo dos Santos de Ara\u00fajo Flaviana Gasparotti Nunes Daniel Ara\u00fajo Sombra Soares Alcindo Jos\u00e9 de S\u00e1 Marcela [&hellip;]<\/p>\n","protected":false},"author":4809,"featured_media":0,"parent":0,"menu_order":0,"comment_status":"closed","ping_status":"closed","template":"","meta":{"footnotes":""},"categories":[],"tags":[],"class_list":["post-377","page","type-page","status-publish","hentry"],"acf":[],"_links":{"self":[{"href":"https:\/\/www.ufsm.br\/cursos\/pos-graduacao\/santa-maria\/profgeo\/wp-json\/wp\/v2\/pages\/377","targetHints":{"allow":["GET"]}}],"collection":[{"href":"https:\/\/www.ufsm.br\/cursos\/pos-graduacao\/santa-maria\/profgeo\/wp-json\/wp\/v2\/pages"}],"about":[{"href":"https:\/\/www.ufsm.br\/cursos\/pos-graduacao\/santa-maria\/profgeo\/wp-json\/wp\/v2\/types\/page"}],"author":[{"embeddable":true,"href":"https:\/\/www.ufsm.br\/cursos\/pos-graduacao\/santa-maria\/profgeo\/wp-json\/wp\/v2\/users\/4809"}],"replies":[{"embeddable":true,"href":"https:\/\/www.ufsm.br\/cursos\/pos-graduacao\/santa-maria\/profgeo\/wp-json\/wp\/v2\/comments?post=377"}],"version-history":[{"count":0,"href":"https:\/\/www.ufsm.br\/cursos\/pos-graduacao\/santa-maria\/profgeo\/wp-json\/wp\/v2\/pages\/377\/revisions"}],"wp:attachment":[{"href":"https:\/\/www.ufsm.br\/cursos\/pos-graduacao\/santa-maria\/profgeo\/wp-json\/wp\/v2\/media?parent=377"}],"wp:term":[{"taxonomy":"category","embeddable":true,"href":"https:\/\/www.ufsm.br\/cursos\/pos-graduacao\/santa-maria\/profgeo\/wp-json\/wp\/v2\/categories?post=377"},{"taxonomy":"post_tag","embeddable":true,"href":"https:\/\/www.ufsm.br\/cursos\/pos-graduacao\/santa-maria\/profgeo\/wp-json\/wp\/v2\/tags?post=377"}],"curies":[{"name":"wp","href":"https:\/\/api.w.org\/{rel}","templated":true}]}}