{"id":382,"date":"2024-04-23T15:15:16","date_gmt":"2024-04-23T18:15:16","guid":{"rendered":"https:\/\/www.ufsm.br\/cursos\/pos-graduacao\/santa-maria\/profgeo\/?page_id=382"},"modified":"2026-03-02T08:39:23","modified_gmt":"2026-03-02T11:39:23","slug":"editais-2024","status":"publish","type":"page","link":"https:\/\/www.ufsm.br\/cursos\/pos-graduacao\/santa-maria\/profgeo\/editais-2024","title":{"rendered":"Editais"},"content":{"rendered":"\n<p><a href=\"https:\/\/www.ufsm.br\/app\/uploads\/sites\/855\/2024\/02\/EDITAL-012024-PROFGEO-UFSM-BOLSAS-PROEB-2024.pdf\" target=\"_blank\" rel=\"noreferrer noopener\">EDITAL 001\/2024 &#8211; PROFGEO &#8211; UFSM BOLSAS PROEB 2024<\/a><\/p>\n\n\n\n<p><a href=\"https:\/\/www.ufsm.br\/app\/uploads\/sites\/855\/2024\/03\/Edital-001-2024-Bolsas-PROFGEO-UFSM-Inscricoes-Homologadas.pdf\" target=\"_blank\" rel=\"noreferrer noopener\">EDITAL 001-2024 &#8211;&nbsp;PROFGEO&nbsp;&#8211; Inscri\u00e7\u00f5es Homologadas<\/a><\/p>\n\n\n\n<p><a href=\"https:\/\/www.ufsm.br\/app\/uploads\/sites\/855\/2024\/03\/Edital-001-2024-Bolsas-PROFGEO-UFSM-Inscricoes-Homologadas.pdf\" target=\"_blank\" rel=\"noreferrer noopener\">EDITAL 001-2024 &#8211; PROFGEO&nbsp;<\/a><a href=\"https:\/\/www.ufsm.br\/app\/uploads\/sites\/855\/2024\/03\/Edital-PROFGEO-001-2024-Selecao-de-Bolsistas-Resultado.pdf\" target=\"_blank\" rel=\"noreferrer noopener\">&#8211; Sele\u00e7\u00e3o de Bolsistas Resultado<\/a><\/p>\n\n\n\n<p><a href=\"https:\/\/www.ufsm.br\/cursos\/pos-graduacao\/santa-maria\/profgeo\/editais\/001-2025\" data-type=\"link\" data-id=\"https:\/\/www.ufsm.br\/cursos\/pos-graduacao\/santa-maria\/profgeo\/editais\/001-2025\">EDITAL 001\/2025 &#8211; PROFGEO- UFSM BOLSAS PROEB\/CAPES 2025<\/a><\/p>\n\n\n\n<p><a href=\"https:\/\/www.ufsm.br\/app\/uploads\/sites\/855\/2025\/03\/Edital_001-2025_-_PROFGEO_Resultado_assinado-1.pdf\" data-type=\"link\" data-id=\"https:\/\/www.ufsm.br\/app\/uploads\/sites\/855\/2025\/03\/Edital_001-2025_-_PROFGEO_Resultado_assinado-1.pdf\">EDITAL 001\/2025 &#8211; RESULTADO- UFSM BOLSAS PROEB\/CAPES 2025<\/a><\/p>\n\n\n\n<p><a href=\"https:\/\/www.ufsm.br\/pro-reitorias\/prpgp\/editais\/029-2025\" data-type=\"link\" data-id=\"https:\/\/www.ufsm.br\/pro-reitorias\/prpgp\/editais\/029-2025\">EDITAL 029\/2025 &#8211; ENAPROFGEO<\/a><\/p>\n\n\n\n<p><a href=\"https:\/\/www.ufsm.br\/pro-reitorias\/prpgp\/editais\/038-2025\" data-type=\"link\" data-id=\"https:\/\/www.ufsm.br\/pro-reitorias\/prpgp\/editais\/038-2025\">EDITAL 038\/2025 \u2013 EDITAL DE EXPANS\u00c3O:  Ades\u00e3o \u00e0 Rede PROFGEO<\/a><\/p>\n\n\n\n<p><a href=\"https:\/\/www.ufsm.br\/cursos\/pos-graduacao\/santa-maria\/profgeo\/editais\/001-2026-2\" data-type=\"link\" data-id=\"https:\/\/www.ufsm.br\/cursos\/pos-graduacao\/santa-maria\/profgeo\/editais\/001-2026-2\">EDITAL 001\/2026 &#8211; PROFGEO UFSM CONCESS\u00c3O DE BOLSAS MESTRADO TURMA INGRESSANTE EM 2026<\/a><\/p>\n\n\n\n<p><a href=\"https:\/\/www.ufsm.br\/cursos\/pos-graduacao\/santa-maria\/profgeo\/editais\/001-2026\" data-type=\"link\" data-id=\"https:\/\/www.ufsm.br\/cursos\/pos-graduacao\/santa-maria\/profgeo\/editais\/001-2026\">EDITAL 001\/2026 &#8211; PROFGEO NACIONAL CONCESS\u00c3O DE BOLSAS MESTRADO TURMA INGRESSANTE EM 2026<\/a><\/p>\n","protected":false},"excerpt":{"rendered":"<p>EDITAL 001\/2024 &#8211; PROFGEO &#8211; UFSM BOLSAS PROEB 2024 EDITAL 001-2024 &#8211;&nbsp;PROFGEO&nbsp;&#8211; Inscri\u00e7\u00f5es Homologadas EDITAL 001-2024 &#8211; PROFGEO&nbsp;&#8211; Sele\u00e7\u00e3o de Bolsistas Resultado EDITAL 001\/2025 &#8211; PROFGEO- UFSM BOLSAS PROEB\/CAPES 2025 EDITAL 001\/2025 &#8211; RESULTADO- UFSM BOLSAS PROEB\/CAPES 2025 EDITAL 029\/2025 &#8211; ENAPROFGEO EDITAL 038\/2025 \u2013 EDITAL DE EXPANS\u00c3O: Ades\u00e3o \u00e0 Rede PROFGEO EDITAL 001\/2026 &#8211; [&hellip;]<\/p>\n","protected":false},"author":4809,"featured_media":0,"parent":0,"menu_order":0,"comment_status":"closed","ping_status":"closed","template":"","meta":{"footnotes":""},"categories":[],"tags":[],"class_list":["post-382","page","type-page","status-publish","hentry"],"acf":[],"_links":{"self":[{"href":"https:\/\/www.ufsm.br\/cursos\/pos-graduacao\/santa-maria\/profgeo\/wp-json\/wp\/v2\/pages\/382","targetHints":{"allow":["GET"]}}],"collection":[{"href":"https:\/\/www.ufsm.br\/cursos\/pos-graduacao\/santa-maria\/profgeo\/wp-json\/wp\/v2\/pages"}],"about":[{"href":"https:\/\/www.ufsm.br\/cursos\/pos-graduacao\/santa-maria\/profgeo\/wp-json\/wp\/v2\/types\/page"}],"author":[{"embeddable":true,"href":"https:\/\/www.ufsm.br\/cursos\/pos-graduacao\/santa-maria\/profgeo\/wp-json\/wp\/v2\/users\/4809"}],"replies":[{"embeddable":true,"href":"https:\/\/www.ufsm.br\/cursos\/pos-graduacao\/santa-maria\/profgeo\/wp-json\/wp\/v2\/comments?post=382"}],"version-history":[{"count":0,"href":"https:\/\/www.ufsm.br\/cursos\/pos-graduacao\/santa-maria\/profgeo\/wp-json\/wp\/v2\/pages\/382\/revisions"}],"wp:attachment":[{"href":"https:\/\/www.ufsm.br\/cursos\/pos-graduacao\/santa-maria\/profgeo\/wp-json\/wp\/v2\/media?parent=382"}],"wp:term":[{"taxonomy":"category","embeddable":true,"href":"https:\/\/www.ufsm.br\/cursos\/pos-graduacao\/santa-maria\/profgeo\/wp-json\/wp\/v2\/categories?post=382"},{"taxonomy":"post_tag","embeddable":true,"href":"https:\/\/www.ufsm.br\/cursos\/pos-graduacao\/santa-maria\/profgeo\/wp-json\/wp\/v2\/tags?post=382"}],"curies":[{"name":"wp","href":"https:\/\/api.w.org\/{rel}","templated":true}]}}