{"id":170,"date":"2019-05-06T10:05:21","date_gmt":"2019-05-06T13:05:21","guid":{"rendered":"https:\/\/www.ufsm.br\/cursos\/pos-graduacao\/santa-maria\/profhistoria\/?page_id=170"},"modified":"2025-06-23T14:00:57","modified_gmt":"2025-06-23T17:00:57","slug":"apresentacao","status":"publish","type":"page","link":"https:\/\/www.ufsm.br\/cursos\/pos-graduacao\/santa-maria\/profhistoria\/apresentacao","title":{"rendered":"Apresenta\u00e7\u00e3o"},"content":{"rendered":"\t\t<div data-elementor-type=\"wp-page\" data-elementor-id=\"170\" class=\"elementor elementor-170\">\n\t\t\t\t\t\t<section class=\"elementor-section elementor-top-section elementor-element elementor-element-4399b455 elementor-section-boxed elementor-section-height-default elementor-section-height-default\" data-id=\"4399b455\" data-element_type=\"section\">\n\t\t\t\t\t\t<div class=\"elementor-container elementor-column-gap-default\">\n\t\t\t\t\t<div class=\"elementor-column elementor-col-100 elementor-top-column elementor-element elementor-element-23a152bf\" data-id=\"23a152bf\" data-element_type=\"column\">\n\t\t\t<div class=\"elementor-widget-wrap elementor-element-populated\">\n\t\t\t\t\t\t<div class=\"elementor-element elementor-element-7d24eefe elementor-widget elementor-widget-text-editor\" data-id=\"7d24eefe\" data-element_type=\"widget\" data-widget_type=\"text-editor.default\">\n\t\t\t\t<div class=\"elementor-widget-container\">\n\t\t\t\t\t\t\t<!-- wp:tadv\/classic-paragraph -->\n<p style=\"text-align: left\"><span style=\"font-family: arial, helvetica, sans-serif\">O <strong>Programa de P\u00f3s-Gradua\u00e7\u00e3o em Ensino de Hist\u00f3ria \u2013 ProfHist\u00f3ria \u2013<\/strong>, oferecido em rede nacional, \u00e9 um programa de p\u00f3s-gradua\u00e7\u00e3o <em>stricto sensu<\/em> reconhecido pela Coordena\u00e7\u00e3o de Aperfei\u00e7oamento de Pessoal de N\u00edvel Superior.<\/span><\/p>\n<p style=\"text-align: left\"><span style=\"font-family: arial, helvetica, sans-serif\">Liderado pela Universidade Federal do Rio de Janeiro &#8211; UFRJ -, ele tem como objetivo proporcionar forma\u00e7\u00e3o continuada aos professores de Hist\u00f3ria da Educa\u00e7\u00e3o B\u00e1sica, com o objetivo de dar qualifica\u00e7\u00e3o certificada para o exerc\u00edcio da profiss\u00e3o, contribuindo para a melhoria da qualidade do ensino.<\/span><\/p>\n<p style=\"text-align: left\"><span style=\"font-family: arial, helvetica, sans-serif\">Pelo ProfHist\u00f3ria busca-se a forma\u00e7\u00e3o continuada de professores de Hist\u00f3ria voltados para a inova\u00e7\u00e3o na sala de aula, ao mesmo tempo que, de forma cr\u00edtica e respons\u00e1vel, possam refletir acerca de quest\u00f5es relevantes sobre diferentes usos da informa\u00e7\u00e3o de natureza hist\u00f3rica presentes contemporaneamente na sociedade. Esse professor precisar\u00e1 responder aos desafios educacionais do Brasil contempor\u00e2neo, considerando princ\u00edpios fundamentais da constru\u00e7\u00e3o da educa\u00e7\u00e3o hist\u00f3rica.<\/span><\/p>\n<p style=\"text-align: left\"><span style=\"font-family: arial, helvetica, sans-serif\">Poder\u00e3o participar do exame nacional de acesso ao ProfHist\u00f3ria candidatos portadores de diploma de curso superior de licenciatura devidamente registrados no Minist\u00e9rio da Educa\u00e7\u00e3o, que estejam ministrando aulas de Hist\u00f3ria em qualquer ano da Educa\u00e7\u00e3o B\u00e1sica.<\/span><\/p>\n<p><span style=\"font-family: arial, helvetica, sans-serif\">Para saber mais sobre o curso, acesse <a href=\"http:\/\/site.profhistoria.com.br\/#\">site.profhistoria.com.br<\/a>.<\/span><\/p>\n<!-- \/wp:tadv\/classic-paragraph --><!-- wp:tadv\/classic-paragraph \/-->\t\t\t\t\t\t<\/div>\n\t\t\t\t<\/div>\n\t\t\t\t\t<\/div>\n\t\t<\/div>\n\t\t\t\t\t<\/div>\n\t\t<\/section>\n\t\t\t\t<\/div>\n\t\t","protected":false},"excerpt":{"rendered":"<p>O Programa de P\u00f3s-Gradua\u00e7\u00e3o em Ensino de Hist\u00f3ria \u2013 ProfHist\u00f3ria \u2013, oferecido em rede nacional, \u00e9 um programa de p\u00f3s-gradua\u00e7\u00e3o stricto sensu reconhecido pela Coordena\u00e7\u00e3o de Aperfei\u00e7oamento de Pessoal de N\u00edvel Superior. Liderado pela Universidade Federal do Rio de Janeiro &#8211; UFRJ -, ele tem como objetivo proporcionar forma\u00e7\u00e3o continuada aos professores de Hist\u00f3ria da [&hellip;]<\/p>\n","protected":false},"author":118,"featured_media":0,"parent":0,"menu_order":0,"comment_status":"closed","ping_status":"closed","template":"","meta":{"footnotes":""},"categories":[],"tags":[],"class_list":["post-170","page","type-page","status-publish","hentry"],"acf":[],"_links":{"self":[{"href":"https:\/\/www.ufsm.br\/cursos\/pos-graduacao\/santa-maria\/profhistoria\/wp-json\/wp\/v2\/pages\/170","targetHints":{"allow":["GET"]}}],"collection":[{"href":"https:\/\/www.ufsm.br\/cursos\/pos-graduacao\/santa-maria\/profhistoria\/wp-json\/wp\/v2\/pages"}],"about":[{"href":"https:\/\/www.ufsm.br\/cursos\/pos-graduacao\/santa-maria\/profhistoria\/wp-json\/wp\/v2\/types\/page"}],"author":[{"embeddable":true,"href":"https:\/\/www.ufsm.br\/cursos\/pos-graduacao\/santa-maria\/profhistoria\/wp-json\/wp\/v2\/users\/118"}],"replies":[{"embeddable":true,"href":"https:\/\/www.ufsm.br\/cursos\/pos-graduacao\/santa-maria\/profhistoria\/wp-json\/wp\/v2\/comments?post=170"}],"version-history":[{"count":0,"href":"https:\/\/www.ufsm.br\/cursos\/pos-graduacao\/santa-maria\/profhistoria\/wp-json\/wp\/v2\/pages\/170\/revisions"}],"wp:attachment":[{"href":"https:\/\/www.ufsm.br\/cursos\/pos-graduacao\/santa-maria\/profhistoria\/wp-json\/wp\/v2\/media?parent=170"}],"wp:term":[{"taxonomy":"category","embeddable":true,"href":"https:\/\/www.ufsm.br\/cursos\/pos-graduacao\/santa-maria\/profhistoria\/wp-json\/wp\/v2\/categories?post=170"},{"taxonomy":"post_tag","embeddable":true,"href":"https:\/\/www.ufsm.br\/cursos\/pos-graduacao\/santa-maria\/profhistoria\/wp-json\/wp\/v2\/tags?post=170"}],"curies":[{"name":"wp","href":"https:\/\/api.w.org\/{rel}","templated":true}]}}