{"id":257,"date":"2022-03-14T15:40:35","date_gmt":"2022-03-14T18:40:35","guid":{"rendered":"https:\/\/www.ufsm.br\/cursos\/pos-graduacao\/santa-maria\/profhistoria\/?page_id=257"},"modified":"2022-03-22T10:57:14","modified_gmt":"2022-03-22T13:57:14","slug":"processos-de-selecao-no-profhistoria","status":"publish","type":"page","link":"https:\/\/www.ufsm.br\/cursos\/pos-graduacao\/santa-maria\/profhistoria\/processos-de-selecao-no-profhistoria","title":{"rendered":"Processos de sele\u00e7\u00e3o no ProfHist\u00f3ria"},"content":{"rendered":"\t\t<div data-elementor-type=\"wp-page\" data-elementor-id=\"257\" class=\"elementor elementor-257\">\n\t\t\t\t\t\t<section class=\"elementor-section elementor-top-section elementor-element elementor-element-b949e5c elementor-section-boxed elementor-section-height-default elementor-section-height-default\" data-id=\"b949e5c\" data-element_type=\"section\">\n\t\t\t\t\t\t<div class=\"elementor-container elementor-column-gap-default\">\n\t\t\t\t\t<div class=\"elementor-column elementor-col-100 elementor-top-column elementor-element elementor-element-854da71\" data-id=\"854da71\" data-element_type=\"column\">\n\t\t\t<div class=\"elementor-widget-wrap elementor-element-populated\">\n\t\t\t\t\t\t<div class=\"elementor-element elementor-element-dbc5f3c elementor-widget elementor-widget-image\" data-id=\"dbc5f3c\" data-element_type=\"widget\" data-widget_type=\"image.default\">\n\t\t\t\t<div class=\"elementor-widget-container\">\n\t\t\t\t\t\t\t\t\t\t\t\t\t<img fetchpriority=\"high\" decoding=\"async\" width=\"1024\" height=\"213\" src=\"https:\/\/www.ufsm.br\/app\/uploads\/sites\/620\/2022\/03\/profhistoria-5-1024x213.jpg\" class=\"attachment-large size-large wp-image-277\" alt=\"\" srcset=\"https:\/\/www.ufsm.br\/app\/uploads\/sites\/620\/2022\/03\/profhistoria-5-1024x213.jpg 1024w, https:\/\/www.ufsm.br\/app\/uploads\/sites\/620\/2022\/03\/profhistoria-5-300x63.jpg 300w, https:\/\/www.ufsm.br\/app\/uploads\/sites\/620\/2022\/03\/profhistoria-5-768x160.jpg 768w, https:\/\/www.ufsm.br\/app\/uploads\/sites\/620\/2022\/03\/profhistoria-5.jpg 1200w\" sizes=\"(max-width: 1024px) 100vw, 1024px\" \/>\t\t\t\t\t\t\t\t\t\t\t\t\t<\/div>\n\t\t\t\t<\/div>\n\t\t\t\t\t<\/div>\n\t\t<\/div>\n\t\t\t\t\t<\/div>\n\t\t<\/section>\n\t\t\t\t<section class=\"elementor-section elementor-top-section elementor-element elementor-element-3e76859 elementor-section-boxed elementor-section-height-default elementor-section-height-default\" data-id=\"3e76859\" data-element_type=\"section\">\n\t\t\t\t\t\t<div class=\"elementor-container elementor-column-gap-default\">\n\t\t\t\t\t<div class=\"elementor-column elementor-col-100 elementor-top-column elementor-element elementor-element-87207ab\" data-id=\"87207ab\" data-element_type=\"column\">\n\t\t\t<div class=\"elementor-widget-wrap elementor-element-populated\">\n\t\t\t\t\t\t<div class=\"elementor-element elementor-element-9b86ea4 elementor-widget elementor-widget-accordion\" data-id=\"9b86ea4\" data-element_type=\"widget\" data-widget_type=\"accordion.default\">\n\t\t\t\t<div class=\"elementor-widget-container\">\n\t\t\t\t\t<div class=\"elementor-accordion\">\n\t\t\t\t\t\t\t<div class=\"elementor-accordion-item\">\n\t\t\t\t\t<div id=\"elementor-tab-title-1631\" class=\"elementor-tab-title\" data-tab=\"1\" role=\"button\" aria-controls=\"elementor-tab-content-1631\" aria-expanded=\"false\">\n\t\t\t\t\t\t\t\t\t\t\t\t\t<span class=\"elementor-accordion-icon elementor-accordion-icon-left\" aria-hidden=\"true\">\n\t\t\t\t\t\t\t\t\t\t\t\t\t\t\t<span class=\"elementor-accordion-icon-closed\"><i class=\"fas fa-plus\"><\/i><\/span>\n\t\t\t\t\t\t\t\t<span class=\"elementor-accordion-icon-opened\"><i class=\"fas fa-minus\"><\/i><\/span>\n\t\t\t\t\t\t\t\t\t\t\t\t\t\t<\/span>\n\t\t\t\t\t\t\t\t\t\t\t\t<a class=\"elementor-accordion-title\" tabindex=\"0\">2022<\/a>\n\t\t\t\t\t<\/div>\n\t\t\t\t\t<div id=\"elementor-tab-content-1631\" class=\"elementor-tab-content elementor-clearfix\" data-tab=\"1\" role=\"region\" aria-labelledby=\"elementor-tab-title-1631\"><p style=\"color: #1c1c1c;font-size: 16px;line-height: inherit !important\">O ProfHist\u00f3ria da UFSM divulga o Processo Seletivo 2022\u00a0do\u00a0Mestrado Profissional em Ensino de Hist\u00f3ria (ProfHist\u00f3ria). S\u00e3o oferecidas <b>12 vagas para o ProfHist\u00f3ria da UFSM<\/b>. As inscri\u00e7\u00f5es podem ser feitas at\u00e9 27 de outubro.<\/p><p style=\"color: #1c1c1c;font-size: 16px;line-height: inherit !important\">Requisitos para ingresso: s<span style=\"line-height: inherit !important\">er portador de diploma de curso superior de licenciatura, devidamente registrado no Minist\u00e9rio da Educa\u00e7\u00e3o, e<\/span><span style=\"line-height: inherit !important\">\u00a0atuar como professor de Hist\u00f3ria em qualquer ano da Educa\u00e7\u00e3o B\u00e1sica.\u00a0<\/span><\/p><p><strong>Resultado<br \/><\/strong><\/p><ul><li><a href=\"https:\/\/www.econrio.com.br\/wp-content\/uploads\/2021\/12\/21028-ProfHistoria-Listagem-de-Classificacao-formatado.pdf\">Listagem de classifica\u00e7\u00e3o<\/a><\/li><li><a href=\"https:\/\/www.econrio.com.br\/wp-content\/uploads\/2021\/12\/21028-ProfHistoria-Listagem-de-Notas-apos-revisao-formatado.pdf\">Listagem de notas ap\u00f3s revis\u00e3o<\/a><\/li><li><a href=\"https:\/\/www.econrio.com.br\/wp-content\/uploads\/2021\/11\/21028-ProfHistoria-NOTAS.pdf\">Listagem de notas<\/a><\/li><li>Conforme item 7.2 do Edital, somente tiveram a Prova Discursiva corrigida os candidatos que:<br \/>a) obtiveram o m\u00ednimo de 60% de acertos das quest\u00f5es v\u00e1lidas na Prova Objetiva;<br \/>b) estiveram inseridos no grupo correspondente a\u00a0<strong>quatro vezes o n\u00famero de vagas destinadas \u00e0 institui\u00e7\u00e3o escolhida pelo candidato<\/strong>, considerando-se os primeiros classificados pela ordem decrescente das notas obtidas na Prova Objetiva.<\/li><\/ul><p><strong>:: Matr\u00edcula<\/strong><\/p><ul><li><a href=\"https:\/\/www.econrio.com.br\/wp-content\/uploads\/2021\/08\/21028_Edital_de_Matricula_2022_26112021.pdf\">Edital de Matr\u00edcula<\/a><\/li><li><a href=\"https:\/\/www.econrio.com.br\/wp-content\/uploads\/2021\/08\/21028_anexo-edital-de-Matr-EDITADO_29_11_2021-.docx.pdf\">Edital de Matr\u00edcula \u2013 Anexo\u00a0<small>(Retificado \u2013 29\/11\/2021)<\/small><\/a><\/li><\/ul><p><strong>:: Cotas<br \/><\/strong><\/p><ul><li><a href=\"https:\/\/selecao.econrio.com.br\/modulo\/login\/src\/view\/action\/LoginIniciaAction.php?codEvento=21028\">Resultado Final da An\u00e1lise de Cotas<\/a>\u00a0\u2013 clique para acessar o sistema com seus dados. Ap\u00f3s, clique em \u201cBoletim de Desempenho\u201d para conhecer o resultado da an\u00e1lise feita pela IES para a qual se inscreveu.<\/li><\/ul><p><strong>:: Prova<\/strong><\/p><ul><li><a href=\"https:\/\/www.econrio.com.br\/wp-content\/uploads\/2021\/11\/21028_PROVA_E_GABARITO.pdf\">Prova e Gabarito<\/a><\/li><\/ul><p><strong>:: Editais e Anexos<\/strong><\/p><ul><li><a href=\"https:\/\/www.econrio.com.br\/wp-content\/uploads\/2021\/08\/21028-EDITAL-PROFHISTORIA-2022_12082021.pdf\">Edital de Convoca\u00e7\u00e3o<\/a><\/li><li><a href=\"https:\/\/www.econrio.com.br\/wp-content\/uploads\/2021\/10\/21028-ANEXO-1-CALENDARIO-PROFHISTORIA_RETIFICADO_29102021.pdf\">Anexo 1 \u2013 Calend\u00e1rio<\/a>\u00a0(Retificado)<\/li><li><a href=\"https:\/\/www.econrio.com.br\/wp-content\/uploads\/2021\/08\/21028-ANEXO-2-VAGAS-PROFHISTORIA_27082021.pdf\">Anexo 2 \u2013 Quadro de Vagas<\/a><\/li><li><a href=\"https:\/\/www.econrio.com.br\/wp-content\/uploads\/2021\/08\/21028-ANEXO-3-PROGRAMAS.pdf\">Anexo 3 \u2013 Programa<\/a><\/li><\/ul><p><strong>:: Anexos de Cota<\/strong><\/p><table width=\"500\"><tbody><tr><td><ul><li><a href=\"https:\/\/www.econrio.com.br\/wp-content\/uploads\/2021\/09\/21028-ANEXO-4-COTAS-UFAC_.pdf\">Anexo 4 \u2013 COTAS UFAC<\/a><\/li><li><a href=\"https:\/\/www.econrio.com.br\/wp-content\/uploads\/2021\/08\/21028-ANEXO-5-COTAS-UNIFAP-1.pdf\">Anexo 5 \u2013 COTAS UNIFAP<\/a><\/li><li><a href=\"https:\/\/www.econrio.com.br\/wp-content\/uploads\/2021\/09\/21028-ANEXO-6-COTAS-UNEB-1.pdf\">Anexo 6 \u2013 COTAS UNEB<\/a><\/li><li><a href=\"https:\/\/www.econrio.com.br\/wp-content\/uploads\/2021\/08\/21028-ANEXO-7-COTAS-UFC-1.pdf\">Anexo 7 \u2013 COTAS UFC<\/a><\/li><li><a href=\"https:\/\/www.econrio.com.br\/wp-content\/uploads\/2021\/09\/21028-ANEXO-8-COTAS-URCA.pdf\">Anexo 8 \u2013 COTAS URCA<\/a><\/li><li><a href=\"https:\/\/www.econrio.com.br\/wp-content\/uploads\/2021\/08\/21028-ANEXO-9-COTAS-UFG-1.pdf\">Anexo 9 \u2013 COTAS UFG<\/a><\/li><li><a href=\"https:\/\/www.econrio.com.br\/wp-content\/uploads\/2021\/09\/21028-ANEXO-10-COTAS-UFMA.pdf\">Anexo 10 \u2013 COTAS UFMA<\/a><\/li><li><a href=\"https:\/\/www.econrio.com.br\/wp-content\/uploads\/2021\/08\/21028-ANEXO-11-COTAS-UFU-1.pdf\">Anexo 11 \u2013 COTAS UFU<\/a><\/li><li><a href=\"https:\/\/www.econrio.com.br\/wp-content\/uploads\/2021\/10\/21028-ANEXO-12-COTAS-UEMS.pdf\">Anexo 12 \u2013 COTAS UEMS<\/a><\/li><li><a href=\"https:\/\/www.econrio.com.br\/wp-content\/uploads\/2021\/08\/21028-ANEXO-13-COTAS-UFMT-1.pdf\">Anexo 13 \u2013 COTAS UFMT<\/a><\/li><\/ul><\/td><td><ul><li><a href=\"https:\/\/www.econrio.com.br\/wp-content\/uploads\/2021\/08\/21028-ANEXO-14-COTAS-UFPA.pdf\">Anexo 14 \u2013 COTAS UFPA<\/a><\/li><li><a href=\"https:\/\/www.econrio.com.br\/wp-content\/uploads\/2021\/08\/21028-ANEXO-15-COTAS-UNIFESSPA-1.pdf\">Anexo 15 \u2013 COTAS UNIFESSPA<\/a><\/li><li><a href=\"https:\/\/www.econrio.com.br\/wp-content\/uploads\/2021\/10\/21028-ANEXO-16-COTAS-UFPB.pdf\">Anexo 16 \u2013 COTAS UFPB\u00a0<small>(Retificada \u2013 08\/10\/2021)<\/small><\/a><\/li><li><a href=\"https:\/\/www.econrio.com.br\/wp-content\/uploads\/2021\/08\/21028-ANEXO-17-COTAS-UFPE-1.pdf\">Anexo 17 \u2013 COTAS UFPE<\/a><\/li><li><a href=\"https:\/\/www.econrio.com.br\/wp-content\/uploads\/2021\/08\/21028-ANEXO-18-COTAS-UESPI.pdf\">Anexo 18 \u2013 COTAS UESPI<\/a><\/li><li><a href=\"https:\/\/www.econrio.com.br\/wp-content\/uploads\/2021\/08\/21028-ANEXO-19-COTAS-UEM.pdf\">Anexo 19 \u2013 COTAS UEM<\/a><\/li><li><a href=\"https:\/\/www.econrio.com.br\/wp-content\/uploads\/2021\/10\/21028-ANEXO-20-COTAS-UERJ.pdf\">Anexo 20 \u2013 COTAS UERJ<\/a><\/li><li><a href=\"https:\/\/www.econrio.com.br\/wp-content\/uploads\/2021\/09\/21028-ANEXO-21-COTAS-UNIRIO.pdf\">Anexo 21 \u2013 COTAS UNIRIO<\/a><\/li><li><a href=\"https:\/\/www.econrio.com.br\/wp-content\/uploads\/2021\/08\/21028-ANEXO-22-COTAS-UFRJ-1.pdf\">Anexo 22 \u2013 COTAS UFRJ<\/a><\/li><li><a href=\"https:\/\/www.econrio.com.br\/wp-content\/uploads\/2021\/08\/21028-ANEXO-23-COTAS-UFF.pdf\">Anexo 23 \u2013 COTAS UFF<\/a><\/li><\/ul><\/td><td><ul><li><a href=\"https:\/\/www.econrio.com.br\/wp-content\/uploads\/2021\/08\/21028-ANEXO-24-COTAS-UFRRJ-1.pdf\">Anexo 24 \u2013 COTAS UFRRJ<\/a><\/li><li><a href=\"https:\/\/www.econrio.com.br\/wp-content\/uploads\/2021\/08\/21028-ANEXO-25-COTAS-UERN-1.pdf\">Anexo 25 \u2013 COTAS-UERN<\/a><\/li><li><a href=\"https:\/\/www.econrio.com.br\/wp-content\/uploads\/2021\/08\/21028-ANEXO-26_COTAS_UFRN.pdf\">Anexo 26 \u2013 COTAS UFRN<\/a><\/li><li><a href=\"https:\/\/www.econrio.com.br\/wp-content\/uploads\/2021\/08\/21028-ANEXO-27-COTAS-UFRR-1.pdf\">Anexo 27 \u2013 COTAS UFRR<\/a><\/li><li><a href=\"https:\/\/www.econrio.com.br\/wp-content\/uploads\/2021\/10\/21028-ANEXO-28-COTAS-UFRGS.pdf\">Anexo 28 \u2013 COTAS UFRGS<\/a><\/li><li><a href=\"https:\/\/www.econrio.com.br\/wp-content\/uploads\/2021\/08\/21028-ANEXO-29-COTAS-UFSC-1.pdf\">Anexo 29 \u2013 COTAS UFSC<\/a><\/li><li><a href=\"https:\/\/www.econrio.com.br\/wp-content\/uploads\/2021\/08\/21028-ANEXO-30-COTAS-UFS-1.pdf\">Anexo 30 \u2013 COTAS UFS<\/a><\/li><li><a href=\"https:\/\/www.econrio.com.br\/wp-content\/uploads\/2021\/08\/21028-ANEXO-31-COTAS-UNICAMP-1-edital-2021_2022.pdf\">Anexo 31 \u2013 COTAS UNICAMP<\/a><\/li><li><a href=\"https:\/\/www.econrio.com.br\/wp-content\/uploads\/2021\/08\/21028-ANEXO-32-COTAS-UNIFESP-1.pdf\">Anexo 32 \u2013 COTAS UNIFESP<\/a><\/li><li><a href=\"https:\/\/www.econrio.com.br\/wp-content\/uploads\/2021\/08\/21028-ANEXO-33-COTAS-UFT-1.pdf\">Anexo 33 \u2013 COTAS UFT<\/a><\/li><\/ul><\/td><\/tr><\/tbody><\/table><p><span style=\"background-color: var(--bs-body-bg)\"><br \/>\u2013 Requisitos para ingresso (item 2.1 do Edital):<\/span><\/p><p><strong>a) ser portador de diploma de curso superior de licenciatura, devidamente registrado no Minist\u00e9rio da Educa\u00e7\u00e3o;<\/strong><br \/><strong>b) atuar como professor de Hist\u00f3ria em qualquer ano da Educa\u00e7\u00e3o B\u00e1sica.<\/strong><\/p><p>\u00a0<\/p><p><strong>:: Processos Seletivos Anteriores<\/strong><\/p><\/div>\n\t\t\t\t<\/div>\n\t\t\t\t\t\t\t<div class=\"elementor-accordion-item\">\n\t\t\t\t\t<div id=\"elementor-tab-title-1632\" class=\"elementor-tab-title\" data-tab=\"2\" role=\"button\" aria-controls=\"elementor-tab-content-1632\" aria-expanded=\"false\">\n\t\t\t\t\t\t\t\t\t\t\t\t\t<span class=\"elementor-accordion-icon elementor-accordion-icon-left\" aria-hidden=\"true\">\n\t\t\t\t\t\t\t\t\t\t\t\t\t\t\t<span class=\"elementor-accordion-icon-closed\"><i class=\"fas fa-plus\"><\/i><\/span>\n\t\t\t\t\t\t\t\t<span class=\"elementor-accordion-icon-opened\"><i class=\"fas fa-minus\"><\/i><\/span>\n\t\t\t\t\t\t\t\t\t\t\t\t\t\t<\/span>\n\t\t\t\t\t\t\t\t\t\t\t\t<a class=\"elementor-accordion-title\" tabindex=\"0\">Processos seletivos anteriores<\/a>\n\t\t\t\t\t<\/div>\n\t\t\t\t\t<div id=\"elementor-tab-content-1632\" class=\"elementor-tab-content elementor-clearfix\" data-tab=\"2\" role=\"region\" aria-labelledby=\"elementor-tab-title-1632\"><p><a href=\"http:\/\/profhistoria.ufrj.br\/processo_seletivo\">Provas e Gabaritos<\/a><\/p><\/div>\n\t\t\t\t<\/div>\n\t\t\t\t\t\t\t\t<\/div>\n\t\t\t\t<\/div>\n\t\t\t\t<\/div>\n\t\t\t\t\t<\/div>\n\t\t<\/div>\n\t\t\t\t\t<\/div>\n\t\t<\/section>\n\t\t\t\t<\/div>\n\t\t","protected":false},"excerpt":{"rendered":"<p>2022 O ProfHist\u00f3ria da UFSM divulga o Processo Seletivo 2022\u00a0do\u00a0Mestrado Profissional em Ensino de Hist\u00f3ria (ProfHist\u00f3ria). S\u00e3o oferecidas 12 vagas para o ProfHist\u00f3ria da UFSM. As inscri\u00e7\u00f5es podem ser feitas at\u00e9 27 de outubro. Requisitos para ingresso: ser portador de diploma de curso superior de licenciatura, devidamente registrado no Minist\u00e9rio da Educa\u00e7\u00e3o, e\u00a0atuar como professor [&hellip;]<\/p>\n","protected":false},"author":4568,"featured_media":0,"parent":0,"menu_order":0,"comment_status":"closed","ping_status":"closed","template":"","meta":{"footnotes":""},"categories":[],"tags":[],"class_list":["post-257","page","type-page","status-publish","hentry"],"acf":[],"_links":{"self":[{"href":"https:\/\/www.ufsm.br\/cursos\/pos-graduacao\/santa-maria\/profhistoria\/wp-json\/wp\/v2\/pages\/257","targetHints":{"allow":["GET"]}}],"collection":[{"href":"https:\/\/www.ufsm.br\/cursos\/pos-graduacao\/santa-maria\/profhistoria\/wp-json\/wp\/v2\/pages"}],"about":[{"href":"https:\/\/www.ufsm.br\/cursos\/pos-graduacao\/santa-maria\/profhistoria\/wp-json\/wp\/v2\/types\/page"}],"author":[{"embeddable":true,"href":"https:\/\/www.ufsm.br\/cursos\/pos-graduacao\/santa-maria\/profhistoria\/wp-json\/wp\/v2\/users\/4568"}],"replies":[{"embeddable":true,"href":"https:\/\/www.ufsm.br\/cursos\/pos-graduacao\/santa-maria\/profhistoria\/wp-json\/wp\/v2\/comments?post=257"}],"version-history":[{"count":0,"href":"https:\/\/www.ufsm.br\/cursos\/pos-graduacao\/santa-maria\/profhistoria\/wp-json\/wp\/v2\/pages\/257\/revisions"}],"wp:attachment":[{"href":"https:\/\/www.ufsm.br\/cursos\/pos-graduacao\/santa-maria\/profhistoria\/wp-json\/wp\/v2\/media?parent=257"}],"wp:term":[{"taxonomy":"category","embeddable":true,"href":"https:\/\/www.ufsm.br\/cursos\/pos-graduacao\/santa-maria\/profhistoria\/wp-json\/wp\/v2\/categories?post=257"},{"taxonomy":"post_tag","embeddable":true,"href":"https:\/\/www.ufsm.br\/cursos\/pos-graduacao\/santa-maria\/profhistoria\/wp-json\/wp\/v2\/tags?post=257"}],"curies":[{"name":"wp","href":"https:\/\/api.w.org\/{rel}","templated":true}]}}