{"id":347,"date":"2025-05-29T09:59:43","date_gmt":"2025-05-29T12:59:43","guid":{"rendered":"https:\/\/www.ufsm.br\/cursos\/pos-graduacao\/santa-maria\/profhistoria\/?page_id=347"},"modified":"2025-12-15T18:02:43","modified_gmt":"2025-12-15T21:02:43","slug":"informacoes-gerais","status":"publish","type":"page","link":"https:\/\/www.ufsm.br\/cursos\/pos-graduacao\/santa-maria\/profhistoria\/informacoes-gerais","title":{"rendered":"Sobre"},"content":{"rendered":"\n<h5>Apresenta\u00e7\u00e3o<\/h5>\n<p>O\u00a0<strong>Programa de P\u00f3s-Gradua\u00e7\u00e3o em Ensino de Hist\u00f3ria \u2013 ProfHist\u00f3ria <\/strong>\u2013, funciona no campus da UFSM, em Santa Maria. A \u00e1rea de conhecimento do curso \u00e9 classificada como\u00a0<b>Hist\u00f3ria<\/b>. Atualmente, a coordena\u00e7\u00e3o \u00e9 de responsabilidade de Mara Regina do Nascimento, a coordena\u00e7\u00e3o substituta de Leonardo da Rocha Botega e a secretaria de Ricardo Mateus Klein Cargnin.<\/p>\n<p>O curso \u00e9 ofertado em per\u00edodo semestral, sendo quatro o n\u00famero de per\u00edodos indicados para sua conclus\u00e3o, na modalidade Mestrado, e oito para Doutorado.<\/p>\n<p class=\"mt-3\">Reconhecido pelo Minist\u00e9rio da Educa\u00e7\u00e3o \u2013 parecer n. 609\/2019.<\/p>\n\n\n","protected":false},"excerpt":{"rendered":"<p>Apresenta\u00e7\u00e3o O\u00a0Programa de P\u00f3s-Gradua\u00e7\u00e3o em Ensino de Hist\u00f3ria \u2013 ProfHist\u00f3ria \u2013, funciona no campus da UFSM, em Santa Maria. A \u00e1rea de conhecimento do curso \u00e9 classificada como\u00a0Hist\u00f3ria. Atualmente, a coordena\u00e7\u00e3o \u00e9 de responsabilidade de Mara Regina do Nascimento, a coordena\u00e7\u00e3o substituta de Leonardo da Rocha Botega e a secretaria de Ricardo Mateus Klein Cargnin. [&hellip;]<\/p>\n","protected":false},"author":47,"featured_media":0,"parent":0,"menu_order":0,"comment_status":"closed","ping_status":"closed","template":"","meta":{"footnotes":""},"categories":[],"tags":[],"class_list":["post-347","page","type-page","status-publish","hentry"],"acf":[],"_links":{"self":[{"href":"https:\/\/www.ufsm.br\/cursos\/pos-graduacao\/santa-maria\/profhistoria\/wp-json\/wp\/v2\/pages\/347","targetHints":{"allow":["GET"]}}],"collection":[{"href":"https:\/\/www.ufsm.br\/cursos\/pos-graduacao\/santa-maria\/profhistoria\/wp-json\/wp\/v2\/pages"}],"about":[{"href":"https:\/\/www.ufsm.br\/cursos\/pos-graduacao\/santa-maria\/profhistoria\/wp-json\/wp\/v2\/types\/page"}],"author":[{"embeddable":true,"href":"https:\/\/www.ufsm.br\/cursos\/pos-graduacao\/santa-maria\/profhistoria\/wp-json\/wp\/v2\/users\/47"}],"replies":[{"embeddable":true,"href":"https:\/\/www.ufsm.br\/cursos\/pos-graduacao\/santa-maria\/profhistoria\/wp-json\/wp\/v2\/comments?post=347"}],"version-history":[{"count":0,"href":"https:\/\/www.ufsm.br\/cursos\/pos-graduacao\/santa-maria\/profhistoria\/wp-json\/wp\/v2\/pages\/347\/revisions"}],"wp:attachment":[{"href":"https:\/\/www.ufsm.br\/cursos\/pos-graduacao\/santa-maria\/profhistoria\/wp-json\/wp\/v2\/media?parent=347"}],"wp:term":[{"taxonomy":"category","embeddable":true,"href":"https:\/\/www.ufsm.br\/cursos\/pos-graduacao\/santa-maria\/profhistoria\/wp-json\/wp\/v2\/categories?post=347"},{"taxonomy":"post_tag","embeddable":true,"href":"https:\/\/www.ufsm.br\/cursos\/pos-graduacao\/santa-maria\/profhistoria\/wp-json\/wp\/v2\/tags?post=347"}],"curies":[{"name":"wp","href":"https:\/\/api.w.org\/{rel}","templated":true}]}}