{"id":414,"date":"2026-01-23T13:07:02","date_gmt":"2026-01-23T16:07:02","guid":{"rendered":"https:\/\/www.ufsm.br\/cursos\/pos-graduacao\/santa-maria\/profhistoria\/?page_id=414"},"modified":"2026-01-23T13:07:03","modified_gmt":"2026-01-23T16:07:03","slug":"oferta-2026-1-doutorado-seminarios-em-rede-e-disciplinas-obrigatorias-presenciais","status":"publish","type":"page","link":"https:\/\/www.ufsm.br\/cursos\/pos-graduacao\/santa-maria\/profhistoria\/oferta-2026-1-doutorado-seminarios-em-rede-e-disciplinas-obrigatorias-presenciais","title":{"rendered":"Oferta 2026.1 &#8211; Doutorado &#8211; Semin\u00e1rios em Rede e Disciplinas  Obrigat\u00f3rias Presenciais"},"content":{"rendered":"\n<p>Abaixo segue link com arquivo da rela\u00e7\u00e3o de Semin\u00e1rios Tem\u00e1ticos oferecidos em Rede, como tamb\u00e9m das disciplinas obrigat\u00f3rias presenciais.<\/p>\n<p>\u00a0<\/p>\n<p><a href=\"https:\/\/www.ufsm.br\/app\/uploads\/sites\/620\/2026\/01\/Grade-de-Horario-2026.1-Curso-de-Doutorado-ProfHistoria.pdf\" data-wplink-edit=\"true\">https:\/\/www.ufsm.br\/app\/uploads\/sites\/620\/2026\/01\/Grade-de-Horario-2026.1-Curso-de-Doutorado-ProfHistoria.pdf<\/a><\/p>\n\n\n","protected":false},"excerpt":{"rendered":"<p>Abaixo segue link com arquivo da rela\u00e7\u00e3o de Semin\u00e1rios Tem\u00e1ticos oferecidos em Rede, como tamb\u00e9m das disciplinas obrigat\u00f3rias presenciais. \u00a0 https:\/\/www.ufsm.br\/app\/uploads\/sites\/620\/2026\/01\/Grade-de-Horario-2026.1-Curso-de-Doutorado-ProfHistoria.pdf<\/p>\n","protected":false},"author":401,"featured_media":0,"parent":0,"menu_order":0,"comment_status":"closed","ping_status":"closed","template":"","meta":{"footnotes":""},"categories":[],"tags":[],"class_list":["post-414","page","type-page","status-publish","hentry"],"acf":[],"_links":{"self":[{"href":"https:\/\/www.ufsm.br\/cursos\/pos-graduacao\/santa-maria\/profhistoria\/wp-json\/wp\/v2\/pages\/414","targetHints":{"allow":["GET"]}}],"collection":[{"href":"https:\/\/www.ufsm.br\/cursos\/pos-graduacao\/santa-maria\/profhistoria\/wp-json\/wp\/v2\/pages"}],"about":[{"href":"https:\/\/www.ufsm.br\/cursos\/pos-graduacao\/santa-maria\/profhistoria\/wp-json\/wp\/v2\/types\/page"}],"author":[{"embeddable":true,"href":"https:\/\/www.ufsm.br\/cursos\/pos-graduacao\/santa-maria\/profhistoria\/wp-json\/wp\/v2\/users\/401"}],"replies":[{"embeddable":true,"href":"https:\/\/www.ufsm.br\/cursos\/pos-graduacao\/santa-maria\/profhistoria\/wp-json\/wp\/v2\/comments?post=414"}],"version-history":[{"count":0,"href":"https:\/\/www.ufsm.br\/cursos\/pos-graduacao\/santa-maria\/profhistoria\/wp-json\/wp\/v2\/pages\/414\/revisions"}],"wp:attachment":[{"href":"https:\/\/www.ufsm.br\/cursos\/pos-graduacao\/santa-maria\/profhistoria\/wp-json\/wp\/v2\/media?parent=414"}],"wp:term":[{"taxonomy":"category","embeddable":true,"href":"https:\/\/www.ufsm.br\/cursos\/pos-graduacao\/santa-maria\/profhistoria\/wp-json\/wp\/v2\/categories?post=414"},{"taxonomy":"post_tag","embeddable":true,"href":"https:\/\/www.ufsm.br\/cursos\/pos-graduacao\/santa-maria\/profhistoria\/wp-json\/wp\/v2\/tags?post=414"}],"curies":[{"name":"wp","href":"https:\/\/api.w.org\/{rel}","templated":true}]}}