{"id":422,"date":"2026-02-19T09:59:33","date_gmt":"2026-02-19T12:59:33","guid":{"rendered":"https:\/\/www.ufsm.br\/cursos\/pos-graduacao\/santa-maria\/profhistoria\/?page_id=422"},"modified":"2026-02-19T09:59:34","modified_gmt":"2026-02-19T12:59:34","slug":"estrutura-do-curso","status":"publish","type":"page","link":"https:\/\/www.ufsm.br\/cursos\/pos-graduacao\/santa-maria\/profhistoria\/estrutura-do-curso","title":{"rendered":"Estrutura do Curso"},"content":{"rendered":"\n\n\n<p><\/p>\n<div id=\"Header_wrapper\" class=\"\">\n<div id=\"Subheader\">\n<div class=\"container\">\n<div class=\"column one\">\n<h1 class=\"title\">\u00a0<\/h1>\n<ul class=\"breadcrumbs no-link\">\n<li>Estrutura do Mestrado<\/li>\n<\/ul>\n<\/div>\n<\/div>\n<\/div>\n<\/div>\n<div id=\"Content\" role=\"main\">\n<div class=\"content_wrapper clearfix\"><main class=\"sections_group\">\n<div class=\"entry-content\">\n<div class=\"mfn-builder-content mfn-default-content-buider\" data-id=\"145\">\u00a0<\/div>\n<section class=\"section mcb-section the_content has_content\">\n<div class=\"section_wrapper\">\n<div class=\"the_content_wrapper \">\n<div class=\"wp-block-columns is-layout-flex wp-container-core-columns-is-layout-9d6595d7 wp-block-columns-is-layout-flex\">\n<div class=\"wp-block-column is-layout-flow wp-block-column-is-layout-flow\">\n<div class=\"wp-block-group\">\n<div class=\"wp-block-group__inner-container is-layout-flow wp-block-group-is-layout-flow\">\n<figure class=\"wp-block-table alignwide\">\n<table width=\"100%\">\n<tbody>\n<tr>\n<td width=\"25%\"><strong>1\u00ba Semestre<\/strong><\/td>\n<td width=\"25%\"><strong>2\u00ba Semestre<\/strong><\/td>\n<td width=\"25%\"><strong>3\u00ba Semestre<\/strong><\/td>\n<td width=\"25%\"><strong>4\u00ba Semestre<\/strong><\/td>\n<\/tr>\n<tr>\n<td width=\"25%\">\u2013 Teoria da Hist\u00f3ria (disciplina obrigat\u00f3ria, 60h)<br \/>\u2013 Hist\u00f3ria do Ensino de Hist\u00f3ria (disciplina obrigat\u00f3ria, 60h)<br \/>\u2013 Optativa de escolha condicionada (60h)<\/td>\n<td width=\"25%\">\u2013 Optativa de escolha condicionada (60h)<br \/>\u2013 Semin\u00e1rio de Pesquisa (45h)<\/td>\n<td width=\"25%\">\u2013 Semin\u00e1rio Tutorial (45h)<br \/>\u2013 Eletiva de livre escolha (45h)<\/td>\n<td width=\"25%\">\u2013 Disserta\u00e7\u00e3o (45h)<\/td>\n<\/tr>\n<\/tbody>\n<\/table>\n<\/figure>\n<\/div>\n<\/div>\n<\/div>\n<\/div>\n<\/div>\n<\/div>\n<\/section>\n<\/div>\n<\/main><\/div>\n<\/div>\n<p> <\/p>\n<h1>\u00a0<\/h1>\n<ul>\n<li>Estrutura do Doutorado<\/li>\n<\/ul>\n<main>\u00a0\n<section>\n<figure>\n<table>\n<tbody>\n<tr>\n<td>\u00a0<\/td>\n<td><strong>ANO I<\/strong><\/td>\n<td><strong>ANO II<\/strong><\/td>\n<td><strong>ANO III<\/strong><\/td>\n<td><strong>ANO IV<\/strong><\/td>\n<\/tr>\n<tr>\n<td><strong>\u00a0\u00a0\u00a0\u00a0\u00a0 1\u00ba Semestre<\/strong><\/td>\n<td>Disciplina obrigat\u00f3ria: Teoria da Hist\u00f3ria (60h\/a) \u00a0 Disciplina obrigat\u00f3ria: Hist\u00f3ria do Ensino de Hist\u00f3ria (60h\/a) \u00a0 Semin\u00e1rio Tem\u00e1tico I (60h\/a) \u00a0 Semin\u00e1rio Tutorial I (30h)<\/td>\n<td>Semin\u00e1rio de Pesquisa (60h) \u00a0 \u00a0 \u00a0 \u00a0 \u00a0 \u00a0 \u00a0 Semin\u00e1rio Tutorial III (30h)<\/td>\n<td>Semin\u00e1rio Tutorial V (30h) \u00a0 \u00a0 Exame de Qualifica\u00e7\u00e3o<\/td>\n<td>Semin\u00e1rio Tutorial\u00a0 VII (30h)<\/td>\n<\/tr>\n<tr>\n<td><strong>\u00a0 2\u00ba Semestre<\/strong><\/td>\n<td>\u00a0 Semin\u00e1rio Tem\u00e1tico II (60h\/a) Semin\u00e1rio Tutorial II (30h)<\/td>\n<td>\u00a0 \u00a0 Semin\u00e1rio Tutorial IV(30h)<\/td>\n<td>Semin\u00e1rio Tutorial VI (30h)<\/td>\n<td>Semin\u00e1rio Tutorial\u00a0 VIII (30h) \u00a0 Defesa de Tese<\/td>\n<\/tr>\n<\/tbody>\n<\/table>\n<\/figure>\n<\/section>\n<\/main>\n<p> <\/p>\n","protected":false},"excerpt":{"rendered":"","protected":false},"author":8966,"featured_media":0,"parent":0,"menu_order":0,"comment_status":"closed","ping_status":"closed","template":"","meta":{"footnotes":""},"categories":[],"tags":[],"class_list":["post-422","page","type-page","status-publish","hentry"],"acf":[],"_links":{"self":[{"href":"https:\/\/www.ufsm.br\/cursos\/pos-graduacao\/santa-maria\/profhistoria\/wp-json\/wp\/v2\/pages\/422","targetHints":{"allow":["GET"]}}],"collection":[{"href":"https:\/\/www.ufsm.br\/cursos\/pos-graduacao\/santa-maria\/profhistoria\/wp-json\/wp\/v2\/pages"}],"about":[{"href":"https:\/\/www.ufsm.br\/cursos\/pos-graduacao\/santa-maria\/profhistoria\/wp-json\/wp\/v2\/types\/page"}],"author":[{"embeddable":true,"href":"https:\/\/www.ufsm.br\/cursos\/pos-graduacao\/santa-maria\/profhistoria\/wp-json\/wp\/v2\/users\/8966"}],"replies":[{"embeddable":true,"href":"https:\/\/www.ufsm.br\/cursos\/pos-graduacao\/santa-maria\/profhistoria\/wp-json\/wp\/v2\/comments?post=422"}],"version-history":[{"count":0,"href":"https:\/\/www.ufsm.br\/cursos\/pos-graduacao\/santa-maria\/profhistoria\/wp-json\/wp\/v2\/pages\/422\/revisions"}],"wp:attachment":[{"href":"https:\/\/www.ufsm.br\/cursos\/pos-graduacao\/santa-maria\/profhistoria\/wp-json\/wp\/v2\/media?parent=422"}],"wp:term":[{"taxonomy":"category","embeddable":true,"href":"https:\/\/www.ufsm.br\/cursos\/pos-graduacao\/santa-maria\/profhistoria\/wp-json\/wp\/v2\/categories?post=422"},{"taxonomy":"post_tag","embeddable":true,"href":"https:\/\/www.ufsm.br\/cursos\/pos-graduacao\/santa-maria\/profhistoria\/wp-json\/wp\/v2\/tags?post=422"}],"curies":[{"name":"wp","href":"https:\/\/api.w.org\/{rel}","templated":true}]}}