{"id":154,"date":"2019-01-14T11:23:11","date_gmt":"2019-01-14T13:23:11","guid":{"rendered":"https:\/\/www.ufsm.br\/cursos\/pos-graduacao\/santa-maria\/profmat\/?page_id=154"},"modified":"2019-01-14T11:23:14","modified_gmt":"2019-01-14T13:23:14","slug":"portarias","status":"publish","type":"page","link":"https:\/\/www.ufsm.br\/cursos\/pos-graduacao\/santa-maria\/profmat\/portarias","title":{"rendered":"Portarias"},"content":{"rendered":"\n<div class=\"item-page\">\n<div>\n<p><strong><em>MEC &#8211; Minist\u00e9rio da Educa\u00e7\u00e3o<br \/><br \/><\/em><\/strong><\/p>\n<ul>\n<li><a href=\"http:\/\/www.profmat-sbm.org.br\/docs\/Portaria_Normativa_MEC17_28_12_2009.pdf\" target=\"_blank\" rel=\"noopener\">Portaria regulamenta o programa de mestrado profissional para qualifica\u00e7\u00e3o de professores da educa\u00e7\u00e3o b\u00e1sica<\/a><br \/><br \/><\/li>\n<li>Sai a Portaria do MEC que cria as Bolsas de Estudo para o PROFMAT<br \/><br \/>\n<ul>\n<li><a href=\"http:\/\/portal.mec.gov.br\/index.php?option=com_content&amp;view=article&amp;id=16444\" target=\"_blank\" rel=\"noopener\">Not\u00edcia<\/a><br \/><br \/><\/li>\n<li><a href=\"http:\/\/www.profmat-sbm.org.br\/docs\/Portaria_MEC_Bolsa_PROFMAT_2.pdf\" target=\"_blank\" rel=\"noopener\">Altera\u00e7\u00e3o na Portaria<\/a><br \/><br \/><\/li>\n<\/ul>\n<\/li>\n<li><strong>Reconhecimento do curso<\/strong><br \/><br \/>\n<ul>\n<li><a href=\"http:\/\/www.profmat-sbm.org.br\/files\/Arquivos%20do%20Site\/pces162_11.pdf\" target=\"_blank\" rel=\"noopener\">Parecer<\/a><br \/><br \/><\/li>\n<li><a href=\"http:\/\/www.profmat-sbm.org.br\/files\/Arquivos%20do%20Site\/docs\/Portarias\/Portaria-Reconhecimento-mestrado_1325_09_11.pdf\" target=\"_blank\" rel=\"noopener\">Portaria 1325 &#8211; Di\u00e1rio Oficial<\/a><br \/><br \/><\/li>\n<li><a href=\"http:\/\/www.profmat-sbm.org.br\/files\/Arquivos%20do%20Site\/docs\/Portarias\/atual_Portaria.pdf\" target=\"_blank\" rel=\"noopener\">Altera\u00e7\u00e3o na Portaria<\/a><\/li>\n<\/ul>\n<\/li>\n<\/ul>\n<\/div>\n<\/div>\n","protected":false},"excerpt":{"rendered":"<p>MEC &#8211; Minist\u00e9rio da Educa\u00e7\u00e3o Portaria regulamenta o programa de mestrado profissional para qualifica\u00e7\u00e3o de professores da educa\u00e7\u00e3o b\u00e1sica Sai a Portaria do MEC que cria as Bolsas de Estudo para o PROFMAT Not\u00edcia Altera\u00e7\u00e3o na Portaria Reconhecimento do curso Parecer Portaria 1325 &#8211; Di\u00e1rio Oficial Altera\u00e7\u00e3o na Portaria<\/p>\n","protected":false},"author":115,"featured_media":0,"parent":0,"menu_order":0,"comment_status":"closed","ping_status":"closed","template":"","meta":{"footnotes":""},"categories":[],"tags":[],"class_list":["post-154","page","type-page","status-publish","hentry"],"acf":[],"_links":{"self":[{"href":"https:\/\/www.ufsm.br\/cursos\/pos-graduacao\/santa-maria\/profmat\/wp-json\/wp\/v2\/pages\/154","targetHints":{"allow":["GET"]}}],"collection":[{"href":"https:\/\/www.ufsm.br\/cursos\/pos-graduacao\/santa-maria\/profmat\/wp-json\/wp\/v2\/pages"}],"about":[{"href":"https:\/\/www.ufsm.br\/cursos\/pos-graduacao\/santa-maria\/profmat\/wp-json\/wp\/v2\/types\/page"}],"author":[{"embeddable":true,"href":"https:\/\/www.ufsm.br\/cursos\/pos-graduacao\/santa-maria\/profmat\/wp-json\/wp\/v2\/users\/115"}],"replies":[{"embeddable":true,"href":"https:\/\/www.ufsm.br\/cursos\/pos-graduacao\/santa-maria\/profmat\/wp-json\/wp\/v2\/comments?post=154"}],"version-history":[{"count":0,"href":"https:\/\/www.ufsm.br\/cursos\/pos-graduacao\/santa-maria\/profmat\/wp-json\/wp\/v2\/pages\/154\/revisions"}],"wp:attachment":[{"href":"https:\/\/www.ufsm.br\/cursos\/pos-graduacao\/santa-maria\/profmat\/wp-json\/wp\/v2\/media?parent=154"}],"wp:term":[{"taxonomy":"category","embeddable":true,"href":"https:\/\/www.ufsm.br\/cursos\/pos-graduacao\/santa-maria\/profmat\/wp-json\/wp\/v2\/categories?post=154"},{"taxonomy":"post_tag","embeddable":true,"href":"https:\/\/www.ufsm.br\/cursos\/pos-graduacao\/santa-maria\/profmat\/wp-json\/wp\/v2\/tags?post=154"}],"curies":[{"name":"wp","href":"https:\/\/api.w.org\/{rel}","templated":true}]}}